{"id":28732,"date":"2024-06-21T17:17:13","date_gmt":"2024-06-21T15:17:13","guid":{"rendered":"https:\/\/teixitsmallorca.com\/?post_type=product&#038;p=28732"},"modified":"2025-10-15T08:42:37","modified_gmt":"2025-10-15T06:42:37","slug":"ikat-kissen-101-oliv-gruen","status":"publish","type":"product","link":"https:\/\/teixitsvicens.com\/de\/produkt\/dekor\/kissen\/einfache-kissen\/ikat-kissen-101-oliv-gruen\/","title":{"rendered":"Kissen aus mallorquinischem Ikat-Stoff 101 Olivgr\u00fcn"},"content":{"rendered":"<p>Dekorative Kissenh\u00fclle aus mallorquinischem Zungenstoff \u2013 ideal zur Dekoration von Bett, Sofa, Garten oder Terrasse.<\/p>\n<p>Unsere Designs vereinen Tradition und Moderne und lassen sich beliebig kombinieren, um sich jedem Ambiente anzupassen.<\/p>\n<p>Lokale Produktion. Die Kissen werden in unserer Werkstatt in Pollen\u00e7a, Mallorca, handgefertigt.<\/p>\n<p>Dieses St\u00fcck ist ein exklusives Design des Teams von Teixits Vicens.<\/p>\n","protected":false},"excerpt":{"rendered":"<p>Dekorative Kissenh\u00fclle aus mallorquinischem Zungenstoff \u2013 ideal zur Dekoration von Bett, Sofa, Garten oder Terrasse. Unsere Designs vereinen Tradition und&#8230;<\/p>\n","protected":false},"featured_media":28723,"comment_status":"closed","ping_status":"closed","template":"","meta":[],"product_brand":[],"product_cat":[1019],"product_tag":[],"class_list":{"0":"post-28732","1":"product","2":"type-product","3":"status-publish","4":"has-post-thumbnail","6":"product_cat-einfache-kissen","8":"first","9":"instock","10":"shipping-taxable","11":"purchasable","12":"product-type-variable"},"yoast_head":"<!-- This site is optimized with the Yoast SEO plugin v27.0 - https:\/\/yoast.com\/product\/yoast-seo-wordpress\/ -->\n<title>Kissen aus mallorquinischem Ikat-Stoff 101 Olivgr\u00fcn | Teixits Vicens<\/title>\n<meta name=\"description\" content=\"Funda de coj\u00edn decorativo de tela de lenguas Mallorquinas , para decorar la cama, el sof\u00e1, el jard\u00edn o terraza.\" \/>\n<meta name=\"robots\" content=\"index, follow, max-snippet:-1, max-image-preview:large, max-video-preview:-1\" \/>\n<link rel=\"canonical\" href=\"https:\/\/teixitsvicens.com\/de\/produkt\/dekor\/kissen\/einfache-kissen\/ikat-kissen-101-oliv-gruen\/\" \/>\n<meta property=\"og:locale\" content=\"de_DE\" \/>\n<meta property=\"og:type\" content=\"article\" \/>\n<meta property=\"og:title\" content=\"Kissen aus mallorquinischem Ikat-Stoff 101 Olivgr\u00fcn | Teixits Vicens\" \/>\n<meta property=\"og:description\" content=\"Funda de coj\u00edn decorativo de tela de lenguas Mallorquinas , para decorar la cama, el sof\u00e1, el jard\u00edn o terraza.\" \/>\n<meta property=\"og:url\" content=\"https:\/\/teixitsvicens.com\/de\/produkt\/dekor\/kissen\/einfache-kissen\/ikat-kissen-101-oliv-gruen\/\" \/>\n<meta property=\"og:site_name\" content=\"Teixits Vicens\" \/>\n<meta property=\"article:publisher\" content=\"https:\/\/www.facebook.com\/TeixitsVicens\/\" \/>\n<meta property=\"article:modified_time\" content=\"2025-10-15T06:42:37+00:00\" \/>\n<meta property=\"og:image\" content=\"https:\/\/teixitsvicens.com\/wp-content\/uploads\/2024\/06\/COIXI-101-V-OLIVA-small.jpg\" \/>\n\t<meta property=\"og:image:width\" content=\"1200\" \/>\n\t<meta property=\"og:image:height\" content=\"900\" \/>\n\t<meta property=\"og:image:type\" content=\"image\/jpeg\" \/>\n<meta name=\"twitter:card\" content=\"summary_large_image\" \/>\n<meta name=\"twitter:label1\" content=\"Est. reading time\" \/>\n\t<meta name=\"twitter:data1\" content=\"1 minute\" \/>\n<!-- \/ Yoast SEO plugin. -->","yoast_head_json":{"title":"Kissen aus mallorquinischem Ikat-Stoff 101 Olivgr\u00fcn | Teixits Vicens","description":"Funda de coj\u00edn decorativo de tela de lenguas Mallorquinas , para decorar la cama, el sof\u00e1, el jard\u00edn o terraza.","robots":{"index":"index","follow":"follow","max-snippet":"max-snippet:-1","max-image-preview":"max-image-preview:large","max-video-preview":"max-video-preview:-1"},"canonical":"https:\/\/teixitsvicens.com\/de\/produkt\/dekor\/kissen\/einfache-kissen\/ikat-kissen-101-oliv-gruen\/","og_locale":"de_DE","og_type":"article","og_title":"Kissen aus mallorquinischem Ikat-Stoff 101 Olivgr\u00fcn | Teixits Vicens","og_description":"Funda de coj\u00edn decorativo de tela de lenguas Mallorquinas , para decorar la cama, el sof\u00e1, el jard\u00edn o terraza.","og_url":"https:\/\/teixitsvicens.com\/de\/produkt\/dekor\/kissen\/einfache-kissen\/ikat-kissen-101-oliv-gruen\/","og_site_name":"Teixits Vicens","article_publisher":"https:\/\/www.facebook.com\/TeixitsVicens\/","article_modified_time":"2025-10-15T06:42:37+00:00","og_image":[{"width":1200,"height":900,"url":"https:\/\/teixitsvicens.com\/wp-content\/uploads\/2024\/06\/COIXI-101-V-OLIVA-small.jpg","type":"image\/jpeg"}],"twitter_card":"summary_large_image","twitter_misc":{"Est. reading time":"1 minute"},"schema":{"@context":"https:\/\/schema.org","@graph":[{"@type":"WebPage","@id":"https:\/\/teixitsvicens.com\/de\/produkt\/dekor\/kissen\/einfache-kissen\/ikat-kissen-101-oliv-gruen\/","url":"https:\/\/teixitsvicens.com\/de\/produkt\/dekor\/kissen\/einfache-kissen\/ikat-kissen-101-oliv-gruen\/","name":"Kissen aus mallorquinischem Ikat-Stoff 101 Olivgr\u00fcn | Teixits Vicens","isPartOf":{"@id":"https:\/\/teixitsvicens.com\/de\/#website"},"primaryImageOfPage":{"@id":"https:\/\/teixitsvicens.com\/de\/produkt\/dekor\/kissen\/einfache-kissen\/ikat-kissen-101-oliv-gruen\/#primaryimage"},"image":{"@id":"https:\/\/teixitsvicens.com\/de\/produkt\/dekor\/kissen\/einfache-kissen\/ikat-kissen-101-oliv-gruen\/#primaryimage"},"thumbnailUrl":"https:\/\/teixitsvicens.com\/wp-content\/uploads\/2024\/06\/COIXI-101-V-OLIVA-small.jpg","datePublished":"2024-06-21T15:17:13+00:00","dateModified":"2025-10-15T06:42:37+00:00","description":"Funda de coj\u00edn decorativo de tela de lenguas Mallorquinas , para decorar la cama, el sof\u00e1, el jard\u00edn o terraza.","breadcrumb":{"@id":"https:\/\/teixitsvicens.com\/de\/produkt\/dekor\/kissen\/einfache-kissen\/ikat-kissen-101-oliv-gruen\/#breadcrumb"},"inLanguage":"de","potentialAction":[{"@type":"ReadAction","target":["https:\/\/teixitsvicens.com\/de\/produkt\/dekor\/kissen\/einfache-kissen\/ikat-kissen-101-oliv-gruen\/"]}]},{"@type":"ImageObject","inLanguage":"de","@id":"https:\/\/teixitsvicens.com\/de\/produkt\/dekor\/kissen\/einfache-kissen\/ikat-kissen-101-oliv-gruen\/#primaryimage","url":"https:\/\/teixitsvicens.com\/wp-content\/uploads\/2024\/06\/COIXI-101-V-OLIVA-small.jpg","contentUrl":"https:\/\/teixitsvicens.com\/wp-content\/uploads\/2024\/06\/COIXI-101-V-OLIVA-small.jpg","width":1200,"height":900,"caption":"Coj\u00edn artesanal modelo 101 en verde oliva de Teixits Vicens"},{"@type":"BreadcrumbList","@id":"https:\/\/teixitsvicens.com\/de\/produkt\/dekor\/kissen\/einfache-kissen\/ikat-kissen-101-oliv-gruen\/#breadcrumb","itemListElement":[{"@type":"ListItem","position":1,"name":"Inici","item":"https:\/\/teixitsvicens.com\/de\/home\/"},{"@type":"ListItem","position":2,"name":"Online-Shop","item":"https:\/\/teixitsvicens.com\/de\/online-shop\/"},{"@type":"ListItem","position":3,"name":"Kissen aus mallorquinischem Ikat-Stoff 101 Olivgr\u00fcn"}]},{"@type":"WebSite","@id":"https:\/\/teixitsvicens.com\/de\/#website","url":"https:\/\/teixitsvicens.com\/de\/","name":"Teixits Vicens","description":"Taller textil artesano","publisher":{"@id":"https:\/\/teixitsvicens.com\/de\/#organization"},"alternateName":"Teixits Vicens","potentialAction":[{"@type":"SearchAction","target":{"@type":"EntryPoint","urlTemplate":"https:\/\/teixitsvicens.com\/de\/?s={search_term_string}"},"query-input":{"@type":"PropertyValueSpecification","valueRequired":true,"valueName":"search_term_string"}}],"inLanguage":"de"},{"@type":"Organization","@id":"https:\/\/teixitsvicens.com\/de\/#organization","name":"Teixits Vicens","url":"https:\/\/teixitsvicens.com\/de\/","logo":{"@type":"ImageObject","inLanguage":"de","@id":"https:\/\/teixitsvicens.com\/de\/#\/schema\/logo\/image\/","url":"https:\/\/teixitsvicens.com\/wp-content\/uploads\/2025\/10\/logo-teixits-vicents.png","contentUrl":"https:\/\/teixitsvicens.com\/wp-content\/uploads\/2025\/10\/logo-teixits-vicents.png","width":629,"height":131,"caption":"Teixits Vicens"},"image":{"@id":"https:\/\/teixitsvicens.com\/de\/#\/schema\/logo\/image\/"},"sameAs":["https:\/\/www.facebook.com\/TeixitsVicens\/","https:\/\/www.instagram.com\/teixitsvicens\/"]}]}},"_links":{"self":[{"href":"https:\/\/teixitsvicens.com\/de\/wp-json\/wp\/v2\/product\/28732","targetHints":{"allow":["GET"]}}],"collection":[{"href":"https:\/\/teixitsvicens.com\/de\/wp-json\/wp\/v2\/product"}],"about":[{"href":"https:\/\/teixitsvicens.com\/de\/wp-json\/wp\/v2\/types\/product"}],"replies":[{"embeddable":true,"href":"https:\/\/teixitsvicens.com\/de\/wp-json\/wp\/v2\/comments?post=28732"}],"wp:featuredmedia":[{"embeddable":true,"href":"https:\/\/teixitsvicens.com\/de\/wp-json\/wp\/v2\/media\/28723"}],"wp:attachment":[{"href":"https:\/\/teixitsvicens.com\/de\/wp-json\/wp\/v2\/media?parent=28732"}],"wp:term":[{"taxonomy":"product_brand","embeddable":true,"href":"https:\/\/teixitsvicens.com\/de\/wp-json\/wp\/v2\/product_brand?post=28732"},{"taxonomy":"product_cat","embeddable":true,"href":"https:\/\/teixitsvicens.com\/de\/wp-json\/wp\/v2\/product_cat?post=28732"},{"taxonomy":"product_tag","embeddable":true,"href":"https:\/\/teixitsvicens.com\/de\/wp-json\/wp\/v2\/product_tag?post=28732"}],"curies":[{"name":"wp","href":"https:\/\/api.w.org\/{rel}","templated":true}]}}