{"id":27507,"date":"2024-05-27T17:00:46","date_gmt":"2024-05-27T15:00:46","guid":{"rendered":"https:\/\/teixitsmallorca.com\/?post_type=product&#038;p=27507"},"modified":"2026-02-06T11:13:06","modified_gmt":"2026-02-06T10:13:06","slug":"mallorquina-stoff-150-blau","status":"publish","type":"product","link":"https:\/\/teixitsvicens.com\/de\/produkt\/mallorquinische-stoffe\/unifarbene-stoffe\/einfarbiger-blauer-stoff\/mallorquina-stoff-150-blau\/","title":{"rendered":"Mallorquina stoff 150 Blau"},"content":{"rendered":"<p lang=\"de-DE\">Handgefertigter Stoff am laufenden Meter, hergestellt mit der Ikat-Technik. Online-Stoff zur Verwirklichung Ihrer dekorativen Projektideen.<\/p>\n<p lang=\"de-DE\">Der Mallorquina-Stoff eignet sich ideal f\u00fcr Polsterm\u00f6bel, Vorh\u00e4nge, Tagesdecken, zur Herstellung eigener Kissen und f\u00fcr unz\u00e4hlige kreative M\u00f6glichkeiten. Passt sich allen Arten von Atmosph\u00e4ren an: mediterran, rustikal, klassisch, modern \u2026<\/p>\n<p lang=\"de-DE\">All dies mit einem gemeinsamen Nenner: Qualit\u00e4t. Eine endg\u00fcltige Qualit\u00e4t, die erst nach vielen Jahren der Bem\u00fchungen erreicht wird, unter Beibehaltung der besten Tradition, unter Verwendung der besten Materialien, Naturfasern und wundersch\u00f6nen Farben, die unseren Stoffen diesen einzigartigen Charakter verleihen. Angenehme und sch\u00f6ne Umgebungen schaffen. Damit das Einrichten Ihres Zuhauses Freude macht.<\/p>\n<p lang=\"de-DE\">Dekorieren Sie mit typisch mallorquinischen Stoffen oder Zungenstoffen und schaffen Sie mit diesen Naturfaserstoffen eine mediterrane Atmosph\u00e4re.<\/p>\n<p><span lang=\"de-DE\">Leinen- und Baumwollstoffe, handgefertigt in unserer Werkstatt in Pollensa, Mallorca.<\/span><\/p>\n","protected":false},"excerpt":{"rendered":"<p>Handgefertigter Stoff am laufenden Meter, hergestellt mit der Ikat-Technik. Online-Stoff zur Verwirklichung Ihrer dekorativen Projektideen. Der Mallorquina-Stoff eignet sich ideal&#8230;<\/p>\n","protected":false},"featured_media":27504,"comment_status":"closed","ping_status":"closed","template":"","meta":[],"product_brand":[],"product_cat":[1185],"product_tag":[],"class_list":{"0":"post-27507","1":"product","2":"type-product","3":"status-publish","4":"has-post-thumbnail","6":"product_cat-einfarbiger-blauer-stoff","8":"first","9":"instock","10":"shipping-taxable","11":"purchasable","12":"product-type-variable"},"yoast_head":"<!-- This site is optimized with the Yoast SEO plugin v27.0 - https:\/\/yoast.com\/product\/yoast-seo-wordpress\/ -->\n<title>Mallorquina stoff 150 Blau | Teixits Vicens<\/title>\n<meta name=\"description\" content=\"Tela per metres artesana, elaborada amb la t\u00e8cnica de l\u2019ikat. Tela en l\u00ednia per dur a terme les teves idees de projectes decoratius.\" \/>\n<meta name=\"robots\" content=\"index, follow, max-snippet:-1, max-image-preview:large, max-video-preview:-1\" \/>\n<link rel=\"canonical\" href=\"https:\/\/teixitsvicens.com\/de\/produkt\/mallorquinische-stoffe\/unifarbene-stoffe\/einfarbiger-blauer-stoff\/mallorquina-stoff-150-blau\/\" \/>\n<meta property=\"og:locale\" content=\"de_DE\" \/>\n<meta property=\"og:type\" content=\"article\" \/>\n<meta property=\"og:title\" content=\"Mallorquina stoff 150 Blau | Teixits Vicens\" \/>\n<meta property=\"og:description\" content=\"Tela per metres artesana, elaborada amb la t\u00e8cnica de l\u2019ikat. Tela en l\u00ednia per dur a terme les teves idees de projectes decoratius.\" \/>\n<meta property=\"og:url\" content=\"https:\/\/teixitsvicens.com\/de\/produkt\/mallorquinische-stoffe\/unifarbene-stoffe\/einfarbiger-blauer-stoff\/mallorquina-stoff-150-blau\/\" \/>\n<meta property=\"og:site_name\" content=\"Teixits Vicens\" \/>\n<meta property=\"article:publisher\" content=\"https:\/\/www.facebook.com\/TeixitsVicens\/\" \/>\n<meta property=\"article:modified_time\" content=\"2026-02-06T10:13:06+00:00\" \/>\n<meta property=\"og:image\" content=\"https:\/\/teixitsvicens.com\/wp-content\/uploads\/2024\/05\/150-AZUL-1024x683.jpg\" \/>\n\t<meta property=\"og:image:width\" content=\"1024\" \/>\n\t<meta property=\"og:image:height\" content=\"683\" \/>\n\t<meta property=\"og:image:type\" content=\"image\/jpeg\" \/>\n<meta name=\"twitter:card\" content=\"summary_large_image\" \/>\n<meta name=\"twitter:label1\" content=\"Est. reading time\" \/>\n\t<meta name=\"twitter:data1\" content=\"1 minute\" \/>\n<!-- \/ Yoast SEO plugin. -->","yoast_head_json":{"title":"Mallorquina stoff 150 Blau | Teixits Vicens","description":"Tela per metres artesana, elaborada amb la t\u00e8cnica de l\u2019ikat. Tela en l\u00ednia per dur a terme les teves idees de projectes decoratius.","robots":{"index":"index","follow":"follow","max-snippet":"max-snippet:-1","max-image-preview":"max-image-preview:large","max-video-preview":"max-video-preview:-1"},"canonical":"https:\/\/teixitsvicens.com\/de\/produkt\/mallorquinische-stoffe\/unifarbene-stoffe\/einfarbiger-blauer-stoff\/mallorquina-stoff-150-blau\/","og_locale":"de_DE","og_type":"article","og_title":"Mallorquina stoff 150 Blau | Teixits Vicens","og_description":"Tela per metres artesana, elaborada amb la t\u00e8cnica de l\u2019ikat. Tela en l\u00ednia per dur a terme les teves idees de projectes decoratius.","og_url":"https:\/\/teixitsvicens.com\/de\/produkt\/mallorquinische-stoffe\/unifarbene-stoffe\/einfarbiger-blauer-stoff\/mallorquina-stoff-150-blau\/","og_site_name":"Teixits Vicens","article_publisher":"https:\/\/www.facebook.com\/TeixitsVicens\/","article_modified_time":"2026-02-06T10:13:06+00:00","og_image":[{"width":1024,"height":683,"url":"https:\/\/teixitsvicens.com\/wp-content\/uploads\/2024\/05\/150-AZUL-1024x683.jpg","type":"image\/jpeg"}],"twitter_card":"summary_large_image","twitter_misc":{"Est. reading time":"1 minute"},"schema":{"@context":"https:\/\/schema.org","@graph":[{"@type":"WebPage","@id":"https:\/\/teixitsvicens.com\/de\/produkt\/mallorquinische-stoffe\/unifarbene-stoffe\/einfarbiger-blauer-stoff\/mallorquina-stoff-150-blau\/","url":"https:\/\/teixitsvicens.com\/de\/produkt\/mallorquinische-stoffe\/unifarbene-stoffe\/einfarbiger-blauer-stoff\/mallorquina-stoff-150-blau\/","name":"Mallorquina stoff 150 Blau | Teixits Vicens","isPartOf":{"@id":"https:\/\/teixitsvicens.com\/de\/#website"},"primaryImageOfPage":{"@id":"https:\/\/teixitsvicens.com\/de\/produkt\/mallorquinische-stoffe\/unifarbene-stoffe\/einfarbiger-blauer-stoff\/mallorquina-stoff-150-blau\/#primaryimage"},"image":{"@id":"https:\/\/teixitsvicens.com\/de\/produkt\/mallorquinische-stoffe\/unifarbene-stoffe\/einfarbiger-blauer-stoff\/mallorquina-stoff-150-blau\/#primaryimage"},"thumbnailUrl":"https:\/\/teixitsvicens.com\/wp-content\/uploads\/2024\/05\/150-AZUL.jpg","datePublished":"2024-05-27T15:00:46+00:00","dateModified":"2026-02-06T10:13:06+00:00","description":"Tela per metres artesana, elaborada amb la t\u00e8cnica de l\u2019ikat. Tela en l\u00ednia per dur a terme les teves idees de projectes decoratius.","breadcrumb":{"@id":"https:\/\/teixitsvicens.com\/de\/produkt\/mallorquinische-stoffe\/unifarbene-stoffe\/einfarbiger-blauer-stoff\/mallorquina-stoff-150-blau\/#breadcrumb"},"inLanguage":"de","potentialAction":[{"@type":"ReadAction","target":["https:\/\/teixitsvicens.com\/de\/produkt\/mallorquinische-stoffe\/unifarbene-stoffe\/einfarbiger-blauer-stoff\/mallorquina-stoff-150-blau\/"]}]},{"@type":"ImageObject","inLanguage":"de","@id":"https:\/\/teixitsvicens.com\/de\/produkt\/mallorquinische-stoffe\/unifarbene-stoffe\/einfarbiger-blauer-stoff\/mallorquina-stoff-150-blau\/#primaryimage","url":"https:\/\/teixitsvicens.com\/wp-content\/uploads\/2024\/05\/150-AZUL.jpg","contentUrl":"https:\/\/teixitsvicens.com\/wp-content\/uploads\/2024\/05\/150-AZUL.jpg","width":2400,"height":1600},{"@type":"BreadcrumbList","@id":"https:\/\/teixitsvicens.com\/de\/produkt\/mallorquinische-stoffe\/unifarbene-stoffe\/einfarbiger-blauer-stoff\/mallorquina-stoff-150-blau\/#breadcrumb","itemListElement":[{"@type":"ListItem","position":1,"name":"Inici","item":"https:\/\/teixitsvicens.com\/de\/home\/"},{"@type":"ListItem","position":2,"name":"Online-Shop","item":"https:\/\/teixitsvicens.com\/de\/online-shop\/"},{"@type":"ListItem","position":3,"name":"Mallorquina stoff 150 Blau"}]},{"@type":"WebSite","@id":"https:\/\/teixitsvicens.com\/de\/#website","url":"https:\/\/teixitsvicens.com\/de\/","name":"Teixits Vicens","description":"Taller textil artesano","publisher":{"@id":"https:\/\/teixitsvicens.com\/de\/#organization"},"alternateName":"Teixits Vicens","potentialAction":[{"@type":"SearchAction","target":{"@type":"EntryPoint","urlTemplate":"https:\/\/teixitsvicens.com\/de\/?s={search_term_string}"},"query-input":{"@type":"PropertyValueSpecification","valueRequired":true,"valueName":"search_term_string"}}],"inLanguage":"de"},{"@type":"Organization","@id":"https:\/\/teixitsvicens.com\/de\/#organization","name":"Teixits Vicens","url":"https:\/\/teixitsvicens.com\/de\/","logo":{"@type":"ImageObject","inLanguage":"de","@id":"https:\/\/teixitsvicens.com\/de\/#\/schema\/logo\/image\/","url":"https:\/\/teixitsvicens.com\/wp-content\/uploads\/2025\/10\/logo-teixits-vicents.png","contentUrl":"https:\/\/teixitsvicens.com\/wp-content\/uploads\/2025\/10\/logo-teixits-vicents.png","width":629,"height":131,"caption":"Teixits Vicens"},"image":{"@id":"https:\/\/teixitsvicens.com\/de\/#\/schema\/logo\/image\/"},"sameAs":["https:\/\/www.facebook.com\/TeixitsVicens\/","https:\/\/www.instagram.com\/teixitsvicens\/"]}]}},"_links":{"self":[{"href":"https:\/\/teixitsvicens.com\/de\/wp-json\/wp\/v2\/product\/27507","targetHints":{"allow":["GET"]}}],"collection":[{"href":"https:\/\/teixitsvicens.com\/de\/wp-json\/wp\/v2\/product"}],"about":[{"href":"https:\/\/teixitsvicens.com\/de\/wp-json\/wp\/v2\/types\/product"}],"replies":[{"embeddable":true,"href":"https:\/\/teixitsvicens.com\/de\/wp-json\/wp\/v2\/comments?post=27507"}],"wp:featuredmedia":[{"embeddable":true,"href":"https:\/\/teixitsvicens.com\/de\/wp-json\/wp\/v2\/media\/27504"}],"wp:attachment":[{"href":"https:\/\/teixitsvicens.com\/de\/wp-json\/wp\/v2\/media?parent=27507"}],"wp:term":[{"taxonomy":"product_brand","embeddable":true,"href":"https:\/\/teixitsvicens.com\/de\/wp-json\/wp\/v2\/product_brand?post=27507"},{"taxonomy":"product_cat","embeddable":true,"href":"https:\/\/teixitsvicens.com\/de\/wp-json\/wp\/v2\/product_cat?post=27507"},{"taxonomy":"product_tag","embeddable":true,"href":"https:\/\/teixitsvicens.com\/de\/wp-json\/wp\/v2\/product_tag?post=27507"}],"curies":[{"name":"wp","href":"https:\/\/api.w.org\/{rel}","templated":true}]}}