{"id":31673,"date":"2024-07-22T13:41:57","date_gmt":"2024-07-22T11:41:57","guid":{"rendered":"https:\/\/teixitsmallorca.com\/proyectos-decorativos\/"},"modified":"2025-10-15T15:35:15","modified_gmt":"2025-10-15T13:35:15","slug":"dekorative-projekte","status":"publish","type":"page","link":"https:\/\/teixitsvicens.com\/de\/dekorative-projekte\/","title":{"rendered":"Dekorative Projekte"},"content":{"rendered":"\t\t<div data-elementor-type=\"wp-page\" data-elementor-id=\"31673\" class=\"elementor elementor-31673 elementor-31635\" data-elementor-post-type=\"page\">\n\t\t\t\t<div class=\"elementor-element elementor-element-4a5afd7b e-con-full e-flex e-con e-parent\" data-id=\"4a5afd7b\" data-element_type=\"container\" data-e-type=\"container\">\n\t\t<div class=\"elementor-element elementor-element-44c9bd46 e-con-full e-flex e-con e-child\" data-id=\"44c9bd46\" data-element_type=\"container\" data-e-type=\"container\">\n\t\t<div class=\"elementor-element elementor-element-4c715fa9 e-con-full e-flex e-con e-child\" data-id=\"4c715fa9\" data-element_type=\"container\" data-e-type=\"container\">\n\t\t\t\t<div class=\"elementor-element elementor-element-1873bf96 elementor-widget__width-auto elementor-widget elementor-widget-woocommerce-breadcrumb\" data-id=\"1873bf96\" data-element_type=\"widget\" data-e-type=\"widget\" data-widget_type=\"woocommerce-breadcrumb.default\">\n\t\t\t\t\t<nav class=\"woocommerce-breadcrumb\" aria-label=\"Breadcrumb\"><span class=\"listaproducto\"><img decoding=\"async\" src=\"https:\/\/teixitsvicens.com\/\/wp-content\/themes\/teixitsvicens\/assets\/images\/imagotipo_teixits_vicens.svg\" width=\"85px;\" style=\"vertical-align: middle;padding-left:20px;padding-right:20px;\" alt=\"undefined - Teixits Vicens\"><\/span>Home<\/nav>\t\t\t\t<\/div>\n\t\t\t\t<\/div>\n\t\t\t\t<\/div>\n\t\t\t\t<\/div>\n\t\t<div class=\"elementor-element elementor-element-ced4a24 e-flex e-con-boxed e-con e-parent\" data-id=\"ced4a24\" data-element_type=\"container\" data-e-type=\"container\" data-settings=\"{&quot;background_background&quot;:&quot;classic&quot;}\">\n\t\t\t\t\t<div class=\"e-con-inner\">\n\t\t<div class=\"elementor-element elementor-element-9db9d0c e-flex e-con-boxed e-con e-child\" data-id=\"9db9d0c\" data-element_type=\"container\" data-e-type=\"container\">\n\t\t\t\t\t<div class=\"e-con-inner\">\n\t\t<div class=\"elementor-element elementor-element-18b95e1 e-con-full e-flex e-con e-child\" data-id=\"18b95e1\" data-element_type=\"container\" data-e-type=\"container\">\n\t\t\t\t<div class=\"elementor-element elementor-element-3228386 elementor-widget elementor-widget-image\" data-id=\"3228386\" data-element_type=\"widget\" data-e-type=\"widget\" data-widget_type=\"image.default\">\n\t\t\t\t\t\t\t\t\t\t\t\t\t\t\t<img fetchpriority=\"high\" decoding=\"async\" width=\"640\" height=\"961\" src=\"https:\/\/teixitsvicens.com\/wp-content\/uploads\/2024\/07\/cama.jpg\" class=\"attachment-large size-large wp-image-31652\" alt=\"\" srcset=\"https:\/\/teixitsvicens.com\/wp-content\/uploads\/2024\/07\/cama.jpg 718w, https:\/\/teixitsvicens.com\/wp-content\/uploads\/2024\/07\/cama-360x541.jpg 360w\" sizes=\"(max-width: 640px) 100vw, 640px\" \/>\t\t\t\t\t\t\t\t\t\t\t\t\t\t\t<\/div>\n\t\t\t\t<\/div>\n\t\t<div class=\"elementor-element elementor-element-785a9e3 e-con-full e-flex e-con e-child\" data-id=\"785a9e3\" data-element_type=\"container\" data-e-type=\"container\">\n\t\t\t\t<div class=\"elementor-element elementor-element-f834656 elementor-widget elementor-widget-image\" data-id=\"f834656\" data-element_type=\"widget\" data-e-type=\"widget\" data-widget_type=\"image.default\">\n\t\t\t\t\t\t\t\t\t\t\t\t\t\t\t<img decoding=\"async\" width=\"640\" height=\"961\" src=\"https:\/\/teixitsvicens.com\/wp-content\/uploads\/2024\/07\/cojines.jpg\" class=\"attachment-large size-large wp-image-31656\" alt=\"\" srcset=\"https:\/\/teixitsvicens.com\/wp-content\/uploads\/2024\/07\/cojines.jpg 718w, https:\/\/teixitsvicens.com\/wp-content\/uploads\/2024\/07\/cojines-360x541.jpg 360w\" sizes=\"(max-width: 640px) 100vw, 640px\" \/>\t\t\t\t\t\t\t\t\t\t\t\t\t\t\t<\/div>\n\t\t\t\t<\/div>\n\t\t\t\t\t<\/div>\n\t\t\t\t<\/div>\n\t\t<div class=\"elementor-element elementor-element-3985cfa e-con-full e-flex e-con e-child\" data-id=\"3985cfa\" data-element_type=\"container\" data-e-type=\"container\">\n\t\t\t\t<div class=\"elementor-element elementor-element-4473d2c elementor-widget elementor-widget-heading\" data-id=\"4473d2c\" data-element_type=\"widget\" data-e-type=\"widget\" data-widget_type=\"heading.default\">\n\t\t\t\t\t<h2 class=\"elementor-heading-title elementor-size-default\">Dekorative Projekte<\/h2>\t\t\t\t<\/div>\n\t\t\t\t<div class=\"elementor-element elementor-element-6152788 elementor-widget elementor-widget-text-editor\" data-id=\"6152788\" data-element_type=\"widget\" data-e-type=\"widget\" data-widget_type=\"text-editor.default\">\n\t\t\t\t\t\t\t\t\t<p>Wir entwickeln ma\u00dfgeschneiderte Projekte f\u00fcr Dekoration, Einrichtung und Dekorationsberatung, sei es f\u00fcr Wohnr\u00e4ume, Gastronomie, Gewerber\u00e4ume oder Veranstaltungen.<\/p><p>Wir stellen Ihnen unser Know-how in der Erstellung von zur Verf\u00fcgung Mediterrane R\u00e4ume durch unsere gro\u00dfe Auswahl an mallorquinischen ikat Stoffen sowie eine Auswahl an M\u00f6beln und Dekost\u00fccke.<\/p><p>Kontaktieren Sie <a href=\"mailto:info@teixitsvicens.com\">info@teixitsvicens.com<\/a> und lassen Sie uns Ihr neues<br>Projekt starten.<\/p>\t\t\t\t\t\t\t\t<\/div>\n\t\t\t\t<\/div>\n\t\t<div class=\"elementor-element elementor-element-386d678 e-con-full e-flex e-con e-child\" data-id=\"386d678\" data-element_type=\"container\" data-e-type=\"container\">\n\t\t<div class=\"elementor-element elementor-element-361bc44 e-con-full e-flex e-con e-child\" data-id=\"361bc44\" data-element_type=\"container\" data-e-type=\"container\">\n\t\t\t\t<div class=\"elementor-element elementor-element-332a727 elementor-widget elementor-widget-image\" data-id=\"332a727\" data-element_type=\"widget\" data-e-type=\"widget\" data-widget_type=\"image.default\">\n\t\t\t\t\t\t\t\t\t\t\t\t\t\t\t<img decoding=\"async\" width=\"640\" height=\"961\" src=\"https:\/\/teixitsvicens.com\/wp-content\/uploads\/2024\/07\/sofa.jpg\" class=\"attachment-large size-large wp-image-31664\" alt=\"\" srcset=\"https:\/\/teixitsvicens.com\/wp-content\/uploads\/2024\/07\/sofa.jpg 718w, https:\/\/teixitsvicens.com\/wp-content\/uploads\/2024\/07\/sofa-360x541.jpg 360w\" sizes=\"(max-width: 640px) 100vw, 640px\" \/>\t\t\t\t\t\t\t\t\t\t\t\t\t\t\t<\/div>\n\t\t\t\t<\/div>\n\t\t<div class=\"elementor-element elementor-element-3726de6 e-con-full e-flex e-con e-child\" data-id=\"3726de6\" data-element_type=\"container\" data-e-type=\"container\">\n\t\t\t\t<div class=\"elementor-element elementor-element-685f8cd elementor-widget elementor-widget-image\" data-id=\"685f8cd\" data-element_type=\"widget\" data-e-type=\"widget\" data-widget_type=\"image.default\">\n\t\t\t\t\t\t\t\t\t\t\t\t\t\t\t<img loading=\"lazy\" decoding=\"async\" width=\"640\" height=\"961\" src=\"https:\/\/teixitsvicens.com\/wp-content\/uploads\/2024\/07\/silla.jpg\" class=\"attachment-large size-large wp-image-31660\" alt=\"\" srcset=\"https:\/\/teixitsvicens.com\/wp-content\/uploads\/2024\/07\/silla.jpg 718w, https:\/\/teixitsvicens.com\/wp-content\/uploads\/2024\/07\/silla-360x541.jpg 360w\" sizes=\"(max-width: 640px) 100vw, 640px\" \/>\t\t\t\t\t\t\t\t\t\t\t\t\t\t\t<\/div>\n\t\t\t\t<\/div>\n\t\t\t\t<\/div>\n\t\t\t\t\t<\/div>\n\t\t\t\t<\/div>\n\t\t\t\t<\/div>\n\t\t","protected":false},"excerpt":{"rendered":"<p>Dekorative Projekte Wir entwickeln ma\u00dfgeschneiderte Projekte f\u00fcr Dekoration, Einrichtung und Dekorationsberatung, sei es f\u00fcr Wohnr\u00e4ume, Gastronomie, Gewerber\u00e4ume oder Veranstaltungen. Wir&#8230;<\/p>\n","protected":false},"author":13,"featured_media":0,"parent":0,"menu_order":0,"comment_status":"closed","ping_status":"closed","template":"elementor_header_footer","meta":{"footnotes":""},"class_list":["post-31673","page","type-page","status-publish","hentry"],"yoast_head":"<!-- This site is optimized with the Yoast SEO plugin v27.0 - https:\/\/yoast.com\/product\/yoast-seo-wordpress\/ -->\n<title>Individuelle Dekorationsprojekte | Teixits Vicens<\/title>\n<meta name=\"description\" content=\"Dekorationsprojekte von Teixits Vicens: mallorquinische Kunsthandwerksstoffe, individuelle Designs und einzigartige Dekorationen f\u00fcr geschichtstr\u00e4chtige Innenr\u00e4ume.\" \/>\n<meta name=\"robots\" content=\"index, follow, max-snippet:-1, max-image-preview:large, max-video-preview:-1\" \/>\n<link rel=\"canonical\" href=\"https:\/\/teixitsvicens.com\/de\/dekorative-projekte\/\" \/>\n<meta property=\"og:locale\" content=\"de_DE\" \/>\n<meta property=\"og:type\" content=\"article\" \/>\n<meta property=\"og:title\" content=\"Individuelle Dekorationsprojekte | Teixits Vicens\" \/>\n<meta property=\"og:description\" content=\"Dekorationsprojekte von Teixits Vicens: mallorquinische Kunsthandwerksstoffe, individuelle Designs und einzigartige Dekorationen f\u00fcr geschichtstr\u00e4chtige Innenr\u00e4ume.\" \/>\n<meta property=\"og:url\" content=\"https:\/\/teixitsvicens.com\/de\/dekorative-projekte\/\" \/>\n<meta property=\"og:site_name\" content=\"Teixits Vicens\" \/>\n<meta property=\"article:publisher\" content=\"https:\/\/www.facebook.com\/TeixitsVicens\/\" \/>\n<meta property=\"article:modified_time\" content=\"2025-10-15T13:35:15+00:00\" \/>\n<meta property=\"og:image\" content=\"https:\/\/teixitsvicens.com\/wp-content\/uploads\/2024\/07\/cama.jpg\" \/>\n<meta name=\"twitter:card\" content=\"summary_large_image\" \/>\n<meta name=\"twitter:label1\" content=\"Est. reading time\" \/>\n\t<meta name=\"twitter:data1\" content=\"2 minutes\" \/>\n<!-- \/ Yoast SEO plugin. -->","yoast_head_json":{"title":"Individuelle Dekorationsprojekte | Teixits Vicens","description":"Dekorationsprojekte von Teixits Vicens: mallorquinische Kunsthandwerksstoffe, individuelle Designs und einzigartige Dekorationen f\u00fcr geschichtstr\u00e4chtige Innenr\u00e4ume.","robots":{"index":"index","follow":"follow","max-snippet":"max-snippet:-1","max-image-preview":"max-image-preview:large","max-video-preview":"max-video-preview:-1"},"canonical":"https:\/\/teixitsvicens.com\/de\/dekorative-projekte\/","og_locale":"de_DE","og_type":"article","og_title":"Individuelle Dekorationsprojekte | Teixits Vicens","og_description":"Dekorationsprojekte von Teixits Vicens: mallorquinische Kunsthandwerksstoffe, individuelle Designs und einzigartige Dekorationen f\u00fcr geschichtstr\u00e4chtige Innenr\u00e4ume.","og_url":"https:\/\/teixitsvicens.com\/de\/dekorative-projekte\/","og_site_name":"Teixits Vicens","article_publisher":"https:\/\/www.facebook.com\/TeixitsVicens\/","article_modified_time":"2025-10-15T13:35:15+00:00","og_image":[{"url":"https:\/\/teixitsvicens.com\/wp-content\/uploads\/2024\/07\/cama.jpg","type":"","width":"","height":""}],"twitter_card":"summary_large_image","twitter_misc":{"Est. reading time":"2 minutes"},"schema":{"@context":"https:\/\/schema.org","@graph":[{"@type":"WebPage","@id":"https:\/\/teixitsvicens.com\/de\/dekorative-projekte\/","url":"https:\/\/teixitsvicens.com\/de\/dekorative-projekte\/","name":"Individuelle Dekorationsprojekte | Teixits Vicens","isPartOf":{"@id":"https:\/\/teixitsvicens.com\/de\/#website"},"primaryImageOfPage":{"@id":"https:\/\/teixitsvicens.com\/de\/dekorative-projekte\/#primaryimage"},"image":{"@id":"https:\/\/teixitsvicens.com\/de\/dekorative-projekte\/#primaryimage"},"thumbnailUrl":"https:\/\/teixitsvicens.com\/wp-content\/uploads\/2024\/07\/cama.jpg","datePublished":"2024-07-22T11:41:57+00:00","dateModified":"2025-10-15T13:35:15+00:00","description":"Dekorationsprojekte von Teixits Vicens: mallorquinische Kunsthandwerksstoffe, individuelle Designs und einzigartige Dekorationen f\u00fcr geschichtstr\u00e4chtige Innenr\u00e4ume.","breadcrumb":{"@id":"https:\/\/teixitsvicens.com\/de\/dekorative-projekte\/#breadcrumb"},"inLanguage":"de","potentialAction":[{"@type":"ReadAction","target":["https:\/\/teixitsvicens.com\/de\/dekorative-projekte\/"]}]},{"@type":"ImageObject","inLanguage":"de","@id":"https:\/\/teixitsvicens.com\/de\/dekorative-projekte\/#primaryimage","url":"https:\/\/teixitsvicens.com\/wp-content\/uploads\/2024\/07\/cama.jpg","contentUrl":"https:\/\/teixitsvicens.com\/wp-content\/uploads\/2024\/07\/cama.jpg"},{"@type":"BreadcrumbList","@id":"https:\/\/teixitsvicens.com\/de\/dekorative-projekte\/#breadcrumb","itemListElement":[{"@type":"ListItem","position":1,"name":"Inici","item":"https:\/\/teixitsvicens.com\/de\/home\/"},{"@type":"ListItem","position":2,"name":"Dekorative Projekte"}]},{"@type":"WebSite","@id":"https:\/\/teixitsvicens.com\/de\/#website","url":"https:\/\/teixitsvicens.com\/de\/","name":"Teixits Vicens","description":"Taller textil artesano","publisher":{"@id":"https:\/\/teixitsvicens.com\/de\/#organization"},"alternateName":"Teixits Vicens","potentialAction":[{"@type":"SearchAction","target":{"@type":"EntryPoint","urlTemplate":"https:\/\/teixitsvicens.com\/de\/?s={search_term_string}"},"query-input":{"@type":"PropertyValueSpecification","valueRequired":true,"valueName":"search_term_string"}}],"inLanguage":"de"},{"@type":"Organization","@id":"https:\/\/teixitsvicens.com\/de\/#organization","name":"Teixits Vicens","url":"https:\/\/teixitsvicens.com\/de\/","logo":{"@type":"ImageObject","inLanguage":"de","@id":"https:\/\/teixitsvicens.com\/de\/#\/schema\/logo\/image\/","url":"https:\/\/teixitsvicens.com\/wp-content\/uploads\/2025\/10\/logo-teixits-vicents.png","contentUrl":"https:\/\/teixitsvicens.com\/wp-content\/uploads\/2025\/10\/logo-teixits-vicents.png","width":629,"height":131,"caption":"Teixits Vicens"},"image":{"@id":"https:\/\/teixitsvicens.com\/de\/#\/schema\/logo\/image\/"},"sameAs":["https:\/\/www.facebook.com\/TeixitsVicens\/","https:\/\/www.instagram.com\/teixitsvicens\/"]}]}},"_links":{"self":[{"href":"https:\/\/teixitsvicens.com\/de\/wp-json\/wp\/v2\/pages\/31673","targetHints":{"allow":["GET"]}}],"collection":[{"href":"https:\/\/teixitsvicens.com\/de\/wp-json\/wp\/v2\/pages"}],"about":[{"href":"https:\/\/teixitsvicens.com\/de\/wp-json\/wp\/v2\/types\/page"}],"author":[{"embeddable":true,"href":"https:\/\/teixitsvicens.com\/de\/wp-json\/wp\/v2\/users\/13"}],"replies":[{"embeddable":true,"href":"https:\/\/teixitsvicens.com\/de\/wp-json\/wp\/v2\/comments?post=31673"}],"version-history":[{"count":0,"href":"https:\/\/teixitsvicens.com\/de\/wp-json\/wp\/v2\/pages\/31673\/revisions"}],"wp:attachment":[{"href":"https:\/\/teixitsvicens.com\/de\/wp-json\/wp\/v2\/media?parent=31673"}],"curies":[{"name":"wp","href":"https:\/\/api.w.org\/{rel}","templated":true}]}}