{"id":26716,"date":"2023-11-07T13:00:37","date_gmt":"2023-11-07T12:00:37","guid":{"rendered":"https:\/\/teixitsmallorca.com\/politica-de-privacidad\/"},"modified":"2024-10-15T14:28:16","modified_gmt":"2024-10-15T12:28:16","slug":"politica-de-privacidad","status":"publish","type":"page","link":"https:\/\/teixitsvicens.com\/de\/politica-de-privacidad\/","title":{"rendered":"Datenschutzrichtlinie"},"content":{"rendered":"\t\t<div data-elementor-type=\"wp-page\" data-elementor-id=\"26716\" class=\"elementor elementor-26716 elementor-25254\" data-elementor-post-type=\"page\">\n\t\t\t\t<div class=\"elementor-element elementor-element-4a5afd7b e-con-full e-flex e-con e-parent\" data-id=\"4a5afd7b\" data-element_type=\"container\" data-e-type=\"container\">\n\t\t<div class=\"elementor-element elementor-element-44c9bd46 e-con-full e-flex e-con e-child\" data-id=\"44c9bd46\" data-element_type=\"container\" data-e-type=\"container\">\n\t\t<div class=\"elementor-element elementor-element-4c715fa9 e-con-full e-flex e-con e-child\" data-id=\"4c715fa9\" data-element_type=\"container\" data-e-type=\"container\">\n\t\t\t\t<div class=\"elementor-element elementor-element-1873bf96 elementor-widget__width-auto elementor-widget elementor-widget-woocommerce-breadcrumb\" data-id=\"1873bf96\" data-element_type=\"widget\" data-e-type=\"widget\" data-widget_type=\"woocommerce-breadcrumb.default\">\n\t\t\t\t\t<nav class=\"woocommerce-breadcrumb\" aria-label=\"Breadcrumb\"><span class=\"listaproducto\"><img decoding=\"async\" src=\"https:\/\/teixitsvicens.com\/\/wp-content\/themes\/teixitsvicens\/assets\/images\/imagotipo_teixits_vicens.svg\" width=\"85px;\" style=\"vertical-align: middle;padding-left:20px;padding-right:20px;\" alt=\"undefined - Teixits Vicens\"><\/span>Home<\/nav>\t\t\t\t<\/div>\n\t\t\t\t<\/div>\n\t\t\t\t<\/div>\n\t\t\t\t<\/div>\n\t\t<div class=\"elementor-element elementor-element-ffcdd98 e-flex e-con-boxed e-con e-parent\" data-id=\"ffcdd98\" data-element_type=\"container\" data-e-type=\"container\" data-settings=\"{&quot;background_background&quot;:&quot;classic&quot;}\">\n\t\t\t\t\t<div class=\"e-con-inner\">\n\t\t<div class=\"elementor-element elementor-element-e079b5f e-flex e-con-boxed e-con e-child\" data-id=\"e079b5f\" data-element_type=\"container\" data-e-type=\"container\" id=\"privacy-policy\">\n\t\t\t\t\t<div class=\"e-con-inner\">\n\t\t\t\t<div class=\"elementor-element elementor-element-7776808 elementor-widget elementor-widget-heading\" data-id=\"7776808\" data-element_type=\"widget\" data-e-type=\"widget\" data-widget_type=\"heading.default\">\n\t\t\t\t\t<div class=\"elementor-heading-title elementor-size-default\">Gesch\u00e4ftsbedingungen<\/div>\t\t\t\t<\/div>\n\t\t\t\t<div class=\"elementor-element elementor-element-69c4037 elementor-widget elementor-widget-heading\" data-id=\"69c4037\" data-element_type=\"widget\" data-e-type=\"widget\" data-widget_type=\"heading.default\">\n\t\t\t\t\t<div class=\"elementor-heading-title elementor-size-default\">Datenschutzrichtlinie<\/div>\t\t\t\t<\/div>\n\t\t\t\t<div class=\"elementor-element elementor-element-b3de430 elementor-widget elementor-widget-heading\" data-id=\"b3de430\" data-element_type=\"widget\" data-e-type=\"widget\" data-widget_type=\"heading.default\">\n\t\t\t\t\t<div class=\"elementor-heading-title elementor-size-default\">Gesetz \u00fcber Dienste der Informationsgesellschaft (LSSI)<\/div>\t\t\t\t<\/div>\n\t\t\t\t<div class=\"elementor-element elementor-element-7f4b64b elementor-widget elementor-widget-text-editor\" data-id=\"7f4b64b\" data-element_type=\"widget\" data-e-type=\"widget\" data-widget_type=\"text-editor.default\">\n\t\t\t\t\t\t\t\t\t<p>Bei Teixits Vicens legen wir Wert auf Ihr Vertrauen und Ihre Privatsph\u00e4re. Aus diesem Grund erl\u00e4utern wir im Folgenden auf einfache und transparente Weise genau, wie wir Ihre Daten verwenden.<\/p><p>Wir empfehlen Ihnen, diese Datenschutzrichtlinie sorgf\u00e4ltig zu lesen. Wenn Sie diesbez\u00fcglich Fragen haben oder weitere Informationen w\u00fcnschen, k\u00f6nnen Sie uns au\u00dferdem an comptabilitat@teixitvicens.com schreiben. Wir werden wie immer versuchen, Ihnen dabei zu helfen bestm\u00f6gliche M\u00f6glichkeit.<\/p><p><strong>Wer ist f\u00fcr die Behandlung verantwortlich?<\/strong><\/p><p>Der Verantwortliche f\u00fcr die Verarbeitung ist derjenige, der \u00fcber den Zweck entscheidet, f\u00fcr den Ihre Daten verwendet werden. In diesem Fall handelt es sich um GALER\u00cdES VICENS, S.A.U. mit C.I.F. A07210263 und Adresse: Rotonda Can Berenguer 07460, Pollen\u00e7a, Mallorca (im Folgenden Teixits Vicens).<\/p><p><strong>Welche Daten erheben wir von Ihnen und zu welchem \u200b\u200bZweck?<\/strong><\/p><p>Wenn Sie eines unserer Produkte kaufen, fragen wir Sie nach den notwendigen Informationen zur Verwaltung Ihrer Bestellung: Vor- und Nachname, Lieferadresse, Telefonnummer, E-Mail, Informationen, die zur Verwaltung der Zahlung f\u00fcr die gekauften Produkte erforderlich sind, und gegebenenfalls die erforderlichen Daten f\u00fcr die Ausstellung von Rechnungen. Insbesondere werden wir Ihre Daten verwenden, um:<\/p><ul><li>Formulieren Sie die Bestellung, verwalten Sie Ihren Einkauf ordnungsgem\u00e4\u00df und senden Sie ihn an Sie.<\/li><li>Informieren Sie Sie gegebenenfalls \u00fcber den Status der Bestellung und alle anderen Angelegenheiten, die zur Gew\u00e4hrleistung einer effektiven Lieferung erforderlich sind.<\/li><li>Zahlungen verwalten.<\/li><li>Senden Sie Ihnen die Kaufrechnung.<\/li><li>Behalten Sie Ihre Kaufhistorie bei, um Ihnen eine bessere Unterst\u00fctzung bieten zu k\u00f6nnen.<\/li><li>Senden Sie Ihnen informative Mitteilungen und gegebenenfalls kommerzielle Mitteilungen \u00fcber Produkte oder Dienstleistungen von Teixits Vicens, die f\u00fcr Sie von Interesse sein k\u00f6nnten.<\/li><\/ul><p>Die Rechtsgrundlage, die uns die Durchf\u00fchrung dieser Verarbeitung Ihrer Daten erm\u00f6glicht, ist das Vertragsverh\u00e4ltnis zwischen den Parteien und im Einzelfall Ihre Einwilligung.<\/p><p>Wenn Sie eine der von uns angebotenen Methoden nutzen, um mit uns in Kontakt zu treten, verwenden wir Ihre Kontaktinformationen, um Ihre Anfrage entsprechend der Art der Anfrage zu bearbeiten und zu l\u00f6sen. Dazu geh\u00f6rt auch die Kontaktaufnahme (auf dem gleichen Weg) bei Bedarf.<\/p><ul><li>Rechtsgrundlage f\u00fcr die Verarbeitung Ihrer Daten ist Ihre Einwilligung, die Sie uns im Rahmen Ihrer Kontaktanfrage ausdr\u00fccklich erteilen, sowie unser berechtigtes Interesse an der L\u00f6sung des von Ihnen angesprochenen Anliegens.<\/li><\/ul><p>Wenn Sie an einer Zusammenarbeit mit uns interessiert sind und uns Ihre Bewerbung zusenden, nutzen wir die Daten zur Verwaltung, zur Auswertung Ihres Profils und ggf. zur Speicherung Ihres Lebenslaufs in unserer Datenbank potenzieller Kandidaten.<\/p><ul><li>Rechtsgrundlage f\u00fcr die Verarbeitung Ihrer Daten ist Ihre Einwilligung, die Sie uns im Rahmen Ihrer Bewerbung ausdr\u00fccklich erteilen.<\/li><\/ul><p>Wenn Sie auf unserer Website surfen, k\u00f6nnen wir Ihr Surfverhalten anonym messen und gegebenenfalls analysieren.<\/p><ul><li>Die Rechtsgrundlage f\u00fcr diese Verarbeitung Ihrer Daten ist Ihre Einwilligung, die Sie mit der Annahme der Installation unserer Cookies erteilen und die Sie jederzeit widerrufen oder konfigurieren k\u00f6nnen. Weitere Informationen zur Verwendung von Cookies finden Sie in unserer Cookie-Richtlinie.<\/li><\/ul><p><strong>Wie lange bewahren wir Ihre Daten auf?<\/strong><\/p><p>Die f\u00fcr die Erf\u00fcllung des jeweils verfolgten Zwecks unbedingt erforderliche Zeit. Danach bleiben sie ausschlie\u00dflich zum Zwecke der Erf\u00fcllung etwaiger Verantwortlichkeiten oder Pflichten, die sich aus ihrer Verarbeitung ergeben k\u00f6nnen, gesperrt:<\/p><p><strong>An wen geben wir Ihre Daten weiter?<\/strong><\/p><p>Die von uns vorgenommene Datenkommunikation erfolgt stets im Einklang mit Ihren Rechten und im Einklang mit den Datenschutzbestimmungen. In diesem Sinne geben wir Ihre Daten nur weiter:<\/p><p>An Dienstleister, die uns bei der Durchf\u00fchrung unserer T\u00e4tigkeit unterst\u00fctzen, zum Beispiel Online-Zahlungsplattformen, IT-Tools, technische Supportdienste, Messaging-Dienste usw. Einige dieser Anbieter \u00fcbertragen m\u00f6glicherweise Daten au\u00dferhalb des Europ\u00e4ischen Wirtschaftsraums. Diese Kommunikation erfolgt jedoch mit den erforderlichen Garantien und verf\u00fcgt \u00fcber das gesetzlich vorgeschriebene Datenschutzniveau.<br \/>In F\u00e4llen, in denen es zur Erf\u00fcllung unserer gesetzlichen Verpflichtungen erforderlich ist, k\u00f6nnen die Daten an Beh\u00f6rden sowie staatliche Sicherheitskr\u00e4fte und -beh\u00f6rden weitergegeben werden.<br \/>An die Unternehmen, die Teil unserer Unternehmensgruppe sind, um das ordnungsgem\u00e4\u00dfe Funktionieren aller unserer Prozesse sicherzustellen.<\/p><p><strong>Welche Rechte haben Sie, wenn Sie uns Ihre personenbezogenen Daten zur Verf\u00fcgung stellen?<\/strong><\/p><p>Als Eigent\u00fcmer Ihrer personenbezogenen Daten haben Sie das Recht:<\/p><ul><li>Erhalten Sie Zugriff auf die Daten, die wir \u00fcber Sie verarbeiten, sowie auf detaillierte Informationen \u00fcber die von uns durchgef\u00fchrte Verarbeitung.<br \/>Sie k\u00f6nnen die Berichtigung Ihrer Daten verlangen, wenn Sie diese f\u00fcr unrichtig halten.<\/li><li>In einigen F\u00e4llen k\u00f6nnen Sie verlangen, dass Ihre Daten gel\u00f6scht werden, Sie k\u00f6nnen der Verwendung Ihrer Daten durch uns widersprechen und Sie k\u00f6nnen unsere Verarbeitung einschr\u00e4nken.<\/li><li>Sie haben das Recht auf Portabilit\u00e4t Ihrer Daten, das hei\u00dft, Ihre Daten in einem Format zu erhalten oder an einen Dritten liefern zu lassen, der ihnen die Verarbeitung erm\u00f6glicht.<\/li><li>Wenn Sie der Meinung sind, dass wir Ihre Rechte nicht ordnungsgem\u00e4\u00df wahrgenommen haben oder Sie diesbez\u00fcglich weitere Informationen w\u00fcnschen, k\u00f6nnen Sie sich nat\u00fcrlich an die spanische Datenschutzbeh\u00f6rde wenden, indem Sie aepd.es kontaktieren.<\/li><\/ul><p>Wenn Sie Fragen zur Aus\u00fcbung Ihrer Rechte haben, erinnern wir Sie daran, dass Sie, bevor Sie sich an die Kontrollbeh\u00f6rde wenden, diese direkt an uns wenden k\u00f6nnen, indem Sie an comptabilitat@teixitsvicens.com schreiben. Wir werden dann versuchen, Ihnen bestm\u00f6glich zu helfen m\u00f6glicher Weg.<\/p>\t\t\t\t\t\t\t\t<\/div>\n\t\t\t\t\t<\/div>\n\t\t\t\t<\/div>\n\t\t\t\t\t<\/div>\n\t\t\t\t<\/div>\n\t\t\t\t<\/div>\n\t\t","protected":false},"excerpt":{"rendered":"<p>Gesch\u00e4ftsbedingungen Datenschutzrichtlinie Gesetz \u00fcber Dienste der Informationsgesellschaft (LSSI) Bei Teixits Vicens legen wir Wert auf Ihr Vertrauen und Ihre Privatsph\u00e4re&#8230;.<\/p>\n","protected":false},"author":13,"featured_media":0,"parent":0,"menu_order":0,"comment_status":"closed","ping_status":"closed","template":"elementor_header_footer","meta":{"footnotes":""},"class_list":["post-26716","page","type-page","status-publish","hentry"],"yoast_head":"<!-- This site is optimized with the Yoast SEO plugin v27.0 - https:\/\/yoast.com\/product\/yoast-seo-wordpress\/ -->\n<title>Datenschutzrichtlinie | Teixits Vicens<\/title>\n<meta name=\"robots\" content=\"index, follow, max-snippet:-1, max-image-preview:large, max-video-preview:-1\" \/>\n<link rel=\"canonical\" href=\"https:\/\/teixitsvicens.com\/de\/politica-de-privacidad\/\" \/>\n<meta property=\"og:locale\" content=\"de_DE\" \/>\n<meta property=\"og:type\" content=\"article\" \/>\n<meta property=\"og:title\" content=\"Datenschutzrichtlinie | Teixits Vicens\" \/>\n<meta property=\"og:description\" content=\"Gesch\u00e4ftsbedingungen Datenschutzrichtlinie Gesetz \u00fcber Dienste der Informationsgesellschaft (LSSI) Bei Teixits Vicens legen wir Wert auf Ihr Vertrauen und Ihre Privatsph\u00e4re....\" \/>\n<meta property=\"og:url\" content=\"https:\/\/teixitsvicens.com\/de\/politica-de-privacidad\/\" \/>\n<meta property=\"og:site_name\" content=\"Teixits Vicens\" \/>\n<meta property=\"article:publisher\" content=\"https:\/\/www.facebook.com\/TeixitsVicens\/\" \/>\n<meta property=\"article:modified_time\" content=\"2024-10-15T12:28:16+00:00\" \/>\n<meta property=\"og:image\" content=\"https:\/\/teixitsvicens.com\/wp-content\/uploads\/2017\/09\/logo-teixits-vicens-2.png\" \/>\n\t<meta property=\"og:image:width\" content=\"800\" \/>\n\t<meta property=\"og:image:height\" content=\"800\" \/>\n\t<meta property=\"og:image:type\" content=\"image\/png\" \/>\n<meta name=\"twitter:card\" content=\"summary_large_image\" \/>\n<meta name=\"twitter:label1\" content=\"Est. reading time\" \/>\n\t<meta name=\"twitter:data1\" content=\"5 minutes\" \/>\n<!-- \/ Yoast SEO plugin. -->","yoast_head_json":{"title":"Datenschutzrichtlinie | Teixits Vicens","robots":{"index":"index","follow":"follow","max-snippet":"max-snippet:-1","max-image-preview":"max-image-preview:large","max-video-preview":"max-video-preview:-1"},"canonical":"https:\/\/teixitsvicens.com\/de\/politica-de-privacidad\/","og_locale":"de_DE","og_type":"article","og_title":"Datenschutzrichtlinie | Teixits Vicens","og_description":"Gesch\u00e4ftsbedingungen Datenschutzrichtlinie Gesetz \u00fcber Dienste der Informationsgesellschaft (LSSI) Bei Teixits Vicens legen wir Wert auf Ihr Vertrauen und Ihre Privatsph\u00e4re....","og_url":"https:\/\/teixitsvicens.com\/de\/politica-de-privacidad\/","og_site_name":"Teixits Vicens","article_publisher":"https:\/\/www.facebook.com\/TeixitsVicens\/","article_modified_time":"2024-10-15T12:28:16+00:00","og_image":[{"width":800,"height":800,"url":"https:\/\/teixitsvicens.com\/wp-content\/uploads\/2017\/09\/logo-teixits-vicens-2.png","type":"image\/png"}],"twitter_card":"summary_large_image","twitter_misc":{"Est. reading time":"5 minutes"},"schema":{"@context":"https:\/\/schema.org","@graph":[{"@type":"WebPage","@id":"https:\/\/teixitsvicens.com\/de\/politica-de-privacidad\/","url":"https:\/\/teixitsvicens.com\/de\/politica-de-privacidad\/","name":"Datenschutzrichtlinie | Teixits Vicens","isPartOf":{"@id":"https:\/\/teixitsvicens.com\/de\/#website"},"datePublished":"2023-11-07T12:00:37+00:00","dateModified":"2024-10-15T12:28:16+00:00","breadcrumb":{"@id":"https:\/\/teixitsvicens.com\/de\/politica-de-privacidad\/#breadcrumb"},"inLanguage":"de","potentialAction":[{"@type":"ReadAction","target":["https:\/\/teixitsvicens.com\/de\/politica-de-privacidad\/"]}]},{"@type":"BreadcrumbList","@id":"https:\/\/teixitsvicens.com\/de\/politica-de-privacidad\/#breadcrumb","itemListElement":[{"@type":"ListItem","position":1,"name":"Inici","item":"https:\/\/teixitsvicens.com\/de\/home\/"},{"@type":"ListItem","position":2,"name":"Datenschutzrichtlinie"}]},{"@type":"WebSite","@id":"https:\/\/teixitsvicens.com\/de\/#website","url":"https:\/\/teixitsvicens.com\/de\/","name":"Teixits Vicens","description":"Taller textil artesano","publisher":{"@id":"https:\/\/teixitsvicens.com\/de\/#organization"},"alternateName":"Teixits Vicens","potentialAction":[{"@type":"SearchAction","target":{"@type":"EntryPoint","urlTemplate":"https:\/\/teixitsvicens.com\/de\/?s={search_term_string}"},"query-input":{"@type":"PropertyValueSpecification","valueRequired":true,"valueName":"search_term_string"}}],"inLanguage":"de"},{"@type":"Organization","@id":"https:\/\/teixitsvicens.com\/de\/#organization","name":"Teixits Vicens","url":"https:\/\/teixitsvicens.com\/de\/","logo":{"@type":"ImageObject","inLanguage":"de","@id":"https:\/\/teixitsvicens.com\/de\/#\/schema\/logo\/image\/","url":"https:\/\/teixitsvicens.com\/wp-content\/uploads\/2025\/10\/logo-teixits-vicents.png","contentUrl":"https:\/\/teixitsvicens.com\/wp-content\/uploads\/2025\/10\/logo-teixits-vicents.png","width":629,"height":131,"caption":"Teixits Vicens"},"image":{"@id":"https:\/\/teixitsvicens.com\/de\/#\/schema\/logo\/image\/"},"sameAs":["https:\/\/www.facebook.com\/TeixitsVicens\/","https:\/\/www.instagram.com\/teixitsvicens\/"]}]}},"_links":{"self":[{"href":"https:\/\/teixitsvicens.com\/de\/wp-json\/wp\/v2\/pages\/26716","targetHints":{"allow":["GET"]}}],"collection":[{"href":"https:\/\/teixitsvicens.com\/de\/wp-json\/wp\/v2\/pages"}],"about":[{"href":"https:\/\/teixitsvicens.com\/de\/wp-json\/wp\/v2\/types\/page"}],"author":[{"embeddable":true,"href":"https:\/\/teixitsvicens.com\/de\/wp-json\/wp\/v2\/users\/13"}],"replies":[{"embeddable":true,"href":"https:\/\/teixitsvicens.com\/de\/wp-json\/wp\/v2\/comments?post=26716"}],"version-history":[{"count":0,"href":"https:\/\/teixitsvicens.com\/de\/wp-json\/wp\/v2\/pages\/26716\/revisions"}],"wp:attachment":[{"href":"https:\/\/teixitsvicens.com\/de\/wp-json\/wp\/v2\/media?parent=26716"}],"curies":[{"name":"wp","href":"https:\/\/api.w.org\/{rel}","templated":true}]}}