{"id":26713,"date":"2024-02-15T13:11:16","date_gmt":"2024-02-15T12:11:16","guid":{"rendered":"https:\/\/teixitsmallorca.com\/metodos-de-pago\/"},"modified":"2025-10-16T11:19:02","modified_gmt":"2025-10-16T09:19:02","slug":"zahlungen-und-sicherheit","status":"publish","type":"page","link":"https:\/\/teixitsvicens.com\/de\/zahlungen-und-sicherheit\/","title":{"rendered":"Zahlungen und Sicherheit"},"content":{"rendered":"\t\t<div data-elementor-type=\"wp-page\" data-elementor-id=\"26713\" class=\"elementor elementor-26713 elementor-26391\" data-elementor-post-type=\"page\">\n\t\t\t\t<div class=\"elementor-element elementor-element-4a5afd7b e-con-full e-flex e-con e-parent\" data-id=\"4a5afd7b\" data-element_type=\"container\" data-e-type=\"container\">\n\t\t<div class=\"elementor-element elementor-element-44c9bd46 e-con-full e-flex e-con e-child\" data-id=\"44c9bd46\" data-element_type=\"container\" data-e-type=\"container\">\n\t\t<div class=\"elementor-element elementor-element-4c715fa9 e-con-full e-flex e-con e-child\" data-id=\"4c715fa9\" data-element_type=\"container\" data-e-type=\"container\">\n\t\t\t\t<div class=\"elementor-element elementor-element-1873bf96 elementor-widget__width-auto elementor-widget elementor-widget-woocommerce-breadcrumb\" data-id=\"1873bf96\" data-element_type=\"widget\" data-e-type=\"widget\" data-widget_type=\"woocommerce-breadcrumb.default\">\n\t\t\t\t\t<nav class=\"woocommerce-breadcrumb\" aria-label=\"Breadcrumb\"><span class=\"listaproducto\"><img decoding=\"async\" src=\"https:\/\/teixitsvicens.com\/\/wp-content\/themes\/teixitsvicens\/assets\/images\/imagotipo_teixits_vicens.svg\" width=\"85px;\" style=\"vertical-align: middle;padding-left:20px;padding-right:20px;\" alt=\"undefined - Teixits Vicens\"><\/span>Home<\/nav>\t\t\t\t<\/div>\n\t\t\t\t<\/div>\n\t\t\t\t<\/div>\n\t\t\t\t<\/div>\n\t\t<div class=\"elementor-element elementor-element-ffcdd98 e-flex e-con-boxed e-con e-parent\" data-id=\"ffcdd98\" data-element_type=\"container\" data-e-type=\"container\" data-settings=\"{&quot;background_background&quot;:&quot;classic&quot;}\">\n\t\t\t\t\t<div class=\"e-con-inner\">\n\t\t<div class=\"elementor-element elementor-element-cbdd9e4 e-flex e-con-boxed e-con e-child\" data-id=\"cbdd9e4\" data-element_type=\"container\" data-e-type=\"container\">\n\t\t\t\t\t<div class=\"e-con-inner\">\n\t\t\t\t<div class=\"elementor-element elementor-element-7776808 elementor-widget elementor-widget-heading\" data-id=\"7776808\" data-element_type=\"widget\" data-e-type=\"widget\" data-widget_type=\"heading.default\">\n\t\t\t\t\t<span class=\"elementor-heading-title elementor-size-default\">Kaufen Sie online Teixits Vicens<\/span>\t\t\t\t<\/div>\n\t\t\t\t<div class=\"elementor-element elementor-element-f31cee4 elementor-widget elementor-widget-heading\" data-id=\"f31cee4\" data-element_type=\"widget\" data-e-type=\"widget\" data-widget_type=\"heading.default\">\n\t\t\t\t\t<h1 class=\"elementor-heading-title elementor-size-default\">Zahlungen und Sicherheit<\/h1>\t\t\t\t<\/div>\n\t\t\t\t<div class=\"elementor-element elementor-element-5b4dd17 elementor-widget elementor-widget-text-editor\" data-id=\"5b4dd17\" data-element_type=\"widget\" data-e-type=\"widget\" data-widget_type=\"text-editor.default\">\n\t\t\t\t\t\t\t\t\t<p>Sicherheit bei Transaktionen mit unseren Kunden ist f\u00fcr uns ein vorrangiges Anliegen. Sobald die grundlegenden Informationen zum Kauf in unserem Online-Shop validiert wurden (Produkte, Kontaktinformationen und Versandinformationen), muss die gew\u00fcnschte Zahlungsmethode ausgew\u00e4hlt werden. <\/p><p>Der Kunde kann mit einer dieser drei Methoden bezahlen:<\/p>\t\t\t\t\t\t\t\t<\/div>\n\t\t\t\t<div class=\"elementor-element elementor-element-5a3fd18 elementor-widget elementor-widget-heading\" data-id=\"5a3fd18\" data-element_type=\"widget\" data-e-type=\"widget\" data-widget_type=\"heading.default\">\n\t\t\t\t\t<h2 class=\"elementor-heading-title elementor-size-default\">PayPal<\/h2>\t\t\t\t<\/div>\n\t\t\t\t<div class=\"elementor-element elementor-element-b7d3aec elementor-widget elementor-widget-text-editor\" data-id=\"b7d3aec\" data-element_type=\"widget\" data-e-type=\"widget\" data-widget_type=\"text-editor.default\">\n\t\t\t\t\t\t\t\t\t<p>Zahlungen erfolgen sicher und sofort \u00fcber den Service von PayPal, einem der am weitesten verbreiteten Systeme zur Abwicklung von Online-Transaktionen. PayPal erf\u00fcllt die Datensicherheitsstandards der Kreditkartenbranche, um Sie jederzeit vor Cyberkriminalit\u00e4t zu sch\u00fctzen und Ihre Finanzdaten zu sch\u00fctzen. <\/p><p>Um in unserem Shop \u00fcber PayPal zu bezahlen, ist es nicht notwendig, ein Konto bei diesem Dienst zu haben. Wenn Sie jedoch bereits eines haben (es ist kostenlos), k\u00f6nnen Sie die Zahlung nur mit Ihrer E-Mail-Adresse durchf\u00fchren.<\/p><p>PayPal akzeptiert alle g\u00e4ngigen Karten.<\/p>\t\t\t\t\t\t\t\t<\/div>\n\t\t\t\t<div class=\"elementor-element elementor-element-4fcc8d1 elementor-widget elementor-widget-heading\" data-id=\"4fcc8d1\" data-element_type=\"widget\" data-e-type=\"widget\" data-widget_type=\"heading.default\">\n\t\t\t\t\t<h2 class=\"elementor-heading-title elementor-size-default\">Bank\u00fcberweisung<\/h2>\t\t\t\t<\/div>\n\t\t\t\t<div class=\"elementor-element elementor-element-bcc6874 elementor-widget elementor-widget-text-editor\" data-id=\"bcc6874\" data-element_type=\"widget\" data-e-type=\"widget\" data-widget_type=\"text-editor.default\">\n\t\t\t\t\t\t\t\t\t<p>Bitte beachten Sie bei Auswahl dieser Zahlungsart, dass die Bestellung erst dann als wirksam gilt, wenn wir die entsprechende Anzahlung best\u00e4tigt haben.<\/p><p>Die \u00dcberweisung erfolgt \u00fcber den Gesamtbetrag der Bestellung (inkl. Versandkosten) auf das folgende Bankkonto:<\/p><p>Bankinstitut: Colonya Caixa Pollen\u00e7a<br>Kontonummer: 2056 0000 6110 0014 8922<br>Name des Beg\u00fcnstigten: GALERIES VICENS S.A.U.<br>IBAN: ES95 2056 0000 6110 0014 8922<br>BIC\/Swif (International Bank Identification Code im SWIFT-System): CECA ES MM 056<\/p><p>Damit wir die Bestellung korrekt identifizieren k\u00f6nnen, ist es sehr wichtig, die Bestellnummer anzugeben, die Sie am Ende des Kaufs erhalten haben.<\/p><p>Sobald diese Zahlungsmethode ausgew\u00e4hlt ist, erhalten Sie eine E-Mail-Nachricht an die E-Mail-Adresse, die Sie uns mitgeteilt haben, mit den Anweisungen, die Sie befolgen m\u00fcssen, um die Zahlung abzuschlie\u00dfen.<\/p><p>Bitte beachten Sie, dass es bis zu drei Werktage dauern kann, bis Zahlungen per Bank\u00fcberweisung eingehen.<\/p>\t\t\t\t\t\t\t\t<\/div>\n\t\t\t\t<div class=\"elementor-element elementor-element-c7a4acd elementor-widget elementor-widget-heading\" data-id=\"c7a4acd\" data-element_type=\"widget\" data-e-type=\"widget\" data-widget_type=\"heading.default\">\n\t\t\t\t\t<h2 class=\"elementor-heading-title elementor-size-default\">Kreditkarte<\/h2>\t\t\t\t<\/div>\n\t\t\t\t<div class=\"elementor-element elementor-element-a802ec4 elementor-widget elementor-widget-text-editor\" data-id=\"a802ec4\" data-element_type=\"widget\" data-e-type=\"widget\" data-widget_type=\"text-editor.default\">\n\t\t\t\t\t\t\t\t\t<p>Sie k\u00f6nnen mit Kredit- oder Debitkarte bezahlen: VISA (Kredit- und Debitkarte), MasterCard oder American Express.<\/p><p>Um die Sicherheit der \u00fcber unsere Website get\u00e4tigten Zahlungen zu gew\u00e4hrleisten, erfolgen diese direkt und sicher \u00fcber die Secure Payment-Plattform der Banco Sabadell.<\/p><p>TEIXTIS VICENS hat zu keinem Zeitpunkt Zugriff auf die vertraulichen Informationen im Zusammenhang mit der Zahlung (Name, Kartennummer, Ablaufdatum usw.), da diese direkt \u00fcber das Banking-Gateway und nicht \u00fcber unsere Server erfolgen. Die Kartendaten werden daher nicht in unserer Datenbank registriert, sondern gelangen direkt an das Point-of-Sale-Terminal (POS) der Bank. Aus diesem Grund muss ein Kunde bei jeder neuen Bestellung mit Karte seine Kartendaten erneut eingeben.  <\/p><p>Die Plattform der Banco Sabadell integriert CES (Secure Electronic Purchase), das gem\u00e4\u00df den internationalen Protokollen Verified by Visa und MasterCard SecureCode hohe Sicherheit und Schutz bei Zahlungen bietet.<\/p>\t\t\t\t\t\t\t\t<\/div>\n\t\t\t\t\t<\/div>\n\t\t\t\t<\/div>\n\t\t\t\t\t<\/div>\n\t\t\t\t<\/div>\n\t\t\t\t<\/div>\n\t\t","protected":false},"excerpt":{"rendered":"<p>Kaufen Sie online Teixits Vicens Zahlungen und Sicherheit Sicherheit bei Transaktionen mit unseren Kunden ist f\u00fcr uns ein vorrangiges Anliegen&#8230;.<\/p>\n","protected":false},"author":13,"featured_media":0,"parent":0,"menu_order":0,"comment_status":"closed","ping_status":"closed","template":"elementor_header_footer","meta":{"footnotes":""},"class_list":["post-26713","page","type-page","status-publish","hentry"],"yoast_head":"<!-- This site is optimized with the Yoast SEO plugin v27.0 - https:\/\/yoast.com\/product\/yoast-seo-wordpress\/ -->\n<title>Zahlungen und Sicherheit | Teixits Vicens<\/title>\n<meta name=\"description\" content=\"Entdecken Sie die verf\u00fcgbaren Zahlungsmethoden bei Teixits Vicens. Kaufen Sie sicher mit Karte, Bank\u00fcberweisung oder PayPal ein.\" \/>\n<meta name=\"robots\" content=\"noindex, follow\" \/>\n<meta property=\"og:locale\" content=\"de_DE\" \/>\n<meta property=\"og:type\" content=\"article\" \/>\n<meta property=\"og:title\" content=\"Zahlungen und Sicherheit | Teixits Vicens\" \/>\n<meta property=\"og:description\" content=\"Entdecken Sie die verf\u00fcgbaren Zahlungsmethoden bei Teixits Vicens. Kaufen Sie sicher mit Karte, Bank\u00fcberweisung oder PayPal ein.\" \/>\n<meta property=\"og:url\" content=\"https:\/\/teixitsvicens.com\/de\/zahlungen-und-sicherheit\/\" \/>\n<meta property=\"og:site_name\" content=\"Teixits Vicens\" \/>\n<meta property=\"article:publisher\" content=\"https:\/\/www.facebook.com\/TeixitsVicens\/\" \/>\n<meta property=\"article:modified_time\" content=\"2025-10-16T09:19:02+00:00\" \/>\n<meta property=\"og:image\" content=\"https:\/\/teixitsvicens.com\/wp-content\/uploads\/2017\/09\/logo-teixits-vicens-2.png\" \/>\n\t<meta property=\"og:image:width\" content=\"800\" \/>\n\t<meta property=\"og:image:height\" content=\"800\" \/>\n\t<meta property=\"og:image:type\" content=\"image\/png\" \/>\n<meta name=\"twitter:card\" content=\"summary_large_image\" \/>\n<meta name=\"twitter:label1\" content=\"Est. reading time\" \/>\n\t<meta name=\"twitter:data1\" content=\"3 minutes\" \/>\n<!-- \/ Yoast SEO plugin. -->","yoast_head_json":{"title":"Zahlungen und Sicherheit | Teixits Vicens","description":"Entdecken Sie die verf\u00fcgbaren Zahlungsmethoden bei Teixits Vicens. Kaufen Sie sicher mit Karte, Bank\u00fcberweisung oder PayPal ein.","robots":{"index":"noindex","follow":"follow"},"og_locale":"de_DE","og_type":"article","og_title":"Zahlungen und Sicherheit | Teixits Vicens","og_description":"Entdecken Sie die verf\u00fcgbaren Zahlungsmethoden bei Teixits Vicens. Kaufen Sie sicher mit Karte, Bank\u00fcberweisung oder PayPal ein.","og_url":"https:\/\/teixitsvicens.com\/de\/zahlungen-und-sicherheit\/","og_site_name":"Teixits Vicens","article_publisher":"https:\/\/www.facebook.com\/TeixitsVicens\/","article_modified_time":"2025-10-16T09:19:02+00:00","og_image":[{"width":800,"height":800,"url":"https:\/\/teixitsvicens.com\/wp-content\/uploads\/2017\/09\/logo-teixits-vicens-2.png","type":"image\/png"}],"twitter_card":"summary_large_image","twitter_misc":{"Est. reading time":"3 minutes"},"schema":{"@context":"https:\/\/schema.org","@graph":[{"@type":"WebPage","@id":"https:\/\/teixitsvicens.com\/de\/zahlungen-und-sicherheit\/","url":"https:\/\/teixitsvicens.com\/de\/zahlungen-und-sicherheit\/","name":"Zahlungen und Sicherheit | Teixits Vicens","isPartOf":{"@id":"https:\/\/teixitsvicens.com\/de\/#website"},"datePublished":"2024-02-15T12:11:16+00:00","dateModified":"2025-10-16T09:19:02+00:00","description":"Entdecken Sie die verf\u00fcgbaren Zahlungsmethoden bei Teixits Vicens. Kaufen Sie sicher mit Karte, Bank\u00fcberweisung oder PayPal ein.","breadcrumb":{"@id":"https:\/\/teixitsvicens.com\/de\/zahlungen-und-sicherheit\/#breadcrumb"},"inLanguage":"de","potentialAction":[{"@type":"ReadAction","target":["https:\/\/teixitsvicens.com\/de\/zahlungen-und-sicherheit\/"]}]},{"@type":"BreadcrumbList","@id":"https:\/\/teixitsvicens.com\/de\/zahlungen-und-sicherheit\/#breadcrumb","itemListElement":[{"@type":"ListItem","position":1,"name":"Inici","item":"https:\/\/teixitsvicens.com\/de\/home\/"},{"@type":"ListItem","position":2,"name":"Zahlungen und Sicherheit"}]},{"@type":"WebSite","@id":"https:\/\/teixitsvicens.com\/de\/#website","url":"https:\/\/teixitsvicens.com\/de\/","name":"Teixits Vicens","description":"Taller textil artesano","publisher":{"@id":"https:\/\/teixitsvicens.com\/de\/#organization"},"alternateName":"Teixits Vicens","potentialAction":[{"@type":"SearchAction","target":{"@type":"EntryPoint","urlTemplate":"https:\/\/teixitsvicens.com\/de\/?s={search_term_string}"},"query-input":{"@type":"PropertyValueSpecification","valueRequired":true,"valueName":"search_term_string"}}],"inLanguage":"de"},{"@type":"Organization","@id":"https:\/\/teixitsvicens.com\/de\/#organization","name":"Teixits Vicens","url":"https:\/\/teixitsvicens.com\/de\/","logo":{"@type":"ImageObject","inLanguage":"de","@id":"https:\/\/teixitsvicens.com\/de\/#\/schema\/logo\/image\/","url":"https:\/\/teixitsvicens.com\/wp-content\/uploads\/2025\/10\/logo-teixits-vicents.png","contentUrl":"https:\/\/teixitsvicens.com\/wp-content\/uploads\/2025\/10\/logo-teixits-vicents.png","width":629,"height":131,"caption":"Teixits Vicens"},"image":{"@id":"https:\/\/teixitsvicens.com\/de\/#\/schema\/logo\/image\/"},"sameAs":["https:\/\/www.facebook.com\/TeixitsVicens\/","https:\/\/www.instagram.com\/teixitsvicens\/"]}]}},"_links":{"self":[{"href":"https:\/\/teixitsvicens.com\/de\/wp-json\/wp\/v2\/pages\/26713","targetHints":{"allow":["GET"]}}],"collection":[{"href":"https:\/\/teixitsvicens.com\/de\/wp-json\/wp\/v2\/pages"}],"about":[{"href":"https:\/\/teixitsvicens.com\/de\/wp-json\/wp\/v2\/types\/page"}],"author":[{"embeddable":true,"href":"https:\/\/teixitsvicens.com\/de\/wp-json\/wp\/v2\/users\/13"}],"replies":[{"embeddable":true,"href":"https:\/\/teixitsvicens.com\/de\/wp-json\/wp\/v2\/comments?post=26713"}],"version-history":[{"count":0,"href":"https:\/\/teixitsvicens.com\/de\/wp-json\/wp\/v2\/pages\/26713\/revisions"}],"wp:attachment":[{"href":"https:\/\/teixitsvicens.com\/de\/wp-json\/wp\/v2\/media?parent=26713"}],"curies":[{"name":"wp","href":"https:\/\/api.w.org\/{rel}","templated":true}]}}