{"id":12429,"date":"2018-04-21T18:57:17","date_gmt":"2018-04-21T16:57:17","guid":{"rendered":"http:\/\/localhost\/TeixitsVicensS2\/?page_id=12429\/"},"modified":"2024-10-15T14:33:21","modified_gmt":"2024-10-15T12:33:21","slug":"verkaufsbedingungen","status":"publish","type":"page","link":"https:\/\/teixitsvicens.com\/de\/verkaufsbedingungen\/","title":{"rendered":"Verkaufsbedingungen"},"content":{"rendered":"\t\t<div data-elementor-type=\"wp-page\" data-elementor-id=\"12429\" class=\"elementor elementor-12429 elementor-2738\" data-elementor-post-type=\"page\">\n\t\t\t\t<div class=\"elementor-element elementor-element-cb75dab e-con-full e-flex e-con e-parent\" data-id=\"cb75dab\" data-element_type=\"container\" data-e-type=\"container\">\n\t\t<div class=\"elementor-element elementor-element-f9f9487 e-con-full e-flex e-con e-child\" data-id=\"f9f9487\" data-element_type=\"container\" data-e-type=\"container\">\n\t\t<div class=\"elementor-element elementor-element-f242ff4 e-con-full e-flex e-con e-child\" data-id=\"f242ff4\" data-element_type=\"container\" data-e-type=\"container\">\n\t\t\t\t<div class=\"elementor-element elementor-element-e9d6056 elementor-widget__width-auto elementor-widget elementor-widget-woocommerce-breadcrumb\" data-id=\"e9d6056\" data-element_type=\"widget\" data-e-type=\"widget\" data-widget_type=\"woocommerce-breadcrumb.default\">\n\t\t\t\t\t<nav class=\"woocommerce-breadcrumb\" aria-label=\"Breadcrumb\"><span class=\"listaproducto\"><img decoding=\"async\" src=\"https:\/\/teixitsvicens.com\/\/wp-content\/themes\/teixitsvicens\/assets\/images\/imagotipo_teixits_vicens.svg\" width=\"85px;\" style=\"vertical-align: middle;padding-left:20px;padding-right:20px;\" alt=\"undefined - Teixits Vicens\"><\/span>Home<\/nav>\t\t\t\t<\/div>\n\t\t\t\t<\/div>\n\t\t\t\t<\/div>\n\t\t\t\t<\/div>\n\t\t<div class=\"elementor-element elementor-element-23010c1 e-flex e-con-boxed e-con e-parent\" data-id=\"23010c1\" data-element_type=\"container\" data-e-type=\"container\" data-settings=\"{&quot;background_background&quot;:&quot;classic&quot;}\">\n\t\t\t\t\t<div class=\"e-con-inner\">\n\t\t<div class=\"elementor-element elementor-element-4427c14 e-flex e-con-boxed e-con e-child\" data-id=\"4427c14\" data-element_type=\"container\" data-e-type=\"container\">\n\t\t\t\t\t<div class=\"e-con-inner\">\n\t\t\t\t<div class=\"elementor-element elementor-element-df5d1d7 elementor-widget elementor-widget-heading\" data-id=\"df5d1d7\" data-element_type=\"widget\" data-e-type=\"widget\" data-widget_type=\"heading.default\">\n\t\t\t\t\t<div class=\"elementor-heading-title elementor-size-default\">Teixits Vicens<\/div>\t\t\t\t<\/div>\n\t\t\t\t<div class=\"elementor-element elementor-element-604fadf elementor-widget elementor-widget-heading\" data-id=\"604fadf\" data-element_type=\"widget\" data-e-type=\"widget\" data-widget_type=\"heading.default\">\n\t\t\t\t\t<div class=\"elementor-heading-title elementor-size-default\">Verkaufsbedingungen<\/div>\t\t\t\t<\/div>\n\t\t\t\t<div class=\"elementor-element elementor-element-e44900b elementor-widget elementor-widget-text-editor\" data-id=\"e44900b\" data-element_type=\"widget\" data-e-type=\"widget\" data-widget_type=\"text-editor.default\">\n\t\t\t\t\t\t\t\t\t<p>Sie akzeptieren, dass der Verkauf aller Produkte, die auf der Website www.teixitsvicens.com pr\u00e4sentiert werden, den unten aufgef\u00fchrten allgemeinen Bedingungen unterliegt. Bitte lesen Sie diese Bedingungen sorgf\u00e4ltig durch, da sie f\u00fcr Ihre Bestellung \u00fcber unseren Online-Shop gelten. Wenn Sie Fragen zu diesen Bedingungen haben, k\u00f6nnen Sie sich an uns wenden, indem Sie eine E-Mail an teixitsvicens@teixitsvicens.com senden.<\/p><ul><li><b>1. Identifikation.<\/b> TEIXITS VICENS, eine eingetragene Marke von GALERIES VICENS S.A.U., einer spanischen Gesellschaft mit Sitz in Rotonda Can Berenguer, Pollen\u00e7a, Mallorca (07460 &#8211; Illes Balears), eingetragen im Handelsregister von Palma de Mallorca, Seite 93, Band 620, Buch 536, Sektion 3, Blatt 13744, erste Eintragung und Steueridentifikationsnummer A-07210263. Unsere Kontaktdaten sind Telefon: (+34) 971 53 44 42 und E-Mail: <a href=\"mailto:teixitsvicens@teixitsvicens.com\">teixitsvicens@teixitsvicens.com<\/a>.<\/li><li><b>2. Geltungsbereich.<\/b> Die vorliegenden Bedingungen gelten f\u00fcr alle Bestellungen, die \u00fcber die Website www.teixitsvicens.com aufgegeben werden. Somit bedeutet die Aufgabe einer Bestellung, dass Sie diese Bedingungen und die auf unserer Website verf\u00fcgbare Datenschutzerkl\u00e4rung akzeptieren, die die gesamte Vereinbarung zwischen Ihnen als K\u00e4ufer und TEIXITS VICENS darstellen und alle anderen vorherigen Vereinbarungen ersetzen. TEIXITS VICENS beh\u00e4lt sich das Recht vor, diese Bedingungen jederzeit zu \u00e4ndern, um sie den rechtlichen, wirtschaftlichen oder betrieblichen Gegebenheiten anzupassen. Die eingef\u00fchrten \u00c4nderungen sind nicht r\u00fcckwirkend und treten nach der Ver\u00f6ffentlichung in Kraft.<\/li><li><b>3. Produkt-Information.<\/b> Sie k\u00f6nnen zwei Arten von Produkten kaufen: &#8220;Fertige Produkte&#8221;. Stoffe, dekorative Produkte, M\u00f6bel, Kleidung oder andere, die von TEIXITS VICENS zum Verkauf angeboten werden und die auf Lager sind, um ohne die M\u00f6glichkeit der Anpassung oder Personalisierung durch die Benutzer gekauft zu werden. &#8220;Kundenspezifische Produkte&#8221;. Produkte nach Ma\u00df mit verschiedenen Optionen von Stoffen, Polstern, Oberfl\u00e4chen und Abmessungen, u.a. als Antwort auf die von Kunden gew\u00fcnschten Anpassungen und Bestellungen. F\u00fcr beide Produkte k\u00f6nnen unterschiedliche Verkaufs-, R\u00fcckgabe-, Kosten- und Konditionsbedingungen gelten, die in diesen Bedingungen aufgef\u00fchrt sind oder vor Vertragsabschluss mitgeteilt werden. TEIXITS VICENS ist nicht verpflichtet, eine Bestellung anzunehmen.<br \/>TEIXITS VICENS bem\u00fcht sich um eine getreue \u00dcbereinstimmung zwischen den Produkten und denen, die auf unserer Website pr\u00e4sentiert werden. Dennoch kann es zu leichten Abweichungen kommen, die auf die handwerkliche Herstellung oder Kundenw\u00fcnsche zur\u00fcckzuf\u00fchren sind und f\u00fcr die keine Verantwortung \u00fcbernommen werden kann. Sie akzeptieren, dass es, da es sich um handgefertigte Produkte handelt, m\u00f6gliche Abweichungen geben wird, die als Teil des individuellen Aussehens der Produkte akzeptiert werden. Die spezifische Pflege jedes Produkts wird im Web kommuniziert.<\/li><li><b>4. Auftragsbest\u00e4tigung.<\/b> Bestellungen \u00fcber die Website unterliegen der Annahme durch TEIXITS VICENS bei kundenspezifischen Produkten, da es sich um vollst\u00e4ndig handgefertigte Produkte handelt, deren Herstellung einen erheblichen Zeitaufwand erfordert. In anderen F\u00e4llen best\u00e4tigt TEIXITS VICENS den Eingang Ihrer Bestellung per E-Mail an die w\u00e4hrend des Kaufvorgangs angegebene E-Mail-Adresse innerhalb von maximal 24 Stunden.<br \/>TEIXITS VICENS wird die Annahme Ihrer Bestellung per E-Mail an die beim Kaufvorgang angegebene E-Mail-Adresse best\u00e4tigen. TEIXITS VICENS beh\u00e4lt sich die M\u00f6glichkeit vor, eine Bestellung aus bestimmten Gr\u00fcnden nicht zu best\u00e4tigen, wie z. B. bei der Lieferung von Produkten, der Ausf\u00fchrung der Bestellung oder einem vorhersehbaren Problem bei der Lieferung. In allen F\u00e4llen wird TEIXITS VICENS den Nutzer \u00fcber diese Umst\u00e4nde informieren und, falls die Zahlung erfolgt ist, die R\u00fcckerstattung durch Gutschrift auf die Kreditkarte oder das Bankkonto vornehmen, falls die Zahlung erfolgt ist.<br \/>Der Benutzer kann \u00fcber die angegebene Kontakt-E-Mail-Adresse weitere Informationen \u00fcber die Verf\u00fcgbarkeit von Produkten anfordern.<\/li><li><b>5. Preis und Versandkosten: <\/b>Die Versandkosten, entsprechend dem Land, das Sie als Zielland ausgew\u00e4hlt haben, variieren je nach Gr\u00f6\u00dfe, Gewicht und Eigenschaften der Produkte und werden Ihnen bei der Bestellung mitgeteilt, ebenso wie die Frage, ob der Versand kostenlos ist.<br \/>Die angegebenen Versandpreise enthalten Steuern, Transportkosten, Verpackung und Versicherung, jedoch nicht den Abtransport der M\u00f6bel oder deren Montage.<br \/>Der Preis der Produkte enth\u00e4lt Steuern, jedoch keine Abgaben und ggf. Zollabfertigung, die am Bestimmungsort vom Empf\u00e4nger der Produkte zu zahlen sind.<br \/>Der Preis der Produkte und die Versandkosten k\u00f6nnen ohne vorherige Ank\u00fcndigung ge\u00e4ndert werden, wobei der zum Zeitpunkt der Bestellung g\u00fcltige Preis in Rechnung gestellt wird.<\/li><li><b>6. Formen der Bezahlung. <\/b>Die Zahlung erfolgt zum Zeitpunkt der Bestellung und kann per Kreditkarte, PayPal oder \u00dcberweisung erfolgen.<\/li><li><b>7. Lieferung.<\/b> Unbeschadet der Bestimmungen in Absatz 4 bez\u00fcglich der Verf\u00fcgbarkeit der Produkte gilt die nach der Bestellung mitgeteilte Lieferzeit, bei kundenspezifischen Produkten aufgegeben wurde, und maximal eine Woche ab der Bestellung bei fertigen Produkten.<br \/>Sollten Sie unter Ihrer Adresse nicht erreichbar sein, wird der Kurierdienst Sie unter der von Ihnen angegebenen Telefonnummer kontaktieren. Sollten Sie nicht erreichbar sein, m\u00fcssen Sie die entsprechenden Versandkosten f\u00fcr eine erneute Zusendung Ihrer Bestellung bezahlen.<\/li><li><b>8. Risiko\u00fcbertragung.<\/b> TEIXITS VICENS \u00fcbernimmt das Risiko des Verlusts oder der Besch\u00e4digung der Produkte bis zum Eingang beim Kunden, es sei denn, die Produkte sind aus Gr\u00fcnden, die TEIXITS VICENS nicht zu vertreten hat, nicht eingetroffen. Die gekauften Produkte gehen in Ihr Eigentum \u00fcber, wenn Sie diese vollst\u00e4ndig erhalten und bezahlt haben.<\/li><li><b>9. Recht auf Widerruf.<\/b> Sie k\u00f6nnen den Vertrag jederzeit innerhalb von 14 Kalendertagen nach Erhalt Ihrer Bestellung widerrufen, wenn Sie Verbraucher sind. In diesem Fall werden Ihnen alle Zahlungen, die wir von Ihnen erhalten haben, zur\u00fcckerstattet, wobei Sie allerdings die Kosten f\u00fcr die R\u00fccksendung der Ware zu tragen haben. Sie k\u00f6nnen nachweisen, dass Sie Ihr Widerrufsrecht innerhalb der angegebenen Frist ausge\u00fcbt haben, indem Sie eine E-Mail an teixitsvicens@teixitsvicens.comy senden. Unser Kundendienst wird sich mit Ihnen in Verbindung setzen und Sie dar\u00fcber informieren, wie Sie die Produkte an unsere Adresse in Rotonda Can Berenguer, Pollen\u00e7a, Mallorca (07460 &#8211; Illes Balears) zur\u00fccksenden k\u00f6nnen. Es erfolgt keine R\u00fcckerstattung, wenn es sich um ein &#8220;Personalisiertes Produkt&#8221; handelt, wenn es \u00fcber das blo\u00dfe \u00d6ffnen hinaus benutzt wurde, wenn es sich nicht im gleichen Zustand wie bei der Lieferung befindet oder wenn es besch\u00e4digt wurde. Bis der Artikel bei uns eingetroffen ist, liegt es in Ihrer Verantwortung, daher empfehlen wir Ihnen, den Artikel per Kurier oder Einschreiben an uns zu senden und den Zustellnachweis aufzubewahren. Nach Pr\u00fcfung der Ware werden Sie dar\u00fcber informiert, ob Sie Anspruch auf eine R\u00fcckerstattung haben, die so schnell wie m\u00f6glich und in jedem Fall innerhalb von 14 Kalendertagen ab dem Datum, an dem Sie uns \u00fcber Ihre R\u00fccktrittsabsicht informiert haben, erfolgen wird, wenn die Ware bereits eingegangen ist. Die Erstattung erfolgt immer mit demselben Zahlungsmittel, mit dem Sie den Kauf bezahlt haben.<br \/>Sie k\u00f6nnen dieses Entnahmemodell verwenden, es ist jedoch nicht zwingend erforderlich:<br \/>Hiermit teile ich Ihnen mit, dass ich von meinem Kaufvertrag \u00fcber folgende Waren zur\u00fccktrete: Bestellt am\/erhalten am: Name des Verbrauchers: Personalausweis des Verbrauchers: Anschrift des Verbrauchers: Unterschrift des Verbrauchers (nur wenn dieses Formular auf Papier eingereicht wird) Datum:<\/li><li><b>10. Produktkonformit\u00e4t.<\/b> Die Qualit\u00e4t hat f\u00fcr TEIXITS VICENS Priorit\u00e4t, daher wird jedes Produkt, das einen Mangel aufweist, gem\u00e4\u00df den in der geltenden Gesetzgebung festgelegten Bestimmungen zur\u00fcckgenommen. Wenn gestzlich geregelt, die Garantiezeit betr\u00e4gt zwei Jahre ab Lieferung des Produkts. Bis zum Beweis des Gegenteils wird vermutet, dass jede Vertragswidrigkeit, die sich innerhalb von sechs Monaten nach der Lieferung des Produkts zeigt, bereits bei der Lieferung der Sache bestand, es sei denn, diese Vermutung ist mit der Art des Produkts oder der Art der Vertragswidrigkeit unvereinbar. Wenn Sie also der Meinung sind, dass die Produkte zum Zeitpunkt der Lieferung nicht vertragsgem\u00e4\u00df sind, m\u00fcssen Sie sich unverz\u00fcglich \u00fcber unsere Postanschrift oder per E-Mail an electr\u00f3nicoteixitsvicens@teixitsvicens.com mit uns in Verbindung setzen, wo wir Sie \u00fcber das Verfahren f\u00fcr die R\u00fccksendung der Waren informieren werden. Es wird davon ausgegangen, dass die Produkte vertragsgem\u00e4\u00df sind, vorausgesetzt, dass (i) sie der Beschreibung entsprechen, die mit allen Mitteln erstellt wurde, wobei zu ber\u00fccksichtigen ist, dass es sich um handgefertigte Produkte handelt, (ii) sie f\u00fcr die Verwendungszwecke geeignet sind, f\u00fcr die Produkte desselben Typs normalerweise verwendet werden, und (iii) sie die Qualit\u00e4t und Leistung aufweisen, die normalerweise von einem Produkt desselben Typs erwartet werden.<br \/>Die gesetzlichen Garantien der Produkte sind nicht g\u00fcltig, wenn Sch\u00e4den durch unsachgem\u00e4\u00dfe Handhabung des Produkts oder mangelnde Wartung entgegen der Gebrauchsanweisung auftreten.<br \/>Bei der Bestellung von &#8220;Customized Products&#8221; verl\u00e4sst sich TEIXITS VICENS auf die Richtigkeit Ihrer Angaben und \u00fcbernimmt keine Verantwortung f\u00fcr Ungenauigkeiten.<\/li><li><b>11. Haftung.<\/b> Au\u00dfer in F\u00e4llen, in denen der Haftungsausschluss gesetzlich begrenzt ist &#8211; zum Beispiel, wenn Sie ein Verbraucher sind &#8211; ist die Haftung von TEIXITS VICENS in Bezug auf jedes gekaufte Produkt streng auf den Kaufpreis der Produkte begrenzt.<br \/>Die Einhaltung aller oder eines Teils der Verpflichtungen von TEIXITS VICENS wird im Falle eines unvorhergesehenen Ereignisses oder h\u00f6herer Gewalt, das die Einhaltung verhindert oder verz\u00f6gert, ausgesetzt. In einem solchen Fall informiert TEIXITS VICENS den Kunden \u00fcber die Situation und das Datum, an dem sie wieder in der Lage sein wird, ihre Verpflichtungen zu erf\u00fcllen.<\/li><li><b>12. Geistiges und industrielles Eigentum.<\/b> Die Produkte von TEIXITS VICENS sind durch geistiges und industrielles Eigentum gesch\u00fctzt, weshalb ihre Vervielf\u00e4ltigung, Verbreitung, \u00f6ffentliche Bekanntmachung und Umgestaltung durch Dritte nicht gestattet ist.<\/li><li><b>13. Anwendbare Gesetzgebung.<\/b> Diese Bedingungen unterliegen dem spanischen Recht. Die Teile werden, nach seiner Wahl, zur L\u00f6sung der Konflikte und unter Verzicht auf eine andere Zust\u00e4ndigkeit, den Gerichten und Gerichtsh\u00f6fen Mallorcas vorgelegt, au\u00dfer in den F\u00e4llen, in denen dies rechtlich nicht m\u00f6glich ist.<\/li><li><b>14. Au\u00dfergerichtliche Konfliktbeilegung online.<\/b> Wenn Sie als Verbraucher Beschwerden oder Reklamationen haben, k\u00f6nnen Sie diese an die folgende E-Mail-Adresse senden: teixitsvicens@teixitsvicens.com. F\u00fcr den Fall, dass Sie einen Artikel online \u00fcber unsere Website gekauft haben und Sie sich in Ihren Rechten verletzt sehen, informieren wir Sie dar\u00fcber hinaus gem\u00e4\u00df der Verordnung (EU) 524\/2013 des Europ\u00e4ischen Parlaments und des Rates vom 21. Mai 2013, dass Sie das Recht haben, ein alternatives Online-Streitbeilegungsverfahren in Verbraucherangelegenheiten zu nutzen. Sie k\u00f6nnen dieses Verfahren auf der Plattform unter der folgenden Adresse beantragen: https:\/\/ec.europa.eu\/consumers\/odr\/main\/index.cfm?event=main.home.show&amp;lng=ES. Die Nutzung der Online-Plattform ist weder notwendig noch verpflichtend. Daher steht es den Verbrauchern frei, ihre Anspr\u00fcche geltend zu machen, ohne vorher die Plattform zu nutzen.<\/li><li><b>15. Datenschutz.<\/b> TEIXITS VICENS h\u00e4lt sich an die neue Allgemeine Datenschutzverordnung der Europ\u00e4ischen Union EU 2016\/679. In \u00dcbereinstimmung mit den Bestimmungen des Artikels 14 der europ\u00e4ischen Datenschutzverordnung 679\/2016 informieren wir Sie dar\u00fcber, dass die erhaltenen personenbezogenen Daten in eine Datenverarbeitung einflie\u00dfen, f\u00fcr die GALERIES VICENS, S.A.U. verantwortlich ist. Weitere Informationen \u00fcber die Verarbeitung Ihrer Daten finden Sie auf unserer Website im Abschnitt &#8220;Datenschutz&#8221;.<\/li><li><b>16. Sprachen.<\/b> Diese Bedingungen sind ins Katalanische, Englische und Deutsche \u00fcbersetzt.<\/li><\/ul>\t\t\t\t\t\t\t\t<\/div>\n\t\t\t\t\t<\/div>\n\t\t\t\t<\/div>\n\t\t\t\t\t<\/div>\n\t\t\t\t<\/div>\n\t\t\t\t<\/div>\n\t\t","protected":false},"excerpt":{"rendered":"<p>Teixits Vicens Verkaufsbedingungen Sie akzeptieren, dass der Verkauf aller Produkte, die auf der Website www.teixitsvicens.com pr\u00e4sentiert werden, den unten aufgef\u00fchrten&#8230;<\/p>\n","protected":false},"author":1,"featured_media":0,"parent":0,"menu_order":0,"comment_status":"closed","ping_status":"closed","template":"elementor_header_footer","meta":{"footnotes":""},"class_list":["post-12429","page","type-page","status-publish","hentry"],"yoast_head":"<!-- This site is optimized with the Yoast SEO plugin v27.0 - https:\/\/yoast.com\/product\/yoast-seo-wordpress\/ -->\n<title>Verkaufsbedingungen | Teixits Vicens<\/title>\n<meta name=\"robots\" content=\"index, follow, max-snippet:-1, max-image-preview:large, max-video-preview:-1\" \/>\n<link rel=\"canonical\" href=\"https:\/\/teixitsvicens.com\/de\/verkaufsbedingungen\/\" \/>\n<meta property=\"og:locale\" content=\"de_DE\" \/>\n<meta property=\"og:type\" content=\"article\" \/>\n<meta property=\"og:title\" content=\"Verkaufsbedingungen | Teixits Vicens\" \/>\n<meta property=\"og:description\" content=\"Teixits Vicens Verkaufsbedingungen Sie akzeptieren, dass der Verkauf aller Produkte, die auf der Website www.teixitsvicens.com pr\u00e4sentiert werden, den unten aufgef\u00fchrten...\" \/>\n<meta property=\"og:url\" content=\"https:\/\/teixitsvicens.com\/de\/verkaufsbedingungen\/\" \/>\n<meta property=\"og:site_name\" content=\"Teixits Vicens\" \/>\n<meta property=\"article:publisher\" content=\"https:\/\/www.facebook.com\/TeixitsVicens\/\" \/>\n<meta property=\"article:modified_time\" content=\"2024-10-15T12:33:21+00:00\" \/>\n<meta property=\"og:image\" content=\"https:\/\/teixitsvicens.com\/wp-content\/uploads\/2017\/09\/logo-teixits-vicens-2.png\" \/>\n\t<meta property=\"og:image:width\" content=\"800\" \/>\n\t<meta property=\"og:image:height\" content=\"800\" \/>\n\t<meta property=\"og:image:type\" content=\"image\/png\" \/>\n<meta name=\"twitter:card\" content=\"summary_large_image\" \/>\n<meta name=\"twitter:label1\" content=\"Est. reading time\" \/>\n\t<meta name=\"twitter:data1\" content=\"10 minutes\" \/>\n<!-- \/ Yoast SEO plugin. -->","yoast_head_json":{"title":"Verkaufsbedingungen | Teixits Vicens","robots":{"index":"index","follow":"follow","max-snippet":"max-snippet:-1","max-image-preview":"max-image-preview:large","max-video-preview":"max-video-preview:-1"},"canonical":"https:\/\/teixitsvicens.com\/de\/verkaufsbedingungen\/","og_locale":"de_DE","og_type":"article","og_title":"Verkaufsbedingungen | Teixits Vicens","og_description":"Teixits Vicens Verkaufsbedingungen Sie akzeptieren, dass der Verkauf aller Produkte, die auf der Website www.teixitsvicens.com pr\u00e4sentiert werden, den unten aufgef\u00fchrten...","og_url":"https:\/\/teixitsvicens.com\/de\/verkaufsbedingungen\/","og_site_name":"Teixits Vicens","article_publisher":"https:\/\/www.facebook.com\/TeixitsVicens\/","article_modified_time":"2024-10-15T12:33:21+00:00","og_image":[{"width":800,"height":800,"url":"https:\/\/teixitsvicens.com\/wp-content\/uploads\/2017\/09\/logo-teixits-vicens-2.png","type":"image\/png"}],"twitter_card":"summary_large_image","twitter_misc":{"Est. reading time":"10 minutes"},"schema":{"@context":"https:\/\/schema.org","@graph":[{"@type":"WebPage","@id":"https:\/\/teixitsvicens.com\/de\/verkaufsbedingungen\/","url":"https:\/\/teixitsvicens.com\/de\/verkaufsbedingungen\/","name":"Verkaufsbedingungen | Teixits Vicens","isPartOf":{"@id":"https:\/\/teixitsvicens.com\/de\/#website"},"datePublished":"2018-04-21T16:57:17+00:00","dateModified":"2024-10-15T12:33:21+00:00","breadcrumb":{"@id":"https:\/\/teixitsvicens.com\/de\/verkaufsbedingungen\/#breadcrumb"},"inLanguage":"de","potentialAction":[{"@type":"ReadAction","target":["https:\/\/teixitsvicens.com\/de\/verkaufsbedingungen\/"]}]},{"@type":"BreadcrumbList","@id":"https:\/\/teixitsvicens.com\/de\/verkaufsbedingungen\/#breadcrumb","itemListElement":[{"@type":"ListItem","position":1,"name":"Inici","item":"https:\/\/teixitsvicens.com\/de\/home\/"},{"@type":"ListItem","position":2,"name":"Verkaufsbedingungen"}]},{"@type":"WebSite","@id":"https:\/\/teixitsvicens.com\/de\/#website","url":"https:\/\/teixitsvicens.com\/de\/","name":"Teixits Vicens","description":"Taller textil artesano","publisher":{"@id":"https:\/\/teixitsvicens.com\/de\/#organization"},"alternateName":"Teixits Vicens","potentialAction":[{"@type":"SearchAction","target":{"@type":"EntryPoint","urlTemplate":"https:\/\/teixitsvicens.com\/de\/?s={search_term_string}"},"query-input":{"@type":"PropertyValueSpecification","valueRequired":true,"valueName":"search_term_string"}}],"inLanguage":"de"},{"@type":"Organization","@id":"https:\/\/teixitsvicens.com\/de\/#organization","name":"Teixits Vicens","url":"https:\/\/teixitsvicens.com\/de\/","logo":{"@type":"ImageObject","inLanguage":"de","@id":"https:\/\/teixitsvicens.com\/de\/#\/schema\/logo\/image\/","url":"https:\/\/teixitsvicens.com\/wp-content\/uploads\/2025\/10\/logo-teixits-vicents.png","contentUrl":"https:\/\/teixitsvicens.com\/wp-content\/uploads\/2025\/10\/logo-teixits-vicents.png","width":629,"height":131,"caption":"Teixits Vicens"},"image":{"@id":"https:\/\/teixitsvicens.com\/de\/#\/schema\/logo\/image\/"},"sameAs":["https:\/\/www.facebook.com\/TeixitsVicens\/","https:\/\/www.instagram.com\/teixitsvicens\/"]}]}},"_links":{"self":[{"href":"https:\/\/teixitsvicens.com\/de\/wp-json\/wp\/v2\/pages\/12429","targetHints":{"allow":["GET"]}}],"collection":[{"href":"https:\/\/teixitsvicens.com\/de\/wp-json\/wp\/v2\/pages"}],"about":[{"href":"https:\/\/teixitsvicens.com\/de\/wp-json\/wp\/v2\/types\/page"}],"author":[{"embeddable":true,"href":"https:\/\/teixitsvicens.com\/de\/wp-json\/wp\/v2\/users\/1"}],"replies":[{"embeddable":true,"href":"https:\/\/teixitsvicens.com\/de\/wp-json\/wp\/v2\/comments?post=12429"}],"version-history":[{"count":0,"href":"https:\/\/teixitsvicens.com\/de\/wp-json\/wp\/v2\/pages\/12429\/revisions"}],"wp:attachment":[{"href":"https:\/\/teixitsvicens.com\/de\/wp-json\/wp\/v2\/media?parent=12429"}],"curies":[{"name":"wp","href":"https:\/\/api.w.org\/{rel}","templated":true}]}}