{"id":12326,"date":"2018-04-21T10:57:14","date_gmt":"2018-04-21T08:57:14","guid":{"rendered":"http:\/\/localhost\/TeixitsVicensS2\/?page_id=12326\/"},"modified":"2025-10-15T18:24:22","modified_gmt":"2025-10-15T16:24:22","slug":"behandlung-vom-stoff","status":"publish","type":"page","link":"https:\/\/teixitsvicens.com\/de\/behandlung-vom-stoff\/","title":{"rendered":"Behandlung vom Stoff"},"content":{"rendered":"\t\t<div data-elementor-type=\"wp-page\" data-elementor-id=\"12326\" class=\"elementor elementor-12326 elementor-274\" data-elementor-post-type=\"page\">\n\t\t\t\t<div class=\"elementor-element elementor-element-b3eb9b2 e-con-full e-flex e-con e-parent\" data-id=\"b3eb9b2\" data-element_type=\"container\" data-e-type=\"container\">\n\t\t<div class=\"elementor-element elementor-element-ba78f8f e-con-full e-flex e-con e-child\" data-id=\"ba78f8f\" data-element_type=\"container\" data-e-type=\"container\">\n\t\t<div class=\"elementor-element elementor-element-e49a1ad e-con-full e-flex e-con e-child\" data-id=\"e49a1ad\" data-element_type=\"container\" data-e-type=\"container\">\n\t\t\t\t<div class=\"elementor-element elementor-element-0f0ea9b elementor-widget__width-auto elementor-widget elementor-widget-woocommerce-breadcrumb\" data-id=\"0f0ea9b\" data-element_type=\"widget\" data-e-type=\"widget\" data-widget_type=\"woocommerce-breadcrumb.default\">\n\t\t\t\t\t<nav class=\"woocommerce-breadcrumb\" aria-label=\"Breadcrumb\"><span class=\"listaproducto\"><img decoding=\"async\" src=\"https:\/\/teixitsvicens.com\/\/wp-content\/themes\/teixitsvicens\/assets\/images\/imagotipo_teixits_vicens.svg\" width=\"85px;\" style=\"vertical-align: middle;padding-left:20px;padding-right:20px;\" alt=\"undefined - Teixits Vicens\"><\/span>Home<\/nav>\t\t\t\t<\/div>\n\t\t\t\t<\/div>\n\t\t\t\t<\/div>\n\t\t\t\t<\/div>\n\t\t<div class=\"elementor-element elementor-element-a817f02 e-con-full e-flex e-con e-parent\" data-id=\"a817f02\" data-element_type=\"container\" data-e-type=\"container\">\n\t\t<div class=\"elementor-element elementor-element-c434786 e-con-full e-flex e-con e-child\" data-id=\"c434786\" data-element_type=\"container\" data-e-type=\"container\" data-settings=\"{&quot;background_background&quot;:&quot;classic&quot;}\">\n\t\t<div class=\"elementor-element elementor-element-df88cb4 e-con-full e-flex e-con e-child\" data-id=\"df88cb4\" data-element_type=\"container\" data-e-type=\"container\" data-settings=\"{&quot;background_background&quot;:&quot;classic&quot;}\">\n\t\t\t\t<\/div>\n\t\t<div class=\"elementor-element elementor-element-4825caa e-con-full e-flex e-con e-child\" data-id=\"4825caa\" data-element_type=\"container\" data-e-type=\"container\">\n\t\t\t\t<div class=\"elementor-element elementor-element-b3219a4 elementor-widget elementor-widget-text-editor\" data-id=\"b3219a4\" data-element_type=\"widget\" data-e-type=\"widget\" data-widget_type=\"text-editor.default\">\n\t\t\t\t\t\t\t\t\t<p>Wenn Sie den Stoff zum ersten Mal waschen dann machen Sie den Stoff nass, geben Sie Ihn in die Trommel der Waschmaschine ein und waschen Sie Ihn bei 30\u00ba <\/p><p>Hinweis: Aufgrund der handwerklichen Beschaffenheit unserer Stoffe m\u00fcssen einige einfache Regeln eingehalten werden, um diesen charakteristischen Stoff lange geniessen zu k\u00f6nnen. Ist dies nicht der Fall, haftet Teixits Vicens nicht f\u00fcr eventuelle Sch\u00e4den. <\/p><p>Das traditionelle F\u00e4rbesystem kann kleine Farbabweichungen erzeugen, die nicht als Fehler angesehen werden.<\/p><p>Zusammensetzung: 70% Baumwolle, 30% Leinen<\/p><p>Es kann 5% einlaufen.<\/p><p>Martindale 21.500<\/p>\t\t\t\t\t\t\t\t<\/div>\n\t\t\t\t<\/div>\n\t\t\t\t<\/div>\n\t\t\t\t<\/div>\n\t\t\t\t<\/div>\n\t\t","protected":false},"excerpt":{"rendered":"<p>Wenn Sie den Stoff zum ersten Mal waschen dann machen Sie den Stoff nass, geben Sie Ihn in die Trommel&#8230;<\/p>\n","protected":false},"author":1,"featured_media":0,"parent":0,"menu_order":0,"comment_status":"closed","ping_status":"closed","template":"","meta":{"footnotes":""},"class_list":["post-12326","page","type-page","status-publish","hentry"],"yoast_head":"<!-- This site is optimized with the Yoast SEO plugin v27.0 - https:\/\/yoast.com\/product\/yoast-seo-wordpress\/ -->\n<title>Behandlung vom Stoff | Teixits Vicens<\/title>\n<meta name=\"robots\" content=\"index, follow, max-snippet:-1, max-image-preview:large, max-video-preview:-1\" \/>\n<link rel=\"canonical\" href=\"https:\/\/teixitsvicens.com\/de\/behandlung-vom-stoff\/\" \/>\n<meta property=\"og:locale\" content=\"de_DE\" \/>\n<meta property=\"og:type\" content=\"article\" \/>\n<meta property=\"og:title\" content=\"Behandlung vom Stoff | Teixits Vicens\" \/>\n<meta property=\"og:description\" content=\"Wenn Sie den Stoff zum ersten Mal waschen dann machen Sie den Stoff nass, geben Sie Ihn in die Trommel...\" \/>\n<meta property=\"og:url\" content=\"https:\/\/teixitsvicens.com\/de\/behandlung-vom-stoff\/\" \/>\n<meta property=\"og:site_name\" content=\"Teixits Vicens\" \/>\n<meta property=\"article:publisher\" content=\"https:\/\/www.facebook.com\/TeixitsVicens\/\" \/>\n<meta property=\"article:modified_time\" content=\"2025-10-15T16:24:22+00:00\" \/>\n<meta property=\"og:image\" content=\"https:\/\/teixitsvicens.com\/wp-content\/uploads\/2017\/09\/logo-teixits-vicens-2.png\" \/>\n\t<meta property=\"og:image:width\" content=\"800\" \/>\n\t<meta property=\"og:image:height\" content=\"800\" \/>\n\t<meta property=\"og:image:type\" content=\"image\/png\" \/>\n<meta name=\"twitter:card\" content=\"summary_large_image\" \/>\n<meta name=\"twitter:label1\" content=\"Est. reading time\" \/>\n\t<meta name=\"twitter:data1\" content=\"1 minute\" \/>\n<!-- \/ Yoast SEO plugin. -->","yoast_head_json":{"title":"Behandlung vom Stoff | Teixits Vicens","robots":{"index":"index","follow":"follow","max-snippet":"max-snippet:-1","max-image-preview":"max-image-preview:large","max-video-preview":"max-video-preview:-1"},"canonical":"https:\/\/teixitsvicens.com\/de\/behandlung-vom-stoff\/","og_locale":"de_DE","og_type":"article","og_title":"Behandlung vom Stoff | Teixits Vicens","og_description":"Wenn Sie den Stoff zum ersten Mal waschen dann machen Sie den Stoff nass, geben Sie Ihn in die Trommel...","og_url":"https:\/\/teixitsvicens.com\/de\/behandlung-vom-stoff\/","og_site_name":"Teixits Vicens","article_publisher":"https:\/\/www.facebook.com\/TeixitsVicens\/","article_modified_time":"2025-10-15T16:24:22+00:00","og_image":[{"width":800,"height":800,"url":"https:\/\/teixitsvicens.com\/wp-content\/uploads\/2017\/09\/logo-teixits-vicens-2.png","type":"image\/png"}],"twitter_card":"summary_large_image","twitter_misc":{"Est. reading time":"1 minute"},"schema":{"@context":"https:\/\/schema.org","@graph":[{"@type":"WebPage","@id":"https:\/\/teixitsvicens.com\/de\/behandlung-vom-stoff\/","url":"https:\/\/teixitsvicens.com\/de\/behandlung-vom-stoff\/","name":"Behandlung vom Stoff | Teixits Vicens","isPartOf":{"@id":"https:\/\/teixitsvicens.com\/de\/#website"},"datePublished":"2018-04-21T08:57:14+00:00","dateModified":"2025-10-15T16:24:22+00:00","breadcrumb":{"@id":"https:\/\/teixitsvicens.com\/de\/behandlung-vom-stoff\/#breadcrumb"},"inLanguage":"de","potentialAction":[{"@type":"ReadAction","target":["https:\/\/teixitsvicens.com\/de\/behandlung-vom-stoff\/"]}]},{"@type":"BreadcrumbList","@id":"https:\/\/teixitsvicens.com\/de\/behandlung-vom-stoff\/#breadcrumb","itemListElement":[{"@type":"ListItem","position":1,"name":"Inici","item":"https:\/\/teixitsvicens.com\/de\/"},{"@type":"ListItem","position":2,"name":"Behandlung vom Stoff"}]},{"@type":"WebSite","@id":"https:\/\/teixitsvicens.com\/de\/#website","url":"https:\/\/teixitsvicens.com\/de\/","name":"Teixits Vicens","description":"Taller textil artesano","publisher":{"@id":"https:\/\/teixitsvicens.com\/de\/#organization"},"alternateName":"Teixits Vicens","potentialAction":[{"@type":"SearchAction","target":{"@type":"EntryPoint","urlTemplate":"https:\/\/teixitsvicens.com\/de\/?s={search_term_string}"},"query-input":{"@type":"PropertyValueSpecification","valueRequired":true,"valueName":"search_term_string"}}],"inLanguage":"de"},{"@type":"Organization","@id":"https:\/\/teixitsvicens.com\/de\/#organization","name":"Teixits Vicens","url":"https:\/\/teixitsvicens.com\/de\/","logo":{"@type":"ImageObject","inLanguage":"de","@id":"https:\/\/teixitsvicens.com\/de\/#\/schema\/logo\/image\/","url":"https:\/\/teixitsvicens.com\/wp-content\/uploads\/2025\/10\/logo-teixits-vicents.png","contentUrl":"https:\/\/teixitsvicens.com\/wp-content\/uploads\/2025\/10\/logo-teixits-vicents.png","width":629,"height":131,"caption":"Teixits Vicens"},"image":{"@id":"https:\/\/teixitsvicens.com\/de\/#\/schema\/logo\/image\/"},"sameAs":["https:\/\/www.facebook.com\/TeixitsVicens\/","https:\/\/www.instagram.com\/teixitsvicens\/"]}]}},"_links":{"self":[{"href":"https:\/\/teixitsvicens.com\/de\/wp-json\/wp\/v2\/pages\/12326","targetHints":{"allow":["GET"]}}],"collection":[{"href":"https:\/\/teixitsvicens.com\/de\/wp-json\/wp\/v2\/pages"}],"about":[{"href":"https:\/\/teixitsvicens.com\/de\/wp-json\/wp\/v2\/types\/page"}],"author":[{"embeddable":true,"href":"https:\/\/teixitsvicens.com\/de\/wp-json\/wp\/v2\/users\/1"}],"replies":[{"embeddable":true,"href":"https:\/\/teixitsvicens.com\/de\/wp-json\/wp\/v2\/comments?post=12326"}],"version-history":[{"count":0,"href":"https:\/\/teixitsvicens.com\/de\/wp-json\/wp\/v2\/pages\/12326\/revisions"}],"wp:attachment":[{"href":"https:\/\/teixitsvicens.com\/de\/wp-json\/wp\/v2\/media?parent=12326"}],"curies":[{"name":"wp","href":"https:\/\/api.w.org\/{rel}","templated":true}]}}