{"id":12155,"date":"2018-04-21T10:36:21","date_gmt":"2018-04-21T08:36:21","guid":{"rendered":"http:\/\/localhost\/TeixitsVicensS2\/?page_id=12155\/"},"modified":"2025-10-15T13:27:36","modified_gmt":"2025-10-15T11:27:36","slug":"der-handwerksprozess","status":"publish","type":"page","link":"https:\/\/teixitsvicens.com\/de\/der-handwerksprozess\/","title":{"rendered":"Der Handwerksprozess"},"content":{"rendered":"\t\t<div data-elementor-type=\"wp-page\" data-elementor-id=\"12155\" class=\"elementor elementor-12155 elementor-38\" data-elementor-post-type=\"page\">\n\t\t\t\t<div class=\"elementor-element elementor-element-9616a54 e-con-full e-flex e-con e-parent\" data-id=\"9616a54\" data-element_type=\"container\" data-e-type=\"container\">\n\t\t<div class=\"elementor-element elementor-element-0c64a1c e-con-full e-flex e-con e-child\" data-id=\"0c64a1c\" data-element_type=\"container\" data-e-type=\"container\">\n\t\t<div class=\"elementor-element elementor-element-59b63aa e-con-full e-flex e-con e-child\" data-id=\"59b63aa\" data-element_type=\"container\" data-e-type=\"container\">\n\t\t\t\t<div class=\"elementor-element elementor-element-589a440 elementor-widget__width-auto elementor-widget elementor-widget-woocommerce-breadcrumb\" data-id=\"589a440\" data-element_type=\"widget\" data-e-type=\"widget\" data-widget_type=\"woocommerce-breadcrumb.default\">\n\t\t\t\t\t<nav class=\"woocommerce-breadcrumb\" aria-label=\"Breadcrumb\"><span class=\"listaproducto\"><img decoding=\"async\" src=\"https:\/\/teixitsvicens.com\/\/wp-content\/themes\/teixitsvicens\/assets\/images\/imagotipo_teixits_vicens.svg\" width=\"85px;\" style=\"vertical-align: middle;padding-left:20px;padding-right:20px;\" alt=\"undefined - Teixits Vicens\"><\/span>Home<\/nav>\t\t\t\t<\/div>\n\t\t\t\t<\/div>\n\t\t\t\t<\/div>\n\t\t\t\t<\/div>\n\t\t<div class=\"elementor-element elementor-element-4a9c91c e-con-full e-flex e-con e-parent\" data-id=\"4a9c91c\" data-element_type=\"container\" data-e-type=\"container\">\n\t\t<div class=\"elementor-element elementor-element-f5ff249 e-con-full e-flex e-con e-child\" data-id=\"f5ff249\" data-element_type=\"container\" data-e-type=\"container\" data-settings=\"{&quot;background_background&quot;:&quot;classic&quot;}\">\n\t\t<div class=\"elementor-element elementor-element-8cded26 e-con-full e-flex e-con e-child\" data-id=\"8cded26\" data-element_type=\"container\" data-e-type=\"container\" data-settings=\"{&quot;background_background&quot;:&quot;classic&quot;}\">\n\t\t\t\t<div class=\"elementor-element elementor-element-c1fac76 elementor-widget elementor-widget-video\" data-id=\"c1fac76\" data-element_type=\"widget\" data-e-type=\"widget\" data-settings=\"{&quot;youtube_url&quot;:&quot;https:\\\/\\\/www.youtube.com\\\/watch?v=NDmbuo_DGZI&quot;,&quot;video_type&quot;:&quot;youtube&quot;,&quot;controls&quot;:&quot;yes&quot;}\" data-widget_type=\"video.default\">\n\t\t\t\t\t\t\t<div class=\"elementor-wrapper elementor-open-inline\">\n\t\t\t<div class=\"elementor-video\"><\/div>\t\t<\/div>\n\t\t\t\t\t\t<\/div>\n\t\t\t\t<\/div>\n\t\t<div class=\"elementor-element elementor-element-9d3361c e-con-full e-flex e-con e-child\" data-id=\"9d3361c\" data-element_type=\"container\" data-e-type=\"container\">\n\t\t\t\t<div class=\"elementor-element elementor-element-f33fdbc elementor-widget elementor-widget-heading\" data-id=\"f33fdbc\" data-element_type=\"widget\" data-e-type=\"widget\" data-widget_type=\"heading.default\">\n\t\t\t\t\t<h2 class=\"elementor-heading-title elementor-size-default\">Der handwerkliche Prozess<\/h2>\t\t\t\t<\/div>\n\t\t\t\t<div class=\"elementor-element elementor-element-351ab0b elementor-widget elementor-widget-text-editor\" data-id=\"351ab0b\" data-element_type=\"widget\" data-e-type=\"widget\" data-widget_type=\"text-editor.default\">\n\t\t\t\t\t\t\t\t\t<p>Der grundlegende Teil des Herstellungsprozesses erfolgt wie in der Vergangenheit manuell. Die Kette wird aus wei\u00dfer Baumwolle hergestellt und portionsweise nach dem gew\u00fcnschten Muster eingef\u00e4rbt.    <\/p><p>Aus diesem Grund haben unsere Zungen- oder Ikatstoffe keine Vorder- oder R\u00fcckseite, sondern sind auf beiden Seiten mit identischen Motiven versehen. Die T\u00f6nung erfolgt auf Basis von Volltonfarben.  <\/p><p>Nach dem F\u00e4rben wird die Komposition der Zeichnung erstellt. Dies ist der heikelste und komplizierteste Prozess. Anschlie\u00dfend wird es zum Webstuhl gebracht, um dem Stoff mithilfe der Flachwebtechnik zusammen mit dem Leinen K\u00f6rper zu verleihen. <strong>Der Vicen\u00e7-Stoff ist 1,50 Meter breit und besteht aus Naturfasern: 70 % Baumwolle und 30 % Leinen. <\/strong>.<\/p>\t\t\t\t\t\t\t\t<\/div>\n\t\t\t\t<div class=\"elementor-element elementor-element-aa446be elementor-widget elementor-widget-heading\" data-id=\"aa446be\" data-element_type=\"widget\" data-e-type=\"widget\" data-widget_type=\"heading.default\">\n\t\t\t\t\t<h3 class=\"elementor-heading-title elementor-size-default\">M\u00f6chten Sie unsere Werkstatt besuchen?<\/h3>\t\t\t\t<\/div>\n\t\t\t\t<div class=\"elementor-element elementor-element-d7bb8f0 elementor-widget elementor-widget-text-editor\" data-id=\"d7bb8f0\" data-element_type=\"widget\" data-e-type=\"widget\" data-widget_type=\"text-editor.default\">\n\t\t\t\t\t\t\t\t\t<p>Schreiben Sie uns an <span style=\"text-decoration: underline;\">\n  <a style=\"font-family: 'Baskerville';\" href=\"mailto:info@teixitsvicens.com\">info@teixitsvicens.com<\/a>\n<\/span><\/p>\t\t\t\t\t\t\t\t<\/div>\n\t\t\t\t<\/div>\n\t\t\t\t<\/div>\n\t\t\t\t<\/div>\n\t\t\t\t<\/div>\n\t\t","protected":false},"excerpt":{"rendered":"<p>https:\/\/www.youtube.com\/watch?v=NDmbuo_DGZI Der handwerkliche Prozess Der grundlegende Teil des Herstellungsprozesses erfolgt wie in der Vergangenheit manuell. Die Kette wird aus wei\u00dfer&#8230;<\/p>\n","protected":false},"author":1,"featured_media":0,"parent":0,"menu_order":0,"comment_status":"closed","ping_status":"closed","template":"","meta":{"footnotes":""},"class_list":["post-12155","page","type-page","status-publish","hentry"],"yoast_head":"<!-- This site is optimized with the Yoast SEO plugin v27.0 - https:\/\/yoast.com\/product\/yoast-seo-wordpress\/ -->\n<title>Der Handwerksprozess | Teixits Vicens<\/title>\n<meta name=\"robots\" content=\"index, follow, max-snippet:-1, max-image-preview:large, max-video-preview:-1\" \/>\n<link rel=\"canonical\" href=\"https:\/\/teixitsvicens.com\/de\/der-handwerksprozess\/\" \/>\n<meta property=\"og:locale\" content=\"de_DE\" \/>\n<meta property=\"og:type\" content=\"article\" \/>\n<meta property=\"og:title\" content=\"Der Handwerksprozess | Teixits Vicens\" \/>\n<meta property=\"og:description\" content=\"https:\/\/www.youtube.com\/watch?v=NDmbuo_DGZI Der handwerkliche Prozess Der grundlegende Teil des Herstellungsprozesses erfolgt wie in der Vergangenheit manuell. Die Kette wird aus wei\u00dfer...\" \/>\n<meta property=\"og:url\" content=\"https:\/\/teixitsvicens.com\/de\/der-handwerksprozess\/\" \/>\n<meta property=\"og:site_name\" content=\"Teixits Vicens\" \/>\n<meta property=\"article:publisher\" content=\"https:\/\/www.facebook.com\/TeixitsVicens\/\" \/>\n<meta property=\"article:modified_time\" content=\"2025-10-15T11:27:36+00:00\" \/>\n<meta property=\"og:image\" content=\"https:\/\/teixitsvicens.com\/wp-content\/uploads\/2017\/09\/logo-teixits-vicens-2.png\" \/>\n\t<meta property=\"og:image:width\" content=\"800\" \/>\n\t<meta property=\"og:image:height\" content=\"800\" \/>\n\t<meta property=\"og:image:type\" content=\"image\/png\" \/>\n<meta name=\"twitter:card\" content=\"summary_large_image\" \/>\n<meta name=\"twitter:label1\" content=\"Est. reading time\" \/>\n\t<meta name=\"twitter:data1\" content=\"1 minute\" \/>\n<!-- \/ Yoast SEO plugin. -->","yoast_head_json":{"title":"Der Handwerksprozess | Teixits Vicens","robots":{"index":"index","follow":"follow","max-snippet":"max-snippet:-1","max-image-preview":"max-image-preview:large","max-video-preview":"max-video-preview:-1"},"canonical":"https:\/\/teixitsvicens.com\/de\/der-handwerksprozess\/","og_locale":"de_DE","og_type":"article","og_title":"Der Handwerksprozess | Teixits Vicens","og_description":"https:\/\/www.youtube.com\/watch?v=NDmbuo_DGZI Der handwerkliche Prozess Der grundlegende Teil des Herstellungsprozesses erfolgt wie in der Vergangenheit manuell. Die Kette wird aus wei\u00dfer...","og_url":"https:\/\/teixitsvicens.com\/de\/der-handwerksprozess\/","og_site_name":"Teixits Vicens","article_publisher":"https:\/\/www.facebook.com\/TeixitsVicens\/","article_modified_time":"2025-10-15T11:27:36+00:00","og_image":[{"width":800,"height":800,"url":"https:\/\/teixitsvicens.com\/wp-content\/uploads\/2017\/09\/logo-teixits-vicens-2.png","type":"image\/png"}],"twitter_card":"summary_large_image","twitter_misc":{"Est. reading time":"1 minute"},"schema":{"@context":"https:\/\/schema.org","@graph":[{"@type":"WebPage","@id":"https:\/\/teixitsvicens.com\/de\/der-handwerksprozess\/","url":"https:\/\/teixitsvicens.com\/de\/der-handwerksprozess\/","name":"Der Handwerksprozess | Teixits Vicens","isPartOf":{"@id":"https:\/\/teixitsvicens.com\/de\/#website"},"datePublished":"2018-04-21T08:36:21+00:00","dateModified":"2025-10-15T11:27:36+00:00","breadcrumb":{"@id":"https:\/\/teixitsvicens.com\/de\/der-handwerksprozess\/#breadcrumb"},"inLanguage":"de","potentialAction":[{"@type":"ReadAction","target":["https:\/\/teixitsvicens.com\/de\/der-handwerksprozess\/"]}]},{"@type":"BreadcrumbList","@id":"https:\/\/teixitsvicens.com\/de\/der-handwerksprozess\/#breadcrumb","itemListElement":[{"@type":"ListItem","position":1,"name":"Inici","item":"https:\/\/teixitsvicens.com\/de\/home\/"},{"@type":"ListItem","position":2,"name":"Der Handwerksprozess"}]},{"@type":"WebSite","@id":"https:\/\/teixitsvicens.com\/de\/#website","url":"https:\/\/teixitsvicens.com\/de\/","name":"Teixits Vicens","description":"Taller textil artesano","publisher":{"@id":"https:\/\/teixitsvicens.com\/de\/#organization"},"alternateName":"Teixits Vicens","potentialAction":[{"@type":"SearchAction","target":{"@type":"EntryPoint","urlTemplate":"https:\/\/teixitsvicens.com\/de\/?s={search_term_string}"},"query-input":{"@type":"PropertyValueSpecification","valueRequired":true,"valueName":"search_term_string"}}],"inLanguage":"de"},{"@type":"Organization","@id":"https:\/\/teixitsvicens.com\/de\/#organization","name":"Teixits Vicens","url":"https:\/\/teixitsvicens.com\/de\/","logo":{"@type":"ImageObject","inLanguage":"de","@id":"https:\/\/teixitsvicens.com\/de\/#\/schema\/logo\/image\/","url":"https:\/\/teixitsvicens.com\/wp-content\/uploads\/2025\/10\/logo-teixits-vicents.png","contentUrl":"https:\/\/teixitsvicens.com\/wp-content\/uploads\/2025\/10\/logo-teixits-vicents.png","width":629,"height":131,"caption":"Teixits Vicens"},"image":{"@id":"https:\/\/teixitsvicens.com\/de\/#\/schema\/logo\/image\/"},"sameAs":["https:\/\/www.facebook.com\/TeixitsVicens\/","https:\/\/www.instagram.com\/teixitsvicens\/"]}]}},"_links":{"self":[{"href":"https:\/\/teixitsvicens.com\/de\/wp-json\/wp\/v2\/pages\/12155","targetHints":{"allow":["GET"]}}],"collection":[{"href":"https:\/\/teixitsvicens.com\/de\/wp-json\/wp\/v2\/pages"}],"about":[{"href":"https:\/\/teixitsvicens.com\/de\/wp-json\/wp\/v2\/types\/page"}],"author":[{"embeddable":true,"href":"https:\/\/teixitsvicens.com\/de\/wp-json\/wp\/v2\/users\/1"}],"replies":[{"embeddable":true,"href":"https:\/\/teixitsvicens.com\/de\/wp-json\/wp\/v2\/comments?post=12155"}],"version-history":[{"count":0,"href":"https:\/\/teixitsvicens.com\/de\/wp-json\/wp\/v2\/pages\/12155\/revisions"}],"wp:attachment":[{"href":"https:\/\/teixitsvicens.com\/de\/wp-json\/wp\/v2\/media?parent=12155"}],"curies":[{"name":"wp","href":"https:\/\/api.w.org\/{rel}","templated":true}]}}