{"id":12147,"date":"2018-04-21T10:13:46","date_gmt":"2018-04-21T08:13:46","guid":{"rendered":"http:\/\/localhost\/TeixitsVicensS2\/?page_id=12147\/"},"modified":"2025-10-15T20:50:27","modified_gmt":"2025-10-15T18:50:27","slug":"ein-sehr-vielseitiges-produkt","status":"publish","type":"page","link":"https:\/\/teixitsvicens.com\/de\/ein-sehr-vielseitiges-produkt\/","title":{"rendered":"Ein sehr vielseitiges Produkt"},"content":{"rendered":"\t\t<div data-elementor-type=\"wp-page\" data-elementor-id=\"12147\" class=\"elementor elementor-12147 elementor-48\" data-elementor-post-type=\"page\">\n\t\t\t\t<div class=\"elementor-element elementor-element-ae86267 e-con-full e-flex e-con e-parent\" data-id=\"ae86267\" data-element_type=\"container\" data-e-type=\"container\">\n\t\t<div class=\"elementor-element elementor-element-b0271d3 e-con-full e-flex e-con e-child\" data-id=\"b0271d3\" data-element_type=\"container\" data-e-type=\"container\">\n\t\t<div class=\"elementor-element elementor-element-78029a5 e-con-full e-flex e-con e-child\" data-id=\"78029a5\" data-element_type=\"container\" data-e-type=\"container\">\n\t\t\t\t<div class=\"elementor-element elementor-element-9ea1780 elementor-widget__width-auto elementor-widget elementor-widget-woocommerce-breadcrumb\" data-id=\"9ea1780\" data-element_type=\"widget\" data-e-type=\"widget\" data-widget_type=\"woocommerce-breadcrumb.default\">\n\t\t\t\t\t<nav class=\"woocommerce-breadcrumb\" aria-label=\"Breadcrumb\"><span class=\"listaproducto\"><img decoding=\"async\" src=\"https:\/\/teixitsvicens.com\/\/wp-content\/themes\/teixitsvicens\/assets\/images\/imagotipo_teixits_vicens.svg\" width=\"85px;\" style=\"vertical-align: middle;padding-left:20px;padding-right:20px;\" alt=\"undefined - Teixits Vicens\"><\/span>Home<\/nav>\t\t\t\t<\/div>\n\t\t\t\t<\/div>\n\t\t\t\t<\/div>\n\t\t\t\t<\/div>\n\t\t<div class=\"elementor-element elementor-element-274f547 e-con-full e-flex e-con e-parent\" data-id=\"274f547\" data-element_type=\"container\" data-e-type=\"container\">\n\t\t<div class=\"elementor-element elementor-element-2959221 e-con-full e-flex e-con e-child\" data-id=\"2959221\" data-element_type=\"container\" data-e-type=\"container\" data-settings=\"{&quot;background_background&quot;:&quot;classic&quot;}\">\n\t\t<div class=\"elementor-element elementor-element-901fd93 e-con-full e-flex e-con e-child\" data-id=\"901fd93\" data-element_type=\"container\" data-e-type=\"container\" data-settings=\"{&quot;background_background&quot;:&quot;classic&quot;}\">\n\t\t\t\t<\/div>\n\t\t<div class=\"elementor-element elementor-element-07db437 e-con-full e-flex e-con e-child\" data-id=\"07db437\" data-element_type=\"container\" data-e-type=\"container\">\n\t\t\t\t<div class=\"elementor-element elementor-element-62581de elementor-widget elementor-widget-text-editor\" data-id=\"62581de\" data-element_type=\"widget\" data-e-type=\"widget\" data-widget_type=\"text-editor.default\">\n\t\t\t\t\t\t\t\t\t<p>In Teixits Vicens arbeiten wir daram, jedes Zuhause zu einem komfortablen Ort zu machen.<\/p><p>Unser umfangreicher Katalog von Stoffen garantiert verschieden Anwendungen: Tischdecken, Tagesdecken, Sitzkissten und Kissen, Sofas, Sessel, Polster, Vorh\u00e4nge, etc.. welche perfekt zu allen Arten von Umgebungen passen, rustikal, klassisch, modern\u2026<\/p><p>Alle dies mit einem gemeinsamen Nenner: die Qualit\u00e4t. Eine endg\u00fcltige Qualit\u00e4t, die nur nach vielen Jahren der Bem\u00fchung, unter Beibehaltung der besten Tradition, mit den besten Materialien, nat\u00fcrlichen Fasern und sch\u00f6nen Farben erhalten wird, die unseren Stoffen diesen eigenen Charakter verleiht.<\/p><p>Alles mit einem einzigen Ziel, um Umgebungen von angenehmer Sch\u00f6nheit zu schaffen. Denn, dein Zuhause zu kleiden, soll ein Vergn\u00fcgen sein. <\/p>\t\t\t\t\t\t\t\t<\/div>\n\t\t\t\t<\/div>\n\t\t\t\t<\/div>\n\t\t\t\t<\/div>\n\t\t\t\t<\/div>\n\t\t","protected":false},"excerpt":{"rendered":"<p>In Teixits Vicens arbeiten wir daram, jedes Zuhause zu einem komfortablen Ort zu machen. Unser umfangreicher Katalog von Stoffen garantiert&#8230;<\/p>\n","protected":false},"author":1,"featured_media":0,"parent":0,"menu_order":0,"comment_status":"closed","ping_status":"closed","template":"","meta":{"footnotes":""},"class_list":["post-12147","page","type-page","status-publish","hentry"],"yoast_head":"<!-- This site is optimized with the Yoast SEO plugin v27.0 - https:\/\/yoast.com\/product\/yoast-seo-wordpress\/ -->\n<title>Ein sehr vielseitiges Produkt | Teixits Vicens<\/title>\n<meta name=\"robots\" content=\"index, follow, max-snippet:-1, max-image-preview:large, max-video-preview:-1\" \/>\n<link rel=\"canonical\" href=\"https:\/\/teixitsvicens.com\/de\/ein-sehr-vielseitiges-produkt\/\" \/>\n<meta property=\"og:locale\" content=\"de_DE\" \/>\n<meta property=\"og:type\" content=\"article\" \/>\n<meta property=\"og:title\" content=\"Ein sehr vielseitiges Produkt | Teixits Vicens\" \/>\n<meta property=\"og:description\" content=\"In Teixits Vicens arbeiten wir daram, jedes Zuhause zu einem komfortablen Ort zu machen. Unser umfangreicher Katalog von Stoffen garantiert...\" \/>\n<meta property=\"og:url\" content=\"https:\/\/teixitsvicens.com\/de\/ein-sehr-vielseitiges-produkt\/\" \/>\n<meta property=\"og:site_name\" content=\"Teixits Vicens\" \/>\n<meta property=\"article:publisher\" content=\"https:\/\/www.facebook.com\/TeixitsVicens\/\" \/>\n<meta property=\"article:modified_time\" content=\"2025-10-15T18:50:27+00:00\" \/>\n<meta property=\"og:image\" content=\"https:\/\/teixitsvicens.com\/wp-content\/uploads\/2017\/09\/logo-teixits-vicens-2.png\" \/>\n\t<meta property=\"og:image:width\" content=\"800\" \/>\n\t<meta property=\"og:image:height\" content=\"800\" \/>\n\t<meta property=\"og:image:type\" content=\"image\/png\" \/>\n<meta name=\"twitter:card\" content=\"summary_large_image\" \/>\n<meta name=\"twitter:label1\" content=\"Est. reading time\" \/>\n\t<meta name=\"twitter:data1\" content=\"1 minute\" \/>\n<!-- \/ Yoast SEO plugin. -->","yoast_head_json":{"title":"Ein sehr vielseitiges Produkt | Teixits Vicens","robots":{"index":"index","follow":"follow","max-snippet":"max-snippet:-1","max-image-preview":"max-image-preview:large","max-video-preview":"max-video-preview:-1"},"canonical":"https:\/\/teixitsvicens.com\/de\/ein-sehr-vielseitiges-produkt\/","og_locale":"de_DE","og_type":"article","og_title":"Ein sehr vielseitiges Produkt | Teixits Vicens","og_description":"In Teixits Vicens arbeiten wir daram, jedes Zuhause zu einem komfortablen Ort zu machen. Unser umfangreicher Katalog von Stoffen garantiert...","og_url":"https:\/\/teixitsvicens.com\/de\/ein-sehr-vielseitiges-produkt\/","og_site_name":"Teixits Vicens","article_publisher":"https:\/\/www.facebook.com\/TeixitsVicens\/","article_modified_time":"2025-10-15T18:50:27+00:00","og_image":[{"width":800,"height":800,"url":"https:\/\/teixitsvicens.com\/wp-content\/uploads\/2017\/09\/logo-teixits-vicens-2.png","type":"image\/png"}],"twitter_card":"summary_large_image","twitter_misc":{"Est. reading time":"1 minute"},"schema":{"@context":"https:\/\/schema.org","@graph":[{"@type":"WebPage","@id":"https:\/\/teixitsvicens.com\/de\/ein-sehr-vielseitiges-produkt\/","url":"https:\/\/teixitsvicens.com\/de\/ein-sehr-vielseitiges-produkt\/","name":"Ein sehr vielseitiges Produkt | Teixits Vicens","isPartOf":{"@id":"https:\/\/teixitsvicens.com\/de\/#website"},"datePublished":"2018-04-21T08:13:46+00:00","dateModified":"2025-10-15T18:50:27+00:00","breadcrumb":{"@id":"https:\/\/teixitsvicens.com\/de\/ein-sehr-vielseitiges-produkt\/#breadcrumb"},"inLanguage":"de","potentialAction":[{"@type":"ReadAction","target":["https:\/\/teixitsvicens.com\/de\/ein-sehr-vielseitiges-produkt\/"]}]},{"@type":"BreadcrumbList","@id":"https:\/\/teixitsvicens.com\/de\/ein-sehr-vielseitiges-produkt\/#breadcrumb","itemListElement":[{"@type":"ListItem","position":1,"name":"Inici","item":"https:\/\/teixitsvicens.com\/de\/"},{"@type":"ListItem","position":2,"name":"Ein sehr vielseitiges Produkt"}]},{"@type":"WebSite","@id":"https:\/\/teixitsvicens.com\/de\/#website","url":"https:\/\/teixitsvicens.com\/de\/","name":"Teixits Vicens","description":"Taller textil artesano","publisher":{"@id":"https:\/\/teixitsvicens.com\/de\/#organization"},"alternateName":"Teixits Vicens","potentialAction":[{"@type":"SearchAction","target":{"@type":"EntryPoint","urlTemplate":"https:\/\/teixitsvicens.com\/de\/?s={search_term_string}"},"query-input":{"@type":"PropertyValueSpecification","valueRequired":true,"valueName":"search_term_string"}}],"inLanguage":"de"},{"@type":"Organization","@id":"https:\/\/teixitsvicens.com\/de\/#organization","name":"Teixits Vicens","url":"https:\/\/teixitsvicens.com\/de\/","logo":{"@type":"ImageObject","inLanguage":"de","@id":"https:\/\/teixitsvicens.com\/de\/#\/schema\/logo\/image\/","url":"https:\/\/teixitsvicens.com\/wp-content\/uploads\/2025\/10\/logo-teixits-vicents.png","contentUrl":"https:\/\/teixitsvicens.com\/wp-content\/uploads\/2025\/10\/logo-teixits-vicents.png","width":629,"height":131,"caption":"Teixits Vicens"},"image":{"@id":"https:\/\/teixitsvicens.com\/de\/#\/schema\/logo\/image\/"},"sameAs":["https:\/\/www.facebook.com\/TeixitsVicens\/","https:\/\/www.instagram.com\/teixitsvicens\/"]}]}},"_links":{"self":[{"href":"https:\/\/teixitsvicens.com\/de\/wp-json\/wp\/v2\/pages\/12147","targetHints":{"allow":["GET"]}}],"collection":[{"href":"https:\/\/teixitsvicens.com\/de\/wp-json\/wp\/v2\/pages"}],"about":[{"href":"https:\/\/teixitsvicens.com\/de\/wp-json\/wp\/v2\/types\/page"}],"author":[{"embeddable":true,"href":"https:\/\/teixitsvicens.com\/de\/wp-json\/wp\/v2\/users\/1"}],"replies":[{"embeddable":true,"href":"https:\/\/teixitsvicens.com\/de\/wp-json\/wp\/v2\/comments?post=12147"}],"version-history":[{"count":0,"href":"https:\/\/teixitsvicens.com\/de\/wp-json\/wp\/v2\/pages\/12147\/revisions"}],"wp:attachment":[{"href":"https:\/\/teixitsvicens.com\/de\/wp-json\/wp\/v2\/media?parent=12147"}],"curies":[{"name":"wp","href":"https:\/\/api.w.org\/{rel}","templated":true}]}}