{"id":39118,"date":"2026-04-17T14:42:12","date_gmt":"2026-04-17T12:42:12","guid":{"rendered":"https:\/\/teixitsvicens.com\/?post_type=product&#038;p=39118"},"modified":"2026-04-17T14:42:27","modified_gmt":"2026-04-17T12:42:27","slug":"flor-de-tela-mallorquina-ikat-vermell","status":"publish","type":"product","link":"https:\/\/teixitsvicens.com\/ca\/producte\/altres-productes-i-regals\/casament\/flor-de-tela-mallorquina-ikat-vermell\/","title":{"rendered":"Flor de tela Mallorquina ikat vermell"},"content":{"rendered":"<pre id=\"tw-target-text\" class=\"tw-data-text tw-text-large tw-ta\" dir=\"ltr\" tabindex=\"-1\" role=\"text\" data-placeholder=\"Traducci\u00f3\" data-ved=\"2ahUKEwirkP6G8vSTAxWD9QIHHRTMIx4Q3ewLegQIDxAU\" aria-label=\"Text tradu\u00eft: Flors de roba mallorquina per a Sant Jordi, casaments i regals originals Descobreix les nostres exclusives flors de roba mallorquina fetes a m\u00e0, una alternativa sostenible i duradora a la rosa tradicional. Inspirades en els estampats t\u00edpics de Mallorca, cada flor combina artesania, disseny i tradici\u00f3 mediterr\u00e0nia. Rosa de roba per a Sant Jordi: un regal \u00fanic que no es panseix Celebra Sant Jordi amb una rosa de roba original, perfecta per sorprendre amb un detall diferent. Les nostres flors no sols representen l'amor i la cultura, sin\u00f3 que tamb\u00e9 es converteixen en un record especial que perdura en el temps. Ideals per acompanyar un llibre o regalar alguna cosa aut\u00e8ntica i feta a Mallorca. Flors de roba per a casaments: detalls personalitzats i elegants Afegeix un toc \u00fanic al teu casament amb les nostres flors de roba mallorquina personalitzades. Creem rams de n\u00favia, arrestats i detalls per a convidats, adaptats al teu estil. Una opci\u00f3 sostenible, elegant i amb identitat local que far\u00e0 del teu dia una cosa encara m\u00e9s especial. Regals originals fets a m\u00e0 a Mallorca Si busques regals originals a Mallorca, les nostres flors de roba s\u00f3n una opci\u00f3 perfecta. Cada pe\u00e7a est\u00e0 elaborada artesanalment, cuidant cada detall per oferir un producte exclusiu.\"><span class=\"Y2IQFc\" lang=\"ca\">Flors de roba mallorquina per a Sant Jordi, casaments i regals originals\r\n\r\nDescobreix les nostres exclusives flors de roba mallorquina fetes a m\u00e0, una alternativa sostenible i duradora \r\n\r\na la rosa tradicional. Inspirades en els estampats t\u00edpics de Mallorca, cada flor combina artesania, disseny \r\n\r\ni tradici\u00f3 mediterr\u00e0nia.\r\n\r\nRosa de roba per a Sant Jordi: un regal \u00fanic que no es panseix\r\n\r\nCelebra Sant Jordi amb una rosa de roba original, perfecta per sorprendre amb un detall diferent. \r\n\r\nLes nostres flors no sols representen l'amor i la cultura, sin\u00f3 que tamb\u00e9 es converteixen en un record especial \r\n\r\nque perdura en el temps. Ideals per acompanyar un llibre o regalar alguna cosa aut\u00e8ntica i feta a Mallorca.\r\n\r\nFlors de roba per a casaments: detalls personalitzats i elegants\r\n\r\nAfegeix un toc \u00fanic al teu casament amb les nostres flors de roba mallorquina personalitzades. Creem rams de \r\n\r\nn\u00favia, arrestats i detalls per a convidats, adaptats al teu estil. Una opci\u00f3 sostenible, elegant i amb identitat \r\n\r\nlocal que far\u00e0 del teu dia una cosa encara m\u00e9s especial.\r\n\r\nRegals originals fets a m\u00e0 a Mallorca\r\n\r\nSi busques regals originals a Mallorca, les nostres flors de roba s\u00f3n una opci\u00f3 perfecta. \r\n\r\nCada pe\u00e7a est\u00e0 elaborada artesanalment, cuidant cada detall per oferir un producte exclusiu.<\/span><\/pre>\n","protected":false},"excerpt":{"rendered":"<p>30cm<\/p>\n","protected":false},"featured_media":39111,"comment_status":"closed","ping_status":"closed","template":"","meta":[],"product_brand":[],"product_cat":[1624],"product_tag":[],"class_list":{"0":"post-39118","1":"product","2":"type-product","3":"status-publish","4":"has-post-thumbnail","6":"product_cat-casament","8":"first","9":"instock","10":"shipping-taxable","11":"purchasable","12":"product-type-simple"},"yoast_head":"<!-- This site is optimized with the Yoast SEO plugin v27.0 - https:\/\/yoast.com\/product\/yoast-seo-wordpress\/ -->\n<title>Flor de tela Mallorquina ikat vermell | Teixits Vicens<\/title>\n<meta name=\"robots\" content=\"index, follow, max-snippet:-1, max-image-preview:large, max-video-preview:-1\" \/>\n<link rel=\"canonical\" href=\"https:\/\/teixitsvicens.com\/ca\/producte\/altres-productes-i-regals\/casament\/flor-de-tela-mallorquina-ikat-vermell\/\" \/>\n<meta property=\"og:locale\" content=\"ca_ES\" \/>\n<meta property=\"og:type\" content=\"article\" \/>\n<meta property=\"og:title\" content=\"Flor de tela Mallorquina ikat vermell | Teixits Vicens\" \/>\n<meta property=\"og:description\" content=\"30cm\" \/>\n<meta property=\"og:url\" content=\"https:\/\/teixitsvicens.com\/ca\/producte\/altres-productes-i-regals\/casament\/flor-de-tela-mallorquina-ikat-vermell\/\" \/>\n<meta property=\"og:site_name\" content=\"Teixits Vicens\" \/>\n<meta property=\"article:publisher\" content=\"https:\/\/www.facebook.com\/TeixitsVicens\/\" \/>\n<meta property=\"article:modified_time\" content=\"2026-04-17T12:42:27+00:00\" \/>\n<meta property=\"og:image\" content=\"https:\/\/teixitsvicens.com\/wp-content\/uploads\/2026\/04\/Flor-de-tela-mallorquina-ikat-Vicens.jpg\" \/>\n\t<meta property=\"og:image:width\" content=\"1200\" \/>\n\t<meta property=\"og:image:height\" content=\"1800\" \/>\n\t<meta property=\"og:image:type\" content=\"image\/jpeg\" \/>\n<meta name=\"twitter:card\" content=\"summary_large_image\" \/>\n<meta name=\"twitter:label1\" content=\"Temps estimat de lectura\" \/>\n\t<meta name=\"twitter:data1\" content=\"1 minute\" \/>\n<!-- \/ Yoast SEO plugin. -->","yoast_head_json":{"title":"Flor de tela Mallorquina ikat vermell | Teixits Vicens","robots":{"index":"index","follow":"follow","max-snippet":"max-snippet:-1","max-image-preview":"max-image-preview:large","max-video-preview":"max-video-preview:-1"},"canonical":"https:\/\/teixitsvicens.com\/ca\/producte\/altres-productes-i-regals\/casament\/flor-de-tela-mallorquina-ikat-vermell\/","og_locale":"ca_ES","og_type":"article","og_title":"Flor de tela Mallorquina ikat vermell | Teixits Vicens","og_description":"30cm","og_url":"https:\/\/teixitsvicens.com\/ca\/producte\/altres-productes-i-regals\/casament\/flor-de-tela-mallorquina-ikat-vermell\/","og_site_name":"Teixits Vicens","article_publisher":"https:\/\/www.facebook.com\/TeixitsVicens\/","article_modified_time":"2026-04-17T12:42:27+00:00","og_image":[{"width":1200,"height":1800,"url":"https:\/\/teixitsvicens.com\/wp-content\/uploads\/2026\/04\/Flor-de-tela-mallorquina-ikat-Vicens.jpg","type":"image\/jpeg"}],"twitter_card":"summary_large_image","twitter_misc":{"Temps estimat de lectura":"1 minute"},"schema":{"@context":"https:\/\/schema.org","@graph":[{"@type":"WebPage","@id":"https:\/\/teixitsvicens.com\/ca\/producte\/altres-productes-i-regals\/casament\/flor-de-tela-mallorquina-ikat-vermell\/","url":"https:\/\/teixitsvicens.com\/ca\/producte\/altres-productes-i-regals\/casament\/flor-de-tela-mallorquina-ikat-vermell\/","name":"Flor de tela Mallorquina ikat vermell | Teixits Vicens","isPartOf":{"@id":"https:\/\/teixitsvicens.com\/ca\/#website"},"primaryImageOfPage":{"@id":"https:\/\/teixitsvicens.com\/ca\/producte\/altres-productes-i-regals\/casament\/flor-de-tela-mallorquina-ikat-vermell\/#primaryimage"},"image":{"@id":"https:\/\/teixitsvicens.com\/ca\/producte\/altres-productes-i-regals\/casament\/flor-de-tela-mallorquina-ikat-vermell\/#primaryimage"},"thumbnailUrl":"https:\/\/teixitsvicens.com\/wp-content\/uploads\/2026\/04\/Flor-de-tela-mallorquina-ikat-Vicens.jpg","datePublished":"2026-04-17T12:42:12+00:00","dateModified":"2026-04-17T12:42:27+00:00","breadcrumb":{"@id":"https:\/\/teixitsvicens.com\/ca\/producte\/altres-productes-i-regals\/casament\/flor-de-tela-mallorquina-ikat-vermell\/#breadcrumb"},"inLanguage":"ca","potentialAction":[{"@type":"ReadAction","target":["https:\/\/teixitsvicens.com\/ca\/producte\/altres-productes-i-regals\/casament\/flor-de-tela-mallorquina-ikat-vermell\/"]}]},{"@type":"ImageObject","inLanguage":"ca","@id":"https:\/\/teixitsvicens.com\/ca\/producte\/altres-productes-i-regals\/casament\/flor-de-tela-mallorquina-ikat-vermell\/#primaryimage","url":"https:\/\/teixitsvicens.com\/wp-content\/uploads\/2026\/04\/Flor-de-tela-mallorquina-ikat-Vicens.jpg","contentUrl":"https:\/\/teixitsvicens.com\/wp-content\/uploads\/2026\/04\/Flor-de-tela-mallorquina-ikat-Vicens.jpg","width":1200,"height":1800},{"@type":"BreadcrumbList","@id":"https:\/\/teixitsvicens.com\/ca\/producte\/altres-productes-i-regals\/casament\/flor-de-tela-mallorquina-ikat-vermell\/#breadcrumb","itemListElement":[{"@type":"ListItem","position":1,"name":"Inici","item":"https:\/\/teixitsvicens.com\/ca\/home\/"},{"@type":"ListItem","position":2,"name":"Tenda","item":"https:\/\/teixitsvicens.com\/ca\/tenda\/"},{"@type":"ListItem","position":3,"name":"Flor de tela Mallorquina ikat vermell"}]},{"@type":"WebSite","@id":"https:\/\/teixitsvicens.com\/ca\/#website","url":"https:\/\/teixitsvicens.com\/ca\/","name":"Teixits Vicens","description":"Taller textil artesano","publisher":{"@id":"https:\/\/teixitsvicens.com\/ca\/#organization"},"alternateName":"Teixits Vicens","potentialAction":[{"@type":"SearchAction","target":{"@type":"EntryPoint","urlTemplate":"https:\/\/teixitsvicens.com\/ca\/?s={search_term_string}"},"query-input":{"@type":"PropertyValueSpecification","valueRequired":true,"valueName":"search_term_string"}}],"inLanguage":"ca"},{"@type":"Organization","@id":"https:\/\/teixitsvicens.com\/ca\/#organization","name":"Teixits Vicens","url":"https:\/\/teixitsvicens.com\/ca\/","logo":{"@type":"ImageObject","inLanguage":"ca","@id":"https:\/\/teixitsvicens.com\/ca\/#\/schema\/logo\/image\/","url":"https:\/\/teixitsvicens.com\/wp-content\/uploads\/2025\/10\/logo-teixits-vicents.png","contentUrl":"https:\/\/teixitsvicens.com\/wp-content\/uploads\/2025\/10\/logo-teixits-vicents.png","width":629,"height":131,"caption":"Teixits Vicens"},"image":{"@id":"https:\/\/teixitsvicens.com\/ca\/#\/schema\/logo\/image\/"},"sameAs":["https:\/\/www.facebook.com\/TeixitsVicens\/","https:\/\/www.instagram.com\/teixitsvicens\/"]}]}},"_links":{"self":[{"href":"https:\/\/teixitsvicens.com\/ca\/wp-json\/wp\/v2\/product\/39118","targetHints":{"allow":["GET"]}}],"collection":[{"href":"https:\/\/teixitsvicens.com\/ca\/wp-json\/wp\/v2\/product"}],"about":[{"href":"https:\/\/teixitsvicens.com\/ca\/wp-json\/wp\/v2\/types\/product"}],"replies":[{"embeddable":true,"href":"https:\/\/teixitsvicens.com\/ca\/wp-json\/wp\/v2\/comments?post=39118"}],"wp:featuredmedia":[{"embeddable":true,"href":"https:\/\/teixitsvicens.com\/ca\/wp-json\/wp\/v2\/media\/39111"}],"wp:attachment":[{"href":"https:\/\/teixitsvicens.com\/ca\/wp-json\/wp\/v2\/media?parent=39118"}],"wp:term":[{"taxonomy":"product_brand","embeddable":true,"href":"https:\/\/teixitsvicens.com\/ca\/wp-json\/wp\/v2\/product_brand?post=39118"},{"taxonomy":"product_cat","embeddable":true,"href":"https:\/\/teixitsvicens.com\/ca\/wp-json\/wp\/v2\/product_cat?post=39118"},{"taxonomy":"product_tag","embeddable":true,"href":"https:\/\/teixitsvicens.com\/ca\/wp-json\/wp\/v2\/product_tag?post=39118"}],"curies":[{"name":"wp","href":"https:\/\/api.w.org\/{rel}","templated":true}]}}