{"id":39090,"date":"2026-04-17T14:01:27","date_gmt":"2026-04-17T12:01:27","guid":{"rendered":"https:\/\/teixitsvicens.com\/?post_type=product&#038;p=39090"},"modified":"2026-04-17T14:01:27","modified_gmt":"2026-04-17T12:01:27","slug":"samarreta-negra-butxaca-tela-ikat-serrell-200-beig","status":"publish","type":"product","link":"https:\/\/teixitsvicens.com\/ca\/producte\/moda-ca\/samarretes\/samarreta-negra-butxaca-tela-ikat-serrell-200-beig\/","title":{"rendered":"Samarreta negra Butxaca tela ikat serrell 200 beig"},"content":{"rendered":"<pre id=\"tw-target-text\" class=\"tw-data-text tw-text-large tw-ta\" dir=\"ltr\" tabindex=\"-1\" role=\"text\" data-placeholder=\"Traducci\u00f3\" data-ved=\"2ahUKEwi6uo6HoPKTAxXCUaQEHUO8NyEQ3ewLegQIDBAU\" aria-label=\"Text tradu\u00eft: Samarreta unisex amb butxaca de tela mallorquina esfilagarsadaUna pe\u00e7a \u00fanica que combina la senzillesa del cot\u00f3 amb l'encant artesanal de la tela mallorquina.La butxaca amb acabat serrell revela la seva \u00e0nima: una barreja visible de lli i cot\u00f3, on la textura i la trama es mostren amb total naturalitat.Cada samarreta \u00e9s lleugerament diferent, celebrant la imperfecci\u00f3 i autenticitat dels materials fets a m\u00e0.Una pe\u00e7a de roba amb \u00e0nima mediterr\u00e0nia, pensada per als qui valoren all\u00f2 aut\u00e8ntic i all\u00f2 ben fet.Col\u00b7lecci\u00f3 Troca\"><span class=\"Y2IQFc\" lang=\"ca\">Samarreta unisex amb butxaca de tela mallorquina esfilagarsada\r\n\r\nUna pe\u00e7a \u00fanica que combina la senzillesa del cot\u00f3 amb l'encant artesanal de la tela mallorquina.\r\n\r\nLa butxaca amb acabat serrell revela la seva \u00e0nima: una barreja visible de lli i cot\u00f3, on la textura \r\n\r\ni la trama es mostren amb total naturalitat.\r\n\r\nCada samarreta \u00e9s lleugerament diferent, celebrant la imperfecci\u00f3 i autenticitat dels materials fets a m\u00e0.\r\n\r\nUna pe\u00e7a de roba amb \u00e0nima mediterr\u00e0nia, pensada per als qui valoren all\u00f2 aut\u00e8ntic i all\u00f2 ben fet.\r\n\r\nCol\u00b7lecci\u00f3 Troca<\/span><\/pre>\n","protected":false},"excerpt":{"rendered":"<p>Samarreta unisex amb butxaca de tela mallorquina esfilagarsada Una pe\u00e7a \u00fanica que combina la senzillesa del cot\u00f3 amb l&#8217;encant artesanal&#8230;<\/p>\n","protected":false},"featured_media":39087,"comment_status":"closed","ping_status":"closed","template":"","meta":[],"product_brand":[],"product_cat":[1117],"product_tag":[],"class_list":{"0":"post-39090","1":"product","2":"type-product","3":"status-publish","4":"has-post-thumbnail","6":"product_cat-samarretes","8":"first","9":"instock","10":"shipping-taxable","11":"purchasable","12":"product-type-variable"},"yoast_head":"<!-- This site is optimized with the Yoast SEO plugin v27.0 - https:\/\/yoast.com\/product\/yoast-seo-wordpress\/ -->\n<title>Samarreta negra Butxaca tela ikat serrell 200 beig | Teixits Vicens<\/title>\n<meta name=\"robots\" content=\"index, follow, max-snippet:-1, max-image-preview:large, max-video-preview:-1\" \/>\n<link rel=\"canonical\" href=\"https:\/\/teixitsvicens.com\/ca\/producte\/moda-ca\/samarretes\/samarreta-negra-butxaca-tela-ikat-serrell-200-beig\/\" \/>\n<meta property=\"og:locale\" content=\"ca_ES\" \/>\n<meta property=\"og:type\" content=\"article\" \/>\n<meta property=\"og:title\" content=\"Samarreta negra Butxaca tela ikat serrell 200 beig | Teixits Vicens\" \/>\n<meta property=\"og:description\" content=\"Samarreta unisex amb butxaca de tela mallorquina esfilagarsada Una pe\u00e7a \u00fanica que combina la senzillesa del cot\u00f3 amb l&#039;encant artesanal...\" \/>\n<meta property=\"og:url\" content=\"https:\/\/teixitsvicens.com\/ca\/producte\/moda-ca\/samarretes\/samarreta-negra-butxaca-tela-ikat-serrell-200-beig\/\" \/>\n<meta property=\"og:site_name\" content=\"Teixits Vicens\" \/>\n<meta property=\"article:publisher\" content=\"https:\/\/www.facebook.com\/TeixitsVicens\/\" \/>\n<meta property=\"og:image\" content=\"https:\/\/teixitsvicens.com\/wp-content\/uploads\/2026\/04\/camiseta-tela-mallorquina-200-Beige-ikat.jpg\" \/>\n\t<meta property=\"og:image:width\" content=\"843\" \/>\n\t<meta property=\"og:image:height\" content=\"1264\" \/>\n\t<meta property=\"og:image:type\" content=\"image\/jpeg\" \/>\n<meta name=\"twitter:card\" content=\"summary_large_image\" \/>\n<!-- \/ Yoast SEO plugin. -->","yoast_head_json":{"title":"Samarreta negra Butxaca tela ikat serrell 200 beig | Teixits Vicens","robots":{"index":"index","follow":"follow","max-snippet":"max-snippet:-1","max-image-preview":"max-image-preview:large","max-video-preview":"max-video-preview:-1"},"canonical":"https:\/\/teixitsvicens.com\/ca\/producte\/moda-ca\/samarretes\/samarreta-negra-butxaca-tela-ikat-serrell-200-beig\/","og_locale":"ca_ES","og_type":"article","og_title":"Samarreta negra Butxaca tela ikat serrell 200 beig | Teixits Vicens","og_description":"Samarreta unisex amb butxaca de tela mallorquina esfilagarsada Una pe\u00e7a \u00fanica que combina la senzillesa del cot\u00f3 amb l'encant artesanal...","og_url":"https:\/\/teixitsvicens.com\/ca\/producte\/moda-ca\/samarretes\/samarreta-negra-butxaca-tela-ikat-serrell-200-beig\/","og_site_name":"Teixits Vicens","article_publisher":"https:\/\/www.facebook.com\/TeixitsVicens\/","og_image":[{"width":843,"height":1264,"url":"https:\/\/teixitsvicens.com\/wp-content\/uploads\/2026\/04\/camiseta-tela-mallorquina-200-Beige-ikat.jpg","type":"image\/jpeg"}],"twitter_card":"summary_large_image","schema":{"@context":"https:\/\/schema.org","@graph":[{"@type":"WebPage","@id":"https:\/\/teixitsvicens.com\/ca\/producte\/moda-ca\/samarretes\/samarreta-negra-butxaca-tela-ikat-serrell-200-beig\/","url":"https:\/\/teixitsvicens.com\/ca\/producte\/moda-ca\/samarretes\/samarreta-negra-butxaca-tela-ikat-serrell-200-beig\/","name":"Samarreta negra Butxaca tela ikat serrell 200 beig | Teixits Vicens","isPartOf":{"@id":"https:\/\/teixitsvicens.com\/ca\/#website"},"primaryImageOfPage":{"@id":"https:\/\/teixitsvicens.com\/ca\/producte\/moda-ca\/samarretes\/samarreta-negra-butxaca-tela-ikat-serrell-200-beig\/#primaryimage"},"image":{"@id":"https:\/\/teixitsvicens.com\/ca\/producte\/moda-ca\/samarretes\/samarreta-negra-butxaca-tela-ikat-serrell-200-beig\/#primaryimage"},"thumbnailUrl":"https:\/\/teixitsvicens.com\/wp-content\/uploads\/2026\/04\/camiseta-tela-mallorquina-200-Beige-ikat.jpg","datePublished":"2026-04-17T12:01:27+00:00","breadcrumb":{"@id":"https:\/\/teixitsvicens.com\/ca\/producte\/moda-ca\/samarretes\/samarreta-negra-butxaca-tela-ikat-serrell-200-beig\/#breadcrumb"},"inLanguage":"ca","potentialAction":[{"@type":"ReadAction","target":["https:\/\/teixitsvicens.com\/ca\/producte\/moda-ca\/samarretes\/samarreta-negra-butxaca-tela-ikat-serrell-200-beig\/"]}]},{"@type":"ImageObject","inLanguage":"ca","@id":"https:\/\/teixitsvicens.com\/ca\/producte\/moda-ca\/samarretes\/samarreta-negra-butxaca-tela-ikat-serrell-200-beig\/#primaryimage","url":"https:\/\/teixitsvicens.com\/wp-content\/uploads\/2026\/04\/camiseta-tela-mallorquina-200-Beige-ikat.jpg","contentUrl":"https:\/\/teixitsvicens.com\/wp-content\/uploads\/2026\/04\/camiseta-tela-mallorquina-200-Beige-ikat.jpg","width":843,"height":1264},{"@type":"BreadcrumbList","@id":"https:\/\/teixitsvicens.com\/ca\/producte\/moda-ca\/samarretes\/samarreta-negra-butxaca-tela-ikat-serrell-200-beig\/#breadcrumb","itemListElement":[{"@type":"ListItem","position":1,"name":"Inici","item":"https:\/\/teixitsvicens.com\/ca\/home\/"},{"@type":"ListItem","position":2,"name":"Tenda","item":"https:\/\/teixitsvicens.com\/ca\/tenda\/"},{"@type":"ListItem","position":3,"name":"Samarreta negra Butxaca tela ikat serrell 200 beig"}]},{"@type":"WebSite","@id":"https:\/\/teixitsvicens.com\/ca\/#website","url":"https:\/\/teixitsvicens.com\/ca\/","name":"Teixits Vicens","description":"Taller textil artesano","publisher":{"@id":"https:\/\/teixitsvicens.com\/ca\/#organization"},"alternateName":"Teixits Vicens","potentialAction":[{"@type":"SearchAction","target":{"@type":"EntryPoint","urlTemplate":"https:\/\/teixitsvicens.com\/ca\/?s={search_term_string}"},"query-input":{"@type":"PropertyValueSpecification","valueRequired":true,"valueName":"search_term_string"}}],"inLanguage":"ca"},{"@type":"Organization","@id":"https:\/\/teixitsvicens.com\/ca\/#organization","name":"Teixits Vicens","url":"https:\/\/teixitsvicens.com\/ca\/","logo":{"@type":"ImageObject","inLanguage":"ca","@id":"https:\/\/teixitsvicens.com\/ca\/#\/schema\/logo\/image\/","url":"https:\/\/teixitsvicens.com\/wp-content\/uploads\/2025\/10\/logo-teixits-vicents.png","contentUrl":"https:\/\/teixitsvicens.com\/wp-content\/uploads\/2025\/10\/logo-teixits-vicents.png","width":629,"height":131,"caption":"Teixits Vicens"},"image":{"@id":"https:\/\/teixitsvicens.com\/ca\/#\/schema\/logo\/image\/"},"sameAs":["https:\/\/www.facebook.com\/TeixitsVicens\/","https:\/\/www.instagram.com\/teixitsvicens\/"]}]}},"_links":{"self":[{"href":"https:\/\/teixitsvicens.com\/ca\/wp-json\/wp\/v2\/product\/39090","targetHints":{"allow":["GET"]}}],"collection":[{"href":"https:\/\/teixitsvicens.com\/ca\/wp-json\/wp\/v2\/product"}],"about":[{"href":"https:\/\/teixitsvicens.com\/ca\/wp-json\/wp\/v2\/types\/product"}],"replies":[{"embeddable":true,"href":"https:\/\/teixitsvicens.com\/ca\/wp-json\/wp\/v2\/comments?post=39090"}],"wp:featuredmedia":[{"embeddable":true,"href":"https:\/\/teixitsvicens.com\/ca\/wp-json\/wp\/v2\/media\/39087"}],"wp:attachment":[{"href":"https:\/\/teixitsvicens.com\/ca\/wp-json\/wp\/v2\/media?parent=39090"}],"wp:term":[{"taxonomy":"product_brand","embeddable":true,"href":"https:\/\/teixitsvicens.com\/ca\/wp-json\/wp\/v2\/product_brand?post=39090"},{"taxonomy":"product_cat","embeddable":true,"href":"https:\/\/teixitsvicens.com\/ca\/wp-json\/wp\/v2\/product_cat?post=39090"},{"taxonomy":"product_tag","embeddable":true,"href":"https:\/\/teixitsvicens.com\/ca\/wp-json\/wp\/v2\/product_tag?post=39090"}],"curies":[{"name":"wp","href":"https:\/\/api.w.org\/{rel}","templated":true}]}}