{"id":38955,"date":"2026-03-27T12:11:53","date_gmt":"2026-03-27T11:11:53","guid":{"rendered":"https:\/\/teixitsvicens.com\/?post_type=product&#038;p=38955"},"modified":"2026-03-27T12:11:54","modified_gmt":"2026-03-27T11:11:54","slug":"coixi-aliances-tela-mallorquina-ikat-61-torrat","status":"publish","type":"product","link":"https:\/\/teixitsvicens.com\/ca\/producte\/altres-productes-i-regals\/casament\/coixi-aliances-tela-mallorquina-ikat-61-torrat\/","title":{"rendered":"Coix\u00ed aliances tela Mallorquina ikat 61 torrat"},"content":{"rendered":"<div id=\"tw-target-text-container\" class=\"tw-ta-container tw-nfl\" tabindex=\"0\" role=\"text\">\n<pre id=\"tw-target-text\" class=\"tw-data-text tw-text-large tw-ta\" dir=\"ltr\" tabindex=\"-1\" role=\"text\" data-placeholder=\"Traducci\u00f3\" data-ved=\"2ahUKEwiq04_U97-TAxWGxQIHHTIOLWUQ3ewLegQIDBAV\" aria-label=\"Text tradu\u00eft: Coix\u00ed aliances tela Mallorquina ikat 61 torrat\r\n\r\nFeu que l'intercanvi d'anells sigui un moment inoblidable amb el nostre coix\u00ed porta aliances confeccionat amb aut\u00e8ntiques teles mallorquines. Cada coix\u00ed combina tradici\u00f3 i estil, oferint un toc \u00fanic i colorit inspirat en la riquesa t\u00e8xtil de Mallorca. Ideal per a cerim\u00f2nies rom\u00e0ntiques, casaments r\u00fastics o tem\u00e0tics, aquest coix\u00ed aporta distinci\u00f3 i un detall artesanal que els teus convidats recordaran.\r\n\r\nCOIX\u00cd PATCHWORK per a anells de casament\r\n\r\nMaterial: Tela mallorquina original, resistent i elegant.\r\nGrand\u00e0ria perfecta per sostenir anells de casament de manera segura.\r\nDisseny: barreja de colors i estampats t\u00edpics de Mallorca, que aporten personalitat a la teva cerim\u00f2nia.\r\nDetalls: lla\u00e7os i brodats que realcen la bellesa artesanal del producte.\r\n\r\nAmb aquest coix\u00ed per a aliances de casament, cada detall de la teva cerim\u00f2nia reflecteix bon gust, tradici\u00f3 i eleg\u00e0ncia mediterr\u00e0nia. Perfecte per regalar als teus padrins o per complementar la decoraci\u00f3 nupcial amb un toc aut\u00e8ntic i sofisticat.\"><span class=\"Y2IQFc\" lang=\"ca\">Feu que l'intercanvi d'anells sigui un moment inoblidable amb el nostre coix\u00ed porta aliances confeccionat amb \r\naut\u00e8ntiques teles mallorquines. Cada coix\u00ed combina tradici\u00f3 i estil, oferint un toc \u00fanic i colorit inspirat \r\nen la riquesa t\u00e8xtil de Mallorca. Ideal per a cerim\u00f2nies rom\u00e0ntiques, casaments r\u00fastics o tem\u00e0tics, aquest \r\ncoix\u00ed aporta distinci\u00f3 i un detall artesanal que els teus convidats recordaran.\r\n\r\nCOIX\u00cd PATCHWORK per a anells de casament\r\n\r\nMaterial: Tela mallorquina original, resistent i elegant.\r\nGrand\u00e0ria perfecta per sostenir anells de casament de manera segura.\r\nDisseny: barreja de colors i estampats t\u00edpics de Mallorca, que aporten personalitat a la teva cerim\u00f2nia.\r\nDetalls: lla\u00e7os i brodats que realcen la bellesa artesanal del producte.\r\n\r\nAmb aquest coix\u00ed per a aliances de casament, cada detall de la teva cerim\u00f2nia reflecteix bon gust, tradici\u00f3 i \r\neleg\u00e0ncia mediterr\u00e0nia. Perfecte per regalar als teus padrins o per complementar la decoraci\u00f3 nupcial amb un \r\ntoc aut\u00e8ntic i sofisticat.<\/span><\/pre>\n<\/div>\n<div id=\"tw-target-rmn-container\" class=\"tw-target-rmn tw-ta-container tw-nfl\" tabindex=\"-1\" role=\"text\">\n<pre id=\"tw-target-rmn\" class=\"tw-data-placeholder tw-text-small tw-ta\" dir=\"ltr\" tabindex=\"-1\" role=\"text\" data-placeholder=\"\"><\/pre>\n<\/div>\n","protected":false},"excerpt":{"rendered":"<p><span data-olk-copy-source=\"MessageBody\">015X015\u00a0<\/span><\/p>\n","protected":false},"featured_media":38952,"comment_status":"closed","ping_status":"closed","template":"","meta":[],"product_brand":[],"product_cat":[1624],"product_tag":[],"class_list":{"0":"post-38955","1":"product","2":"type-product","3":"status-publish","4":"has-post-thumbnail","6":"product_cat-casament","8":"first","9":"instock","10":"shipping-taxable","11":"purchasable","12":"product-type-simple"},"yoast_head":"<!-- This site is optimized with the Yoast SEO plugin v27.0 - https:\/\/yoast.com\/product\/yoast-seo-wordpress\/ -->\n<title>Coix\u00ed aliances tela Mallorquina ikat 61 torrat | Teixits Vicens<\/title>\n<meta name=\"robots\" content=\"index, follow, max-snippet:-1, max-image-preview:large, max-video-preview:-1\" \/>\n<link rel=\"canonical\" href=\"https:\/\/teixitsvicens.com\/ca\/producte\/altres-productes-i-regals\/casament\/coixi-aliances-tela-mallorquina-ikat-61-torrat\/\" \/>\n<meta property=\"og:locale\" content=\"ca_ES\" \/>\n<meta property=\"og:type\" content=\"article\" \/>\n<meta property=\"og:title\" content=\"Coix\u00ed aliances tela Mallorquina ikat 61 torrat | Teixits Vicens\" \/>\n<meta property=\"og:description\" content=\"015X015\u00a0\" \/>\n<meta property=\"og:url\" content=\"https:\/\/teixitsvicens.com\/ca\/producte\/altres-productes-i-regals\/casament\/coixi-aliances-tela-mallorquina-ikat-61-torrat\/\" \/>\n<meta property=\"og:site_name\" content=\"Teixits Vicens\" \/>\n<meta property=\"article:publisher\" content=\"https:\/\/www.facebook.com\/TeixitsVicens\/\" \/>\n<meta property=\"article:modified_time\" content=\"2026-03-27T11:11:54+00:00\" \/>\n<meta property=\"og:image\" content=\"https:\/\/teixitsvicens.com\/wp-content\/uploads\/2026\/03\/cojin-anillos-boda-mallorca.jpg\" \/>\n\t<meta property=\"og:image:width\" content=\"842\" \/>\n\t<meta property=\"og:image:height\" content=\"1264\" \/>\n\t<meta property=\"og:image:type\" content=\"image\/jpeg\" \/>\n<meta name=\"twitter:card\" content=\"summary_large_image\" \/>\n<!-- \/ Yoast SEO plugin. -->","yoast_head_json":{"title":"Coix\u00ed aliances tela Mallorquina ikat 61 torrat | Teixits Vicens","robots":{"index":"index","follow":"follow","max-snippet":"max-snippet:-1","max-image-preview":"max-image-preview:large","max-video-preview":"max-video-preview:-1"},"canonical":"https:\/\/teixitsvicens.com\/ca\/producte\/altres-productes-i-regals\/casament\/coixi-aliances-tela-mallorquina-ikat-61-torrat\/","og_locale":"ca_ES","og_type":"article","og_title":"Coix\u00ed aliances tela Mallorquina ikat 61 torrat | Teixits Vicens","og_description":"015X015\u00a0","og_url":"https:\/\/teixitsvicens.com\/ca\/producte\/altres-productes-i-regals\/casament\/coixi-aliances-tela-mallorquina-ikat-61-torrat\/","og_site_name":"Teixits Vicens","article_publisher":"https:\/\/www.facebook.com\/TeixitsVicens\/","article_modified_time":"2026-03-27T11:11:54+00:00","og_image":[{"width":842,"height":1264,"url":"https:\/\/teixitsvicens.com\/wp-content\/uploads\/2026\/03\/cojin-anillos-boda-mallorca.jpg","type":"image\/jpeg"}],"twitter_card":"summary_large_image","schema":{"@context":"https:\/\/schema.org","@graph":[{"@type":"WebPage","@id":"https:\/\/teixitsvicens.com\/ca\/producte\/altres-productes-i-regals\/casament\/coixi-aliances-tela-mallorquina-ikat-61-torrat\/","url":"https:\/\/teixitsvicens.com\/ca\/producte\/altres-productes-i-regals\/casament\/coixi-aliances-tela-mallorquina-ikat-61-torrat\/","name":"Coix\u00ed aliances tela Mallorquina ikat 61 torrat | Teixits Vicens","isPartOf":{"@id":"https:\/\/teixitsvicens.com\/ca\/#website"},"primaryImageOfPage":{"@id":"https:\/\/teixitsvicens.com\/ca\/producte\/altres-productes-i-regals\/casament\/coixi-aliances-tela-mallorquina-ikat-61-torrat\/#primaryimage"},"image":{"@id":"https:\/\/teixitsvicens.com\/ca\/producte\/altres-productes-i-regals\/casament\/coixi-aliances-tela-mallorquina-ikat-61-torrat\/#primaryimage"},"thumbnailUrl":"https:\/\/teixitsvicens.com\/wp-content\/uploads\/2026\/03\/cojin-anillos-boda-mallorca.jpg","datePublished":"2026-03-27T11:11:53+00:00","dateModified":"2026-03-27T11:11:54+00:00","breadcrumb":{"@id":"https:\/\/teixitsvicens.com\/ca\/producte\/altres-productes-i-regals\/casament\/coixi-aliances-tela-mallorquina-ikat-61-torrat\/#breadcrumb"},"inLanguage":"ca","potentialAction":[{"@type":"ReadAction","target":["https:\/\/teixitsvicens.com\/ca\/producte\/altres-productes-i-regals\/casament\/coixi-aliances-tela-mallorquina-ikat-61-torrat\/"]}]},{"@type":"ImageObject","inLanguage":"ca","@id":"https:\/\/teixitsvicens.com\/ca\/producte\/altres-productes-i-regals\/casament\/coixi-aliances-tela-mallorquina-ikat-61-torrat\/#primaryimage","url":"https:\/\/teixitsvicens.com\/wp-content\/uploads\/2026\/03\/cojin-anillos-boda-mallorca.jpg","contentUrl":"https:\/\/teixitsvicens.com\/wp-content\/uploads\/2026\/03\/cojin-anillos-boda-mallorca.jpg","width":842,"height":1264},{"@type":"BreadcrumbList","@id":"https:\/\/teixitsvicens.com\/ca\/producte\/altres-productes-i-regals\/casament\/coixi-aliances-tela-mallorquina-ikat-61-torrat\/#breadcrumb","itemListElement":[{"@type":"ListItem","position":1,"name":"Inici","item":"https:\/\/teixitsvicens.com\/ca\/home\/"},{"@type":"ListItem","position":2,"name":"Tenda","item":"https:\/\/teixitsvicens.com\/ca\/tenda\/"},{"@type":"ListItem","position":3,"name":"Coix\u00ed aliances tela Mallorquina ikat 61 torrat"}]},{"@type":"WebSite","@id":"https:\/\/teixitsvicens.com\/ca\/#website","url":"https:\/\/teixitsvicens.com\/ca\/","name":"Teixits Vicens","description":"Taller textil artesano","publisher":{"@id":"https:\/\/teixitsvicens.com\/ca\/#organization"},"alternateName":"Teixits Vicens","potentialAction":[{"@type":"SearchAction","target":{"@type":"EntryPoint","urlTemplate":"https:\/\/teixitsvicens.com\/ca\/?s={search_term_string}"},"query-input":{"@type":"PropertyValueSpecification","valueRequired":true,"valueName":"search_term_string"}}],"inLanguage":"ca"},{"@type":"Organization","@id":"https:\/\/teixitsvicens.com\/ca\/#organization","name":"Teixits Vicens","url":"https:\/\/teixitsvicens.com\/ca\/","logo":{"@type":"ImageObject","inLanguage":"ca","@id":"https:\/\/teixitsvicens.com\/ca\/#\/schema\/logo\/image\/","url":"https:\/\/teixitsvicens.com\/wp-content\/uploads\/2025\/10\/logo-teixits-vicents.png","contentUrl":"https:\/\/teixitsvicens.com\/wp-content\/uploads\/2025\/10\/logo-teixits-vicents.png","width":629,"height":131,"caption":"Teixits Vicens"},"image":{"@id":"https:\/\/teixitsvicens.com\/ca\/#\/schema\/logo\/image\/"},"sameAs":["https:\/\/www.facebook.com\/TeixitsVicens\/","https:\/\/www.instagram.com\/teixitsvicens\/"]}]}},"_links":{"self":[{"href":"https:\/\/teixitsvicens.com\/ca\/wp-json\/wp\/v2\/product\/38955","targetHints":{"allow":["GET"]}}],"collection":[{"href":"https:\/\/teixitsvicens.com\/ca\/wp-json\/wp\/v2\/product"}],"about":[{"href":"https:\/\/teixitsvicens.com\/ca\/wp-json\/wp\/v2\/types\/product"}],"replies":[{"embeddable":true,"href":"https:\/\/teixitsvicens.com\/ca\/wp-json\/wp\/v2\/comments?post=38955"}],"wp:featuredmedia":[{"embeddable":true,"href":"https:\/\/teixitsvicens.com\/ca\/wp-json\/wp\/v2\/media\/38952"}],"wp:attachment":[{"href":"https:\/\/teixitsvicens.com\/ca\/wp-json\/wp\/v2\/media?parent=38955"}],"wp:term":[{"taxonomy":"product_brand","embeddable":true,"href":"https:\/\/teixitsvicens.com\/ca\/wp-json\/wp\/v2\/product_brand?post=38955"},{"taxonomy":"product_cat","embeddable":true,"href":"https:\/\/teixitsvicens.com\/ca\/wp-json\/wp\/v2\/product_cat?post=38955"},{"taxonomy":"product_tag","embeddable":true,"href":"https:\/\/teixitsvicens.com\/ca\/wp-json\/wp\/v2\/product_tag?post=38955"}],"curies":[{"name":"wp","href":"https:\/\/api.w.org\/{rel}","templated":true}]}}