{"id":38924,"date":"2026-03-20T10:16:31","date_gmt":"2026-03-20T09:16:31","guid":{"rendered":"https:\/\/teixitsvicens.com\/?post_type=product&#038;p=38924"},"modified":"2026-03-20T10:16:31","modified_gmt":"2026-03-20T09:16:31","slug":"estovalles-tela-mallorquina-150-verd-oliva-fleco","status":"publish","type":"product","link":"https:\/\/teixitsvicens.com\/ca\/producte\/cuina\/estovalles\/estovalles-serrell\/estovalles-tela-mallorquina-150-verd-oliva-fleco\/","title":{"rendered":"Estovalles tela Mallorquina 150 Verd oliva fleco+"},"content":{"rendered":"<p>Estovalles rectangulars per vestir la taula.<br \/>\nSorpr\u00e8n els teus convidats amb aquestes estovalles originals<br \/>\ni fet a m\u00e0 amb tela de lleng\u00fces mallorquina.<br \/>\nAquest teixit artes\u00e0 \u00e9s molt resistent i us acompanyar\u00e0 durant<br \/>\nmoltes celebracions al voltant de la taula.<\/p>\n","protected":false},"excerpt":{"rendered":"<p>250x150cm<\/p>\n","protected":false},"featured_media":38921,"comment_status":"closed","ping_status":"closed","template":"","meta":[],"product_brand":[],"product_cat":[1613],"product_tag":[],"class_list":{"0":"post-38924","1":"product","2":"type-product","3":"status-publish","4":"has-post-thumbnail","6":"product_cat-estovalles-serrell","8":"first","9":"instock","10":"shipping-taxable","11":"purchasable","12":"product-type-simple"},"yoast_head":"<!-- This site is optimized with the Yoast SEO plugin v27.0 - https:\/\/yoast.com\/product\/yoast-seo-wordpress\/ -->\n<title>Estovalles tela Mallorquina 150 Verd oliva fleco+ | Teixits Vicens<\/title>\n<meta name=\"robots\" content=\"index, follow, max-snippet:-1, max-image-preview:large, max-video-preview:-1\" \/>\n<link rel=\"canonical\" href=\"https:\/\/teixitsvicens.com\/ca\/producte\/cuina\/estovalles\/estovalles-serrell\/estovalles-tela-mallorquina-150-verd-oliva-fleco\/\" \/>\n<meta property=\"og:locale\" content=\"ca_ES\" \/>\n<meta property=\"og:type\" content=\"article\" \/>\n<meta property=\"og:title\" content=\"Estovalles tela Mallorquina 150 Verd oliva fleco+ | Teixits Vicens\" \/>\n<meta property=\"og:description\" content=\"250x150cm\" \/>\n<meta property=\"og:url\" content=\"https:\/\/teixitsvicens.com\/ca\/producte\/cuina\/estovalles\/estovalles-serrell\/estovalles-tela-mallorquina-150-verd-oliva-fleco\/\" \/>\n<meta property=\"og:site_name\" content=\"Teixits Vicens\" \/>\n<meta property=\"article:publisher\" content=\"https:\/\/www.facebook.com\/TeixitsVicens\/\" \/>\n<meta property=\"og:image\" content=\"https:\/\/teixitsvicens.com\/wp-content\/uploads\/2026\/03\/Mantel-fleco-verd-oliva.jpg\" \/>\n\t<meta property=\"og:image:width\" content=\"842\" \/>\n\t<meta property=\"og:image:height\" content=\"1264\" \/>\n\t<meta property=\"og:image:type\" content=\"image\/jpeg\" \/>\n<meta name=\"twitter:card\" content=\"summary_large_image\" \/>\n<!-- \/ Yoast SEO plugin. -->","yoast_head_json":{"title":"Estovalles tela Mallorquina 150 Verd oliva fleco+ | Teixits Vicens","robots":{"index":"index","follow":"follow","max-snippet":"max-snippet:-1","max-image-preview":"max-image-preview:large","max-video-preview":"max-video-preview:-1"},"canonical":"https:\/\/teixitsvicens.com\/ca\/producte\/cuina\/estovalles\/estovalles-serrell\/estovalles-tela-mallorquina-150-verd-oliva-fleco\/","og_locale":"ca_ES","og_type":"article","og_title":"Estovalles tela Mallorquina 150 Verd oliva fleco+ | Teixits Vicens","og_description":"250x150cm","og_url":"https:\/\/teixitsvicens.com\/ca\/producte\/cuina\/estovalles\/estovalles-serrell\/estovalles-tela-mallorquina-150-verd-oliva-fleco\/","og_site_name":"Teixits Vicens","article_publisher":"https:\/\/www.facebook.com\/TeixitsVicens\/","og_image":[{"width":842,"height":1264,"url":"https:\/\/teixitsvicens.com\/wp-content\/uploads\/2026\/03\/Mantel-fleco-verd-oliva.jpg","type":"image\/jpeg"}],"twitter_card":"summary_large_image","schema":{"@context":"https:\/\/schema.org","@graph":[{"@type":"WebPage","@id":"https:\/\/teixitsvicens.com\/ca\/producte\/cuina\/estovalles\/estovalles-serrell\/estovalles-tela-mallorquina-150-verd-oliva-fleco\/","url":"https:\/\/teixitsvicens.com\/ca\/producte\/cuina\/estovalles\/estovalles-serrell\/estovalles-tela-mallorquina-150-verd-oliva-fleco\/","name":"Estovalles tela Mallorquina 150 Verd oliva fleco+ | Teixits Vicens","isPartOf":{"@id":"https:\/\/teixitsvicens.com\/ca\/#website"},"primaryImageOfPage":{"@id":"https:\/\/teixitsvicens.com\/ca\/producte\/cuina\/estovalles\/estovalles-serrell\/estovalles-tela-mallorquina-150-verd-oliva-fleco\/#primaryimage"},"image":{"@id":"https:\/\/teixitsvicens.com\/ca\/producte\/cuina\/estovalles\/estovalles-serrell\/estovalles-tela-mallorquina-150-verd-oliva-fleco\/#primaryimage"},"thumbnailUrl":"https:\/\/teixitsvicens.com\/wp-content\/uploads\/2026\/03\/Mantel-fleco-verd-oliva.jpg","datePublished":"2026-03-20T09:16:31+00:00","breadcrumb":{"@id":"https:\/\/teixitsvicens.com\/ca\/producte\/cuina\/estovalles\/estovalles-serrell\/estovalles-tela-mallorquina-150-verd-oliva-fleco\/#breadcrumb"},"inLanguage":"ca","potentialAction":[{"@type":"ReadAction","target":["https:\/\/teixitsvicens.com\/ca\/producte\/cuina\/estovalles\/estovalles-serrell\/estovalles-tela-mallorquina-150-verd-oliva-fleco\/"]}]},{"@type":"ImageObject","inLanguage":"ca","@id":"https:\/\/teixitsvicens.com\/ca\/producte\/cuina\/estovalles\/estovalles-serrell\/estovalles-tela-mallorquina-150-verd-oliva-fleco\/#primaryimage","url":"https:\/\/teixitsvicens.com\/wp-content\/uploads\/2026\/03\/Mantel-fleco-verd-oliva.jpg","contentUrl":"https:\/\/teixitsvicens.com\/wp-content\/uploads\/2026\/03\/Mantel-fleco-verd-oliva.jpg","width":842,"height":1264},{"@type":"BreadcrumbList","@id":"https:\/\/teixitsvicens.com\/ca\/producte\/cuina\/estovalles\/estovalles-serrell\/estovalles-tela-mallorquina-150-verd-oliva-fleco\/#breadcrumb","itemListElement":[{"@type":"ListItem","position":1,"name":"Inici","item":"https:\/\/teixitsvicens.com\/ca\/home\/"},{"@type":"ListItem","position":2,"name":"Tenda","item":"https:\/\/teixitsvicens.com\/ca\/tenda\/"},{"@type":"ListItem","position":3,"name":"Estovalles tela Mallorquina 150 Verd oliva fleco+"}]},{"@type":"WebSite","@id":"https:\/\/teixitsvicens.com\/ca\/#website","url":"https:\/\/teixitsvicens.com\/ca\/","name":"Teixits Vicens","description":"Taller textil artesano","publisher":{"@id":"https:\/\/teixitsvicens.com\/ca\/#organization"},"alternateName":"Teixits Vicens","potentialAction":[{"@type":"SearchAction","target":{"@type":"EntryPoint","urlTemplate":"https:\/\/teixitsvicens.com\/ca\/?s={search_term_string}"},"query-input":{"@type":"PropertyValueSpecification","valueRequired":true,"valueName":"search_term_string"}}],"inLanguage":"ca"},{"@type":"Organization","@id":"https:\/\/teixitsvicens.com\/ca\/#organization","name":"Teixits Vicens","url":"https:\/\/teixitsvicens.com\/ca\/","logo":{"@type":"ImageObject","inLanguage":"ca","@id":"https:\/\/teixitsvicens.com\/ca\/#\/schema\/logo\/image\/","url":"https:\/\/teixitsvicens.com\/wp-content\/uploads\/2025\/10\/logo-teixits-vicents.png","contentUrl":"https:\/\/teixitsvicens.com\/wp-content\/uploads\/2025\/10\/logo-teixits-vicents.png","width":629,"height":131,"caption":"Teixits Vicens"},"image":{"@id":"https:\/\/teixitsvicens.com\/ca\/#\/schema\/logo\/image\/"},"sameAs":["https:\/\/www.facebook.com\/TeixitsVicens\/","https:\/\/www.instagram.com\/teixitsvicens\/"]}]}},"_links":{"self":[{"href":"https:\/\/teixitsvicens.com\/ca\/wp-json\/wp\/v2\/product\/38924","targetHints":{"allow":["GET"]}}],"collection":[{"href":"https:\/\/teixitsvicens.com\/ca\/wp-json\/wp\/v2\/product"}],"about":[{"href":"https:\/\/teixitsvicens.com\/ca\/wp-json\/wp\/v2\/types\/product"}],"replies":[{"embeddable":true,"href":"https:\/\/teixitsvicens.com\/ca\/wp-json\/wp\/v2\/comments?post=38924"}],"wp:featuredmedia":[{"embeddable":true,"href":"https:\/\/teixitsvicens.com\/ca\/wp-json\/wp\/v2\/media\/38921"}],"wp:attachment":[{"href":"https:\/\/teixitsvicens.com\/ca\/wp-json\/wp\/v2\/media?parent=38924"}],"wp:term":[{"taxonomy":"product_brand","embeddable":true,"href":"https:\/\/teixitsvicens.com\/ca\/wp-json\/wp\/v2\/product_brand?post=38924"},{"taxonomy":"product_cat","embeddable":true,"href":"https:\/\/teixitsvicens.com\/ca\/wp-json\/wp\/v2\/product_cat?post=38924"},{"taxonomy":"product_tag","embeddable":true,"href":"https:\/\/teixitsvicens.com\/ca\/wp-json\/wp\/v2\/product_tag?post=38924"}],"curies":[{"name":"wp","href":"https:\/\/api.w.org\/{rel}","templated":true}]}}