{"id":38208,"date":"2025-11-22T12:05:54","date_gmt":"2025-11-22T11:05:54","guid":{"rendered":"https:\/\/teixitsvicens.com\/?post_type=product&#038;p=38208"},"modified":"2025-11-22T12:11:50","modified_gmt":"2025-11-22T11:11:50","slug":"garlanda-tela-mallorquina-vermell-pack","status":"publish","type":"product","link":"https:\/\/teixitsvicens.com\/ca\/producte\/altres-productes-i-regals\/garlandes-decoratives\/garlanda-tela-mallorquina-vermell-pack\/","title":{"rendered":"Garlanda tela mallorquina vermell &#8211; Pack"},"content":{"rendered":"<pre id=\"tw-target-text\" class=\"tw-data-text tw-text-large tw-ta\" dir=\"ltr\" tabindex=\"-1\" role=\"text\" data-placeholder=\"Traducci\u00f3\" data-ved=\"2ahUKEwia3NTN5_2QAxVi3wIHHey_C4MQ3ewLegQIDRAU\" aria-label=\"Text tradu\u00eft: Garlanda Estrella ikat Groc Decora els teus espais amb la calidesa i l'autenticitat de la nostra garlanda de tela mallorquina, confeccionada amb el tradicional teixit ikat o lleng\u00fces, un emblema de l'artesania de Mallorca. Cada pe\u00e7a est\u00e0 feta a m\u00e0, preservant t\u00e8cniques centen\u00e0ries que combinen hist\u00f2ria, color i disseny mediterrani. Perfecta per donar un toc especial a salons, dormitoris, entrades o celebracions, aquesta garlanda afegeix un aire artesanal i elegant a qualsevol ambient. La seva lleugeresa i resist\u00e8ncia permeten col\u00b7locar-la f\u00e0cilment a parets, finestres, prestatgeries o arbres de Nadal. Un detall decoratiu \u00fanic que uneix tradici\u00f3, encant i estil, ideal per als que busquen peces amb \u00e0nima i car\u00e0cter mediterrani.\"><span class=\"Y2IQFc\" lang=\"ca\">Decora els teus espais amb la calidesa i l'autenticitat de la nostra garlanda \r\nde tela mallorquina, confeccionada amb el tradicional teixit ikat o lleng\u00fces, \r\nun emblema de l'artesania de Mallorca. Cada pe\u00e7a est\u00e0 feta a m\u00e0, preservant t\u00e8cniques \r\ncenten\u00e0ries que combinen hist\u00f2ria, color i disseny mediterrani.\r\n\r\nPerfecta per donar un toc especial a salons, dormitoris, entrades o celebracions, \r\naquesta garlanda afegeix un aire artesanal i elegant a qualsevol ambient. \r\nLa seva lleugeresa i resist\u00e8ncia permeten col\u00b7locar-la f\u00e0cilment a parets, finestres, \r\nprestatgeries o arbres de Nadal.\r\n\r\nUn detall decoratiu \u00fanic que uneix tradici\u00f3, encant i estil, ideal per als que busquen \r\npeces amb \u00e0nima i car\u00e0cter mediterrani.<\/span><\/pre>\n","protected":false},"excerpt":{"rendered":"<div id=\"tw-target-text-container\" class=\"tw-ta-container tw-nfl\" tabindex=\"0\" role=\"text\">\n<pre id=\"tw-target-text\" class=\"tw-data-text tw-text-large tw-ta\" dir=\"ltr\" tabindex=\"-1\" role=\"text\" data-placeholder=\"Traducci\u00f3\" data-ved=\"2ahUKEwiWxazpz4WRAxVAVKQEHTjiDRMQ3ewLegQIDhAU\" aria-label=\"Text tradu\u00eft: Pack 4 garlandes\"><span class=\"Y2IQFc\" lang=\"ca\">Pack 4 garlandes<\/span><\/pre>\n<\/div>\n","protected":false},"featured_media":38205,"comment_status":"closed","ping_status":"closed","template":"","meta":[],"product_brand":[],"product_cat":[1586],"product_tag":[],"class_list":{"0":"post-38208","1":"product","2":"type-product","3":"status-publish","4":"has-post-thumbnail","6":"product_cat-garlandes-decoratives","8":"first","9":"instock","10":"shipping-taxable","11":"purchasable","12":"product-type-simple"},"yoast_head":"<!-- This site is optimized with the Yoast SEO plugin v27.0 - https:\/\/yoast.com\/product\/yoast-seo-wordpress\/ -->\n<title>Garlanda tela mallorquina vermell - Pack | Teixits Vicens<\/title>\n<meta name=\"robots\" content=\"index, follow, max-snippet:-1, max-image-preview:large, max-video-preview:-1\" \/>\n<link rel=\"canonical\" href=\"https:\/\/teixitsvicens.com\/ca\/producte\/altres-productes-i-regals\/garlandes-decoratives\/garlanda-tela-mallorquina-vermell-pack\/\" \/>\n<meta property=\"og:locale\" content=\"ca_ES\" \/>\n<meta property=\"og:type\" content=\"article\" \/>\n<meta property=\"og:title\" content=\"Garlanda tela mallorquina vermell - Pack | Teixits Vicens\" \/>\n<meta property=\"og:description\" content=\"Pack 4 garlandes\" \/>\n<meta property=\"og:url\" content=\"https:\/\/teixitsvicens.com\/ca\/producte\/altres-productes-i-regals\/garlandes-decoratives\/garlanda-tela-mallorquina-vermell-pack\/\" \/>\n<meta property=\"og:site_name\" content=\"Teixits Vicens\" \/>\n<meta property=\"article:publisher\" content=\"https:\/\/www.facebook.com\/TeixitsVicens\/\" \/>\n<meta property=\"article:modified_time\" content=\"2025-11-22T11:11:50+00:00\" \/>\n<meta property=\"og:image\" content=\"https:\/\/teixitsvicens.com\/wp-content\/uploads\/2025\/11\/guirnaldes-Nadal-1.jpg\" \/>\n\t<meta property=\"og:image:width\" content=\"1200\" \/>\n\t<meta property=\"og:image:height\" content=\"1800\" \/>\n\t<meta property=\"og:image:type\" content=\"image\/jpeg\" \/>\n<meta name=\"twitter:card\" content=\"summary_large_image\" \/>\n<meta name=\"twitter:label1\" content=\"Temps estimat de lectura\" \/>\n\t<meta name=\"twitter:data1\" content=\"1 minute\" \/>\n<!-- \/ Yoast SEO plugin. -->","yoast_head_json":{"title":"Garlanda tela mallorquina vermell - Pack | Teixits Vicens","robots":{"index":"index","follow":"follow","max-snippet":"max-snippet:-1","max-image-preview":"max-image-preview:large","max-video-preview":"max-video-preview:-1"},"canonical":"https:\/\/teixitsvicens.com\/ca\/producte\/altres-productes-i-regals\/garlandes-decoratives\/garlanda-tela-mallorquina-vermell-pack\/","og_locale":"ca_ES","og_type":"article","og_title":"Garlanda tela mallorquina vermell - Pack | Teixits Vicens","og_description":"Pack 4 garlandes","og_url":"https:\/\/teixitsvicens.com\/ca\/producte\/altres-productes-i-regals\/garlandes-decoratives\/garlanda-tela-mallorquina-vermell-pack\/","og_site_name":"Teixits Vicens","article_publisher":"https:\/\/www.facebook.com\/TeixitsVicens\/","article_modified_time":"2025-11-22T11:11:50+00:00","og_image":[{"width":1200,"height":1800,"url":"https:\/\/teixitsvicens.com\/wp-content\/uploads\/2025\/11\/guirnaldes-Nadal-1.jpg","type":"image\/jpeg"}],"twitter_card":"summary_large_image","twitter_misc":{"Temps estimat de lectura":"1 minute"},"schema":{"@context":"https:\/\/schema.org","@graph":[{"@type":"WebPage","@id":"https:\/\/teixitsvicens.com\/ca\/producte\/altres-productes-i-regals\/garlandes-decoratives\/garlanda-tela-mallorquina-vermell-pack\/","url":"https:\/\/teixitsvicens.com\/ca\/producte\/altres-productes-i-regals\/garlandes-decoratives\/garlanda-tela-mallorquina-vermell-pack\/","name":"Garlanda tela mallorquina vermell - Pack | Teixits Vicens","isPartOf":{"@id":"https:\/\/teixitsvicens.com\/ca\/#website"},"primaryImageOfPage":{"@id":"https:\/\/teixitsvicens.com\/ca\/producte\/altres-productes-i-regals\/garlandes-decoratives\/garlanda-tela-mallorquina-vermell-pack\/#primaryimage"},"image":{"@id":"https:\/\/teixitsvicens.com\/ca\/producte\/altres-productes-i-regals\/garlandes-decoratives\/garlanda-tela-mallorquina-vermell-pack\/#primaryimage"},"thumbnailUrl":"https:\/\/teixitsvicens.com\/wp-content\/uploads\/2025\/11\/guirnaldes-Nadal-1.jpg","datePublished":"2025-11-22T11:05:54+00:00","dateModified":"2025-11-22T11:11:50+00:00","breadcrumb":{"@id":"https:\/\/teixitsvicens.com\/ca\/producte\/altres-productes-i-regals\/garlandes-decoratives\/garlanda-tela-mallorquina-vermell-pack\/#breadcrumb"},"inLanguage":"ca","potentialAction":[{"@type":"ReadAction","target":["https:\/\/teixitsvicens.com\/ca\/producte\/altres-productes-i-regals\/garlandes-decoratives\/garlanda-tela-mallorquina-vermell-pack\/"]}]},{"@type":"ImageObject","inLanguage":"ca","@id":"https:\/\/teixitsvicens.com\/ca\/producte\/altres-productes-i-regals\/garlandes-decoratives\/garlanda-tela-mallorquina-vermell-pack\/#primaryimage","url":"https:\/\/teixitsvicens.com\/wp-content\/uploads\/2025\/11\/guirnaldes-Nadal-1.jpg","contentUrl":"https:\/\/teixitsvicens.com\/wp-content\/uploads\/2025\/11\/guirnaldes-Nadal-1.jpg","width":1200,"height":1800},{"@type":"BreadcrumbList","@id":"https:\/\/teixitsvicens.com\/ca\/producte\/altres-productes-i-regals\/garlandes-decoratives\/garlanda-tela-mallorquina-vermell-pack\/#breadcrumb","itemListElement":[{"@type":"ListItem","position":1,"name":"Inici","item":"https:\/\/teixitsvicens.com\/ca\/home\/"},{"@type":"ListItem","position":2,"name":"Tenda","item":"https:\/\/teixitsvicens.com\/ca\/tenda\/"},{"@type":"ListItem","position":3,"name":"Garlanda tela mallorquina vermell &#8211; Pack"}]},{"@type":"WebSite","@id":"https:\/\/teixitsvicens.com\/ca\/#website","url":"https:\/\/teixitsvicens.com\/ca\/","name":"Teixits Vicens","description":"Taller textil artesano","publisher":{"@id":"https:\/\/teixitsvicens.com\/ca\/#organization"},"alternateName":"Teixits Vicens","potentialAction":[{"@type":"SearchAction","target":{"@type":"EntryPoint","urlTemplate":"https:\/\/teixitsvicens.com\/ca\/?s={search_term_string}"},"query-input":{"@type":"PropertyValueSpecification","valueRequired":true,"valueName":"search_term_string"}}],"inLanguage":"ca"},{"@type":"Organization","@id":"https:\/\/teixitsvicens.com\/ca\/#organization","name":"Teixits Vicens","url":"https:\/\/teixitsvicens.com\/ca\/","logo":{"@type":"ImageObject","inLanguage":"ca","@id":"https:\/\/teixitsvicens.com\/ca\/#\/schema\/logo\/image\/","url":"https:\/\/teixitsvicens.com\/wp-content\/uploads\/2025\/10\/logo-teixits-vicents.png","contentUrl":"https:\/\/teixitsvicens.com\/wp-content\/uploads\/2025\/10\/logo-teixits-vicents.png","width":629,"height":131,"caption":"Teixits Vicens"},"image":{"@id":"https:\/\/teixitsvicens.com\/ca\/#\/schema\/logo\/image\/"},"sameAs":["https:\/\/www.facebook.com\/TeixitsVicens\/","https:\/\/www.instagram.com\/teixitsvicens\/"]}]}},"_links":{"self":[{"href":"https:\/\/teixitsvicens.com\/ca\/wp-json\/wp\/v2\/product\/38208","targetHints":{"allow":["GET"]}}],"collection":[{"href":"https:\/\/teixitsvicens.com\/ca\/wp-json\/wp\/v2\/product"}],"about":[{"href":"https:\/\/teixitsvicens.com\/ca\/wp-json\/wp\/v2\/types\/product"}],"replies":[{"embeddable":true,"href":"https:\/\/teixitsvicens.com\/ca\/wp-json\/wp\/v2\/comments?post=38208"}],"wp:featuredmedia":[{"embeddable":true,"href":"https:\/\/teixitsvicens.com\/ca\/wp-json\/wp\/v2\/media\/38205"}],"wp:attachment":[{"href":"https:\/\/teixitsvicens.com\/ca\/wp-json\/wp\/v2\/media?parent=38208"}],"wp:term":[{"taxonomy":"product_brand","embeddable":true,"href":"https:\/\/teixitsvicens.com\/ca\/wp-json\/wp\/v2\/product_brand?post=38208"},{"taxonomy":"product_cat","embeddable":true,"href":"https:\/\/teixitsvicens.com\/ca\/wp-json\/wp\/v2\/product_cat?post=38208"},{"taxonomy":"product_tag","embeddable":true,"href":"https:\/\/teixitsvicens.com\/ca\/wp-json\/wp\/v2\/product_tag?post=38208"}],"curies":[{"name":"wp","href":"https:\/\/api.w.org\/{rel}","templated":true}]}}