{"id":37916,"date":"2025-11-18T19:53:55","date_gmt":"2025-11-18T18:53:55","guid":{"rendered":"https:\/\/teixitsvicens.com\/?post_type=product&#038;p=37916"},"modified":"2025-11-18T19:53:56","modified_gmt":"2025-11-18T18:53:56","slug":"puf-rodo-de-tela-mallorquina-225-verd-oliva","status":"publish","type":"product","link":"https:\/\/teixitsvicens.com\/ca\/producte\/decoracio\/pouff-ca\/puf-rodo-de-tela-mallorquina-225-verd-oliva\/","title":{"rendered":"Puf rod\u00f3 de tela mallorquina 225 Verd oliva"},"content":{"rendered":"<p>Aporta car\u00e0cter mediterrani a la teva llar amb el nostre puf elaborat amb aut\u00e8ntica tela mallorquina.<br data-start=\"193\" data-end=\"196\" \/>Cada pe\u00e7a est\u00e0 confeccionada a m\u00e0 utilitzant la t\u00e8cnica tradicional <em data-start=\"264\" data-end=\"270\">ikat<\/em> o <em data-start=\"273\" data-end=\"283\">lleng\u00fces<\/em>, un disseny emblem\u00e0tic de<\/p>\n<p>l\u2019artesania de Mallorca que combina hist\u00f2ria, color i eleg\u00e0ncia.<br data-start=\"374\" data-end=\"377\" \/>La seva estructura robusta i el seu farciment c\u00f2mode el converteixen en un element perfecte com a seient auxiliar,<\/p>\n<p>reposapeus o detall decoratiu en qualsevol espai. Gr\u00e0cies a la resist\u00e8ncia i qualitat del teixit artesanal, aquest puf \u00e9s<\/p>\n<p>ideal tant per a l\u2019\u00fas diari com per afegir un toc distintiu a salons, dormitoris o terrasses interiors.<br data-start=\"717\" data-end=\"720\" \/>Disseny \u00fanic, materials nobles i tradici\u00f3 mediterr\u00e0nia units en una pe\u00e7a que transforma qualsevol ambient.<\/p>\n","protected":false},"excerpt":{"rendered":"<p>Aquest producte est\u00e0 <strong>disponible nom\u00e9s sota comanda<\/strong>.<br \/>\nSi hi est\u00e0 interessat, pot posar-se en contacte amb nosaltres per tel\u00e8fon o correu electr\u00f2nic, i li respondrem al m\u00e9s aviat possible.<\/p>\n<p><a href=\"tel:+34%20971%20530%20450\">+34 971 530 450<\/a><br \/>\n<a href=\"mailto:info@teixitsvicens.com\">info@teixitsvicens.com<\/a><\/p>\n","protected":false},"featured_media":37913,"comment_status":"closed","ping_status":"closed","template":"","meta":[],"product_brand":[],"product_cat":[1031],"product_tag":[],"class_list":{"0":"post-37916","1":"product","2":"type-product","3":"status-publish","4":"has-post-thumbnail","6":"product_cat-pouff-ca","8":"first","9":"outofstock","10":"shipping-taxable","11":"purchasable","12":"product-type-variable"},"yoast_head":"<!-- This site is optimized with the Yoast SEO plugin v27.0 - https:\/\/yoast.com\/product\/yoast-seo-wordpress\/ -->\n<title>Puf rod\u00f3 de tela mallorquina 225 Verd oliva | Teixits Vicens<\/title>\n<meta name=\"robots\" content=\"index, follow, max-snippet:-1, max-image-preview:large, max-video-preview:-1\" \/>\n<link rel=\"canonical\" href=\"https:\/\/teixitsvicens.com\/ca\/producte\/decoracio\/pouff-ca\/puf-rodo-de-tela-mallorquina-225-verd-oliva\/\" \/>\n<meta property=\"og:locale\" content=\"ca_ES\" \/>\n<meta property=\"og:type\" content=\"article\" \/>\n<meta property=\"og:title\" content=\"Puf rod\u00f3 de tela mallorquina 225 Verd oliva | Teixits Vicens\" \/>\n<meta property=\"og:description\" content=\"Aquest producte est\u00e0 disponible nom\u00e9s sota comanda. Si hi est\u00e0 interessat, pot posar-se en contacte amb nosaltres per tel\u00e8fon o correu electr\u00f2nic, i li respondrem al m\u00e9s aviat possible.  +34 971 530 450 info@teixitsvicens.com\" \/>\n<meta property=\"og:url\" content=\"https:\/\/teixitsvicens.com\/ca\/producte\/decoracio\/pouff-ca\/puf-rodo-de-tela-mallorquina-225-verd-oliva\/\" \/>\n<meta property=\"og:site_name\" content=\"Teixits Vicens\" \/>\n<meta property=\"article:publisher\" content=\"https:\/\/www.facebook.com\/TeixitsVicens\/\" \/>\n<meta property=\"article:modified_time\" content=\"2025-11-18T18:53:56+00:00\" \/>\n<meta property=\"og:image\" content=\"https:\/\/teixitsvicens.com\/wp-content\/uploads\/2025\/11\/Pouf-tela-mallorquina-redondo-683x1024.jpg\" \/>\n\t<meta property=\"og:image:width\" content=\"683\" \/>\n\t<meta property=\"og:image:height\" content=\"1024\" \/>\n\t<meta property=\"og:image:type\" content=\"image\/jpeg\" \/>\n<meta name=\"twitter:card\" content=\"summary_large_image\" \/>\n<meta name=\"twitter:label1\" content=\"Temps estimat de lectura\" \/>\n\t<meta name=\"twitter:data1\" content=\"1 minute\" \/>\n<!-- \/ Yoast SEO plugin. -->","yoast_head_json":{"title":"Puf rod\u00f3 de tela mallorquina 225 Verd oliva | Teixits Vicens","robots":{"index":"index","follow":"follow","max-snippet":"max-snippet:-1","max-image-preview":"max-image-preview:large","max-video-preview":"max-video-preview:-1"},"canonical":"https:\/\/teixitsvicens.com\/ca\/producte\/decoracio\/pouff-ca\/puf-rodo-de-tela-mallorquina-225-verd-oliva\/","og_locale":"ca_ES","og_type":"article","og_title":"Puf rod\u00f3 de tela mallorquina 225 Verd oliva | Teixits Vicens","og_description":"Aquest producte est\u00e0 disponible nom\u00e9s sota comanda. Si hi est\u00e0 interessat, pot posar-se en contacte amb nosaltres per tel\u00e8fon o correu electr\u00f2nic, i li respondrem al m\u00e9s aviat possible.  +34 971 530 450 info@teixitsvicens.com","og_url":"https:\/\/teixitsvicens.com\/ca\/producte\/decoracio\/pouff-ca\/puf-rodo-de-tela-mallorquina-225-verd-oliva\/","og_site_name":"Teixits Vicens","article_publisher":"https:\/\/www.facebook.com\/TeixitsVicens\/","article_modified_time":"2025-11-18T18:53:56+00:00","og_image":[{"width":683,"height":1024,"url":"https:\/\/teixitsvicens.com\/wp-content\/uploads\/2025\/11\/Pouf-tela-mallorquina-redondo-683x1024.jpg","type":"image\/jpeg"}],"twitter_card":"summary_large_image","twitter_misc":{"Temps estimat de lectura":"1 minute"},"schema":{"@context":"https:\/\/schema.org","@graph":[{"@type":"WebPage","@id":"https:\/\/teixitsvicens.com\/ca\/producte\/decoracio\/pouff-ca\/puf-rodo-de-tela-mallorquina-225-verd-oliva\/","url":"https:\/\/teixitsvicens.com\/ca\/producte\/decoracio\/pouff-ca\/puf-rodo-de-tela-mallorquina-225-verd-oliva\/","name":"Puf rod\u00f3 de tela mallorquina 225 Verd oliva | Teixits Vicens","isPartOf":{"@id":"https:\/\/teixitsvicens.com\/ca\/#website"},"primaryImageOfPage":{"@id":"https:\/\/teixitsvicens.com\/ca\/producte\/decoracio\/pouff-ca\/puf-rodo-de-tela-mallorquina-225-verd-oliva\/#primaryimage"},"image":{"@id":"https:\/\/teixitsvicens.com\/ca\/producte\/decoracio\/pouff-ca\/puf-rodo-de-tela-mallorquina-225-verd-oliva\/#primaryimage"},"thumbnailUrl":"https:\/\/teixitsvicens.com\/wp-content\/uploads\/2025\/11\/Pouf-tela-mallorquina-redondo.jpg","datePublished":"2025-11-18T18:53:55+00:00","dateModified":"2025-11-18T18:53:56+00:00","breadcrumb":{"@id":"https:\/\/teixitsvicens.com\/ca\/producte\/decoracio\/pouff-ca\/puf-rodo-de-tela-mallorquina-225-verd-oliva\/#breadcrumb"},"inLanguage":"ca","potentialAction":[{"@type":"ReadAction","target":["https:\/\/teixitsvicens.com\/ca\/producte\/decoracio\/pouff-ca\/puf-rodo-de-tela-mallorquina-225-verd-oliva\/"]}]},{"@type":"ImageObject","inLanguage":"ca","@id":"https:\/\/teixitsvicens.com\/ca\/producte\/decoracio\/pouff-ca\/puf-rodo-de-tela-mallorquina-225-verd-oliva\/#primaryimage","url":"https:\/\/teixitsvicens.com\/wp-content\/uploads\/2025\/11\/Pouf-tela-mallorquina-redondo.jpg","contentUrl":"https:\/\/teixitsvicens.com\/wp-content\/uploads\/2025\/11\/Pouf-tela-mallorquina-redondo.jpg","width":1200,"height":1800},{"@type":"BreadcrumbList","@id":"https:\/\/teixitsvicens.com\/ca\/producte\/decoracio\/pouff-ca\/puf-rodo-de-tela-mallorquina-225-verd-oliva\/#breadcrumb","itemListElement":[{"@type":"ListItem","position":1,"name":"Inici","item":"https:\/\/teixitsvicens.com\/ca\/home\/"},{"@type":"ListItem","position":2,"name":"Tenda","item":"https:\/\/teixitsvicens.com\/ca\/tenda\/"},{"@type":"ListItem","position":3,"name":"Puf rod\u00f3 de tela mallorquina 225 Verd oliva"}]},{"@type":"WebSite","@id":"https:\/\/teixitsvicens.com\/ca\/#website","url":"https:\/\/teixitsvicens.com\/ca\/","name":"Teixits Vicens","description":"Taller textil artesano","publisher":{"@id":"https:\/\/teixitsvicens.com\/ca\/#organization"},"alternateName":"Teixits Vicens","potentialAction":[{"@type":"SearchAction","target":{"@type":"EntryPoint","urlTemplate":"https:\/\/teixitsvicens.com\/ca\/?s={search_term_string}"},"query-input":{"@type":"PropertyValueSpecification","valueRequired":true,"valueName":"search_term_string"}}],"inLanguage":"ca"},{"@type":"Organization","@id":"https:\/\/teixitsvicens.com\/ca\/#organization","name":"Teixits Vicens","url":"https:\/\/teixitsvicens.com\/ca\/","logo":{"@type":"ImageObject","inLanguage":"ca","@id":"https:\/\/teixitsvicens.com\/ca\/#\/schema\/logo\/image\/","url":"https:\/\/teixitsvicens.com\/wp-content\/uploads\/2025\/10\/logo-teixits-vicents.png","contentUrl":"https:\/\/teixitsvicens.com\/wp-content\/uploads\/2025\/10\/logo-teixits-vicents.png","width":629,"height":131,"caption":"Teixits Vicens"},"image":{"@id":"https:\/\/teixitsvicens.com\/ca\/#\/schema\/logo\/image\/"},"sameAs":["https:\/\/www.facebook.com\/TeixitsVicens\/","https:\/\/www.instagram.com\/teixitsvicens\/"]}]}},"_links":{"self":[{"href":"https:\/\/teixitsvicens.com\/ca\/wp-json\/wp\/v2\/product\/37916","targetHints":{"allow":["GET"]}}],"collection":[{"href":"https:\/\/teixitsvicens.com\/ca\/wp-json\/wp\/v2\/product"}],"about":[{"href":"https:\/\/teixitsvicens.com\/ca\/wp-json\/wp\/v2\/types\/product"}],"replies":[{"embeddable":true,"href":"https:\/\/teixitsvicens.com\/ca\/wp-json\/wp\/v2\/comments?post=37916"}],"wp:featuredmedia":[{"embeddable":true,"href":"https:\/\/teixitsvicens.com\/ca\/wp-json\/wp\/v2\/media\/37913"}],"wp:attachment":[{"href":"https:\/\/teixitsvicens.com\/ca\/wp-json\/wp\/v2\/media?parent=37916"}],"wp:term":[{"taxonomy":"product_brand","embeddable":true,"href":"https:\/\/teixitsvicens.com\/ca\/wp-json\/wp\/v2\/product_brand?post=37916"},{"taxonomy":"product_cat","embeddable":true,"href":"https:\/\/teixitsvicens.com\/ca\/wp-json\/wp\/v2\/product_cat?post=37916"},{"taxonomy":"product_tag","embeddable":true,"href":"https:\/\/teixitsvicens.com\/ca\/wp-json\/wp\/v2\/product_tag?post=37916"}],"curies":[{"name":"wp","href":"https:\/\/api.w.org\/{rel}","templated":true}]}}