{"id":37858,"date":"2025-11-06T15:10:50","date_gmt":"2025-11-06T14:10:50","guid":{"rendered":"https:\/\/teixitsvicens.com\/?post_type=product&#038;p=37858"},"modified":"2025-11-06T15:24:37","modified_gmt":"2025-11-06T14:24:37","slug":"coixi-peixet-de-tela-mallorquina-ikat-104-blau","status":"publish","type":"product","link":"https:\/\/teixitsvicens.com\/ca\/producte\/altres-productes-i-regals\/coixi-peixet-tela-mallorquina\/coixi-peixet-de-tela-mallorquina-ikat-104-blau\/","title":{"rendered":"Coix\u00ed Peixet de Tela Mallorquina Ikat 104 Blau"},"content":{"rendered":"<p data-start=\"809\" data-end=\"863\">Decora la teva llar amb un toc \u00fanic del Mediterrani.<\/p>\n<p data-start=\"865\" data-end=\"1021\">El nostre coix\u00ed en forma de peix est\u00e0 <strong data-start=\"903\" data-end=\"946\">fet a m\u00e0 amb aut\u00e8ntica tela mallorquina<\/strong>, un teixit tradicional de l\u2019illa que combina hist\u00f2ria, color i qualitat.<\/p>\n<p data-start=\"1023\" data-end=\"1220\">Cada pe\u00e7a \u00e9s \u00fanica, confeccionada artesanalment amb cura i atenent a cada detall. El seu disseny divertit i elegant el converteix en un complement ideal<\/p>\n<p data-start=\"1023\" data-end=\"1220\">per a <strong data-start=\"1182\" data-end=\"1217\">sof\u00e0s, llits o racons especials<\/strong>.<\/p>\n<p data-start=\"1222\" data-end=\"1323\">Perfecte per a aquells que estimen la <strong data-start=\"1260\" data-end=\"1320\">decoraci\u00f3 natural, artesanal i amb ess\u00e8ncia mediterr\u00e0nia<\/strong>.<\/p>\n<p data-start=\"1325\" data-end=\"1417\">Aporta <strong data-start=\"1332\" data-end=\"1361\">color, tradici\u00f3 i frescor<\/strong> a casa teva amb aquest <strong data-start=\"1385\" data-end=\"1416\">peix mallorqu\u00ed ple d\u2019encant<\/strong>.<\/p>\n","protected":false},"excerpt":{"rendered":"<p>36cmx15cm<\/p>\n","protected":false},"featured_media":37853,"comment_status":"closed","ping_status":"closed","template":"","meta":[],"product_brand":[],"product_cat":[1581],"product_tag":[],"class_list":{"0":"post-37858","1":"product","2":"type-product","3":"status-publish","4":"has-post-thumbnail","6":"product_cat-coixi-peixet-tela-mallorquina","8":"first","9":"instock","10":"shipping-taxable","11":"purchasable","12":"product-type-simple"},"yoast_head":"<!-- This site is optimized with the Yoast SEO plugin v27.0 - https:\/\/yoast.com\/product\/yoast-seo-wordpress\/ -->\n<title>Coix\u00ed Peixet de Tela Mallorquina Ikat 104 Blau | Teixits Vicens<\/title>\n<meta name=\"robots\" content=\"index, follow, max-snippet:-1, max-image-preview:large, max-video-preview:-1\" \/>\n<link rel=\"canonical\" href=\"https:\/\/teixitsvicens.com\/ca\/producte\/altres-productes-i-regals\/coixi-peixet-tela-mallorquina\/coixi-peixet-de-tela-mallorquina-ikat-104-blau\/\" \/>\n<meta property=\"og:locale\" content=\"ca_ES\" \/>\n<meta property=\"og:type\" content=\"article\" \/>\n<meta property=\"og:title\" content=\"Coix\u00ed Peixet de Tela Mallorquina Ikat 104 Blau | Teixits Vicens\" \/>\n<meta property=\"og:description\" content=\"36cmx15cm\" \/>\n<meta property=\"og:url\" content=\"https:\/\/teixitsvicens.com\/ca\/producte\/altres-productes-i-regals\/coixi-peixet-tela-mallorquina\/coixi-peixet-de-tela-mallorquina-ikat-104-blau\/\" \/>\n<meta property=\"og:site_name\" content=\"Teixits Vicens\" \/>\n<meta property=\"article:publisher\" content=\"https:\/\/www.facebook.com\/TeixitsVicens\/\" \/>\n<meta property=\"article:modified_time\" content=\"2025-11-06T14:24:37+00:00\" \/>\n<meta property=\"og:image\" content=\"https:\/\/teixitsvicens.com\/wp-content\/uploads\/2025\/11\/PEIIX-TELA-MALLORQUINA-IKAT.jpg\" \/>\n\t<meta property=\"og:image:width\" content=\"1200\" \/>\n\t<meta property=\"og:image:height\" content=\"1800\" \/>\n\t<meta property=\"og:image:type\" content=\"image\/jpeg\" \/>\n<meta name=\"twitter:card\" content=\"summary_large_image\" \/>\n<meta name=\"twitter:label1\" content=\"Temps estimat de lectura\" \/>\n\t<meta name=\"twitter:data1\" content=\"1 minute\" \/>\n<!-- \/ Yoast SEO plugin. -->","yoast_head_json":{"title":"Coix\u00ed Peixet de Tela Mallorquina Ikat 104 Blau | Teixits Vicens","robots":{"index":"index","follow":"follow","max-snippet":"max-snippet:-1","max-image-preview":"max-image-preview:large","max-video-preview":"max-video-preview:-1"},"canonical":"https:\/\/teixitsvicens.com\/ca\/producte\/altres-productes-i-regals\/coixi-peixet-tela-mallorquina\/coixi-peixet-de-tela-mallorquina-ikat-104-blau\/","og_locale":"ca_ES","og_type":"article","og_title":"Coix\u00ed Peixet de Tela Mallorquina Ikat 104 Blau | Teixits Vicens","og_description":"36cmx15cm","og_url":"https:\/\/teixitsvicens.com\/ca\/producte\/altres-productes-i-regals\/coixi-peixet-tela-mallorquina\/coixi-peixet-de-tela-mallorquina-ikat-104-blau\/","og_site_name":"Teixits Vicens","article_publisher":"https:\/\/www.facebook.com\/TeixitsVicens\/","article_modified_time":"2025-11-06T14:24:37+00:00","og_image":[{"width":1200,"height":1800,"url":"https:\/\/teixitsvicens.com\/wp-content\/uploads\/2025\/11\/PEIIX-TELA-MALLORQUINA-IKAT.jpg","type":"image\/jpeg"}],"twitter_card":"summary_large_image","twitter_misc":{"Temps estimat de lectura":"1 minute"},"schema":{"@context":"https:\/\/schema.org","@graph":[{"@type":"WebPage","@id":"https:\/\/teixitsvicens.com\/ca\/producte\/altres-productes-i-regals\/coixi-peixet-tela-mallorquina\/coixi-peixet-de-tela-mallorquina-ikat-104-blau\/","url":"https:\/\/teixitsvicens.com\/ca\/producte\/altres-productes-i-regals\/coixi-peixet-tela-mallorquina\/coixi-peixet-de-tela-mallorquina-ikat-104-blau\/","name":"Coix\u00ed Peixet de Tela Mallorquina Ikat 104 Blau | Teixits Vicens","isPartOf":{"@id":"https:\/\/teixitsvicens.com\/ca\/#website"},"primaryImageOfPage":{"@id":"https:\/\/teixitsvicens.com\/ca\/producte\/altres-productes-i-regals\/coixi-peixet-tela-mallorquina\/coixi-peixet-de-tela-mallorquina-ikat-104-blau\/#primaryimage"},"image":{"@id":"https:\/\/teixitsvicens.com\/ca\/producte\/altres-productes-i-regals\/coixi-peixet-tela-mallorquina\/coixi-peixet-de-tela-mallorquina-ikat-104-blau\/#primaryimage"},"thumbnailUrl":"https:\/\/teixitsvicens.com\/wp-content\/uploads\/2025\/11\/PEIIX-TELA-MALLORQUINA-IKAT.jpg","datePublished":"2025-11-06T14:10:50+00:00","dateModified":"2025-11-06T14:24:37+00:00","breadcrumb":{"@id":"https:\/\/teixitsvicens.com\/ca\/producte\/altres-productes-i-regals\/coixi-peixet-tela-mallorquina\/coixi-peixet-de-tela-mallorquina-ikat-104-blau\/#breadcrumb"},"inLanguage":"ca","potentialAction":[{"@type":"ReadAction","target":["https:\/\/teixitsvicens.com\/ca\/producte\/altres-productes-i-regals\/coixi-peixet-tela-mallorquina\/coixi-peixet-de-tela-mallorquina-ikat-104-blau\/"]}]},{"@type":"ImageObject","inLanguage":"ca","@id":"https:\/\/teixitsvicens.com\/ca\/producte\/altres-productes-i-regals\/coixi-peixet-tela-mallorquina\/coixi-peixet-de-tela-mallorquina-ikat-104-blau\/#primaryimage","url":"https:\/\/teixitsvicens.com\/wp-content\/uploads\/2025\/11\/PEIIX-TELA-MALLORQUINA-IKAT.jpg","contentUrl":"https:\/\/teixitsvicens.com\/wp-content\/uploads\/2025\/11\/PEIIX-TELA-MALLORQUINA-IKAT.jpg","width":1200,"height":1800},{"@type":"BreadcrumbList","@id":"https:\/\/teixitsvicens.com\/ca\/producte\/altres-productes-i-regals\/coixi-peixet-tela-mallorquina\/coixi-peixet-de-tela-mallorquina-ikat-104-blau\/#breadcrumb","itemListElement":[{"@type":"ListItem","position":1,"name":"Inici","item":"https:\/\/teixitsvicens.com\/ca\/home\/"},{"@type":"ListItem","position":2,"name":"Tenda","item":"https:\/\/teixitsvicens.com\/ca\/tenda\/"},{"@type":"ListItem","position":3,"name":"Coix\u00ed Peixet de Tela Mallorquina Ikat 104 Blau"}]},{"@type":"WebSite","@id":"https:\/\/teixitsvicens.com\/ca\/#website","url":"https:\/\/teixitsvicens.com\/ca\/","name":"Teixits Vicens","description":"Taller textil artesano","publisher":{"@id":"https:\/\/teixitsvicens.com\/ca\/#organization"},"alternateName":"Teixits Vicens","potentialAction":[{"@type":"SearchAction","target":{"@type":"EntryPoint","urlTemplate":"https:\/\/teixitsvicens.com\/ca\/?s={search_term_string}"},"query-input":{"@type":"PropertyValueSpecification","valueRequired":true,"valueName":"search_term_string"}}],"inLanguage":"ca"},{"@type":"Organization","@id":"https:\/\/teixitsvicens.com\/ca\/#organization","name":"Teixits Vicens","url":"https:\/\/teixitsvicens.com\/ca\/","logo":{"@type":"ImageObject","inLanguage":"ca","@id":"https:\/\/teixitsvicens.com\/ca\/#\/schema\/logo\/image\/","url":"https:\/\/teixitsvicens.com\/wp-content\/uploads\/2025\/10\/logo-teixits-vicents.png","contentUrl":"https:\/\/teixitsvicens.com\/wp-content\/uploads\/2025\/10\/logo-teixits-vicents.png","width":629,"height":131,"caption":"Teixits Vicens"},"image":{"@id":"https:\/\/teixitsvicens.com\/ca\/#\/schema\/logo\/image\/"},"sameAs":["https:\/\/www.facebook.com\/TeixitsVicens\/","https:\/\/www.instagram.com\/teixitsvicens\/"]}]}},"_links":{"self":[{"href":"https:\/\/teixitsvicens.com\/ca\/wp-json\/wp\/v2\/product\/37858","targetHints":{"allow":["GET"]}}],"collection":[{"href":"https:\/\/teixitsvicens.com\/ca\/wp-json\/wp\/v2\/product"}],"about":[{"href":"https:\/\/teixitsvicens.com\/ca\/wp-json\/wp\/v2\/types\/product"}],"replies":[{"embeddable":true,"href":"https:\/\/teixitsvicens.com\/ca\/wp-json\/wp\/v2\/comments?post=37858"}],"wp:featuredmedia":[{"embeddable":true,"href":"https:\/\/teixitsvicens.com\/ca\/wp-json\/wp\/v2\/media\/37853"}],"wp:attachment":[{"href":"https:\/\/teixitsvicens.com\/ca\/wp-json\/wp\/v2\/media?parent=37858"}],"wp:term":[{"taxonomy":"product_brand","embeddable":true,"href":"https:\/\/teixitsvicens.com\/ca\/wp-json\/wp\/v2\/product_brand?post=37858"},{"taxonomy":"product_cat","embeddable":true,"href":"https:\/\/teixitsvicens.com\/ca\/wp-json\/wp\/v2\/product_cat?post=37858"},{"taxonomy":"product_tag","embeddable":true,"href":"https:\/\/teixitsvicens.com\/ca\/wp-json\/wp\/v2\/product_tag?post=37858"}],"curies":[{"name":"wp","href":"https:\/\/api.w.org\/{rel}","templated":true}]}}