{"id":37732,"date":"2025-10-29T12:26:42","date_gmt":"2025-10-29T11:26:42","guid":{"rendered":"https:\/\/teixitsvicens.com\/?post_type=product&#038;p=37732"},"modified":"2025-10-29T12:26:42","modified_gmt":"2025-10-29T11:26:42","slug":"bossa-fruncida-ikat-61-negre","status":"publish","type":"product","link":"https:\/\/teixitsvicens.com\/ca\/producte\/bosses\/bossa-frunzida\/bossa-fruncida-ikat-61-negre\/","title":{"rendered":"Bossa fruncida ikat 61 Negre"},"content":{"rendered":"<p><span class=\"Y2IQFc\" lang=\"ca\">Bossa frunzida de tela de lleng\u00fces Mallorquina, confeccionada a m\u00e0. <\/span><\/p>\n<p><span class=\"Y2IQFc\" lang=\"ca\">El complement ideal per a la temporada primavera-estiu. <\/span><\/p>\n<p><span class=\"Y2IQFc\" lang=\"ca\">\u00c9s la mida perfecta perqu\u00e8 sigui f\u00e0cil de transportar i molt \u00fatil, podem portar moltes coses a dins. <\/span><\/p>\n<p><span class=\"Y2IQFc\" lang=\"ca\">T\u00e9 dues nanses mitjanes per poder-lo portar penjat de l&#8217;espatlla<\/span><\/p>\n","protected":false},"excerpt":{"rendered":"<p>036 x 037 x 015 cm<\/p>\n","protected":false},"featured_media":37721,"comment_status":"closed","ping_status":"closed","template":"","meta":[],"product_brand":[],"product_cat":[848],"product_tag":[],"class_list":{"0":"post-37732","1":"product","2":"type-product","3":"status-publish","4":"has-post-thumbnail","6":"product_cat-bossa-frunzida","8":"first","9":"instock","10":"shipping-taxable","11":"purchasable","12":"product-type-simple"},"yoast_head":"<!-- This site is optimized with the Yoast SEO plugin v27.0 - https:\/\/yoast.com\/product\/yoast-seo-wordpress\/ -->\n<title>Bossa fruncida ikat 61 Negre | Teixits Vicens<\/title>\n<meta name=\"robots\" content=\"index, follow, max-snippet:-1, max-image-preview:large, max-video-preview:-1\" \/>\n<link rel=\"canonical\" href=\"https:\/\/teixitsvicens.com\/ca\/producte\/bosses\/bossa-frunzida\/bossa-fruncida-ikat-61-negre\/\" \/>\n<meta property=\"og:locale\" content=\"ca_ES\" \/>\n<meta property=\"og:type\" content=\"article\" \/>\n<meta property=\"og:title\" content=\"Bossa fruncida ikat 61 Negre | Teixits Vicens\" \/>\n<meta property=\"og:description\" content=\"036 x 037 x 015 cm\" \/>\n<meta property=\"og:url\" content=\"https:\/\/teixitsvicens.com\/ca\/producte\/bosses\/bossa-frunzida\/bossa-fruncida-ikat-61-negre\/\" \/>\n<meta property=\"og:site_name\" content=\"Teixits Vicens\" \/>\n<meta property=\"article:publisher\" content=\"https:\/\/www.facebook.com\/TeixitsVicens\/\" \/>\n<meta property=\"og:image\" content=\"https:\/\/teixitsvicens.com\/wp-content\/uploads\/2025\/10\/BOLSO-FRUNCIT-TELA-MALLORQUINA-IKAT-61-NEGRE.jpg\" \/>\n\t<meta property=\"og:image:width\" content=\"900\" \/>\n\t<meta property=\"og:image:height\" content=\"1350\" \/>\n\t<meta property=\"og:image:type\" content=\"image\/jpeg\" \/>\n<meta name=\"twitter:card\" content=\"summary_large_image\" \/>\n<meta name=\"twitter:label1\" content=\"Temps estimat de lectura\" \/>\n\t<meta name=\"twitter:data1\" content=\"1 minute\" \/>\n<!-- \/ Yoast SEO plugin. -->","yoast_head_json":{"title":"Bossa fruncida ikat 61 Negre | Teixits Vicens","robots":{"index":"index","follow":"follow","max-snippet":"max-snippet:-1","max-image-preview":"max-image-preview:large","max-video-preview":"max-video-preview:-1"},"canonical":"https:\/\/teixitsvicens.com\/ca\/producte\/bosses\/bossa-frunzida\/bossa-fruncida-ikat-61-negre\/","og_locale":"ca_ES","og_type":"article","og_title":"Bossa fruncida ikat 61 Negre | Teixits Vicens","og_description":"036 x 037 x 015 cm","og_url":"https:\/\/teixitsvicens.com\/ca\/producte\/bosses\/bossa-frunzida\/bossa-fruncida-ikat-61-negre\/","og_site_name":"Teixits Vicens","article_publisher":"https:\/\/www.facebook.com\/TeixitsVicens\/","og_image":[{"width":900,"height":1350,"url":"https:\/\/teixitsvicens.com\/wp-content\/uploads\/2025\/10\/BOLSO-FRUNCIT-TELA-MALLORQUINA-IKAT-61-NEGRE.jpg","type":"image\/jpeg"}],"twitter_card":"summary_large_image","twitter_misc":{"Temps estimat de lectura":"1 minute"},"schema":{"@context":"https:\/\/schema.org","@graph":[{"@type":"WebPage","@id":"https:\/\/teixitsvicens.com\/ca\/producte\/bosses\/bossa-frunzida\/bossa-fruncida-ikat-61-negre\/","url":"https:\/\/teixitsvicens.com\/ca\/producte\/bosses\/bossa-frunzida\/bossa-fruncida-ikat-61-negre\/","name":"Bossa fruncida ikat 61 Negre | Teixits Vicens","isPartOf":{"@id":"https:\/\/teixitsvicens.com\/ca\/#website"},"primaryImageOfPage":{"@id":"https:\/\/teixitsvicens.com\/ca\/producte\/bosses\/bossa-frunzida\/bossa-fruncida-ikat-61-negre\/#primaryimage"},"image":{"@id":"https:\/\/teixitsvicens.com\/ca\/producte\/bosses\/bossa-frunzida\/bossa-fruncida-ikat-61-negre\/#primaryimage"},"thumbnailUrl":"https:\/\/teixitsvicens.com\/wp-content\/uploads\/2025\/10\/BOLSO-FRUNCIT-TELA-MALLORQUINA-IKAT-61-NEGRE.jpg","datePublished":"2025-10-29T11:26:42+00:00","breadcrumb":{"@id":"https:\/\/teixitsvicens.com\/ca\/producte\/bosses\/bossa-frunzida\/bossa-fruncida-ikat-61-negre\/#breadcrumb"},"inLanguage":"ca","potentialAction":[{"@type":"ReadAction","target":["https:\/\/teixitsvicens.com\/ca\/producte\/bosses\/bossa-frunzida\/bossa-fruncida-ikat-61-negre\/"]}]},{"@type":"ImageObject","inLanguage":"ca","@id":"https:\/\/teixitsvicens.com\/ca\/producte\/bosses\/bossa-frunzida\/bossa-fruncida-ikat-61-negre\/#primaryimage","url":"https:\/\/teixitsvicens.com\/wp-content\/uploads\/2025\/10\/BOLSO-FRUNCIT-TELA-MALLORQUINA-IKAT-61-NEGRE.jpg","contentUrl":"https:\/\/teixitsvicens.com\/wp-content\/uploads\/2025\/10\/BOLSO-FRUNCIT-TELA-MALLORQUINA-IKAT-61-NEGRE.jpg","width":900,"height":1350},{"@type":"BreadcrumbList","@id":"https:\/\/teixitsvicens.com\/ca\/producte\/bosses\/bossa-frunzida\/bossa-fruncida-ikat-61-negre\/#breadcrumb","itemListElement":[{"@type":"ListItem","position":1,"name":"Inici","item":"https:\/\/teixitsvicens.com\/ca\/home\/"},{"@type":"ListItem","position":2,"name":"Tenda","item":"https:\/\/teixitsvicens.com\/ca\/tenda\/"},{"@type":"ListItem","position":3,"name":"Bossa fruncida ikat 61 Negre"}]},{"@type":"WebSite","@id":"https:\/\/teixitsvicens.com\/ca\/#website","url":"https:\/\/teixitsvicens.com\/ca\/","name":"Teixits Vicens","description":"Taller textil artesano","publisher":{"@id":"https:\/\/teixitsvicens.com\/ca\/#organization"},"alternateName":"Teixits Vicens","potentialAction":[{"@type":"SearchAction","target":{"@type":"EntryPoint","urlTemplate":"https:\/\/teixitsvicens.com\/ca\/?s={search_term_string}"},"query-input":{"@type":"PropertyValueSpecification","valueRequired":true,"valueName":"search_term_string"}}],"inLanguage":"ca"},{"@type":"Organization","@id":"https:\/\/teixitsvicens.com\/ca\/#organization","name":"Teixits Vicens","url":"https:\/\/teixitsvicens.com\/ca\/","logo":{"@type":"ImageObject","inLanguage":"ca","@id":"https:\/\/teixitsvicens.com\/ca\/#\/schema\/logo\/image\/","url":"https:\/\/teixitsvicens.com\/wp-content\/uploads\/2025\/10\/logo-teixits-vicents.png","contentUrl":"https:\/\/teixitsvicens.com\/wp-content\/uploads\/2025\/10\/logo-teixits-vicents.png","width":629,"height":131,"caption":"Teixits Vicens"},"image":{"@id":"https:\/\/teixitsvicens.com\/ca\/#\/schema\/logo\/image\/"},"sameAs":["https:\/\/www.facebook.com\/TeixitsVicens\/","https:\/\/www.instagram.com\/teixitsvicens\/"]}]}},"_links":{"self":[{"href":"https:\/\/teixitsvicens.com\/ca\/wp-json\/wp\/v2\/product\/37732","targetHints":{"allow":["GET"]}}],"collection":[{"href":"https:\/\/teixitsvicens.com\/ca\/wp-json\/wp\/v2\/product"}],"about":[{"href":"https:\/\/teixitsvicens.com\/ca\/wp-json\/wp\/v2\/types\/product"}],"replies":[{"embeddable":true,"href":"https:\/\/teixitsvicens.com\/ca\/wp-json\/wp\/v2\/comments?post=37732"}],"wp:featuredmedia":[{"embeddable":true,"href":"https:\/\/teixitsvicens.com\/ca\/wp-json\/wp\/v2\/media\/37721"}],"wp:attachment":[{"href":"https:\/\/teixitsvicens.com\/ca\/wp-json\/wp\/v2\/media?parent=37732"}],"wp:term":[{"taxonomy":"product_brand","embeddable":true,"href":"https:\/\/teixitsvicens.com\/ca\/wp-json\/wp\/v2\/product_brand?post=37732"},{"taxonomy":"product_cat","embeddable":true,"href":"https:\/\/teixitsvicens.com\/ca\/wp-json\/wp\/v2\/product_cat?post=37732"},{"taxonomy":"product_tag","embeddable":true,"href":"https:\/\/teixitsvicens.com\/ca\/wp-json\/wp\/v2\/product_tag?post=37732"}],"curies":[{"name":"wp","href":"https:\/\/api.w.org\/{rel}","templated":true}]}}