{"id":37682,"date":"2025-10-20T11:42:53","date_gmt":"2025-10-20T09:42:53","guid":{"rendered":"https:\/\/teixitsvicens.com\/?post_type=product&#038;p=37682"},"modified":"2025-10-20T11:42:53","modified_gmt":"2025-10-20T09:42:53","slug":"bossa-mitja-lluna-tela-mallorquina-ikat-61-negre","status":"publish","type":"product","link":"https:\/\/teixitsvicens.com\/ca\/producte\/bosses\/bossa-mitjalluna-tela-mallorquina-bosses\/bossa-mitja-lluna-tela-mallorquina-ikat-61-negre\/","title":{"rendered":"Bossa mitja lluna tela Mallorquina ikat 61 negre"},"content":{"rendered":"<div id=\"tw-target-text-container\" class=\"tw-ta-container tw-nfl\" tabindex=\"0\" role=\"text\">\n<pre id=\"tw-target-text\" class=\"tw-data-text tw-text-large tw-ta\" dir=\"ltr\" tabindex=\"-1\" role=\"text\" data-placeholder=\"Traducci\u00f3n\" data-ved=\"2ahUKEwi9queZu7KQAxVIgP0HHfM5DnoQ3ewLegQIChAV\" aria-label=\"Texto traducido: Bossa de mitja lluna mallorquina de tela \u2013 Artesania amb encant mediterrani\r\n\r\nAquesta bossa d'espatlla de mitja lluna est\u00e0 feta a m\u00e0 amb aut\u00e8ntic teixit mallorqu\u00ed, tamb\u00e9 conegut com &quot;lleng\u00fces&quot;, un teixit tradicional de l'illa que destaca pels seus colors vibrants i el seu caracter\u00edstic estampat en forma de lleng\u00fces de foc.\r\n\r\nAmb un disseny c\u00f2mode i lleuger, la seva forma semicircular s'adapta perfectament al cos, fent-lo l'accessori ideal per a l'\u00fas diari. T\u00e9 tancament de cremallera i folre interior, i el seu m\u00e0nec regulable permet portar-lo a l'espatlla o a la creu segons el teu estil.\r\n\r\nCada pe\u00e7a \u00e9s \u00fanica, feta amb amor en tallers locals, combinant la tradici\u00f3 t\u00e8xtil amb el disseny contemporani.\r\n\r\nCaracter\u00edstiques:\r\n\r\nMaterial: teixit mallorqu\u00ed 100% cot\u00f3\r\n\r\nFolre interior de cot\u00f3\r\n\r\nTancament de cremallera\r\n\r\nM\u00e0nec ajustable\r\n\r\nMides aproximades: [afegiu mesures]\r\n\r\nFet a m\u00e0 a Mallorca\r\n\r\nPorta un trosset de l'illa amb tu all\u00e0 on vagis.\"><span class=\"Y2IQFc\" lang=\"ca\">Bossa de mitja lluna mallorquina de tela \u2013 Artesania amb encant mediterrani\r\n\r\nAquesta bossa d'espatlla de mitja lluna est\u00e0 feta a m\u00e0 amb aut\u00e8ntic teixit mallorqu\u00ed, tamb\u00e9 conegut com \"lleng\u00fces\", un teixit tradicional de l'illa que destaca pels seus colors vibrants i el seu caracter\u00edstic estampat en forma de lleng\u00fces de foc.\r\n\r\nAmb un disseny c\u00f2mode i lleuger, la seva forma semicircular s'adapta perfectament al cos, fent-lo l'accessori ideal per a l'\u00fas diari. T\u00e9 tancament de cremallera i folre interior, i el seu m\u00e0nec regulable permet portar-lo a l'espatlla o a la creu segons el teu estil.\r\n\r\nCada pe\u00e7a \u00e9s \u00fanica, feta amb amor en tallers locals, combinant la tradici\u00f3 t\u00e8xtil amb el disseny contemporani.\r\n\r\nCaracter\u00edstiques:\r\n\r\nMaterial: teixit mallorqu\u00ed 100% cot\u00f3\r\n\r\nFolre interior de cot\u00f3\r\n\r\nTancament de cremallera\r\n\r\nM\u00e0nec ajustable\r\n\r\nFet a m\u00e0 a Mallorca\r\n\r\nPorta un trosset de l'illa amb tu all\u00e0 on vagis.<\/span><\/pre>\n<\/div>\n<div id=\"tw-target-rmn-container\" class=\"tw-target-rmn tw-ta-container tw-nfl\" tabindex=\"-1\" role=\"text\">\n<pre id=\"tw-target-rmn\" class=\"tw-data-placeholder tw-text-small tw-ta\" dir=\"ltr\" tabindex=\"-1\" role=\"text\" data-placeholder=\"\"><\/pre>\n<\/div>\n","protected":false},"excerpt":{"rendered":"<p>26x17x6cm<\/p>\n","protected":false},"featured_media":37671,"comment_status":"closed","ping_status":"closed","template":"","meta":[],"product_brand":[],"product_cat":[1573],"product_tag":[],"class_list":{"0":"post-37682","1":"product","2":"type-product","3":"status-publish","4":"has-post-thumbnail","6":"product_cat-bossa-mitjalluna-tela-mallorquina-bosses","8":"first","9":"instock","10":"shipping-taxable","11":"purchasable","12":"product-type-simple"},"yoast_head":"<!-- This site is optimized with the Yoast SEO plugin v27.0 - https:\/\/yoast.com\/product\/yoast-seo-wordpress\/ -->\n<title>Bossa mitja lluna tela Mallorquina ikat 61 negre | Teixits Vicens<\/title>\n<meta name=\"robots\" content=\"index, follow, max-snippet:-1, max-image-preview:large, max-video-preview:-1\" \/>\n<link rel=\"canonical\" href=\"https:\/\/teixitsvicens.com\/ca\/producte\/bosses\/bossa-mitjalluna-tela-mallorquina-bosses\/bossa-mitja-lluna-tela-mallorquina-ikat-61-negre\/\" \/>\n<meta property=\"og:locale\" content=\"ca_ES\" \/>\n<meta property=\"og:type\" content=\"article\" \/>\n<meta property=\"og:title\" content=\"Bossa mitja lluna tela Mallorquina ikat 61 negre | Teixits Vicens\" \/>\n<meta property=\"og:description\" content=\"26x17x6cm\" \/>\n<meta property=\"og:url\" content=\"https:\/\/teixitsvicens.com\/ca\/producte\/bosses\/bossa-mitjalluna-tela-mallorquina-bosses\/bossa-mitja-lluna-tela-mallorquina-ikat-61-negre\/\" \/>\n<meta property=\"og:site_name\" content=\"Teixits Vicens\" \/>\n<meta property=\"article:publisher\" content=\"https:\/\/www.facebook.com\/TeixitsVicens\/\" \/>\n<meta property=\"og:image\" content=\"https:\/\/teixitsvicens.com\/wp-content\/uploads\/2025\/10\/bolso-rinonera-media-luna-61-negre.jpg\" \/>\n\t<meta property=\"og:image:width\" content=\"1920\" \/>\n\t<meta property=\"og:image:height\" content=\"2560\" \/>\n\t<meta property=\"og:image:type\" content=\"image\/jpeg\" \/>\n<meta name=\"twitter:card\" content=\"summary_large_image\" \/>\n<!-- \/ Yoast SEO plugin. -->","yoast_head_json":{"title":"Bossa mitja lluna tela Mallorquina ikat 61 negre | Teixits Vicens","robots":{"index":"index","follow":"follow","max-snippet":"max-snippet:-1","max-image-preview":"max-image-preview:large","max-video-preview":"max-video-preview:-1"},"canonical":"https:\/\/teixitsvicens.com\/ca\/producte\/bosses\/bossa-mitjalluna-tela-mallorquina-bosses\/bossa-mitja-lluna-tela-mallorquina-ikat-61-negre\/","og_locale":"ca_ES","og_type":"article","og_title":"Bossa mitja lluna tela Mallorquina ikat 61 negre | Teixits Vicens","og_description":"26x17x6cm","og_url":"https:\/\/teixitsvicens.com\/ca\/producte\/bosses\/bossa-mitjalluna-tela-mallorquina-bosses\/bossa-mitja-lluna-tela-mallorquina-ikat-61-negre\/","og_site_name":"Teixits Vicens","article_publisher":"https:\/\/www.facebook.com\/TeixitsVicens\/","og_image":[{"width":1920,"height":2560,"url":"https:\/\/teixitsvicens.com\/wp-content\/uploads\/2025\/10\/bolso-rinonera-media-luna-61-negre.jpg","type":"image\/jpeg"}],"twitter_card":"summary_large_image","schema":{"@context":"https:\/\/schema.org","@graph":[{"@type":"WebPage","@id":"https:\/\/teixitsvicens.com\/ca\/producte\/bosses\/bossa-mitjalluna-tela-mallorquina-bosses\/bossa-mitja-lluna-tela-mallorquina-ikat-61-negre\/","url":"https:\/\/teixitsvicens.com\/ca\/producte\/bosses\/bossa-mitjalluna-tela-mallorquina-bosses\/bossa-mitja-lluna-tela-mallorquina-ikat-61-negre\/","name":"Bossa mitja lluna tela Mallorquina ikat 61 negre | Teixits Vicens","isPartOf":{"@id":"https:\/\/teixitsvicens.com\/ca\/#website"},"primaryImageOfPage":{"@id":"https:\/\/teixitsvicens.com\/ca\/producte\/bosses\/bossa-mitjalluna-tela-mallorquina-bosses\/bossa-mitja-lluna-tela-mallorquina-ikat-61-negre\/#primaryimage"},"image":{"@id":"https:\/\/teixitsvicens.com\/ca\/producte\/bosses\/bossa-mitjalluna-tela-mallorquina-bosses\/bossa-mitja-lluna-tela-mallorquina-ikat-61-negre\/#primaryimage"},"thumbnailUrl":"https:\/\/teixitsvicens.com\/wp-content\/uploads\/2025\/10\/bolso-rinonera-media-luna-61-negre.jpg","datePublished":"2025-10-20T09:42:53+00:00","breadcrumb":{"@id":"https:\/\/teixitsvicens.com\/ca\/producte\/bosses\/bossa-mitjalluna-tela-mallorquina-bosses\/bossa-mitja-lluna-tela-mallorquina-ikat-61-negre\/#breadcrumb"},"inLanguage":"ca","potentialAction":[{"@type":"ReadAction","target":["https:\/\/teixitsvicens.com\/ca\/producte\/bosses\/bossa-mitjalluna-tela-mallorquina-bosses\/bossa-mitja-lluna-tela-mallorquina-ikat-61-negre\/"]}]},{"@type":"ImageObject","inLanguage":"ca","@id":"https:\/\/teixitsvicens.com\/ca\/producte\/bosses\/bossa-mitjalluna-tela-mallorquina-bosses\/bossa-mitja-lluna-tela-mallorquina-ikat-61-negre\/#primaryimage","url":"https:\/\/teixitsvicens.com\/wp-content\/uploads\/2025\/10\/bolso-rinonera-media-luna-61-negre.jpg","contentUrl":"https:\/\/teixitsvicens.com\/wp-content\/uploads\/2025\/10\/bolso-rinonera-media-luna-61-negre.jpg","width":1920,"height":2560},{"@type":"BreadcrumbList","@id":"https:\/\/teixitsvicens.com\/ca\/producte\/bosses\/bossa-mitjalluna-tela-mallorquina-bosses\/bossa-mitja-lluna-tela-mallorquina-ikat-61-negre\/#breadcrumb","itemListElement":[{"@type":"ListItem","position":1,"name":"Inici","item":"https:\/\/teixitsvicens.com\/ca\/home\/"},{"@type":"ListItem","position":2,"name":"Tenda","item":"https:\/\/teixitsvicens.com\/ca\/tenda\/"},{"@type":"ListItem","position":3,"name":"Bossa mitja lluna tela Mallorquina ikat 61 negre"}]},{"@type":"WebSite","@id":"https:\/\/teixitsvicens.com\/ca\/#website","url":"https:\/\/teixitsvicens.com\/ca\/","name":"Teixits Vicens","description":"Taller textil artesano","publisher":{"@id":"https:\/\/teixitsvicens.com\/ca\/#organization"},"alternateName":"Teixits Vicens","potentialAction":[{"@type":"SearchAction","target":{"@type":"EntryPoint","urlTemplate":"https:\/\/teixitsvicens.com\/ca\/?s={search_term_string}"},"query-input":{"@type":"PropertyValueSpecification","valueRequired":true,"valueName":"search_term_string"}}],"inLanguage":"ca"},{"@type":"Organization","@id":"https:\/\/teixitsvicens.com\/ca\/#organization","name":"Teixits Vicens","url":"https:\/\/teixitsvicens.com\/ca\/","logo":{"@type":"ImageObject","inLanguage":"ca","@id":"https:\/\/teixitsvicens.com\/ca\/#\/schema\/logo\/image\/","url":"https:\/\/teixitsvicens.com\/wp-content\/uploads\/2025\/10\/logo-teixits-vicents.png","contentUrl":"https:\/\/teixitsvicens.com\/wp-content\/uploads\/2025\/10\/logo-teixits-vicents.png","width":629,"height":131,"caption":"Teixits Vicens"},"image":{"@id":"https:\/\/teixitsvicens.com\/ca\/#\/schema\/logo\/image\/"},"sameAs":["https:\/\/www.facebook.com\/TeixitsVicens\/","https:\/\/www.instagram.com\/teixitsvicens\/"]}]}},"_links":{"self":[{"href":"https:\/\/teixitsvicens.com\/ca\/wp-json\/wp\/v2\/product\/37682","targetHints":{"allow":["GET"]}}],"collection":[{"href":"https:\/\/teixitsvicens.com\/ca\/wp-json\/wp\/v2\/product"}],"about":[{"href":"https:\/\/teixitsvicens.com\/ca\/wp-json\/wp\/v2\/types\/product"}],"replies":[{"embeddable":true,"href":"https:\/\/teixitsvicens.com\/ca\/wp-json\/wp\/v2\/comments?post=37682"}],"wp:featuredmedia":[{"embeddable":true,"href":"https:\/\/teixitsvicens.com\/ca\/wp-json\/wp\/v2\/media\/37671"}],"wp:attachment":[{"href":"https:\/\/teixitsvicens.com\/ca\/wp-json\/wp\/v2\/media?parent=37682"}],"wp:term":[{"taxonomy":"product_brand","embeddable":true,"href":"https:\/\/teixitsvicens.com\/ca\/wp-json\/wp\/v2\/product_brand?post=37682"},{"taxonomy":"product_cat","embeddable":true,"href":"https:\/\/teixitsvicens.com\/ca\/wp-json\/wp\/v2\/product_cat?post=37682"},{"taxonomy":"product_tag","embeddable":true,"href":"https:\/\/teixitsvicens.com\/ca\/wp-json\/wp\/v2\/product_tag?post=37682"}],"curies":[{"name":"wp","href":"https:\/\/api.w.org\/{rel}","templated":true}]}}