{"id":37323,"date":"2025-08-24T11:32:18","date_gmt":"2025-08-24T09:32:18","guid":{"rendered":"https:\/\/teixitsvicens.com\/?post_type=product&#038;p=37323"},"modified":"2025-08-26T11:38:48","modified_gmt":"2025-08-26T09:38:48","slug":"plumier-tela-mallorquina-61-negre","status":"publish","type":"product","link":"https:\/\/teixitsvicens.com\/ca\/producte\/altres-productes-i-regals\/plumier-tela-mallorquina\/plumier-tela-mallorquina-61-negre\/","title":{"rendered":"Plumier tela Mallorquina 61 Negre"},"content":{"rendered":"<p data-start=\"108\" data-end=\"188\"><strong data-start=\"108\" data-end=\"139\">Plumier de Tela Mallorquina<\/strong><br data-start=\"139\" data-end=\"142\" \/><strong data-start=\"142\" data-end=\"188\">Disseny artesanal \u2013 Eleg\u00e0ncia mediterr\u00e0nia<\/strong><\/p>\n<p data-start=\"190\" data-end=\"303\">Organitza els teus objectes m\u00e9s preuats amb estil amb aquest plumier confeccionat amb aut\u00e8ntica tela mallorquina.<\/p>\n<p data-start=\"305\" data-end=\"409\">Fet a m\u00e0, cada pe\u00e7a \u00e9s \u00fanica i combina la tradici\u00f3 t\u00e8xtil de Mallorca amb un disseny pr\u00e0ctic i vers\u00e0til.<\/p>\n<p data-start=\"411\" data-end=\"493\">Perfecte per guardar llapis, bol\u00edgrafs, pinzells, maquillatge o petits accessoris.<\/p>\n<p data-start=\"495\" data-end=\"618\">Un accessori que porta amb ell l\u2019\u00e0nima del Mediterrani. Ideal per regalar o per donar-te un caprici amb car\u00e0cter artesanal.<\/p>\n","protected":false},"excerpt":{"rendered":"<div class=\"woocommerce-product-details__short-description\">\n<div class=\"woocommerce-product-details__short-description\">\n<div class=\"woocommerce-product-details__short-description\">\n<div class=\"woocommerce-product-details__short-description\">\n<p>024cm x 014cm<\/p>\n<\/div>\n<\/div>\n<\/div>\n<\/div>\n","protected":false},"featured_media":37320,"comment_status":"closed","ping_status":"closed","template":"","meta":[],"product_brand":[],"product_cat":[1333],"product_tag":[],"class_list":{"0":"post-37323","1":"product","2":"type-product","3":"status-publish","4":"has-post-thumbnail","6":"product_cat-plumier-tela-mallorquina","8":"first","9":"instock","10":"shipping-taxable","11":"purchasable","12":"product-type-simple"},"yoast_head":"<!-- This site is optimized with the Yoast SEO plugin v27.0 - https:\/\/yoast.com\/product\/yoast-seo-wordpress\/ -->\n<title>Plumier tela Mallorquina 61 Negre | Teixits Vicens<\/title>\n<meta name=\"robots\" content=\"index, follow, max-snippet:-1, max-image-preview:large, max-video-preview:-1\" \/>\n<link rel=\"canonical\" href=\"https:\/\/teixitsvicens.com\/ca\/producte\/altres-productes-i-regals\/plumier-tela-mallorquina\/plumier-tela-mallorquina-61-negre\/\" \/>\n<meta property=\"og:locale\" content=\"ca_ES\" \/>\n<meta property=\"og:type\" content=\"article\" \/>\n<meta property=\"og:title\" content=\"Plumier tela Mallorquina 61 Negre | Teixits Vicens\" \/>\n<meta property=\"og:description\" content=\"024cm x 014cm\" \/>\n<meta property=\"og:url\" content=\"https:\/\/teixitsvicens.com\/ca\/producte\/altres-productes-i-regals\/plumier-tela-mallorquina\/plumier-tela-mallorquina-61-negre\/\" \/>\n<meta property=\"og:site_name\" content=\"Teixits Vicens\" \/>\n<meta property=\"article:publisher\" content=\"https:\/\/www.facebook.com\/TeixitsVicens\/\" \/>\n<meta property=\"article:modified_time\" content=\"2025-08-26T09:38:48+00:00\" \/>\n<meta property=\"og:image\" content=\"https:\/\/teixitsvicens.com\/wp-content\/uploads\/2025\/08\/plumier-tela-mallorquina-61-negre.jpg\" \/>\n\t<meta property=\"og:image:width\" content=\"1200\" \/>\n\t<meta property=\"og:image:height\" content=\"1800\" \/>\n\t<meta property=\"og:image:type\" content=\"image\/jpeg\" \/>\n<meta name=\"twitter:card\" content=\"summary_large_image\" \/>\n<!-- \/ Yoast SEO plugin. -->","yoast_head_json":{"title":"Plumier tela Mallorquina 61 Negre | Teixits Vicens","robots":{"index":"index","follow":"follow","max-snippet":"max-snippet:-1","max-image-preview":"max-image-preview:large","max-video-preview":"max-video-preview:-1"},"canonical":"https:\/\/teixitsvicens.com\/ca\/producte\/altres-productes-i-regals\/plumier-tela-mallorquina\/plumier-tela-mallorquina-61-negre\/","og_locale":"ca_ES","og_type":"article","og_title":"Plumier tela Mallorquina 61 Negre | Teixits Vicens","og_description":"024cm x 014cm","og_url":"https:\/\/teixitsvicens.com\/ca\/producte\/altres-productes-i-regals\/plumier-tela-mallorquina\/plumier-tela-mallorquina-61-negre\/","og_site_name":"Teixits Vicens","article_publisher":"https:\/\/www.facebook.com\/TeixitsVicens\/","article_modified_time":"2025-08-26T09:38:48+00:00","og_image":[{"width":1200,"height":1800,"url":"https:\/\/teixitsvicens.com\/wp-content\/uploads\/2025\/08\/plumier-tela-mallorquina-61-negre.jpg","type":"image\/jpeg"}],"twitter_card":"summary_large_image","schema":{"@context":"https:\/\/schema.org","@graph":[{"@type":"WebPage","@id":"https:\/\/teixitsvicens.com\/ca\/producte\/altres-productes-i-regals\/plumier-tela-mallorquina\/plumier-tela-mallorquina-61-negre\/","url":"https:\/\/teixitsvicens.com\/ca\/producte\/altres-productes-i-regals\/plumier-tela-mallorquina\/plumier-tela-mallorquina-61-negre\/","name":"Plumier tela Mallorquina 61 Negre | Teixits Vicens","isPartOf":{"@id":"https:\/\/teixitsvicens.com\/ca\/#website"},"primaryImageOfPage":{"@id":"https:\/\/teixitsvicens.com\/ca\/producte\/altres-productes-i-regals\/plumier-tela-mallorquina\/plumier-tela-mallorquina-61-negre\/#primaryimage"},"image":{"@id":"https:\/\/teixitsvicens.com\/ca\/producte\/altres-productes-i-regals\/plumier-tela-mallorquina\/plumier-tela-mallorquina-61-negre\/#primaryimage"},"thumbnailUrl":"https:\/\/teixitsvicens.com\/wp-content\/uploads\/2025\/08\/plumier-tela-mallorquina-61-negre.jpg","datePublished":"2025-08-24T09:32:18+00:00","dateModified":"2025-08-26T09:38:48+00:00","breadcrumb":{"@id":"https:\/\/teixitsvicens.com\/ca\/producte\/altres-productes-i-regals\/plumier-tela-mallorquina\/plumier-tela-mallorquina-61-negre\/#breadcrumb"},"inLanguage":"ca","potentialAction":[{"@type":"ReadAction","target":["https:\/\/teixitsvicens.com\/ca\/producte\/altres-productes-i-regals\/plumier-tela-mallorquina\/plumier-tela-mallorquina-61-negre\/"]}]},{"@type":"ImageObject","inLanguage":"ca","@id":"https:\/\/teixitsvicens.com\/ca\/producte\/altres-productes-i-regals\/plumier-tela-mallorquina\/plumier-tela-mallorquina-61-negre\/#primaryimage","url":"https:\/\/teixitsvicens.com\/wp-content\/uploads\/2025\/08\/plumier-tela-mallorquina-61-negre.jpg","contentUrl":"https:\/\/teixitsvicens.com\/wp-content\/uploads\/2025\/08\/plumier-tela-mallorquina-61-negre.jpg","width":1200,"height":1800},{"@type":"BreadcrumbList","@id":"https:\/\/teixitsvicens.com\/ca\/producte\/altres-productes-i-regals\/plumier-tela-mallorquina\/plumier-tela-mallorquina-61-negre\/#breadcrumb","itemListElement":[{"@type":"ListItem","position":1,"name":"Inici","item":"https:\/\/teixitsvicens.com\/ca\/home\/"},{"@type":"ListItem","position":2,"name":"Tenda","item":"https:\/\/teixitsvicens.com\/ca\/tenda\/"},{"@type":"ListItem","position":3,"name":"Plumier tela Mallorquina 61 Negre"}]},{"@type":"WebSite","@id":"https:\/\/teixitsvicens.com\/ca\/#website","url":"https:\/\/teixitsvicens.com\/ca\/","name":"Teixits Vicens","description":"Taller textil artesano","publisher":{"@id":"https:\/\/teixitsvicens.com\/ca\/#organization"},"alternateName":"Teixits Vicens","potentialAction":[{"@type":"SearchAction","target":{"@type":"EntryPoint","urlTemplate":"https:\/\/teixitsvicens.com\/ca\/?s={search_term_string}"},"query-input":{"@type":"PropertyValueSpecification","valueRequired":true,"valueName":"search_term_string"}}],"inLanguage":"ca"},{"@type":"Organization","@id":"https:\/\/teixitsvicens.com\/ca\/#organization","name":"Teixits Vicens","url":"https:\/\/teixitsvicens.com\/ca\/","logo":{"@type":"ImageObject","inLanguage":"ca","@id":"https:\/\/teixitsvicens.com\/ca\/#\/schema\/logo\/image\/","url":"https:\/\/teixitsvicens.com\/wp-content\/uploads\/2025\/10\/logo-teixits-vicents.png","contentUrl":"https:\/\/teixitsvicens.com\/wp-content\/uploads\/2025\/10\/logo-teixits-vicents.png","width":629,"height":131,"caption":"Teixits Vicens"},"image":{"@id":"https:\/\/teixitsvicens.com\/ca\/#\/schema\/logo\/image\/"},"sameAs":["https:\/\/www.facebook.com\/TeixitsVicens\/","https:\/\/www.instagram.com\/teixitsvicens\/"]}]}},"_links":{"self":[{"href":"https:\/\/teixitsvicens.com\/ca\/wp-json\/wp\/v2\/product\/37323","targetHints":{"allow":["GET"]}}],"collection":[{"href":"https:\/\/teixitsvicens.com\/ca\/wp-json\/wp\/v2\/product"}],"about":[{"href":"https:\/\/teixitsvicens.com\/ca\/wp-json\/wp\/v2\/types\/product"}],"replies":[{"embeddable":true,"href":"https:\/\/teixitsvicens.com\/ca\/wp-json\/wp\/v2\/comments?post=37323"}],"wp:featuredmedia":[{"embeddable":true,"href":"https:\/\/teixitsvicens.com\/ca\/wp-json\/wp\/v2\/media\/37320"}],"wp:attachment":[{"href":"https:\/\/teixitsvicens.com\/ca\/wp-json\/wp\/v2\/media?parent=37323"}],"wp:term":[{"taxonomy":"product_brand","embeddable":true,"href":"https:\/\/teixitsvicens.com\/ca\/wp-json\/wp\/v2\/product_brand?post=37323"},{"taxonomy":"product_cat","embeddable":true,"href":"https:\/\/teixitsvicens.com\/ca\/wp-json\/wp\/v2\/product_cat?post=37323"},{"taxonomy":"product_tag","embeddable":true,"href":"https:\/\/teixitsvicens.com\/ca\/wp-json\/wp\/v2\/product_tag?post=37323"}],"curies":[{"name":"wp","href":"https:\/\/api.w.org\/{rel}","templated":true}]}}