{"id":37250,"date":"2025-08-21T17:17:21","date_gmt":"2025-08-21T15:17:21","guid":{"rendered":"https:\/\/teixitsvicens.com\/?post_type=product&#038;p=37250"},"modified":"2026-04-09T07:33:16","modified_gmt":"2026-04-09T05:33:16","slug":"sabo-artesa-vicens-%c2%b7-menta","status":"publish","type":"product","link":"https:\/\/teixitsvicens.com\/ca\/producte\/altres-productes-i-regals\/sabo-artesa-altres-productes-i-regals\/sabo-artesa-vicens-%c2%b7-menta\/","title":{"rendered":"Sab\u00f3 artes\u00e0 Vicens \u00b7 Menta"},"content":{"rendered":"<h3 data-start=\"51\" data-end=\"91\">Disseny exclusiu de Teixits Vicens<\/h3>\n<p data-start=\"92\" data-end=\"122\">Fet a m\u00e0 per Sarr\u00e8l de Llevant<\/p>\n<p data-start=\"124\" data-end=\"245\">Elaborat artesanalment per Sarr\u00e8l de Llevant, combina ingredients naturals amb una profunda passi\u00f3 per la tradici\u00f3 local.<\/p>\n<p data-start=\"247\" data-end=\"433\">Cada pe\u00e7a est\u00e0 embolicada amb un disseny \u00fanic de Teixits Vicens, un dels tallers t\u00e8xtils m\u00e9s emblem\u00e0tics de l\u2019illa,<br data-start=\"362\" data-end=\"365\" \/>conegut per les seves teles ikat i el seu comprom\u00eds amb l\u2019artesania.<\/p>\n<p data-start=\"435\" data-end=\"596\">Un producte que uneix la cura de la pell, el respecte per la natura i la bellesa del disseny mallorqu\u00ed. Perfecte com a regal amb \u00e0nima o com un petit luxe diari.<\/p>\n<p data-start=\"598\" data-end=\"675\">\u00a0100% natural |\u00a0 Artesania mallorquina |\u00a0 Disseny t\u00e8xtil Teixits Vicens<\/p>\n<p data-start=\"677\" data-end=\"713\"><strong data-start=\"677\" data-end=\"701\">8 cm x 3,5 cm x 4 cm<\/strong><br data-start=\"701\" data-end=\"704\" \/><strong data-start=\"704\" data-end=\"713\">155 g<\/strong><\/p>\n","protected":false},"excerpt":{"rendered":"<p>Disseny exclusiu de Teixits Vicens Fet a m\u00e0 per Sarr\u00e8l de Llevant Elaborat artesanalment per Sarr\u00e8l de Llevant, combina ingredients&#8230;<\/p>\n","protected":false},"featured_media":37242,"comment_status":"closed","ping_status":"closed","template":"","meta":[],"product_brand":[],"product_cat":[1365],"product_tag":[],"class_list":{"0":"post-37250","1":"product","2":"type-product","3":"status-publish","4":"has-post-thumbnail","6":"product_cat-sabo-artesa-altres-productes-i-regals","8":"first","9":"instock","10":"featured","11":"shipping-taxable","12":"purchasable","13":"product-type-simple"},"yoast_head":"<!-- This site is optimized with the Yoast SEO plugin v27.0 - https:\/\/yoast.com\/product\/yoast-seo-wordpress\/ -->\n<title>Sab\u00f3 artes\u00e0 Vicens \u00b7 Menta | Teixits Vicens<\/title>\n<meta name=\"description\" content=\"Sab\u00f3 artes\u00e0 de menta. Elaborat amb ingredients naturals i aroma mediterr\u00e0nia. Fet a m\u00e0 a Mallorca. Regala artesania pura de Teixits Vicens!\" \/>\n<meta name=\"robots\" content=\"index, follow, max-snippet:-1, max-image-preview:large, max-video-preview:-1\" \/>\n<link rel=\"canonical\" href=\"https:\/\/teixitsvicens.com\/ca\/producte\/altres-productes-i-regals\/sabo-artesa-altres-productes-i-regals\/sabo-artesa-vicens-%c2%b7-menta\/\" \/>\n<meta property=\"og:locale\" content=\"ca_ES\" \/>\n<meta property=\"og:type\" content=\"article\" \/>\n<meta property=\"og:title\" content=\"Sab\u00f3 artes\u00e0 Vicens \u00b7 Menta | Teixits Vicens\" \/>\n<meta property=\"og:description\" content=\"Sab\u00f3 artes\u00e0 de menta. Elaborat amb ingredients naturals i aroma mediterr\u00e0nia. Fet a m\u00e0 a Mallorca. Regala artesania pura de Teixits Vicens!\" \/>\n<meta property=\"og:url\" content=\"https:\/\/teixitsvicens.com\/ca\/producte\/altres-productes-i-regals\/sabo-artesa-altres-productes-i-regals\/sabo-artesa-vicens-%c2%b7-menta\/\" \/>\n<meta property=\"og:site_name\" content=\"Teixits Vicens\" \/>\n<meta property=\"article:publisher\" content=\"https:\/\/www.facebook.com\/TeixitsVicens\/\" \/>\n<meta property=\"article:modified_time\" content=\"2026-04-09T05:33:16+00:00\" \/>\n<meta property=\"og:image\" content=\"https:\/\/teixitsvicens.com\/wp-content\/uploads\/2025\/08\/jabon-artesano-mallorca-vicens-m.jpg\" \/>\n\t<meta property=\"og:image:width\" content=\"1200\" \/>\n\t<meta property=\"og:image:height\" content=\"1800\" \/>\n\t<meta property=\"og:image:type\" content=\"image\/jpeg\" \/>\n<meta name=\"twitter:card\" content=\"summary_large_image\" \/>\n<meta name=\"twitter:label1\" content=\"Temps estimat de lectura\" \/>\n\t<meta name=\"twitter:data1\" content=\"1 minute\" \/>\n<!-- \/ Yoast SEO plugin. -->","yoast_head_json":{"title":"Sab\u00f3 artes\u00e0 Vicens \u00b7 Menta | Teixits Vicens","description":"Sab\u00f3 artes\u00e0 de menta. Elaborat amb ingredients naturals i aroma mediterr\u00e0nia. Fet a m\u00e0 a Mallorca. Regala artesania pura de Teixits Vicens!","robots":{"index":"index","follow":"follow","max-snippet":"max-snippet:-1","max-image-preview":"max-image-preview:large","max-video-preview":"max-video-preview:-1"},"canonical":"https:\/\/teixitsvicens.com\/ca\/producte\/altres-productes-i-regals\/sabo-artesa-altres-productes-i-regals\/sabo-artesa-vicens-%c2%b7-menta\/","og_locale":"ca_ES","og_type":"article","og_title":"Sab\u00f3 artes\u00e0 Vicens \u00b7 Menta | Teixits Vicens","og_description":"Sab\u00f3 artes\u00e0 de menta. Elaborat amb ingredients naturals i aroma mediterr\u00e0nia. Fet a m\u00e0 a Mallorca. Regala artesania pura de Teixits Vicens!","og_url":"https:\/\/teixitsvicens.com\/ca\/producte\/altres-productes-i-regals\/sabo-artesa-altres-productes-i-regals\/sabo-artesa-vicens-%c2%b7-menta\/","og_site_name":"Teixits Vicens","article_publisher":"https:\/\/www.facebook.com\/TeixitsVicens\/","article_modified_time":"2026-04-09T05:33:16+00:00","og_image":[{"width":1200,"height":1800,"url":"https:\/\/teixitsvicens.com\/wp-content\/uploads\/2025\/08\/jabon-artesano-mallorca-vicens-m.jpg","type":"image\/jpeg"}],"twitter_card":"summary_large_image","twitter_misc":{"Temps estimat de lectura":"1 minute"},"schema":{"@context":"https:\/\/schema.org","@graph":[{"@type":"WebPage","@id":"https:\/\/teixitsvicens.com\/ca\/producte\/altres-productes-i-regals\/sabo-artesa-altres-productes-i-regals\/sabo-artesa-vicens-%c2%b7-menta\/","url":"https:\/\/teixitsvicens.com\/ca\/producte\/altres-productes-i-regals\/sabo-artesa-altres-productes-i-regals\/sabo-artesa-vicens-%c2%b7-menta\/","name":"Sab\u00f3 artes\u00e0 Vicens \u00b7 Menta | Teixits Vicens","isPartOf":{"@id":"https:\/\/teixitsvicens.com\/ca\/#website"},"primaryImageOfPage":{"@id":"https:\/\/teixitsvicens.com\/ca\/producte\/altres-productes-i-regals\/sabo-artesa-altres-productes-i-regals\/sabo-artesa-vicens-%c2%b7-menta\/#primaryimage"},"image":{"@id":"https:\/\/teixitsvicens.com\/ca\/producte\/altres-productes-i-regals\/sabo-artesa-altres-productes-i-regals\/sabo-artesa-vicens-%c2%b7-menta\/#primaryimage"},"thumbnailUrl":"https:\/\/teixitsvicens.com\/wp-content\/uploads\/2025\/08\/jabon-artesano-mallorca-vicens-m.jpg","datePublished":"2025-08-21T15:17:21+00:00","dateModified":"2026-04-09T05:33:16+00:00","description":"Sab\u00f3 artes\u00e0 de menta. Elaborat amb ingredients naturals i aroma mediterr\u00e0nia. Fet a m\u00e0 a Mallorca. Regala artesania pura de Teixits Vicens!","breadcrumb":{"@id":"https:\/\/teixitsvicens.com\/ca\/producte\/altres-productes-i-regals\/sabo-artesa-altres-productes-i-regals\/sabo-artesa-vicens-%c2%b7-menta\/#breadcrumb"},"inLanguage":"ca","potentialAction":[{"@type":"ReadAction","target":["https:\/\/teixitsvicens.com\/ca\/producte\/altres-productes-i-regals\/sabo-artesa-altres-productes-i-regals\/sabo-artesa-vicens-%c2%b7-menta\/"]}]},{"@type":"ImageObject","inLanguage":"ca","@id":"https:\/\/teixitsvicens.com\/ca\/producte\/altres-productes-i-regals\/sabo-artesa-altres-productes-i-regals\/sabo-artesa-vicens-%c2%b7-menta\/#primaryimage","url":"https:\/\/teixitsvicens.com\/wp-content\/uploads\/2025\/08\/jabon-artesano-mallorca-vicens-m.jpg","contentUrl":"https:\/\/teixitsvicens.com\/wp-content\/uploads\/2025\/08\/jabon-artesano-mallorca-vicens-m.jpg","width":1200,"height":1800},{"@type":"BreadcrumbList","@id":"https:\/\/teixitsvicens.com\/ca\/producte\/altres-productes-i-regals\/sabo-artesa-altres-productes-i-regals\/sabo-artesa-vicens-%c2%b7-menta\/#breadcrumb","itemListElement":[{"@type":"ListItem","position":1,"name":"Inici","item":"https:\/\/teixitsvicens.com\/ca\/home\/"},{"@type":"ListItem","position":2,"name":"Tenda","item":"https:\/\/teixitsvicens.com\/ca\/tenda\/"},{"@type":"ListItem","position":3,"name":"Sab\u00f3 artes\u00e0 Vicens \u00b7 Menta"}]},{"@type":"WebSite","@id":"https:\/\/teixitsvicens.com\/ca\/#website","url":"https:\/\/teixitsvicens.com\/ca\/","name":"Teixits Vicens","description":"Taller textil artesano","publisher":{"@id":"https:\/\/teixitsvicens.com\/ca\/#organization"},"alternateName":"Teixits Vicens","potentialAction":[{"@type":"SearchAction","target":{"@type":"EntryPoint","urlTemplate":"https:\/\/teixitsvicens.com\/ca\/?s={search_term_string}"},"query-input":{"@type":"PropertyValueSpecification","valueRequired":true,"valueName":"search_term_string"}}],"inLanguage":"ca"},{"@type":"Organization","@id":"https:\/\/teixitsvicens.com\/ca\/#organization","name":"Teixits Vicens","url":"https:\/\/teixitsvicens.com\/ca\/","logo":{"@type":"ImageObject","inLanguage":"ca","@id":"https:\/\/teixitsvicens.com\/ca\/#\/schema\/logo\/image\/","url":"https:\/\/teixitsvicens.com\/wp-content\/uploads\/2025\/10\/logo-teixits-vicents.png","contentUrl":"https:\/\/teixitsvicens.com\/wp-content\/uploads\/2025\/10\/logo-teixits-vicents.png","width":629,"height":131,"caption":"Teixits Vicens"},"image":{"@id":"https:\/\/teixitsvicens.com\/ca\/#\/schema\/logo\/image\/"},"sameAs":["https:\/\/www.facebook.com\/TeixitsVicens\/","https:\/\/www.instagram.com\/teixitsvicens\/"]}]}},"_links":{"self":[{"href":"https:\/\/teixitsvicens.com\/ca\/wp-json\/wp\/v2\/product\/37250","targetHints":{"allow":["GET"]}}],"collection":[{"href":"https:\/\/teixitsvicens.com\/ca\/wp-json\/wp\/v2\/product"}],"about":[{"href":"https:\/\/teixitsvicens.com\/ca\/wp-json\/wp\/v2\/types\/product"}],"replies":[{"embeddable":true,"href":"https:\/\/teixitsvicens.com\/ca\/wp-json\/wp\/v2\/comments?post=37250"}],"wp:featuredmedia":[{"embeddable":true,"href":"https:\/\/teixitsvicens.com\/ca\/wp-json\/wp\/v2\/media\/37242"}],"wp:attachment":[{"href":"https:\/\/teixitsvicens.com\/ca\/wp-json\/wp\/v2\/media?parent=37250"}],"wp:term":[{"taxonomy":"product_brand","embeddable":true,"href":"https:\/\/teixitsvicens.com\/ca\/wp-json\/wp\/v2\/product_brand?post=37250"},{"taxonomy":"product_cat","embeddable":true,"href":"https:\/\/teixitsvicens.com\/ca\/wp-json\/wp\/v2\/product_cat?post=37250"},{"taxonomy":"product_tag","embeddable":true,"href":"https:\/\/teixitsvicens.com\/ca\/wp-json\/wp\/v2\/product_tag?post=37250"}],"curies":[{"name":"wp","href":"https:\/\/api.w.org\/{rel}","templated":true}]}}