{"id":36519,"date":"2025-06-06T15:25:04","date_gmt":"2025-06-06T13:25:04","guid":{"rendered":"https:\/\/teixitsvicens.com\/?post_type=product&#038;p=36519"},"modified":"2025-06-06T15:25:05","modified_gmt":"2025-06-06T13:25:05","slug":"bossa-motxilla-caleta-tela-mallorquina-105-blau","status":"publish","type":"product","link":"https:\/\/teixitsvicens.com\/ca\/producte\/bosses\/bossa-moxilla-caleta\/bossa-motxilla-caleta-tela-mallorquina-105-blau\/","title":{"rendered":"Bossa Motxilla Caleta tela Mallorquina 105 Blau"},"content":{"rendered":"<div id=\"tw-target-text-container\" class=\"tw-ta-container tw-nfl\" tabindex=\"0\" role=\"text\">\n<pre id=\"tw-target-text\" class=\"tw-data-text tw-text-large tw-ta\" dir=\"ltr\" data-placeholder=\"Traducci\u00f3\" data-ved=\"2ahUKEwjAzIPs7dyNAxVMg_0HHUtaAUIQ3ewLegQIDRAU\" aria-label=\"Text tradu\u00eft: Bossa Motxilla Caleta tela Mallorquina 105 Blau\r\n\r\n\r\nUn patr\u00f3 oblidat, recuperat puntada a puntada. Una bossa artesanal que honra les nostres arrels amb cada fil. Aquesta bossa neix d'un disseny trobat als fitxers familiars: un patr\u00f3 creat per l'\u00e0via, que fins ara no havia vist la llum. Avui el recuperem fil a fil, perqu\u00e8 la bellesa heretada tamb\u00e9 es pot estrenar.\"><span class=\"Y2IQFc\" lang=\"ca\">Aquesta bossa neix d'un disseny trobat als fitxers familiars: un patr\u00f3 creat per l'\u00e0via, que fins ara no havia vist la llum. \r\n\r\nAvui el recuperem fil a fil, perqu\u00e8 la bellesa heretada tamb\u00e9 es pot estrenar.\r\n\r\nUn patr\u00f3 oblidat, recuperat puntada a puntada. Una bossa artesanal que honra les nostres arrels amb cada fil. <\/span><\/pre>\n<\/div>\n<div id=\"tw-target-rmn-container\" class=\"tw-target-rmn tw-ta-container tw-nfl\" tabindex=\"0\" role=\"text\">\n<pre id=\"tw-target-rmn\" class=\"tw-data-placeholder tw-text-small tw-ta\" dir=\"ltr\" data-placeholder=\"\"><\/pre>\n<\/div>\n","protected":false},"excerpt":{"rendered":"<div class=\"woocommerce-product-details__short-description\">\n<p>28cm x 14cm<\/p>\n<\/div>\n","protected":false},"featured_media":36512,"comment_status":"closed","ping_status":"closed","template":"","meta":[],"product_brand":[],"product_cat":[871],"product_tag":[],"class_list":{"0":"post-36519","1":"product","2":"type-product","3":"status-publish","4":"has-post-thumbnail","6":"product_cat-bossa-moxilla-caleta","8":"first","9":"instock","10":"shipping-taxable","11":"purchasable","12":"product-type-simple"},"yoast_head":"<!-- This site is optimized with the Yoast SEO plugin v27.0 - https:\/\/yoast.com\/product\/yoast-seo-wordpress\/ -->\n<title>Bossa Motxilla Caleta tela Mallorquina 105 Blau | Teixits Vicens<\/title>\n<meta name=\"robots\" content=\"index, follow, max-snippet:-1, max-image-preview:large, max-video-preview:-1\" \/>\n<link rel=\"canonical\" href=\"https:\/\/teixitsvicens.com\/ca\/producte\/bosses\/bossa-moxilla-caleta\/bossa-motxilla-caleta-tela-mallorquina-105-blau\/\" \/>\n<meta property=\"og:locale\" content=\"ca_ES\" \/>\n<meta property=\"og:type\" content=\"article\" \/>\n<meta property=\"og:title\" content=\"Bossa Motxilla Caleta tela Mallorquina 105 Blau | Teixits Vicens\" \/>\n<meta property=\"og:description\" content=\"28cm x 14cm\" \/>\n<meta property=\"og:url\" content=\"https:\/\/teixitsvicens.com\/ca\/producte\/bosses\/bossa-moxilla-caleta\/bossa-motxilla-caleta-tela-mallorquina-105-blau\/\" \/>\n<meta property=\"og:site_name\" content=\"Teixits Vicens\" \/>\n<meta property=\"article:publisher\" content=\"https:\/\/www.facebook.com\/TeixitsVicens\/\" \/>\n<meta property=\"article:modified_time\" content=\"2025-06-06T13:25:05+00:00\" \/>\n<meta property=\"og:image\" content=\"https:\/\/teixitsvicens.com\/wp-content\/uploads\/2025\/06\/Bolso-Caleta-tela-mallorquina-105-Blau.jpg\" \/>\n\t<meta property=\"og:image:width\" content=\"1200\" \/>\n\t<meta property=\"og:image:height\" content=\"1800\" \/>\n\t<meta property=\"og:image:type\" content=\"image\/jpeg\" \/>\n<meta name=\"twitter:card\" content=\"summary_large_image\" \/>\n<!-- \/ Yoast SEO plugin. -->","yoast_head_json":{"title":"Bossa Motxilla Caleta tela Mallorquina 105 Blau | Teixits Vicens","robots":{"index":"index","follow":"follow","max-snippet":"max-snippet:-1","max-image-preview":"max-image-preview:large","max-video-preview":"max-video-preview:-1"},"canonical":"https:\/\/teixitsvicens.com\/ca\/producte\/bosses\/bossa-moxilla-caleta\/bossa-motxilla-caleta-tela-mallorquina-105-blau\/","og_locale":"ca_ES","og_type":"article","og_title":"Bossa Motxilla Caleta tela Mallorquina 105 Blau | Teixits Vicens","og_description":"28cm x 14cm","og_url":"https:\/\/teixitsvicens.com\/ca\/producte\/bosses\/bossa-moxilla-caleta\/bossa-motxilla-caleta-tela-mallorquina-105-blau\/","og_site_name":"Teixits Vicens","article_publisher":"https:\/\/www.facebook.com\/TeixitsVicens\/","article_modified_time":"2025-06-06T13:25:05+00:00","og_image":[{"width":1200,"height":1800,"url":"https:\/\/teixitsvicens.com\/wp-content\/uploads\/2025\/06\/Bolso-Caleta-tela-mallorquina-105-Blau.jpg","type":"image\/jpeg"}],"twitter_card":"summary_large_image","schema":{"@context":"https:\/\/schema.org","@graph":[{"@type":"WebPage","@id":"https:\/\/teixitsvicens.com\/ca\/producte\/bosses\/bossa-moxilla-caleta\/bossa-motxilla-caleta-tela-mallorquina-105-blau\/","url":"https:\/\/teixitsvicens.com\/ca\/producte\/bosses\/bossa-moxilla-caleta\/bossa-motxilla-caleta-tela-mallorquina-105-blau\/","name":"Bossa Motxilla Caleta tela Mallorquina 105 Blau | Teixits Vicens","isPartOf":{"@id":"https:\/\/teixitsvicens.com\/ca\/#website"},"primaryImageOfPage":{"@id":"https:\/\/teixitsvicens.com\/ca\/producte\/bosses\/bossa-moxilla-caleta\/bossa-motxilla-caleta-tela-mallorquina-105-blau\/#primaryimage"},"image":{"@id":"https:\/\/teixitsvicens.com\/ca\/producte\/bosses\/bossa-moxilla-caleta\/bossa-motxilla-caleta-tela-mallorquina-105-blau\/#primaryimage"},"thumbnailUrl":"https:\/\/teixitsvicens.com\/wp-content\/uploads\/2025\/06\/Bolso-Caleta-tela-mallorquina-105-Blau.jpg","datePublished":"2025-06-06T13:25:04+00:00","dateModified":"2025-06-06T13:25:05+00:00","breadcrumb":{"@id":"https:\/\/teixitsvicens.com\/ca\/producte\/bosses\/bossa-moxilla-caleta\/bossa-motxilla-caleta-tela-mallorquina-105-blau\/#breadcrumb"},"inLanguage":"ca","potentialAction":[{"@type":"ReadAction","target":["https:\/\/teixitsvicens.com\/ca\/producte\/bosses\/bossa-moxilla-caleta\/bossa-motxilla-caleta-tela-mallorquina-105-blau\/"]}]},{"@type":"ImageObject","inLanguage":"ca","@id":"https:\/\/teixitsvicens.com\/ca\/producte\/bosses\/bossa-moxilla-caleta\/bossa-motxilla-caleta-tela-mallorquina-105-blau\/#primaryimage","url":"https:\/\/teixitsvicens.com\/wp-content\/uploads\/2025\/06\/Bolso-Caleta-tela-mallorquina-105-Blau.jpg","contentUrl":"https:\/\/teixitsvicens.com\/wp-content\/uploads\/2025\/06\/Bolso-Caleta-tela-mallorquina-105-Blau.jpg","width":1200,"height":1800},{"@type":"BreadcrumbList","@id":"https:\/\/teixitsvicens.com\/ca\/producte\/bosses\/bossa-moxilla-caleta\/bossa-motxilla-caleta-tela-mallorquina-105-blau\/#breadcrumb","itemListElement":[{"@type":"ListItem","position":1,"name":"Inici","item":"https:\/\/teixitsvicens.com\/ca\/home\/"},{"@type":"ListItem","position":2,"name":"Tenda","item":"https:\/\/teixitsvicens.com\/ca\/tenda\/"},{"@type":"ListItem","position":3,"name":"Bossa Motxilla Caleta tela Mallorquina 105 Blau"}]},{"@type":"WebSite","@id":"https:\/\/teixitsvicens.com\/ca\/#website","url":"https:\/\/teixitsvicens.com\/ca\/","name":"Teixits Vicens","description":"Taller textil artesano","publisher":{"@id":"https:\/\/teixitsvicens.com\/ca\/#organization"},"alternateName":"Teixits Vicens","potentialAction":[{"@type":"SearchAction","target":{"@type":"EntryPoint","urlTemplate":"https:\/\/teixitsvicens.com\/ca\/?s={search_term_string}"},"query-input":{"@type":"PropertyValueSpecification","valueRequired":true,"valueName":"search_term_string"}}],"inLanguage":"ca"},{"@type":"Organization","@id":"https:\/\/teixitsvicens.com\/ca\/#organization","name":"Teixits Vicens","url":"https:\/\/teixitsvicens.com\/ca\/","logo":{"@type":"ImageObject","inLanguage":"ca","@id":"https:\/\/teixitsvicens.com\/ca\/#\/schema\/logo\/image\/","url":"https:\/\/teixitsvicens.com\/wp-content\/uploads\/2025\/10\/logo-teixits-vicents.png","contentUrl":"https:\/\/teixitsvicens.com\/wp-content\/uploads\/2025\/10\/logo-teixits-vicents.png","width":629,"height":131,"caption":"Teixits Vicens"},"image":{"@id":"https:\/\/teixitsvicens.com\/ca\/#\/schema\/logo\/image\/"},"sameAs":["https:\/\/www.facebook.com\/TeixitsVicens\/","https:\/\/www.instagram.com\/teixitsvicens\/"]}]}},"_links":{"self":[{"href":"https:\/\/teixitsvicens.com\/ca\/wp-json\/wp\/v2\/product\/36519","targetHints":{"allow":["GET"]}}],"collection":[{"href":"https:\/\/teixitsvicens.com\/ca\/wp-json\/wp\/v2\/product"}],"about":[{"href":"https:\/\/teixitsvicens.com\/ca\/wp-json\/wp\/v2\/types\/product"}],"replies":[{"embeddable":true,"href":"https:\/\/teixitsvicens.com\/ca\/wp-json\/wp\/v2\/comments?post=36519"}],"wp:featuredmedia":[{"embeddable":true,"href":"https:\/\/teixitsvicens.com\/ca\/wp-json\/wp\/v2\/media\/36512"}],"wp:attachment":[{"href":"https:\/\/teixitsvicens.com\/ca\/wp-json\/wp\/v2\/media?parent=36519"}],"wp:term":[{"taxonomy":"product_brand","embeddable":true,"href":"https:\/\/teixitsvicens.com\/ca\/wp-json\/wp\/v2\/product_brand?post=36519"},{"taxonomy":"product_cat","embeddable":true,"href":"https:\/\/teixitsvicens.com\/ca\/wp-json\/wp\/v2\/product_cat?post=36519"},{"taxonomy":"product_tag","embeddable":true,"href":"https:\/\/teixitsvicens.com\/ca\/wp-json\/wp\/v2\/product_tag?post=36519"}],"curies":[{"name":"wp","href":"https:\/\/api.w.org\/{rel}","templated":true}]}}