{"id":35779,"date":"2025-01-24T14:51:26","date_gmt":"2025-01-24T13:51:26","guid":{"rendered":"https:\/\/teixitsvicens.com\/?post_type=product&#038;p=35779"},"modified":"2026-02-06T10:11:08","modified_gmt":"2026-02-06T09:11:08","slug":"tela-ratlles-211-verd-oliva","status":"publish","type":"product","link":"https:\/\/teixitsvicens.com\/ca\/producte\/teles-mallorquines\/teles-retxes\/tela-ratlles-verda-ca\/tela-ratlles-211-verd-oliva\/","title":{"rendered":"Tela ratlles 211 Verd Oliva"},"content":{"rendered":"<p>Tela Mallorquina per metres artesana, elaborada amb la t\u00e8cnica de l&#8217;ikat. Tela en l\u00ednia per dur a terme les teves idees de projectes decoratius.<\/p>\n<p>La tela Mallorquina \u00e9s ideal per entapissar, per a cortines, cobrellits, fer els teus propis coixins, i una infinitat de possibilitats creatives; adaptant-se a tot tipus d&#8217;ambients, medi-terranis, r\u00fastics, cl\u00e0ssics, moderns\u2026<\/p>\n<p>Tot aix\u00f2, amb un denominador com\u00fa: la qualitat. Una qualitat final que nom\u00e9s s&#8217;obt\u00e9 des-pr\u00e9s de molts anys d&#8217;esfor\u00e7, mantenint el millor de la tradici\u00f3, utilitzant els millors materi-als, les fibres naturals i els bells colors, que donen als nostres teixits aquest car\u00e0cter tan propi. Creant entorns d&#8217;agradable bellesa. Perqu\u00e8 vestir casa seva sigui tot un plaer.<\/p>\n<p>Decora amb les teles t\u00edpiques Mallorquines o teles de lleng\u00fces i aconsegueix un ambient mediterrani amb aquests teixits de fibres naturals.<\/p>\n<p>Teles de lli i cot\u00f3, fetes a m\u00e0 Artesanalment al nostre taller de Pollen\u00e7a, Mallorca.<\/p>\n","protected":false},"excerpt":{"rendered":"<p>Tela Mallorquina per metres artesana, elaborada amb la t\u00e8cnica de l&#8217;ikat. Tela en l\u00ednia per dur a terme les teves&#8230;<\/p>\n","protected":false},"featured_media":35776,"comment_status":"closed","ping_status":"closed","template":"","meta":[],"product_brand":[],"product_cat":[1318],"product_tag":[],"class_list":{"0":"post-35779","1":"product","2":"type-product","3":"status-publish","4":"has-post-thumbnail","6":"product_cat-tela-ratlles-verda-ca","8":"first","9":"instock","10":"shipping-taxable","11":"purchasable","12":"product-type-variable","13":"has-default-attributes"},"yoast_head":"<!-- This site is optimized with the Yoast SEO plugin v27.0 - https:\/\/yoast.com\/product\/yoast-seo-wordpress\/ -->\n<title>Tela ratlles 211 Verd Oliva | Teixits Vicens<\/title>\n<meta name=\"description\" content=\"Tela Mallorquina per metres artesana, elaborada amb la t\u00e8cnica de l&#039;ikat. Tela en l\u00ednia per dur a terme les teves idees de projectes decoratius.\" \/>\n<meta name=\"robots\" content=\"index, follow, max-snippet:-1, max-image-preview:large, max-video-preview:-1\" \/>\n<link rel=\"canonical\" href=\"https:\/\/teixitsvicens.com\/ca\/producte\/teles-mallorquines\/teles-retxes\/tela-ratlles-verda-ca\/tela-ratlles-211-verd-oliva\/\" \/>\n<meta property=\"og:locale\" content=\"ca_ES\" \/>\n<meta property=\"og:type\" content=\"article\" \/>\n<meta property=\"og:title\" content=\"Tela ratlles 211 Verd Oliva | Teixits Vicens\" \/>\n<meta property=\"og:description\" content=\"Tela Mallorquina per metres artesana, elaborada amb la t\u00e8cnica de l&#039;ikat. Tela en l\u00ednia per dur a terme les teves idees de projectes decoratius.\" \/>\n<meta property=\"og:url\" content=\"https:\/\/teixitsvicens.com\/ca\/producte\/teles-mallorquines\/teles-retxes\/tela-ratlles-verda-ca\/tela-ratlles-211-verd-oliva\/\" \/>\n<meta property=\"og:site_name\" content=\"Teixits Vicens\" \/>\n<meta property=\"article:publisher\" content=\"https:\/\/www.facebook.com\/TeixitsVicens\/\" \/>\n<meta property=\"article:modified_time\" content=\"2026-02-06T09:11:08+00:00\" \/>\n<meta property=\"og:image\" content=\"https:\/\/teixitsvicens.com\/wp-content\/uploads\/2025\/01\/TELESV-0224.jpg\" \/>\n\t<meta property=\"og:image:width\" content=\"1200\" \/>\n\t<meta property=\"og:image:height\" content=\"800\" \/>\n\t<meta property=\"og:image:type\" content=\"image\/jpeg\" \/>\n<meta name=\"twitter:card\" content=\"summary_large_image\" \/>\n<meta name=\"twitter:label1\" content=\"Temps estimat de lectura\" \/>\n\t<meta name=\"twitter:data1\" content=\"1 minute\" \/>\n<!-- \/ Yoast SEO plugin. -->","yoast_head_json":{"title":"Tela ratlles 211 Verd Oliva | Teixits Vicens","description":"Tela Mallorquina per metres artesana, elaborada amb la t\u00e8cnica de l'ikat. Tela en l\u00ednia per dur a terme les teves idees de projectes decoratius.","robots":{"index":"index","follow":"follow","max-snippet":"max-snippet:-1","max-image-preview":"max-image-preview:large","max-video-preview":"max-video-preview:-1"},"canonical":"https:\/\/teixitsvicens.com\/ca\/producte\/teles-mallorquines\/teles-retxes\/tela-ratlles-verda-ca\/tela-ratlles-211-verd-oliva\/","og_locale":"ca_ES","og_type":"article","og_title":"Tela ratlles 211 Verd Oliva | Teixits Vicens","og_description":"Tela Mallorquina per metres artesana, elaborada amb la t\u00e8cnica de l'ikat. Tela en l\u00ednia per dur a terme les teves idees de projectes decoratius.","og_url":"https:\/\/teixitsvicens.com\/ca\/producte\/teles-mallorquines\/teles-retxes\/tela-ratlles-verda-ca\/tela-ratlles-211-verd-oliva\/","og_site_name":"Teixits Vicens","article_publisher":"https:\/\/www.facebook.com\/TeixitsVicens\/","article_modified_time":"2026-02-06T09:11:08+00:00","og_image":[{"width":1200,"height":800,"url":"https:\/\/teixitsvicens.com\/wp-content\/uploads\/2025\/01\/TELESV-0224.jpg","type":"image\/jpeg"}],"twitter_card":"summary_large_image","twitter_misc":{"Temps estimat de lectura":"1 minute"},"schema":{"@context":"https:\/\/schema.org","@graph":[{"@type":"WebPage","@id":"https:\/\/teixitsvicens.com\/ca\/producte\/teles-mallorquines\/teles-retxes\/tela-ratlles-verda-ca\/tela-ratlles-211-verd-oliva\/","url":"https:\/\/teixitsvicens.com\/ca\/producte\/teles-mallorquines\/teles-retxes\/tela-ratlles-verda-ca\/tela-ratlles-211-verd-oliva\/","name":"Tela ratlles 211 Verd Oliva | Teixits Vicens","isPartOf":{"@id":"https:\/\/teixitsvicens.com\/ca\/#website"},"primaryImageOfPage":{"@id":"https:\/\/teixitsvicens.com\/ca\/producte\/teles-mallorquines\/teles-retxes\/tela-ratlles-verda-ca\/tela-ratlles-211-verd-oliva\/#primaryimage"},"image":{"@id":"https:\/\/teixitsvicens.com\/ca\/producte\/teles-mallorquines\/teles-retxes\/tela-ratlles-verda-ca\/tela-ratlles-211-verd-oliva\/#primaryimage"},"thumbnailUrl":"https:\/\/teixitsvicens.com\/wp-content\/uploads\/2025\/01\/TELESV-0224.jpg","datePublished":"2025-01-24T13:51:26+00:00","dateModified":"2026-02-06T09:11:08+00:00","description":"Tela Mallorquina per metres artesana, elaborada amb la t\u00e8cnica de l'ikat. Tela en l\u00ednia per dur a terme les teves idees de projectes decoratius.","breadcrumb":{"@id":"https:\/\/teixitsvicens.com\/ca\/producte\/teles-mallorquines\/teles-retxes\/tela-ratlles-verda-ca\/tela-ratlles-211-verd-oliva\/#breadcrumb"},"inLanguage":"ca","potentialAction":[{"@type":"ReadAction","target":["https:\/\/teixitsvicens.com\/ca\/producte\/teles-mallorquines\/teles-retxes\/tela-ratlles-verda-ca\/tela-ratlles-211-verd-oliva\/"]}]},{"@type":"ImageObject","inLanguage":"ca","@id":"https:\/\/teixitsvicens.com\/ca\/producte\/teles-mallorquines\/teles-retxes\/tela-ratlles-verda-ca\/tela-ratlles-211-verd-oliva\/#primaryimage","url":"https:\/\/teixitsvicens.com\/wp-content\/uploads\/2025\/01\/TELESV-0224.jpg","contentUrl":"https:\/\/teixitsvicens.com\/wp-content\/uploads\/2025\/01\/TELESV-0224.jpg","width":1200,"height":800},{"@type":"BreadcrumbList","@id":"https:\/\/teixitsvicens.com\/ca\/producte\/teles-mallorquines\/teles-retxes\/tela-ratlles-verda-ca\/tela-ratlles-211-verd-oliva\/#breadcrumb","itemListElement":[{"@type":"ListItem","position":1,"name":"Inici","item":"https:\/\/teixitsvicens.com\/ca\/home\/"},{"@type":"ListItem","position":2,"name":"Tenda","item":"https:\/\/teixitsvicens.com\/ca\/tenda\/"},{"@type":"ListItem","position":3,"name":"Tela ratlles 211 Verd Oliva"}]},{"@type":"WebSite","@id":"https:\/\/teixitsvicens.com\/ca\/#website","url":"https:\/\/teixitsvicens.com\/ca\/","name":"Teixits Vicens","description":"Taller textil artesano","publisher":{"@id":"https:\/\/teixitsvicens.com\/ca\/#organization"},"alternateName":"Teixits Vicens","potentialAction":[{"@type":"SearchAction","target":{"@type":"EntryPoint","urlTemplate":"https:\/\/teixitsvicens.com\/ca\/?s={search_term_string}"},"query-input":{"@type":"PropertyValueSpecification","valueRequired":true,"valueName":"search_term_string"}}],"inLanguage":"ca"},{"@type":"Organization","@id":"https:\/\/teixitsvicens.com\/ca\/#organization","name":"Teixits Vicens","url":"https:\/\/teixitsvicens.com\/ca\/","logo":{"@type":"ImageObject","inLanguage":"ca","@id":"https:\/\/teixitsvicens.com\/ca\/#\/schema\/logo\/image\/","url":"https:\/\/teixitsvicens.com\/wp-content\/uploads\/2025\/10\/logo-teixits-vicents.png","contentUrl":"https:\/\/teixitsvicens.com\/wp-content\/uploads\/2025\/10\/logo-teixits-vicents.png","width":629,"height":131,"caption":"Teixits Vicens"},"image":{"@id":"https:\/\/teixitsvicens.com\/ca\/#\/schema\/logo\/image\/"},"sameAs":["https:\/\/www.facebook.com\/TeixitsVicens\/","https:\/\/www.instagram.com\/teixitsvicens\/"]}]}},"_links":{"self":[{"href":"https:\/\/teixitsvicens.com\/ca\/wp-json\/wp\/v2\/product\/35779","targetHints":{"allow":["GET"]}}],"collection":[{"href":"https:\/\/teixitsvicens.com\/ca\/wp-json\/wp\/v2\/product"}],"about":[{"href":"https:\/\/teixitsvicens.com\/ca\/wp-json\/wp\/v2\/types\/product"}],"replies":[{"embeddable":true,"href":"https:\/\/teixitsvicens.com\/ca\/wp-json\/wp\/v2\/comments?post=35779"}],"wp:featuredmedia":[{"embeddable":true,"href":"https:\/\/teixitsvicens.com\/ca\/wp-json\/wp\/v2\/media\/35776"}],"wp:attachment":[{"href":"https:\/\/teixitsvicens.com\/ca\/wp-json\/wp\/v2\/media?parent=35779"}],"wp:term":[{"taxonomy":"product_brand","embeddable":true,"href":"https:\/\/teixitsvicens.com\/ca\/wp-json\/wp\/v2\/product_brand?post=35779"},{"taxonomy":"product_cat","embeddable":true,"href":"https:\/\/teixitsvicens.com\/ca\/wp-json\/wp\/v2\/product_cat?post=35779"},{"taxonomy":"product_tag","embeddable":true,"href":"https:\/\/teixitsvicens.com\/ca\/wp-json\/wp\/v2\/product_tag?post=35779"}],"curies":[{"name":"wp","href":"https:\/\/api.w.org\/{rel}","templated":true}]}}