{"id":35588,"date":"2024-12-11T12:18:52","date_gmt":"2024-12-11T11:18:52","guid":{"rendered":"https:\/\/teixitsvicens.com\/?post_type=product&#038;p=35588"},"modified":"2025-10-14T16:48:15","modified_gmt":"2025-10-14T14:48:15","slug":"bossa-tela-ikat-compra-150-rosa-b","status":"publish","type":"product","link":"https:\/\/teixitsvicens.com\/ca\/producte\/altres-productes-i-regals\/bossa-compra-altres-productes-i-regals\/bossa-tela-ikat-compra-150-rosa-b\/","title":{"rendered":"Bossa tela ikat compra 150 Rosa f\u00facsia"},"content":{"rendered":"<p>Aquesta bossa de tela de lleng\u00fces mallorquines \u00e9s l\u2019alternativa perfecta a les bosses de pl\u00e0stic per anar a comprar.<\/p>\n<p>Molt resistent i f\u00e0cil de rentar per tornar-la a emprar.<\/p>\n<p>100% sostenible i feta de manera artesanal.<\/p>\n<p>Tamb\u00e9 es pot utilitzar com a bossa de m\u00e0 o de bandolera.<\/p>\n<p>Mides (L): 0,35 cm \u00d7 0,53 cm \u00d7 0,16 cm<br \/>\nMides (M): 0,24 cm \u00d7 0,45 cm \u00d7 0,10 cm<\/p>\n","protected":false},"excerpt":{"rendered":"<p>Aquesta bossa de tela de lleng\u00fces mallorquines \u00e9s l\u2019alternativa perfecta a les bosses de pl\u00e0stic per anar a comprar. Molt&#8230;<\/p>\n","protected":false},"featured_media":38220,"comment_status":"closed","ping_status":"closed","template":"","meta":[],"product_brand":[],"product_cat":[847],"product_tag":[],"class_list":{"0":"post-35588","1":"product","2":"type-product","3":"status-publish","4":"has-post-thumbnail","6":"product_cat-bossa-compra-altres-productes-i-regals","8":"first","9":"instock","10":"shipping-taxable","11":"purchasable","12":"product-type-variable"},"yoast_head":"<!-- This site is optimized with the Yoast SEO plugin v27.0 - https:\/\/yoast.com\/product\/yoast-seo-wordpress\/ -->\n<title>Bossa tela ikat compra 150 Rosa f\u00facsia | Teixits Vicens<\/title>\n<meta name=\"description\" content=\"Esta bolsa de tela de lenguas Mallorquina es la alternativa perfecta a las bolsasde pl\u00e1stico para la compra.Muy resistente, y f\u00e1cil de lavar para reutilizar de nuevo.100% sostenible y artesanal.\" \/>\n<meta name=\"robots\" content=\"index, follow, max-snippet:-1, max-image-preview:large, max-video-preview:-1\" \/>\n<link rel=\"canonical\" href=\"https:\/\/teixitsvicens.com\/ca\/producte\/altres-productes-i-regals\/bossa-compra-altres-productes-i-regals\/bossa-tela-ikat-compra-150-rosa-b\/\" \/>\n<meta property=\"og:locale\" content=\"ca_ES\" \/>\n<meta property=\"og:type\" content=\"article\" \/>\n<meta property=\"og:title\" content=\"Bossa tela ikat compra 150 Rosa f\u00facsia | Teixits Vicens\" \/>\n<meta property=\"og:description\" content=\"Esta bolsa de tela de lenguas Mallorquina es la alternativa perfecta a las bolsasde pl\u00e1stico para la compra.Muy resistente, y f\u00e1cil de lavar para reutilizar de nuevo.100% sostenible y artesanal.\" \/>\n<meta property=\"og:url\" content=\"https:\/\/teixitsvicens.com\/ca\/producte\/altres-productes-i-regals\/bossa-compra-altres-productes-i-regals\/bossa-tela-ikat-compra-150-rosa-b\/\" \/>\n<meta property=\"og:site_name\" content=\"Teixits Vicens\" \/>\n<meta property=\"article:publisher\" content=\"https:\/\/www.facebook.com\/TeixitsVicens\/\" \/>\n<meta property=\"article:modified_time\" content=\"2025-10-14T14:48:15+00:00\" \/>\n<meta property=\"og:image\" content=\"https:\/\/teixitsvicens.com\/wp-content\/uploads\/2024\/12\/v71SMALL-1.jpg\" \/>\n\t<meta property=\"og:image:width\" content=\"900\" \/>\n\t<meta property=\"og:image:height\" content=\"1350\" \/>\n\t<meta property=\"og:image:type\" content=\"image\/jpeg\" \/>\n<meta name=\"twitter:card\" content=\"summary_large_image\" \/>\n<meta name=\"twitter:label1\" content=\"Temps estimat de lectura\" \/>\n\t<meta name=\"twitter:data1\" content=\"1 minute\" \/>\n<!-- \/ Yoast SEO plugin. -->","yoast_head_json":{"title":"Bossa tela ikat compra 150 Rosa f\u00facsia | Teixits Vicens","description":"Esta bolsa de tela de lenguas Mallorquina es la alternativa perfecta a las bolsasde pl\u00e1stico para la compra.Muy resistente, y f\u00e1cil de lavar para reutilizar de nuevo.100% sostenible y artesanal.","robots":{"index":"index","follow":"follow","max-snippet":"max-snippet:-1","max-image-preview":"max-image-preview:large","max-video-preview":"max-video-preview:-1"},"canonical":"https:\/\/teixitsvicens.com\/ca\/producte\/altres-productes-i-regals\/bossa-compra-altres-productes-i-regals\/bossa-tela-ikat-compra-150-rosa-b\/","og_locale":"ca_ES","og_type":"article","og_title":"Bossa tela ikat compra 150 Rosa f\u00facsia | Teixits Vicens","og_description":"Esta bolsa de tela de lenguas Mallorquina es la alternativa perfecta a las bolsasde pl\u00e1stico para la compra.Muy resistente, y f\u00e1cil de lavar para reutilizar de nuevo.100% sostenible y artesanal.","og_url":"https:\/\/teixitsvicens.com\/ca\/producte\/altres-productes-i-regals\/bossa-compra-altres-productes-i-regals\/bossa-tela-ikat-compra-150-rosa-b\/","og_site_name":"Teixits Vicens","article_publisher":"https:\/\/www.facebook.com\/TeixitsVicens\/","article_modified_time":"2025-10-14T14:48:15+00:00","og_image":[{"width":900,"height":1350,"url":"https:\/\/teixitsvicens.com\/wp-content\/uploads\/2024\/12\/v71SMALL-1.jpg","type":"image\/jpeg"}],"twitter_card":"summary_large_image","twitter_misc":{"Temps estimat de lectura":"1 minute"},"schema":{"@context":"https:\/\/schema.org","@graph":[{"@type":"WebPage","@id":"https:\/\/teixitsvicens.com\/ca\/producte\/altres-productes-i-regals\/bossa-compra-altres-productes-i-regals\/bossa-tela-ikat-compra-150-rosa-b\/","url":"https:\/\/teixitsvicens.com\/ca\/producte\/altres-productes-i-regals\/bossa-compra-altres-productes-i-regals\/bossa-tela-ikat-compra-150-rosa-b\/","name":"Bossa tela ikat compra 150 Rosa f\u00facsia | Teixits Vicens","isPartOf":{"@id":"https:\/\/teixitsvicens.com\/ca\/#website"},"primaryImageOfPage":{"@id":"https:\/\/teixitsvicens.com\/ca\/producte\/altres-productes-i-regals\/bossa-compra-altres-productes-i-regals\/bossa-tela-ikat-compra-150-rosa-b\/#primaryimage"},"image":{"@id":"https:\/\/teixitsvicens.com\/ca\/producte\/altres-productes-i-regals\/bossa-compra-altres-productes-i-regals\/bossa-tela-ikat-compra-150-rosa-b\/#primaryimage"},"thumbnailUrl":"https:\/\/teixitsvicens.com\/wp-content\/uploads\/2024\/12\/v71SMALL-1.jpg","datePublished":"2024-12-11T11:18:52+00:00","dateModified":"2025-10-14T14:48:15+00:00","description":"Esta bolsa de tela de lenguas Mallorquina es la alternativa perfecta a las bolsasde pl\u00e1stico para la compra.Muy resistente, y f\u00e1cil de lavar para reutilizar de nuevo.100% sostenible y artesanal.","breadcrumb":{"@id":"https:\/\/teixitsvicens.com\/ca\/producte\/altres-productes-i-regals\/bossa-compra-altres-productes-i-regals\/bossa-tela-ikat-compra-150-rosa-b\/#breadcrumb"},"inLanguage":"ca","potentialAction":[{"@type":"ReadAction","target":["https:\/\/teixitsvicens.com\/ca\/producte\/altres-productes-i-regals\/bossa-compra-altres-productes-i-regals\/bossa-tela-ikat-compra-150-rosa-b\/"]}]},{"@type":"ImageObject","inLanguage":"ca","@id":"https:\/\/teixitsvicens.com\/ca\/producte\/altres-productes-i-regals\/bossa-compra-altres-productes-i-regals\/bossa-tela-ikat-compra-150-rosa-b\/#primaryimage","url":"https:\/\/teixitsvicens.com\/wp-content\/uploads\/2024\/12\/v71SMALL-1.jpg","contentUrl":"https:\/\/teixitsvicens.com\/wp-content\/uploads\/2024\/12\/v71SMALL-1.jpg","width":900,"height":1350},{"@type":"BreadcrumbList","@id":"https:\/\/teixitsvicens.com\/ca\/producte\/altres-productes-i-regals\/bossa-compra-altres-productes-i-regals\/bossa-tela-ikat-compra-150-rosa-b\/#breadcrumb","itemListElement":[{"@type":"ListItem","position":1,"name":"Inici","item":"https:\/\/teixitsvicens.com\/ca\/home\/"},{"@type":"ListItem","position":2,"name":"Tenda","item":"https:\/\/teixitsvicens.com\/ca\/tenda\/"},{"@type":"ListItem","position":3,"name":"Bossa tela ikat compra 150 Rosa f\u00facsia"}]},{"@type":"WebSite","@id":"https:\/\/teixitsvicens.com\/ca\/#website","url":"https:\/\/teixitsvicens.com\/ca\/","name":"Teixits Vicens","description":"Taller textil artesano","publisher":{"@id":"https:\/\/teixitsvicens.com\/ca\/#organization"},"alternateName":"Teixits Vicens","potentialAction":[{"@type":"SearchAction","target":{"@type":"EntryPoint","urlTemplate":"https:\/\/teixitsvicens.com\/ca\/?s={search_term_string}"},"query-input":{"@type":"PropertyValueSpecification","valueRequired":true,"valueName":"search_term_string"}}],"inLanguage":"ca"},{"@type":"Organization","@id":"https:\/\/teixitsvicens.com\/ca\/#organization","name":"Teixits Vicens","url":"https:\/\/teixitsvicens.com\/ca\/","logo":{"@type":"ImageObject","inLanguage":"ca","@id":"https:\/\/teixitsvicens.com\/ca\/#\/schema\/logo\/image\/","url":"https:\/\/teixitsvicens.com\/wp-content\/uploads\/2025\/10\/logo-teixits-vicents.png","contentUrl":"https:\/\/teixitsvicens.com\/wp-content\/uploads\/2025\/10\/logo-teixits-vicents.png","width":629,"height":131,"caption":"Teixits Vicens"},"image":{"@id":"https:\/\/teixitsvicens.com\/ca\/#\/schema\/logo\/image\/"},"sameAs":["https:\/\/www.facebook.com\/TeixitsVicens\/","https:\/\/www.instagram.com\/teixitsvicens\/"]}]}},"_links":{"self":[{"href":"https:\/\/teixitsvicens.com\/ca\/wp-json\/wp\/v2\/product\/35588","targetHints":{"allow":["GET"]}}],"collection":[{"href":"https:\/\/teixitsvicens.com\/ca\/wp-json\/wp\/v2\/product"}],"about":[{"href":"https:\/\/teixitsvicens.com\/ca\/wp-json\/wp\/v2\/types\/product"}],"replies":[{"embeddable":true,"href":"https:\/\/teixitsvicens.com\/ca\/wp-json\/wp\/v2\/comments?post=35588"}],"wp:featuredmedia":[{"embeddable":true,"href":"https:\/\/teixitsvicens.com\/ca\/wp-json\/wp\/v2\/media\/38220"}],"wp:attachment":[{"href":"https:\/\/teixitsvicens.com\/ca\/wp-json\/wp\/v2\/media?parent=35588"}],"wp:term":[{"taxonomy":"product_brand","embeddable":true,"href":"https:\/\/teixitsvicens.com\/ca\/wp-json\/wp\/v2\/product_brand?post=35588"},{"taxonomy":"product_cat","embeddable":true,"href":"https:\/\/teixitsvicens.com\/ca\/wp-json\/wp\/v2\/product_cat?post=35588"},{"taxonomy":"product_tag","embeddable":true,"href":"https:\/\/teixitsvicens.com\/ca\/wp-json\/wp\/v2\/product_tag?post=35588"}],"curies":[{"name":"wp","href":"https:\/\/api.w.org\/{rel}","templated":true}]}}