{"id":35564,"date":"2024-12-10T13:22:21","date_gmt":"2024-12-10T12:22:21","guid":{"rendered":"https:\/\/teixitsvicens.com\/?post_type=product&#038;p=35564"},"modified":"2025-11-21T11:11:29","modified_gmt":"2025-11-21T10:11:29","slug":"calendari-dadvent-tela-ikat-101-verd","status":"publish","type":"product","link":"https:\/\/teixitsvicens.com\/ca\/producte\/altres-productes-i-regals\/calendari-dadvent\/calendari-dadvent-tela-ikat-101-verd\/","title":{"rendered":"Calendari d\u2019advent tela ikat 101 Verd"},"content":{"rendered":"<pre id=\"tw-target-text\" class=\"tw-data-text tw-text-large tw-ta\" dir=\"ltr\" data-placeholder=\"Traducci\u00f3n\" data-ved=\"2ahUKEwjCxPe7pZCKAxVdwAIHHb7KHfMQ3ewLegQICxAT\" aria-label=\"Texto traducido: Calendari d'advent tela ikat 109 Vermell Descobreix la m\u00e0gia del Nadal amb el nostre exclusiu Calendari d'Advent de Tela Mallorquina, una pe\u00e7a \u00fanica que combina tradici\u00f3 i eleg\u00e0ncia. Aquest calendari artesanal est\u00e0 elaborat amb aut\u00e8ntica tela mallorquina Perfecte per als qui valoren la tradici\u00f3 i busquen fer de cada dia de desembre un moment especial. Porta la calidesa i l'esperit de l'illa a casa teva aquesta temporada nadalenca. \ud83c\udf84 Fes que cada dia compti amb aquest detall inoblidable. Aconsegueix-ho ara i celebra el compte regressiu m\u00e9s m\u00e0gic! Ideal per afegir un toc d'encant r\u00fastic i mediterrani a casa teva.\"><span class=\"Y2IQFc\" lang=\"ca\">Descobreix la m\u00e0gia del Nadal amb el nostre exclusiu Calendari d'Advent de Tela Mallorquina, \r\nuna pe\u00e7a \u00fanica que combina tradici\u00f3 i eleg\u00e0ncia. \r\nAquest calendari artesanal est\u00e0 elaborat amb aut\u00e8ntica tela mallorquina\r\n\r\n\r\nPerfecte per als qui valoren la tradici\u00f3 i busquen fer de cada dia de desembre un moment especial. \r\nPorta la calidesa i l'esperit de l'illa a casa teva aquesta temporada nadalenca.\r\n\r\n\ud83c\udf84 \r\nFes que cada dia compti amb aquest detall inoblidable. \r\nAconsegueix-ho ara i celebra el compte regressiu m\u00e9s m\u00e0gic! \r\n\r\nIdeal per afegir un toc d'encant r\u00fastic i mediterrani a casa teva.<\/span><\/pre>\n","protected":false},"excerpt":{"rendered":"<p>056x120cm<\/p>\n","protected":false},"featured_media":35556,"comment_status":"closed","ping_status":"closed","template":"","meta":[],"product_brand":[],"product_cat":[1353],"product_tag":[],"class_list":{"0":"post-35564","1":"product","2":"type-product","3":"status-publish","4":"has-post-thumbnail","6":"product_cat-calendari-dadvent","8":"first","9":"instock","10":"shipping-taxable","11":"purchasable","12":"product-type-simple"},"yoast_head":"<!-- This site is optimized with the Yoast SEO plugin v27.0 - https:\/\/yoast.com\/product\/yoast-seo-wordpress\/ -->\n<title>Calendari d\u2019advent tela ikat 101 Verd | Teixits Vicens<\/title>\n<meta name=\"description\" content=\"Descobreix la m\u00e0gia del Nadal amb el nostre exclusiu Calendari d&#039;Advent de Tela Mallorquina, una pe\u00e7a \u00fanica que combina tradici\u00f3 i eleg\u00e0ncia.Aquest calendari artesanal est\u00e0 elaborat amb aut\u00e8ntica tela mallorquina\" \/>\n<meta name=\"robots\" content=\"index, follow, max-snippet:-1, max-image-preview:large, max-video-preview:-1\" \/>\n<link rel=\"canonical\" href=\"https:\/\/teixitsvicens.com\/ca\/producte\/altres-productes-i-regals\/calendari-dadvent\/calendari-dadvent-tela-ikat-101-verd\/\" \/>\n<meta property=\"og:locale\" content=\"ca_ES\" \/>\n<meta property=\"og:type\" content=\"article\" \/>\n<meta property=\"og:title\" content=\"Calendari d\u2019advent tela ikat 101 Verd | Teixits Vicens\" \/>\n<meta property=\"og:description\" content=\"Descobreix la m\u00e0gia del Nadal amb el nostre exclusiu Calendari d&#039;Advent de Tela Mallorquina, una pe\u00e7a \u00fanica que combina tradici\u00f3 i eleg\u00e0ncia.Aquest calendari artesanal est\u00e0 elaborat amb aut\u00e8ntica tela mallorquina\" \/>\n<meta property=\"og:url\" content=\"https:\/\/teixitsvicens.com\/ca\/producte\/altres-productes-i-regals\/calendari-dadvent\/calendari-dadvent-tela-ikat-101-verd\/\" \/>\n<meta property=\"og:site_name\" content=\"Teixits Vicens\" \/>\n<meta property=\"article:publisher\" content=\"https:\/\/www.facebook.com\/TeixitsVicens\/\" \/>\n<meta property=\"article:modified_time\" content=\"2025-11-21T10:11:29+00:00\" \/>\n<meta property=\"og:image\" content=\"https:\/\/teixitsvicens.com\/wp-content\/uploads\/2024\/12\/calendari-advent-101-ver-o.jpg\" \/>\n\t<meta property=\"og:image:width\" content=\"2300\" \/>\n\t<meta property=\"og:image:height\" content=\"1533\" \/>\n\t<meta property=\"og:image:type\" content=\"image\/jpeg\" \/>\n<meta name=\"twitter:card\" content=\"summary_large_image\" \/>\n<meta name=\"twitter:label1\" content=\"Temps estimat de lectura\" \/>\n\t<meta name=\"twitter:data1\" content=\"1 minute\" \/>\n<!-- \/ Yoast SEO plugin. -->","yoast_head_json":{"title":"Calendari d\u2019advent tela ikat 101 Verd | Teixits Vicens","description":"Descobreix la m\u00e0gia del Nadal amb el nostre exclusiu Calendari d'Advent de Tela Mallorquina, una pe\u00e7a \u00fanica que combina tradici\u00f3 i eleg\u00e0ncia.Aquest calendari artesanal est\u00e0 elaborat amb aut\u00e8ntica tela mallorquina","robots":{"index":"index","follow":"follow","max-snippet":"max-snippet:-1","max-image-preview":"max-image-preview:large","max-video-preview":"max-video-preview:-1"},"canonical":"https:\/\/teixitsvicens.com\/ca\/producte\/altres-productes-i-regals\/calendari-dadvent\/calendari-dadvent-tela-ikat-101-verd\/","og_locale":"ca_ES","og_type":"article","og_title":"Calendari d\u2019advent tela ikat 101 Verd | Teixits Vicens","og_description":"Descobreix la m\u00e0gia del Nadal amb el nostre exclusiu Calendari d'Advent de Tela Mallorquina, una pe\u00e7a \u00fanica que combina tradici\u00f3 i eleg\u00e0ncia.Aquest calendari artesanal est\u00e0 elaborat amb aut\u00e8ntica tela mallorquina","og_url":"https:\/\/teixitsvicens.com\/ca\/producte\/altres-productes-i-regals\/calendari-dadvent\/calendari-dadvent-tela-ikat-101-verd\/","og_site_name":"Teixits Vicens","article_publisher":"https:\/\/www.facebook.com\/TeixitsVicens\/","article_modified_time":"2025-11-21T10:11:29+00:00","og_image":[{"width":2300,"height":1533,"url":"https:\/\/teixitsvicens.com\/wp-content\/uploads\/2024\/12\/calendari-advent-101-ver-o.jpg","type":"image\/jpeg"}],"twitter_card":"summary_large_image","twitter_misc":{"Temps estimat de lectura":"1 minute"},"schema":{"@context":"https:\/\/schema.org","@graph":[{"@type":"WebPage","@id":"https:\/\/teixitsvicens.com\/ca\/producte\/altres-productes-i-regals\/calendari-dadvent\/calendari-dadvent-tela-ikat-101-verd\/","url":"https:\/\/teixitsvicens.com\/ca\/producte\/altres-productes-i-regals\/calendari-dadvent\/calendari-dadvent-tela-ikat-101-verd\/","name":"Calendari d\u2019advent tela ikat 101 Verd | Teixits Vicens","isPartOf":{"@id":"https:\/\/teixitsvicens.com\/ca\/#website"},"primaryImageOfPage":{"@id":"https:\/\/teixitsvicens.com\/ca\/producte\/altres-productes-i-regals\/calendari-dadvent\/calendari-dadvent-tela-ikat-101-verd\/#primaryimage"},"image":{"@id":"https:\/\/teixitsvicens.com\/ca\/producte\/altres-productes-i-regals\/calendari-dadvent\/calendari-dadvent-tela-ikat-101-verd\/#primaryimage"},"thumbnailUrl":"https:\/\/teixitsvicens.com\/wp-content\/uploads\/2024\/12\/calendari-advent-101-ver-o.jpg","datePublished":"2024-12-10T12:22:21+00:00","dateModified":"2025-11-21T10:11:29+00:00","description":"Descobreix la m\u00e0gia del Nadal amb el nostre exclusiu Calendari d'Advent de Tela Mallorquina, una pe\u00e7a \u00fanica que combina tradici\u00f3 i eleg\u00e0ncia.Aquest calendari artesanal est\u00e0 elaborat amb aut\u00e8ntica tela mallorquina","breadcrumb":{"@id":"https:\/\/teixitsvicens.com\/ca\/producte\/altres-productes-i-regals\/calendari-dadvent\/calendari-dadvent-tela-ikat-101-verd\/#breadcrumb"},"inLanguage":"ca","potentialAction":[{"@type":"ReadAction","target":["https:\/\/teixitsvicens.com\/ca\/producte\/altres-productes-i-regals\/calendari-dadvent\/calendari-dadvent-tela-ikat-101-verd\/"]}]},{"@type":"ImageObject","inLanguage":"ca","@id":"https:\/\/teixitsvicens.com\/ca\/producte\/altres-productes-i-regals\/calendari-dadvent\/calendari-dadvent-tela-ikat-101-verd\/#primaryimage","url":"https:\/\/teixitsvicens.com\/wp-content\/uploads\/2024\/12\/calendari-advent-101-ver-o.jpg","contentUrl":"https:\/\/teixitsvicens.com\/wp-content\/uploads\/2024\/12\/calendari-advent-101-ver-o.jpg","width":2300,"height":1533},{"@type":"BreadcrumbList","@id":"https:\/\/teixitsvicens.com\/ca\/producte\/altres-productes-i-regals\/calendari-dadvent\/calendari-dadvent-tela-ikat-101-verd\/#breadcrumb","itemListElement":[{"@type":"ListItem","position":1,"name":"Inici","item":"https:\/\/teixitsvicens.com\/ca\/home\/"},{"@type":"ListItem","position":2,"name":"Tenda","item":"https:\/\/teixitsvicens.com\/ca\/tenda\/"},{"@type":"ListItem","position":3,"name":"Calendari d\u2019advent tela ikat 101 Verd"}]},{"@type":"WebSite","@id":"https:\/\/teixitsvicens.com\/ca\/#website","url":"https:\/\/teixitsvicens.com\/ca\/","name":"Teixits Vicens","description":"Taller textil artesano","publisher":{"@id":"https:\/\/teixitsvicens.com\/ca\/#organization"},"alternateName":"Teixits Vicens","potentialAction":[{"@type":"SearchAction","target":{"@type":"EntryPoint","urlTemplate":"https:\/\/teixitsvicens.com\/ca\/?s={search_term_string}"},"query-input":{"@type":"PropertyValueSpecification","valueRequired":true,"valueName":"search_term_string"}}],"inLanguage":"ca"},{"@type":"Organization","@id":"https:\/\/teixitsvicens.com\/ca\/#organization","name":"Teixits Vicens","url":"https:\/\/teixitsvicens.com\/ca\/","logo":{"@type":"ImageObject","inLanguage":"ca","@id":"https:\/\/teixitsvicens.com\/ca\/#\/schema\/logo\/image\/","url":"https:\/\/teixitsvicens.com\/wp-content\/uploads\/2025\/10\/logo-teixits-vicents.png","contentUrl":"https:\/\/teixitsvicens.com\/wp-content\/uploads\/2025\/10\/logo-teixits-vicents.png","width":629,"height":131,"caption":"Teixits Vicens"},"image":{"@id":"https:\/\/teixitsvicens.com\/ca\/#\/schema\/logo\/image\/"},"sameAs":["https:\/\/www.facebook.com\/TeixitsVicens\/","https:\/\/www.instagram.com\/teixitsvicens\/"]}]}},"_links":{"self":[{"href":"https:\/\/teixitsvicens.com\/ca\/wp-json\/wp\/v2\/product\/35564","targetHints":{"allow":["GET"]}}],"collection":[{"href":"https:\/\/teixitsvicens.com\/ca\/wp-json\/wp\/v2\/product"}],"about":[{"href":"https:\/\/teixitsvicens.com\/ca\/wp-json\/wp\/v2\/types\/product"}],"replies":[{"embeddable":true,"href":"https:\/\/teixitsvicens.com\/ca\/wp-json\/wp\/v2\/comments?post=35564"}],"wp:featuredmedia":[{"embeddable":true,"href":"https:\/\/teixitsvicens.com\/ca\/wp-json\/wp\/v2\/media\/35556"}],"wp:attachment":[{"href":"https:\/\/teixitsvicens.com\/ca\/wp-json\/wp\/v2\/media?parent=35564"}],"wp:term":[{"taxonomy":"product_brand","embeddable":true,"href":"https:\/\/teixitsvicens.com\/ca\/wp-json\/wp\/v2\/product_brand?post=35564"},{"taxonomy":"product_cat","embeddable":true,"href":"https:\/\/teixitsvicens.com\/ca\/wp-json\/wp\/v2\/product_cat?post=35564"},{"taxonomy":"product_tag","embeddable":true,"href":"https:\/\/teixitsvicens.com\/ca\/wp-json\/wp\/v2\/product_tag?post=35564"}],"curies":[{"name":"wp","href":"https:\/\/api.w.org\/{rel}","templated":true}]}}