{"id":31561,"date":"2024-07-19T12:01:09","date_gmt":"2024-07-19T10:01:09","guid":{"rendered":"https:\/\/teixitsmallorca.com\/?post_type=product&#038;p=31561"},"modified":"2024-12-11T14:29:53","modified_gmt":"2024-12-11T13:29:53","slug":"cadira-menorquina-ikat-235-verd-oliva","status":"publish","type":"product","link":"https:\/\/teixitsvicens.com\/ca\/producte\/decoracio\/cadires\/cadira-menorquina-ikat-235-verd-oliva\/","title":{"rendered":"Cadira menorquina ikat 236 Verd Oliva"},"content":{"rendered":"<pre id=\"tw-target-text\" class=\"tw-data-text tw-text-large tw-ta\" dir=\"ltr\" data-placeholder=\"Traducci\u00f3n\" aria-label=\"Texto traducido\" data-ved=\"2ahUKEwjW0cPtj66HAxWSwAIHHSyQDNkQ3ewLegQIBRAT\"><span class=\"Y2IQFc\" lang=\"ca\">Decora el teu jard\u00ed o terrassa amb aquestes cadires menorquines \r\no de director, de fusta i teles ikat Mallorquines artesanes. \r\nEl teixit extra\u00efble en facilita el \r\nmanteniment i ofereix la possibilitat de canviar el disseny de la tela. \r\nCadira plegable, molt confortable per gaudir de dies a l'aire lliure.<\/span><\/pre>\n","protected":false},"excerpt":{"rendered":"<p>Aquest producte est\u00e0 <strong>disponible nom\u00e9s sota comanda<\/strong>.<br \/>\nSi hi est\u00e0 interessat, pot posar-se en contacte amb nosaltres per tel\u00e8fon o correu electr\u00f2nic, i li respondrem al m\u00e9s aviat possible.<\/p>\n<p><a href=\"tel:+34%20971%20530%20450\">+34 971 530 450<\/a><br \/>\n<a href=\"mailto:info@teixitsvicens.com\">info@teixitsvicens.com<\/a><\/p>\n","protected":false},"featured_media":31554,"comment_status":"closed","ping_status":"closed","template":"","meta":[],"product_brand":[],"product_cat":[1036],"product_tag":[],"class_list":{"0":"post-31561","1":"product","2":"type-product","3":"status-publish","4":"has-post-thumbnail","6":"product_cat-cadires","8":"first","9":"instock","10":"shipping-taxable","11":"purchasable","12":"product-type-simple"},"yoast_head":"<!-- This site is optimized with the Yoast SEO plugin v27.0 - https:\/\/yoast.com\/product\/yoast-seo-wordpress\/ -->\n<title>Cadira menorquina ikat 236 Verd Oliva | Teixits Vicens<\/title>\n<meta name=\"description\" content=\"Decora el teu jard\u00ed o terrassa amb aquestes cadires menorquines o de director, de fusta i teles ikat Mallorquines artesanes.\" \/>\n<meta name=\"robots\" content=\"index, follow, max-snippet:-1, max-image-preview:large, max-video-preview:-1\" \/>\n<link rel=\"canonical\" href=\"https:\/\/teixitsvicens.com\/ca\/producte\/decoracio\/cadires\/cadira-menorquina-ikat-235-verd-oliva\/\" \/>\n<meta property=\"og:locale\" content=\"ca_ES\" \/>\n<meta property=\"og:type\" content=\"article\" \/>\n<meta property=\"og:title\" content=\"Cadira menorquina ikat 236 Verd Oliva | Teixits Vicens\" \/>\n<meta property=\"og:description\" content=\"Decora el teu jard\u00ed o terrassa amb aquestes cadires menorquines o de director, de fusta i teles ikat Mallorquines artesanes.\" \/>\n<meta property=\"og:url\" content=\"https:\/\/teixitsvicens.com\/ca\/producte\/decoracio\/cadires\/cadira-menorquina-ikat-235-verd-oliva\/\" \/>\n<meta property=\"og:site_name\" content=\"Teixits Vicens\" \/>\n<meta property=\"article:publisher\" content=\"https:\/\/www.facebook.com\/TeixitsVicens\/\" \/>\n<meta property=\"article:modified_time\" content=\"2024-12-11T13:29:53+00:00\" \/>\n<meta property=\"og:image\" content=\"https:\/\/teixitsvicens.com\/wp-content\/uploads\/2024\/07\/mo86SMALL.jpg\" \/>\n\t<meta property=\"og:image:width\" content=\"1200\" \/>\n\t<meta property=\"og:image:height\" content=\"1800\" \/>\n\t<meta property=\"og:image:type\" content=\"image\/jpeg\" \/>\n<meta name=\"twitter:card\" content=\"summary_large_image\" \/>\n<meta name=\"twitter:label1\" content=\"Temps estimat de lectura\" \/>\n\t<meta name=\"twitter:data1\" content=\"1 minute\" \/>\n<!-- \/ Yoast SEO plugin. -->","yoast_head_json":{"title":"Cadira menorquina ikat 236 Verd Oliva | Teixits Vicens","description":"Decora el teu jard\u00ed o terrassa amb aquestes cadires menorquines o de director, de fusta i teles ikat Mallorquines artesanes.","robots":{"index":"index","follow":"follow","max-snippet":"max-snippet:-1","max-image-preview":"max-image-preview:large","max-video-preview":"max-video-preview:-1"},"canonical":"https:\/\/teixitsvicens.com\/ca\/producte\/decoracio\/cadires\/cadira-menorquina-ikat-235-verd-oliva\/","og_locale":"ca_ES","og_type":"article","og_title":"Cadira menorquina ikat 236 Verd Oliva | Teixits Vicens","og_description":"Decora el teu jard\u00ed o terrassa amb aquestes cadires menorquines o de director, de fusta i teles ikat Mallorquines artesanes.","og_url":"https:\/\/teixitsvicens.com\/ca\/producte\/decoracio\/cadires\/cadira-menorquina-ikat-235-verd-oliva\/","og_site_name":"Teixits Vicens","article_publisher":"https:\/\/www.facebook.com\/TeixitsVicens\/","article_modified_time":"2024-12-11T13:29:53+00:00","og_image":[{"width":1200,"height":1800,"url":"https:\/\/teixitsvicens.com\/wp-content\/uploads\/2024\/07\/mo86SMALL.jpg","type":"image\/jpeg"}],"twitter_card":"summary_large_image","twitter_misc":{"Temps estimat de lectura":"1 minute"},"schema":{"@context":"https:\/\/schema.org","@graph":[{"@type":"WebPage","@id":"https:\/\/teixitsvicens.com\/ca\/producte\/decoracio\/cadires\/cadira-menorquina-ikat-235-verd-oliva\/","url":"https:\/\/teixitsvicens.com\/ca\/producte\/decoracio\/cadires\/cadira-menorquina-ikat-235-verd-oliva\/","name":"Cadira menorquina ikat 236 Verd Oliva | Teixits Vicens","isPartOf":{"@id":"https:\/\/teixitsvicens.com\/ca\/#website"},"primaryImageOfPage":{"@id":"https:\/\/teixitsvicens.com\/ca\/producte\/decoracio\/cadires\/cadira-menorquina-ikat-235-verd-oliva\/#primaryimage"},"image":{"@id":"https:\/\/teixitsvicens.com\/ca\/producte\/decoracio\/cadires\/cadira-menorquina-ikat-235-verd-oliva\/#primaryimage"},"thumbnailUrl":"https:\/\/teixitsvicens.com\/wp-content\/uploads\/2024\/07\/mo86SMALL.jpg","datePublished":"2024-07-19T10:01:09+00:00","dateModified":"2024-12-11T13:29:53+00:00","description":"Decora el teu jard\u00ed o terrassa amb aquestes cadires menorquines o de director, de fusta i teles ikat Mallorquines artesanes.","breadcrumb":{"@id":"https:\/\/teixitsvicens.com\/ca\/producte\/decoracio\/cadires\/cadira-menorquina-ikat-235-verd-oliva\/#breadcrumb"},"inLanguage":"ca","potentialAction":[{"@type":"ReadAction","target":["https:\/\/teixitsvicens.com\/ca\/producte\/decoracio\/cadires\/cadira-menorquina-ikat-235-verd-oliva\/"]}]},{"@type":"ImageObject","inLanguage":"ca","@id":"https:\/\/teixitsvicens.com\/ca\/producte\/decoracio\/cadires\/cadira-menorquina-ikat-235-verd-oliva\/#primaryimage","url":"https:\/\/teixitsvicens.com\/wp-content\/uploads\/2024\/07\/mo86SMALL.jpg","contentUrl":"https:\/\/teixitsvicens.com\/wp-content\/uploads\/2024\/07\/mo86SMALL.jpg","width":1200,"height":1800},{"@type":"BreadcrumbList","@id":"https:\/\/teixitsvicens.com\/ca\/producte\/decoracio\/cadires\/cadira-menorquina-ikat-235-verd-oliva\/#breadcrumb","itemListElement":[{"@type":"ListItem","position":1,"name":"Inici","item":"https:\/\/teixitsvicens.com\/ca\/home\/"},{"@type":"ListItem","position":2,"name":"Tenda","item":"https:\/\/teixitsvicens.com\/ca\/tenda\/"},{"@type":"ListItem","position":3,"name":"Cadira menorquina ikat 236 Verd Oliva"}]},{"@type":"WebSite","@id":"https:\/\/teixitsvicens.com\/ca\/#website","url":"https:\/\/teixitsvicens.com\/ca\/","name":"Teixits Vicens","description":"Taller textil artesano","publisher":{"@id":"https:\/\/teixitsvicens.com\/ca\/#organization"},"alternateName":"Teixits Vicens","potentialAction":[{"@type":"SearchAction","target":{"@type":"EntryPoint","urlTemplate":"https:\/\/teixitsvicens.com\/ca\/?s={search_term_string}"},"query-input":{"@type":"PropertyValueSpecification","valueRequired":true,"valueName":"search_term_string"}}],"inLanguage":"ca"},{"@type":"Organization","@id":"https:\/\/teixitsvicens.com\/ca\/#organization","name":"Teixits Vicens","url":"https:\/\/teixitsvicens.com\/ca\/","logo":{"@type":"ImageObject","inLanguage":"ca","@id":"https:\/\/teixitsvicens.com\/ca\/#\/schema\/logo\/image\/","url":"https:\/\/teixitsvicens.com\/wp-content\/uploads\/2025\/10\/logo-teixits-vicents.png","contentUrl":"https:\/\/teixitsvicens.com\/wp-content\/uploads\/2025\/10\/logo-teixits-vicents.png","width":629,"height":131,"caption":"Teixits Vicens"},"image":{"@id":"https:\/\/teixitsvicens.com\/ca\/#\/schema\/logo\/image\/"},"sameAs":["https:\/\/www.facebook.com\/TeixitsVicens\/","https:\/\/www.instagram.com\/teixitsvicens\/"]}]}},"_links":{"self":[{"href":"https:\/\/teixitsvicens.com\/ca\/wp-json\/wp\/v2\/product\/31561","targetHints":{"allow":["GET"]}}],"collection":[{"href":"https:\/\/teixitsvicens.com\/ca\/wp-json\/wp\/v2\/product"}],"about":[{"href":"https:\/\/teixitsvicens.com\/ca\/wp-json\/wp\/v2\/types\/product"}],"replies":[{"embeddable":true,"href":"https:\/\/teixitsvicens.com\/ca\/wp-json\/wp\/v2\/comments?post=31561"}],"wp:featuredmedia":[{"embeddable":true,"href":"https:\/\/teixitsvicens.com\/ca\/wp-json\/wp\/v2\/media\/31554"}],"wp:attachment":[{"href":"https:\/\/teixitsvicens.com\/ca\/wp-json\/wp\/v2\/media?parent=31561"}],"wp:term":[{"taxonomy":"product_brand","embeddable":true,"href":"https:\/\/teixitsvicens.com\/ca\/wp-json\/wp\/v2\/product_brand?post=31561"},{"taxonomy":"product_cat","embeddable":true,"href":"https:\/\/teixitsvicens.com\/ca\/wp-json\/wp\/v2\/product_cat?post=31561"},{"taxonomy":"product_tag","embeddable":true,"href":"https:\/\/teixitsvicens.com\/ca\/wp-json\/wp\/v2\/product_tag?post=31561"}],"curies":[{"name":"wp","href":"https:\/\/api.w.org\/{rel}","templated":true}]}}