{"id":31434,"date":"2024-07-17T18:51:05","date_gmt":"2024-07-17T16:51:05","guid":{"rendered":"https:\/\/teixitsmallorca.com\/?post_type=product&#038;p=31434"},"modified":"2025-02-10T08:26:58","modified_gmt":"2025-02-10T07:26:58","slug":"llit-gos-teles-mallorquines-ikat-109-blau","status":"publish","type":"product","link":"https:\/\/teixitsvicens.com\/ca\/producte\/mascotes\/llit-gos\/llit-gos-teles-mallorquines-ikat-109-blau\/","title":{"rendered":"Llit gos teles Mallorquines ikat 109 Blau"},"content":{"rendered":"<p>L: 80x60x28 &#8211; 352\u20ac<\/p>\n<p>M: 65x50x25 &#8211;\u00a0230\u20ac<\/p>\n<p id=\"tw-target-text\" class=\"tw-data-text tw-text-large tw-ta\" dir=\"ltr\" data-placeholder=\"Traducci\u00f3n\"><span class=\"Y2IQFc\" lang=\"ca\">C\u00f2mode llit per a gossos fet amb teixits mallorquins resistents, amb un farciment interior que s&#8217;adapta al cos de la teva mascota, per a un descans relaxat. Aquest \u00e9s un llit lleuger que aportar\u00e0 un toc de color i eleg\u00e0ncia a la teva llar. I el teu estimat amic animal es sentir\u00e0 com el rei (o reina) de la casa. Coix\u00ed interior separat i coberta exterior extra\u00efble f\u00e0cil de netejar.<\/span><\/p>\n","protected":false},"excerpt":{"rendered":"<p>L: 80x60x28 &#8211; 352\u20ac<\/p>\n<p>M: 65x50x25 &#8211;\u00a0230\u20ac<\/p>\n","protected":false},"featured_media":31418,"comment_status":"closed","ping_status":"closed","template":"","meta":[],"product_brand":[],"product_cat":[1131],"product_tag":[],"class_list":{"0":"post-31434","1":"product","2":"type-product","3":"status-publish","4":"has-post-thumbnail","6":"product_cat-llit-gos","8":"first","9":"instock","10":"shipping-taxable","11":"purchasable","12":"product-type-variable"},"yoast_head":"<!-- This site is optimized with the Yoast SEO plugin v27.0 - https:\/\/yoast.com\/product\/yoast-seo-wordpress\/ -->\n<title>Llit gos teles Mallorquines ikat 109 Blau | Teixits Vicens<\/title>\n<meta name=\"description\" content=\"C\u00f2mode llit per a gossos fet amb teixits mallorquins resistents\" \/>\n<meta name=\"robots\" content=\"index, follow, max-snippet:-1, max-image-preview:large, max-video-preview:-1\" \/>\n<link rel=\"canonical\" href=\"https:\/\/teixitsvicens.com\/ca\/producte\/mascotes\/llit-gos\/llit-gos-teles-mallorquines-ikat-109-blau\/\" \/>\n<meta property=\"og:locale\" content=\"ca_ES\" \/>\n<meta property=\"og:type\" content=\"article\" \/>\n<meta property=\"og:title\" content=\"Llit gos teles Mallorquines ikat 109 Blau | Teixits Vicens\" \/>\n<meta property=\"og:description\" content=\"C\u00f2mode llit per a gossos fet amb teixits mallorquins resistents\" \/>\n<meta property=\"og:url\" content=\"https:\/\/teixitsvicens.com\/ca\/producte\/mascotes\/llit-gos\/llit-gos-teles-mallorquines-ikat-109-blau\/\" \/>\n<meta property=\"og:site_name\" content=\"Teixits Vicens\" \/>\n<meta property=\"article:publisher\" content=\"https:\/\/www.facebook.com\/TeixitsVicens\/\" \/>\n<meta property=\"article:modified_time\" content=\"2025-02-10T07:26:58+00:00\" \/>\n<meta property=\"og:image\" content=\"https:\/\/teixitsvicens.com\/wp-content\/uploads\/2024\/07\/t16b-2small.jpg\" \/>\n\t<meta property=\"og:image:width\" content=\"1200\" \/>\n\t<meta property=\"og:image:height\" content=\"1800\" \/>\n\t<meta property=\"og:image:type\" content=\"image\/jpeg\" \/>\n<meta name=\"twitter:card\" content=\"summary_large_image\" \/>\n<meta name=\"twitter:label1\" content=\"Temps estimat de lectura\" \/>\n\t<meta name=\"twitter:data1\" content=\"1 minute\" \/>\n<!-- \/ Yoast SEO plugin. -->","yoast_head_json":{"title":"Llit gos teles Mallorquines ikat 109 Blau | Teixits Vicens","description":"C\u00f2mode llit per a gossos fet amb teixits mallorquins resistents","robots":{"index":"index","follow":"follow","max-snippet":"max-snippet:-1","max-image-preview":"max-image-preview:large","max-video-preview":"max-video-preview:-1"},"canonical":"https:\/\/teixitsvicens.com\/ca\/producte\/mascotes\/llit-gos\/llit-gos-teles-mallorquines-ikat-109-blau\/","og_locale":"ca_ES","og_type":"article","og_title":"Llit gos teles Mallorquines ikat 109 Blau | Teixits Vicens","og_description":"C\u00f2mode llit per a gossos fet amb teixits mallorquins resistents","og_url":"https:\/\/teixitsvicens.com\/ca\/producte\/mascotes\/llit-gos\/llit-gos-teles-mallorquines-ikat-109-blau\/","og_site_name":"Teixits Vicens","article_publisher":"https:\/\/www.facebook.com\/TeixitsVicens\/","article_modified_time":"2025-02-10T07:26:58+00:00","og_image":[{"width":1200,"height":1800,"url":"https:\/\/teixitsvicens.com\/wp-content\/uploads\/2024\/07\/t16b-2small.jpg","type":"image\/jpeg"}],"twitter_card":"summary_large_image","twitter_misc":{"Temps estimat de lectura":"1 minute"},"schema":{"@context":"https:\/\/schema.org","@graph":[{"@type":"WebPage","@id":"https:\/\/teixitsvicens.com\/ca\/producte\/mascotes\/llit-gos\/llit-gos-teles-mallorquines-ikat-109-blau\/","url":"https:\/\/teixitsvicens.com\/ca\/producte\/mascotes\/llit-gos\/llit-gos-teles-mallorquines-ikat-109-blau\/","name":"Llit gos teles Mallorquines ikat 109 Blau | Teixits Vicens","isPartOf":{"@id":"https:\/\/teixitsvicens.com\/ca\/#website"},"primaryImageOfPage":{"@id":"https:\/\/teixitsvicens.com\/ca\/producte\/mascotes\/llit-gos\/llit-gos-teles-mallorquines-ikat-109-blau\/#primaryimage"},"image":{"@id":"https:\/\/teixitsvicens.com\/ca\/producte\/mascotes\/llit-gos\/llit-gos-teles-mallorquines-ikat-109-blau\/#primaryimage"},"thumbnailUrl":"https:\/\/teixitsvicens.com\/wp-content\/uploads\/2024\/07\/t16b-2small.jpg","datePublished":"2024-07-17T16:51:05+00:00","dateModified":"2025-02-10T07:26:58+00:00","description":"C\u00f2mode llit per a gossos fet amb teixits mallorquins resistents","breadcrumb":{"@id":"https:\/\/teixitsvicens.com\/ca\/producte\/mascotes\/llit-gos\/llit-gos-teles-mallorquines-ikat-109-blau\/#breadcrumb"},"inLanguage":"ca","potentialAction":[{"@type":"ReadAction","target":["https:\/\/teixitsvicens.com\/ca\/producte\/mascotes\/llit-gos\/llit-gos-teles-mallorquines-ikat-109-blau\/"]}]},{"@type":"ImageObject","inLanguage":"ca","@id":"https:\/\/teixitsvicens.com\/ca\/producte\/mascotes\/llit-gos\/llit-gos-teles-mallorquines-ikat-109-blau\/#primaryimage","url":"https:\/\/teixitsvicens.com\/wp-content\/uploads\/2024\/07\/t16b-2small.jpg","contentUrl":"https:\/\/teixitsvicens.com\/wp-content\/uploads\/2024\/07\/t16b-2small.jpg","width":1200,"height":1800},{"@type":"BreadcrumbList","@id":"https:\/\/teixitsvicens.com\/ca\/producte\/mascotes\/llit-gos\/llit-gos-teles-mallorquines-ikat-109-blau\/#breadcrumb","itemListElement":[{"@type":"ListItem","position":1,"name":"Inici","item":"https:\/\/teixitsvicens.com\/ca\/home\/"},{"@type":"ListItem","position":2,"name":"Tenda","item":"https:\/\/teixitsvicens.com\/ca\/tenda\/"},{"@type":"ListItem","position":3,"name":"Llit gos teles Mallorquines ikat 109 Blau"}]},{"@type":"WebSite","@id":"https:\/\/teixitsvicens.com\/ca\/#website","url":"https:\/\/teixitsvicens.com\/ca\/","name":"Teixits Vicens","description":"Taller textil artesano","publisher":{"@id":"https:\/\/teixitsvicens.com\/ca\/#organization"},"alternateName":"Teixits Vicens","potentialAction":[{"@type":"SearchAction","target":{"@type":"EntryPoint","urlTemplate":"https:\/\/teixitsvicens.com\/ca\/?s={search_term_string}"},"query-input":{"@type":"PropertyValueSpecification","valueRequired":true,"valueName":"search_term_string"}}],"inLanguage":"ca"},{"@type":"Organization","@id":"https:\/\/teixitsvicens.com\/ca\/#organization","name":"Teixits Vicens","url":"https:\/\/teixitsvicens.com\/ca\/","logo":{"@type":"ImageObject","inLanguage":"ca","@id":"https:\/\/teixitsvicens.com\/ca\/#\/schema\/logo\/image\/","url":"https:\/\/teixitsvicens.com\/wp-content\/uploads\/2025\/10\/logo-teixits-vicents.png","contentUrl":"https:\/\/teixitsvicens.com\/wp-content\/uploads\/2025\/10\/logo-teixits-vicents.png","width":629,"height":131,"caption":"Teixits Vicens"},"image":{"@id":"https:\/\/teixitsvicens.com\/ca\/#\/schema\/logo\/image\/"},"sameAs":["https:\/\/www.facebook.com\/TeixitsVicens\/","https:\/\/www.instagram.com\/teixitsvicens\/"]}]}},"_links":{"self":[{"href":"https:\/\/teixitsvicens.com\/ca\/wp-json\/wp\/v2\/product\/31434","targetHints":{"allow":["GET"]}}],"collection":[{"href":"https:\/\/teixitsvicens.com\/ca\/wp-json\/wp\/v2\/product"}],"about":[{"href":"https:\/\/teixitsvicens.com\/ca\/wp-json\/wp\/v2\/types\/product"}],"replies":[{"embeddable":true,"href":"https:\/\/teixitsvicens.com\/ca\/wp-json\/wp\/v2\/comments?post=31434"}],"wp:featuredmedia":[{"embeddable":true,"href":"https:\/\/teixitsvicens.com\/ca\/wp-json\/wp\/v2\/media\/31418"}],"wp:attachment":[{"href":"https:\/\/teixitsvicens.com\/ca\/wp-json\/wp\/v2\/media?parent=31434"}],"wp:term":[{"taxonomy":"product_brand","embeddable":true,"href":"https:\/\/teixitsvicens.com\/ca\/wp-json\/wp\/v2\/product_brand?post=31434"},{"taxonomy":"product_cat","embeddable":true,"href":"https:\/\/teixitsvicens.com\/ca\/wp-json\/wp\/v2\/product_cat?post=31434"},{"taxonomy":"product_tag","embeddable":true,"href":"https:\/\/teixitsvicens.com\/ca\/wp-json\/wp\/v2\/product_tag?post=31434"}],"curies":[{"name":"wp","href":"https:\/\/api.w.org\/{rel}","templated":true}]}}