{"id":30485,"date":"2024-07-08T12:03:53","date_gmt":"2024-07-08T10:03:53","guid":{"rendered":"https:\/\/teixitsmallorca.com\/?post_type=product&#038;p=30485"},"modified":"2024-07-08T12:03:54","modified_gmt":"2024-07-08T10:03:54","slug":"mini-bossa-essence-of-mallorca-ikat-109-blau","status":"publish","type":"product","link":"https:\/\/teixitsvicens.com\/ca\/producte\/bosses\/bossa-essence\/mini-bossa-essence-of-mallorca-ikat-109-blau\/","title":{"rendered":"Mini bossa Essence of Mallorca ikat 109 Blau"},"content":{"rendered":"<p><span class=\"Y2IQFc\" lang=\"ca\">Eleg\u00e0ncia compacta: Tot i la seva mida compacte, el minibossa Essence of <\/span><\/p>\n<p><span class=\"Y2IQFc\" lang=\"ca\">Mallorca ofereix un ampli espai per portar all\u00f2 essencial mentre emana un aire <\/span><\/p>\n<p><span class=\"Y2IQFc\" lang=\"ca\">deleg\u00e0ncia. L&#8217;interior dissenyat amb cura garanteix que les seves pertinences <\/span><\/p>\n<p><span class=\"Y2IQFc\" lang=\"ca\">romanguin organitzades, el que el converteix en el company perfecte tant per a <\/span><\/p>\n<p><span class=\"Y2IQFc\" lang=\"ca\">les aventures di\u00fcrnes com per als esdeveniments nocturns elegants.<\/span><\/p>\n<p><span class=\"Y2IQFc\" lang=\"ca\"> Aquest minibossa de tela de lleng\u00fces mallorquines \u00e9s una deliciosa fusi\u00f3 de moda <\/span><\/p>\n<p><span class=\"Y2IQFc\" lang=\"ca\">contempor\u00e0nia i teixit tradicional mallorqu\u00ed, que reflecteix el ric patrimoni cultural<\/span><\/p>\n<p><span class=\"Y2IQFc\" lang=\"ca\"> i l&#8217;esplendor natural de la illa. Qui diria que una bossa podria contenir tanta hist\u00f2ria?<\/span><\/p>\n<p><span class=\"Y2IQFc\" lang=\"ca\"> Abra\u00e7ar el passat mentre romanem sense esfor\u00e7 a la moda.<\/span><\/p>\n","protected":false},"excerpt":{"rendered":"<p>Eleg\u00e0ncia compacta: Tot i la seva mida compacte, el minibossa Essence of Mallorca ofereix un ampli espai per portar all\u00f2&#8230;<\/p>\n","protected":false},"featured_media":36368,"comment_status":"closed","ping_status":"closed","template":"","meta":[],"product_brand":[],"product_cat":[857],"product_tag":[],"class_list":{"0":"post-30485","1":"product","2":"type-product","3":"status-publish","4":"has-post-thumbnail","6":"product_cat-bossa-essence","8":"first","9":"instock","10":"shipping-taxable","11":"purchasable","12":"product-type-simple"},"yoast_head":"<!-- This site is optimized with the Yoast SEO plugin v27.0 - https:\/\/yoast.com\/product\/yoast-seo-wordpress\/ -->\n<title>Mini bossa Essence of Mallorca ikat 109 Blau | Teixits Vicens<\/title>\n<meta name=\"description\" content=\"Aquest minibossa de tela de lleng\u00fces mallorquines \u00e9s una deliciosa fusi\u00f3 de modacontempor\u00e0nia i teixit tradicional mallorqu\u00ed\" \/>\n<meta name=\"robots\" content=\"index, follow, max-snippet:-1, max-image-preview:large, max-video-preview:-1\" \/>\n<link rel=\"canonical\" href=\"https:\/\/teixitsvicens.com\/ca\/producte\/bosses\/bossa-essence\/mini-bossa-essence-of-mallorca-ikat-109-blau\/\" \/>\n<meta property=\"og:locale\" content=\"ca_ES\" \/>\n<meta property=\"og:type\" content=\"article\" \/>\n<meta property=\"og:title\" content=\"Mini bossa Essence of Mallorca ikat 109 Blau | Teixits Vicens\" \/>\n<meta property=\"og:description\" content=\"Aquest minibossa de tela de lleng\u00fces mallorquines \u00e9s una deliciosa fusi\u00f3 de modacontempor\u00e0nia i teixit tradicional mallorqu\u00ed\" \/>\n<meta property=\"og:url\" content=\"https:\/\/teixitsvicens.com\/ca\/producte\/bosses\/bossa-essence\/mini-bossa-essence-of-mallorca-ikat-109-blau\/\" \/>\n<meta property=\"og:site_name\" content=\"Teixits Vicens\" \/>\n<meta property=\"article:publisher\" content=\"https:\/\/www.facebook.com\/TeixitsVicens\/\" \/>\n<meta property=\"article:modified_time\" content=\"2024-07-08T10:03:54+00:00\" \/>\n<meta property=\"og:image\" content=\"https:\/\/teixitsvicens.com\/wp-content\/uploads\/2024\/07\/BOLSO-ESSENCE-TELA-MALLORQUINA-109-AZUL.jpg\" \/>\n\t<meta property=\"og:image:width\" content=\"1200\" \/>\n\t<meta property=\"og:image:height\" content=\"1800\" \/>\n\t<meta property=\"og:image:type\" content=\"image\/jpeg\" \/>\n<meta name=\"twitter:card\" content=\"summary_large_image\" \/>\n<meta name=\"twitter:label1\" content=\"Temps estimat de lectura\" \/>\n\t<meta name=\"twitter:data1\" content=\"1 minute\" \/>\n<!-- \/ Yoast SEO plugin. -->","yoast_head_json":{"title":"Mini bossa Essence of Mallorca ikat 109 Blau | Teixits Vicens","description":"Aquest minibossa de tela de lleng\u00fces mallorquines \u00e9s una deliciosa fusi\u00f3 de modacontempor\u00e0nia i teixit tradicional mallorqu\u00ed","robots":{"index":"index","follow":"follow","max-snippet":"max-snippet:-1","max-image-preview":"max-image-preview:large","max-video-preview":"max-video-preview:-1"},"canonical":"https:\/\/teixitsvicens.com\/ca\/producte\/bosses\/bossa-essence\/mini-bossa-essence-of-mallorca-ikat-109-blau\/","og_locale":"ca_ES","og_type":"article","og_title":"Mini bossa Essence of Mallorca ikat 109 Blau | Teixits Vicens","og_description":"Aquest minibossa de tela de lleng\u00fces mallorquines \u00e9s una deliciosa fusi\u00f3 de modacontempor\u00e0nia i teixit tradicional mallorqu\u00ed","og_url":"https:\/\/teixitsvicens.com\/ca\/producte\/bosses\/bossa-essence\/mini-bossa-essence-of-mallorca-ikat-109-blau\/","og_site_name":"Teixits Vicens","article_publisher":"https:\/\/www.facebook.com\/TeixitsVicens\/","article_modified_time":"2024-07-08T10:03:54+00:00","og_image":[{"width":1200,"height":1800,"url":"https:\/\/teixitsvicens.com\/wp-content\/uploads\/2024\/07\/BOLSO-ESSENCE-TELA-MALLORQUINA-109-AZUL.jpg","type":"image\/jpeg"}],"twitter_card":"summary_large_image","twitter_misc":{"Temps estimat de lectura":"1 minute"},"schema":{"@context":"https:\/\/schema.org","@graph":[{"@type":"WebPage","@id":"https:\/\/teixitsvicens.com\/ca\/producte\/bosses\/bossa-essence\/mini-bossa-essence-of-mallorca-ikat-109-blau\/","url":"https:\/\/teixitsvicens.com\/ca\/producte\/bosses\/bossa-essence\/mini-bossa-essence-of-mallorca-ikat-109-blau\/","name":"Mini bossa Essence of Mallorca ikat 109 Blau | Teixits Vicens","isPartOf":{"@id":"https:\/\/teixitsvicens.com\/ca\/#website"},"primaryImageOfPage":{"@id":"https:\/\/teixitsvicens.com\/ca\/producte\/bosses\/bossa-essence\/mini-bossa-essence-of-mallorca-ikat-109-blau\/#primaryimage"},"image":{"@id":"https:\/\/teixitsvicens.com\/ca\/producte\/bosses\/bossa-essence\/mini-bossa-essence-of-mallorca-ikat-109-blau\/#primaryimage"},"thumbnailUrl":"https:\/\/teixitsvicens.com\/wp-content\/uploads\/2024\/07\/BOLSO-ESSENCE-TELA-MALLORQUINA-109-AZUL.jpg","datePublished":"2024-07-08T10:03:53+00:00","dateModified":"2024-07-08T10:03:54+00:00","description":"Aquest minibossa de tela de lleng\u00fces mallorquines \u00e9s una deliciosa fusi\u00f3 de modacontempor\u00e0nia i teixit tradicional mallorqu\u00ed","breadcrumb":{"@id":"https:\/\/teixitsvicens.com\/ca\/producte\/bosses\/bossa-essence\/mini-bossa-essence-of-mallorca-ikat-109-blau\/#breadcrumb"},"inLanguage":"ca","potentialAction":[{"@type":"ReadAction","target":["https:\/\/teixitsvicens.com\/ca\/producte\/bosses\/bossa-essence\/mini-bossa-essence-of-mallorca-ikat-109-blau\/"]}]},{"@type":"ImageObject","inLanguage":"ca","@id":"https:\/\/teixitsvicens.com\/ca\/producte\/bosses\/bossa-essence\/mini-bossa-essence-of-mallorca-ikat-109-blau\/#primaryimage","url":"https:\/\/teixitsvicens.com\/wp-content\/uploads\/2024\/07\/BOLSO-ESSENCE-TELA-MALLORQUINA-109-AZUL.jpg","contentUrl":"https:\/\/teixitsvicens.com\/wp-content\/uploads\/2024\/07\/BOLSO-ESSENCE-TELA-MALLORQUINA-109-AZUL.jpg","width":1200,"height":1800},{"@type":"BreadcrumbList","@id":"https:\/\/teixitsvicens.com\/ca\/producte\/bosses\/bossa-essence\/mini-bossa-essence-of-mallorca-ikat-109-blau\/#breadcrumb","itemListElement":[{"@type":"ListItem","position":1,"name":"Inici","item":"https:\/\/teixitsvicens.com\/ca\/home\/"},{"@type":"ListItem","position":2,"name":"Tenda","item":"https:\/\/teixitsvicens.com\/ca\/tenda\/"},{"@type":"ListItem","position":3,"name":"Mini bossa Essence of Mallorca ikat 109 Blau"}]},{"@type":"WebSite","@id":"https:\/\/teixitsvicens.com\/ca\/#website","url":"https:\/\/teixitsvicens.com\/ca\/","name":"Teixits Vicens","description":"Taller textil artesano","publisher":{"@id":"https:\/\/teixitsvicens.com\/ca\/#organization"},"alternateName":"Teixits Vicens","potentialAction":[{"@type":"SearchAction","target":{"@type":"EntryPoint","urlTemplate":"https:\/\/teixitsvicens.com\/ca\/?s={search_term_string}"},"query-input":{"@type":"PropertyValueSpecification","valueRequired":true,"valueName":"search_term_string"}}],"inLanguage":"ca"},{"@type":"Organization","@id":"https:\/\/teixitsvicens.com\/ca\/#organization","name":"Teixits Vicens","url":"https:\/\/teixitsvicens.com\/ca\/","logo":{"@type":"ImageObject","inLanguage":"ca","@id":"https:\/\/teixitsvicens.com\/ca\/#\/schema\/logo\/image\/","url":"https:\/\/teixitsvicens.com\/wp-content\/uploads\/2025\/10\/logo-teixits-vicents.png","contentUrl":"https:\/\/teixitsvicens.com\/wp-content\/uploads\/2025\/10\/logo-teixits-vicents.png","width":629,"height":131,"caption":"Teixits Vicens"},"image":{"@id":"https:\/\/teixitsvicens.com\/ca\/#\/schema\/logo\/image\/"},"sameAs":["https:\/\/www.facebook.com\/TeixitsVicens\/","https:\/\/www.instagram.com\/teixitsvicens\/"]}]}},"_links":{"self":[{"href":"https:\/\/teixitsvicens.com\/ca\/wp-json\/wp\/v2\/product\/30485","targetHints":{"allow":["GET"]}}],"collection":[{"href":"https:\/\/teixitsvicens.com\/ca\/wp-json\/wp\/v2\/product"}],"about":[{"href":"https:\/\/teixitsvicens.com\/ca\/wp-json\/wp\/v2\/types\/product"}],"replies":[{"embeddable":true,"href":"https:\/\/teixitsvicens.com\/ca\/wp-json\/wp\/v2\/comments?post=30485"}],"wp:featuredmedia":[{"embeddable":true,"href":"https:\/\/teixitsvicens.com\/ca\/wp-json\/wp\/v2\/media\/36368"}],"wp:attachment":[{"href":"https:\/\/teixitsvicens.com\/ca\/wp-json\/wp\/v2\/media?parent=30485"}],"wp:term":[{"taxonomy":"product_brand","embeddable":true,"href":"https:\/\/teixitsvicens.com\/ca\/wp-json\/wp\/v2\/product_brand?post=30485"},{"taxonomy":"product_cat","embeddable":true,"href":"https:\/\/teixitsvicens.com\/ca\/wp-json\/wp\/v2\/product_cat?post=30485"},{"taxonomy":"product_tag","embeddable":true,"href":"https:\/\/teixitsvicens.com\/ca\/wp-json\/wp\/v2\/product_tag?post=30485"}],"curies":[{"name":"wp","href":"https:\/\/api.w.org\/{rel}","templated":true}]}}