{"id":30459,"date":"2024-07-08T11:39:21","date_gmt":"2024-07-08T09:39:21","guid":{"rendered":"https:\/\/teixitsmallorca.com\/?post_type=product&#038;p=30459"},"modified":"2024-07-08T11:45:03","modified_gmt":"2024-07-08T09:45:03","slug":"mini-bossa-essence-of-mallorca-ikat-109-vermell","status":"publish","type":"product","link":"https:\/\/teixitsvicens.com\/ca\/producte\/bosses\/bossa-essence\/mini-bossa-essence-of-mallorca-ikat-109-vermell\/","title":{"rendered":"Mini bossa Essence of Mallorca ikat 109 Vermell"},"content":{"rendered":"<pre id=\"tw-target-text\" class=\"tw-data-text tw-text-large tw-ta\" dir=\"ltr\" data-placeholder=\"Traducci\u00f3n\" aria-label=\"Texto traducido\" data-ved=\"2ahUKEwjLp-bZ74-HAxXFXfEDHZV5DBwQ3ewLegQIBRAT\"><span class=\"Y2IQFc\" lang=\"ca\">Eleg\u00e0ncia compacta:\r\nTot i la seva mida compacte, el minibossa Essence of Mallorca \r\nofereix un ampli espai per portar all\u00f2 essencial mentre \r\nemana un aire deleg\u00e0ncia. L'interior dissenyat amb cura \r\ngaranteix que les seves pertinences romanguin organitzades, \r\nel que el converteix en el company perfecte tant per a les \r\naventures di\u00fcrnes com per als esdeveniments nocturns elegants.\r\n\r\n\r\nAquest minibossa de tela de lleng\u00fces mallorquines \u00e9s una deliciosa \r\nfusi\u00f3 de moda contempor\u00e0nia i teixit tradicional mallorqu\u00ed, \r\nque reflecteix el ric patrimoni cultural i l'esplendor natural \r\nde la illa.                                                        \r\nQui diria que una bossa podria contenir tanta hist\u00f2ria?\r\nAbra\u00e7ar el passat mentre romanem sense esfor\u00e7 a la moda.<\/span><\/pre>\n","protected":false},"excerpt":{"rendered":"<p>34 x 21 x 9cm<\/p>\n","protected":false},"featured_media":36378,"comment_status":"closed","ping_status":"closed","template":"","meta":[],"product_brand":[],"product_cat":[857],"product_tag":[],"class_list":{"0":"post-30459","1":"product","2":"type-product","3":"status-publish","4":"has-post-thumbnail","6":"product_cat-bossa-essence","8":"first","9":"instock","10":"shipping-taxable","11":"purchasable","12":"product-type-simple"},"yoast_head":"<!-- This site is optimized with the Yoast SEO plugin v27.0 - https:\/\/yoast.com\/product\/yoast-seo-wordpress\/ -->\n<title>Mini bossa Essence of Mallorca ikat 109 Vermell | Teixits Vicens<\/title>\n<meta name=\"description\" content=\"Minibossa de tela de lleng\u00fces mallorquines , una deliciosa fusi\u00f3 de moda contempor\u00e0nia i teixit tradicional mallorqu\u00ed,\" \/>\n<meta name=\"robots\" content=\"index, follow, max-snippet:-1, max-image-preview:large, max-video-preview:-1\" \/>\n<link rel=\"canonical\" href=\"https:\/\/teixitsvicens.com\/ca\/producte\/bosses\/bossa-essence\/mini-bossa-essence-of-mallorca-ikat-109-vermell\/\" \/>\n<meta property=\"og:locale\" content=\"ca_ES\" \/>\n<meta property=\"og:type\" content=\"article\" \/>\n<meta property=\"og:title\" content=\"Mini bossa Essence of Mallorca ikat 109 Vermell | Teixits Vicens\" \/>\n<meta property=\"og:description\" content=\"Minibossa de tela de lleng\u00fces mallorquines , una deliciosa fusi\u00f3 de moda contempor\u00e0nia i teixit tradicional mallorqu\u00ed,\" \/>\n<meta property=\"og:url\" content=\"https:\/\/teixitsvicens.com\/ca\/producte\/bosses\/bossa-essence\/mini-bossa-essence-of-mallorca-ikat-109-vermell\/\" \/>\n<meta property=\"og:site_name\" content=\"Teixits Vicens\" \/>\n<meta property=\"article:publisher\" content=\"https:\/\/www.facebook.com\/TeixitsVicens\/\" \/>\n<meta property=\"article:modified_time\" content=\"2024-07-08T09:45:03+00:00\" \/>\n<meta property=\"og:image\" content=\"https:\/\/teixitsvicens.com\/wp-content\/uploads\/2024\/07\/bolso-essence-tela-mallorquina-109-rojo.jpg\" \/>\n\t<meta property=\"og:image:width\" content=\"1200\" \/>\n\t<meta property=\"og:image:height\" content=\"1800\" \/>\n\t<meta property=\"og:image:type\" content=\"image\/jpeg\" \/>\n<meta name=\"twitter:card\" content=\"summary_large_image\" \/>\n<meta name=\"twitter:label1\" content=\"Temps estimat de lectura\" \/>\n\t<meta name=\"twitter:data1\" content=\"1 minute\" \/>\n<!-- \/ Yoast SEO plugin. -->","yoast_head_json":{"title":"Mini bossa Essence of Mallorca ikat 109 Vermell | Teixits Vicens","description":"Minibossa de tela de lleng\u00fces mallorquines , una deliciosa fusi\u00f3 de moda contempor\u00e0nia i teixit tradicional mallorqu\u00ed,","robots":{"index":"index","follow":"follow","max-snippet":"max-snippet:-1","max-image-preview":"max-image-preview:large","max-video-preview":"max-video-preview:-1"},"canonical":"https:\/\/teixitsvicens.com\/ca\/producte\/bosses\/bossa-essence\/mini-bossa-essence-of-mallorca-ikat-109-vermell\/","og_locale":"ca_ES","og_type":"article","og_title":"Mini bossa Essence of Mallorca ikat 109 Vermell | Teixits Vicens","og_description":"Minibossa de tela de lleng\u00fces mallorquines , una deliciosa fusi\u00f3 de moda contempor\u00e0nia i teixit tradicional mallorqu\u00ed,","og_url":"https:\/\/teixitsvicens.com\/ca\/producte\/bosses\/bossa-essence\/mini-bossa-essence-of-mallorca-ikat-109-vermell\/","og_site_name":"Teixits Vicens","article_publisher":"https:\/\/www.facebook.com\/TeixitsVicens\/","article_modified_time":"2024-07-08T09:45:03+00:00","og_image":[{"width":1200,"height":1800,"url":"https:\/\/teixitsvicens.com\/wp-content\/uploads\/2024\/07\/bolso-essence-tela-mallorquina-109-rojo.jpg","type":"image\/jpeg"}],"twitter_card":"summary_large_image","twitter_misc":{"Temps estimat de lectura":"1 minute"},"schema":{"@context":"https:\/\/schema.org","@graph":[{"@type":"WebPage","@id":"https:\/\/teixitsvicens.com\/ca\/producte\/bosses\/bossa-essence\/mini-bossa-essence-of-mallorca-ikat-109-vermell\/","url":"https:\/\/teixitsvicens.com\/ca\/producte\/bosses\/bossa-essence\/mini-bossa-essence-of-mallorca-ikat-109-vermell\/","name":"Mini bossa Essence of Mallorca ikat 109 Vermell | Teixits Vicens","isPartOf":{"@id":"https:\/\/teixitsvicens.com\/ca\/#website"},"primaryImageOfPage":{"@id":"https:\/\/teixitsvicens.com\/ca\/producte\/bosses\/bossa-essence\/mini-bossa-essence-of-mallorca-ikat-109-vermell\/#primaryimage"},"image":{"@id":"https:\/\/teixitsvicens.com\/ca\/producte\/bosses\/bossa-essence\/mini-bossa-essence-of-mallorca-ikat-109-vermell\/#primaryimage"},"thumbnailUrl":"https:\/\/teixitsvicens.com\/wp-content\/uploads\/2024\/07\/bolso-essence-tela-mallorquina-109-rojo.jpg","datePublished":"2024-07-08T09:39:21+00:00","dateModified":"2024-07-08T09:45:03+00:00","description":"Minibossa de tela de lleng\u00fces mallorquines , una deliciosa fusi\u00f3 de moda contempor\u00e0nia i teixit tradicional mallorqu\u00ed,","breadcrumb":{"@id":"https:\/\/teixitsvicens.com\/ca\/producte\/bosses\/bossa-essence\/mini-bossa-essence-of-mallorca-ikat-109-vermell\/#breadcrumb"},"inLanguage":"ca","potentialAction":[{"@type":"ReadAction","target":["https:\/\/teixitsvicens.com\/ca\/producte\/bosses\/bossa-essence\/mini-bossa-essence-of-mallorca-ikat-109-vermell\/"]}]},{"@type":"ImageObject","inLanguage":"ca","@id":"https:\/\/teixitsvicens.com\/ca\/producte\/bosses\/bossa-essence\/mini-bossa-essence-of-mallorca-ikat-109-vermell\/#primaryimage","url":"https:\/\/teixitsvicens.com\/wp-content\/uploads\/2024\/07\/bolso-essence-tela-mallorquina-109-rojo.jpg","contentUrl":"https:\/\/teixitsvicens.com\/wp-content\/uploads\/2024\/07\/bolso-essence-tela-mallorquina-109-rojo.jpg","width":1200,"height":1800},{"@type":"BreadcrumbList","@id":"https:\/\/teixitsvicens.com\/ca\/producte\/bosses\/bossa-essence\/mini-bossa-essence-of-mallorca-ikat-109-vermell\/#breadcrumb","itemListElement":[{"@type":"ListItem","position":1,"name":"Inici","item":"https:\/\/teixitsvicens.com\/ca\/home\/"},{"@type":"ListItem","position":2,"name":"Tenda","item":"https:\/\/teixitsvicens.com\/ca\/tenda\/"},{"@type":"ListItem","position":3,"name":"Mini bossa Essence of Mallorca ikat 109 Vermell"}]},{"@type":"WebSite","@id":"https:\/\/teixitsvicens.com\/ca\/#website","url":"https:\/\/teixitsvicens.com\/ca\/","name":"Teixits Vicens","description":"Taller textil artesano","publisher":{"@id":"https:\/\/teixitsvicens.com\/ca\/#organization"},"alternateName":"Teixits Vicens","potentialAction":[{"@type":"SearchAction","target":{"@type":"EntryPoint","urlTemplate":"https:\/\/teixitsvicens.com\/ca\/?s={search_term_string}"},"query-input":{"@type":"PropertyValueSpecification","valueRequired":true,"valueName":"search_term_string"}}],"inLanguage":"ca"},{"@type":"Organization","@id":"https:\/\/teixitsvicens.com\/ca\/#organization","name":"Teixits Vicens","url":"https:\/\/teixitsvicens.com\/ca\/","logo":{"@type":"ImageObject","inLanguage":"ca","@id":"https:\/\/teixitsvicens.com\/ca\/#\/schema\/logo\/image\/","url":"https:\/\/teixitsvicens.com\/wp-content\/uploads\/2025\/10\/logo-teixits-vicents.png","contentUrl":"https:\/\/teixitsvicens.com\/wp-content\/uploads\/2025\/10\/logo-teixits-vicents.png","width":629,"height":131,"caption":"Teixits Vicens"},"image":{"@id":"https:\/\/teixitsvicens.com\/ca\/#\/schema\/logo\/image\/"},"sameAs":["https:\/\/www.facebook.com\/TeixitsVicens\/","https:\/\/www.instagram.com\/teixitsvicens\/"]}]}},"_links":{"self":[{"href":"https:\/\/teixitsvicens.com\/ca\/wp-json\/wp\/v2\/product\/30459","targetHints":{"allow":["GET"]}}],"collection":[{"href":"https:\/\/teixitsvicens.com\/ca\/wp-json\/wp\/v2\/product"}],"about":[{"href":"https:\/\/teixitsvicens.com\/ca\/wp-json\/wp\/v2\/types\/product"}],"replies":[{"embeddable":true,"href":"https:\/\/teixitsvicens.com\/ca\/wp-json\/wp\/v2\/comments?post=30459"}],"wp:featuredmedia":[{"embeddable":true,"href":"https:\/\/teixitsvicens.com\/ca\/wp-json\/wp\/v2\/media\/36378"}],"wp:attachment":[{"href":"https:\/\/teixitsvicens.com\/ca\/wp-json\/wp\/v2\/media?parent=30459"}],"wp:term":[{"taxonomy":"product_brand","embeddable":true,"href":"https:\/\/teixitsvicens.com\/ca\/wp-json\/wp\/v2\/product_brand?post=30459"},{"taxonomy":"product_cat","embeddable":true,"href":"https:\/\/teixitsvicens.com\/ca\/wp-json\/wp\/v2\/product_cat?post=30459"},{"taxonomy":"product_tag","embeddable":true,"href":"https:\/\/teixitsvicens.com\/ca\/wp-json\/wp\/v2\/product_tag?post=30459"}],"curies":[{"name":"wp","href":"https:\/\/api.w.org\/{rel}","templated":true}]}}