{"id":30000,"date":"2024-07-05T14:05:25","date_gmt":"2024-07-05T12:05:25","guid":{"rendered":"https:\/\/teixitsmallorca.com\/?post_type=product&#038;p=30000"},"modified":"2024-07-05T14:05:25","modified_gmt":"2024-07-05T12:05:25","slug":"tapis-de-tela-amb-troca-negre","status":"publish","type":"product","link":"https:\/\/teixitsvicens.com\/ca\/producte\/decoracio\/tapissos\/tapis-de-tela-amb-troca-negre\/","title":{"rendered":"Tap\u00eds de tela amb troca Negre"},"content":{"rendered":"<pre id=\"tw-target-text\" class=\"tw-data-text tw-text-large tw-ta\" dir=\"ltr\" data-placeholder=\"Traducci\u00f3n\" aria-label=\"Texto traducido\" data-ved=\"2ahUKEwj-_JT-742HAxWCUaQEHfI9AhsQ3ewLegQIBRAT\"><span class=\"Y2IQFc\" lang=\"ca\">Tap\u00eds de tela Mallorquina amb troca de fils de cot\u00f3.\r\nDisseny, de Martina R.Vicens, inspirat en l'obra art\u00edstica de\r\nel seu avi Mart\u00ed Vicens qui va utilitzar els materials primaris que\r\nes troben al taller on teixim teles Ikat per desenvolupar la seva \r\nobra pict\u00f2rica. \r\n\r\nUna pe\u00e7a especial per decorar les parets i combinar amb diferents estils.\r\n\r\nCOL\u00b7LECCI\u00d3 TROCA<\/span><\/pre>\n","protected":false},"excerpt":{"rendered":"<div class=\"woocommerce-product-details__short-description\">\n<div class=\"woocommerce-product-details__short-description\">\n<p>040\u00d7056 cm<\/p>\n<\/div>\n<\/div>\n","protected":false},"featured_media":29996,"comment_status":"closed","ping_status":"closed","template":"","meta":[],"product_brand":[],"product_cat":[1043],"product_tag":[],"class_list":{"0":"post-30000","1":"product","2":"type-product","3":"status-publish","4":"has-post-thumbnail","6":"product_cat-tapissos","8":"first","9":"instock","10":"shipping-taxable","11":"purchasable","12":"product-type-simple"},"yoast_head":"<!-- This site is optimized with the Yoast SEO plugin v27.0 - https:\/\/yoast.com\/product\/yoast-seo-wordpress\/ -->\n<title>Tap\u00eds de tela amb troca Negre | Teixits Vicens<\/title>\n<meta name=\"description\" content=\"Tap\u00eds de tela Mallorquina amb troca de fils de cot\u00f3. Una pe\u00e7a especial per decorar les parets i combinar amb diferents estils.\" \/>\n<meta name=\"robots\" content=\"index, follow, max-snippet:-1, max-image-preview:large, max-video-preview:-1\" \/>\n<link rel=\"canonical\" href=\"https:\/\/teixitsvicens.com\/ca\/producte\/decoracio\/tapissos\/tapis-de-tela-amb-troca-negre\/\" \/>\n<meta property=\"og:locale\" content=\"ca_ES\" \/>\n<meta property=\"og:type\" content=\"article\" \/>\n<meta property=\"og:title\" content=\"Tap\u00eds de tela amb troca Negre | Teixits Vicens\" \/>\n<meta property=\"og:description\" content=\"Tap\u00eds de tela Mallorquina amb troca de fils de cot\u00f3. Una pe\u00e7a especial per decorar les parets i combinar amb diferents estils.\" \/>\n<meta property=\"og:url\" content=\"https:\/\/teixitsvicens.com\/ca\/producte\/decoracio\/tapissos\/tapis-de-tela-amb-troca-negre\/\" \/>\n<meta property=\"og:site_name\" content=\"Teixits Vicens\" \/>\n<meta property=\"article:publisher\" content=\"https:\/\/www.facebook.com\/TeixitsVicens\/\" \/>\n<meta property=\"og:image\" content=\"https:\/\/teixitsvicens.com\/wp-content\/uploads\/2024\/07\/PRODUCTV-0362.jpg\" \/>\n\t<meta property=\"og:image:width\" content=\"1200\" \/>\n\t<meta property=\"og:image:height\" content=\"800\" \/>\n\t<meta property=\"og:image:type\" content=\"image\/jpeg\" \/>\n<meta name=\"twitter:card\" content=\"summary_large_image\" \/>\n<!-- \/ Yoast SEO plugin. -->","yoast_head_json":{"title":"Tap\u00eds de tela amb troca Negre | Teixits Vicens","description":"Tap\u00eds de tela Mallorquina amb troca de fils de cot\u00f3. Una pe\u00e7a especial per decorar les parets i combinar amb diferents estils.","robots":{"index":"index","follow":"follow","max-snippet":"max-snippet:-1","max-image-preview":"max-image-preview:large","max-video-preview":"max-video-preview:-1"},"canonical":"https:\/\/teixitsvicens.com\/ca\/producte\/decoracio\/tapissos\/tapis-de-tela-amb-troca-negre\/","og_locale":"ca_ES","og_type":"article","og_title":"Tap\u00eds de tela amb troca Negre | Teixits Vicens","og_description":"Tap\u00eds de tela Mallorquina amb troca de fils de cot\u00f3. Una pe\u00e7a especial per decorar les parets i combinar amb diferents estils.","og_url":"https:\/\/teixitsvicens.com\/ca\/producte\/decoracio\/tapissos\/tapis-de-tela-amb-troca-negre\/","og_site_name":"Teixits Vicens","article_publisher":"https:\/\/www.facebook.com\/TeixitsVicens\/","og_image":[{"width":1200,"height":800,"url":"https:\/\/teixitsvicens.com\/wp-content\/uploads\/2024\/07\/PRODUCTV-0362.jpg","type":"image\/jpeg"}],"twitter_card":"summary_large_image","schema":{"@context":"https:\/\/schema.org","@graph":[{"@type":"WebPage","@id":"https:\/\/teixitsvicens.com\/ca\/producte\/decoracio\/tapissos\/tapis-de-tela-amb-troca-negre\/","url":"https:\/\/teixitsvicens.com\/ca\/producte\/decoracio\/tapissos\/tapis-de-tela-amb-troca-negre\/","name":"Tap\u00eds de tela amb troca Negre | Teixits Vicens","isPartOf":{"@id":"https:\/\/teixitsvicens.com\/ca\/#website"},"primaryImageOfPage":{"@id":"https:\/\/teixitsvicens.com\/ca\/producte\/decoracio\/tapissos\/tapis-de-tela-amb-troca-negre\/#primaryimage"},"image":{"@id":"https:\/\/teixitsvicens.com\/ca\/producte\/decoracio\/tapissos\/tapis-de-tela-amb-troca-negre\/#primaryimage"},"thumbnailUrl":"https:\/\/teixitsvicens.com\/wp-content\/uploads\/2024\/07\/PRODUCTV-0362.jpg","datePublished":"2024-07-05T12:05:25+00:00","description":"Tap\u00eds de tela Mallorquina amb troca de fils de cot\u00f3. Una pe\u00e7a especial per decorar les parets i combinar amb diferents estils.","breadcrumb":{"@id":"https:\/\/teixitsvicens.com\/ca\/producte\/decoracio\/tapissos\/tapis-de-tela-amb-troca-negre\/#breadcrumb"},"inLanguage":"ca","potentialAction":[{"@type":"ReadAction","target":["https:\/\/teixitsvicens.com\/ca\/producte\/decoracio\/tapissos\/tapis-de-tela-amb-troca-negre\/"]}]},{"@type":"ImageObject","inLanguage":"ca","@id":"https:\/\/teixitsvicens.com\/ca\/producte\/decoracio\/tapissos\/tapis-de-tela-amb-troca-negre\/#primaryimage","url":"https:\/\/teixitsvicens.com\/wp-content\/uploads\/2024\/07\/PRODUCTV-0362.jpg","contentUrl":"https:\/\/teixitsvicens.com\/wp-content\/uploads\/2024\/07\/PRODUCTV-0362.jpg","width":1200,"height":800},{"@type":"BreadcrumbList","@id":"https:\/\/teixitsvicens.com\/ca\/producte\/decoracio\/tapissos\/tapis-de-tela-amb-troca-negre\/#breadcrumb","itemListElement":[{"@type":"ListItem","position":1,"name":"Inici","item":"https:\/\/teixitsvicens.com\/ca\/home\/"},{"@type":"ListItem","position":2,"name":"Tenda","item":"https:\/\/teixitsvicens.com\/ca\/tenda\/"},{"@type":"ListItem","position":3,"name":"Tap\u00eds de tela amb troca Negre"}]},{"@type":"WebSite","@id":"https:\/\/teixitsvicens.com\/ca\/#website","url":"https:\/\/teixitsvicens.com\/ca\/","name":"Teixits Vicens","description":"Taller textil artesano","publisher":{"@id":"https:\/\/teixitsvicens.com\/ca\/#organization"},"alternateName":"Teixits Vicens","potentialAction":[{"@type":"SearchAction","target":{"@type":"EntryPoint","urlTemplate":"https:\/\/teixitsvicens.com\/ca\/?s={search_term_string}"},"query-input":{"@type":"PropertyValueSpecification","valueRequired":true,"valueName":"search_term_string"}}],"inLanguage":"ca"},{"@type":"Organization","@id":"https:\/\/teixitsvicens.com\/ca\/#organization","name":"Teixits Vicens","url":"https:\/\/teixitsvicens.com\/ca\/","logo":{"@type":"ImageObject","inLanguage":"ca","@id":"https:\/\/teixitsvicens.com\/ca\/#\/schema\/logo\/image\/","url":"https:\/\/teixitsvicens.com\/wp-content\/uploads\/2025\/10\/logo-teixits-vicents.png","contentUrl":"https:\/\/teixitsvicens.com\/wp-content\/uploads\/2025\/10\/logo-teixits-vicents.png","width":629,"height":131,"caption":"Teixits Vicens"},"image":{"@id":"https:\/\/teixitsvicens.com\/ca\/#\/schema\/logo\/image\/"},"sameAs":["https:\/\/www.facebook.com\/TeixitsVicens\/","https:\/\/www.instagram.com\/teixitsvicens\/"]}]}},"_links":{"self":[{"href":"https:\/\/teixitsvicens.com\/ca\/wp-json\/wp\/v2\/product\/30000","targetHints":{"allow":["GET"]}}],"collection":[{"href":"https:\/\/teixitsvicens.com\/ca\/wp-json\/wp\/v2\/product"}],"about":[{"href":"https:\/\/teixitsvicens.com\/ca\/wp-json\/wp\/v2\/types\/product"}],"replies":[{"embeddable":true,"href":"https:\/\/teixitsvicens.com\/ca\/wp-json\/wp\/v2\/comments?post=30000"}],"wp:featuredmedia":[{"embeddable":true,"href":"https:\/\/teixitsvicens.com\/ca\/wp-json\/wp\/v2\/media\/29996"}],"wp:attachment":[{"href":"https:\/\/teixitsvicens.com\/ca\/wp-json\/wp\/v2\/media?parent=30000"}],"wp:term":[{"taxonomy":"product_brand","embeddable":true,"href":"https:\/\/teixitsvicens.com\/ca\/wp-json\/wp\/v2\/product_brand?post=30000"},{"taxonomy":"product_cat","embeddable":true,"href":"https:\/\/teixitsvicens.com\/ca\/wp-json\/wp\/v2\/product_cat?post=30000"},{"taxonomy":"product_tag","embeddable":true,"href":"https:\/\/teixitsvicens.com\/ca\/wp-json\/wp\/v2\/product_tag?post=30000"}],"curies":[{"name":"wp","href":"https:\/\/api.w.org\/{rel}","templated":true}]}}