{"id":29722,"date":"2024-07-03T14:41:09","date_gmt":"2024-07-03T12:41:09","guid":{"rendered":"https:\/\/teixitsmallorca.com\/?post_type=product&#038;p=29722"},"modified":"2024-07-03T14:41:10","modified_gmt":"2024-07-03T12:41:10","slug":"individual-tela-ikat-101-blau","status":"publish","type":"product","link":"https:\/\/teixitsvicens.com\/ca\/producte\/cuina\/individuals\/individuals-amb-serrell\/individual-tela-ikat-101-blau\/","title":{"rendered":"Individual tela ikat 101 blau"},"content":{"rendered":"<pre id=\"tw-target-text\" class=\"tw-data-text tw-text-large tw-ta\" dir=\"ltr\" data-placeholder=\"Traducci\u00f3n\" aria-label=\"Texto traducido\" data-ved=\"2ahUKEwjcoPGiuYiHAxXD2AIHHWnDCL4Q3ewLegQIBRAT\"><span class=\"Y2IQFc\" lang=\"ca\">Estovalles individual rectangular per vestir la taula. \r\nSorpr\u00e8n els teus convidats amb aquestes estovalles originals \r\ni fet a m\u00e0 amb tela de lleng\u00fces mallorquina.\r\nAquest teixit artes\u00e0 \u00e9s molt resistent i us acompanyar\u00e0 durant \r\nmoltes celebracions al voltant de la taula.<\/span><\/pre>\n","protected":false},"excerpt":{"rendered":"<p>Estovalles individual rectangular per vestir la taula. Sorpr\u00e8n els teus convidats amb aquestes estovalles originals i fet a m\u00e0 amb&#8230;<\/p>\n","protected":false},"featured_media":29718,"comment_status":"closed","ping_status":"closed","template":"","meta":[],"product_brand":[],"product_cat":[928],"product_tag":[],"class_list":{"0":"post-29722","1":"product","2":"type-product","3":"status-publish","4":"has-post-thumbnail","6":"product_cat-individuals-amb-serrell","8":"first","9":"instock","10":"shipping-taxable","11":"purchasable","12":"product-type-simple"},"yoast_head":"<!-- This site is optimized with the Yoast SEO plugin v27.0 - https:\/\/yoast.com\/product\/yoast-seo-wordpress\/ -->\n<title>Individual tela ikat 101 blau | Teixits Vicens<\/title>\n<meta name=\"description\" content=\"Estovalles individual rectangular per vestir la taula. Sorpr\u00e8n els teus convidats amb aquestes estovalles originals i fet a m\u00e0 amb tela de lleng\u00fces mallorquina.\" \/>\n<meta name=\"robots\" content=\"index, follow, max-snippet:-1, max-image-preview:large, max-video-preview:-1\" \/>\n<link rel=\"canonical\" href=\"https:\/\/teixitsvicens.com\/ca\/producte\/cuina\/individuals\/individuals-amb-serrell\/individual-tela-ikat-101-blau\/\" \/>\n<meta property=\"og:locale\" content=\"ca_ES\" \/>\n<meta property=\"og:type\" content=\"article\" \/>\n<meta property=\"og:title\" content=\"Individual tela ikat 101 blau | Teixits Vicens\" \/>\n<meta property=\"og:description\" content=\"Estovalles individual rectangular per vestir la taula. Sorpr\u00e8n els teus convidats amb aquestes estovalles originals i fet a m\u00e0 amb tela de lleng\u00fces mallorquina.\" \/>\n<meta property=\"og:url\" content=\"https:\/\/teixitsvicens.com\/ca\/producte\/cuina\/individuals\/individuals-amb-serrell\/individual-tela-ikat-101-blau\/\" \/>\n<meta property=\"og:site_name\" content=\"Teixits Vicens\" \/>\n<meta property=\"article:publisher\" content=\"https:\/\/www.facebook.com\/TeixitsVicens\/\" \/>\n<meta property=\"article:modified_time\" content=\"2024-07-03T12:41:10+00:00\" \/>\n<meta property=\"og:image\" content=\"https:\/\/teixitsvicens.com\/wp-content\/uploads\/2024\/07\/INDIVIDUAL-101-BLAU-WEB.jpg\" \/>\n\t<meta property=\"og:image:width\" content=\"1200\" \/>\n\t<meta property=\"og:image:height\" content=\"1800\" \/>\n\t<meta property=\"og:image:type\" content=\"image\/jpeg\" \/>\n<meta name=\"twitter:card\" content=\"summary_large_image\" \/>\n<!-- \/ Yoast SEO plugin. -->","yoast_head_json":{"title":"Individual tela ikat 101 blau | Teixits Vicens","description":"Estovalles individual rectangular per vestir la taula. Sorpr\u00e8n els teus convidats amb aquestes estovalles originals i fet a m\u00e0 amb tela de lleng\u00fces mallorquina.","robots":{"index":"index","follow":"follow","max-snippet":"max-snippet:-1","max-image-preview":"max-image-preview:large","max-video-preview":"max-video-preview:-1"},"canonical":"https:\/\/teixitsvicens.com\/ca\/producte\/cuina\/individuals\/individuals-amb-serrell\/individual-tela-ikat-101-blau\/","og_locale":"ca_ES","og_type":"article","og_title":"Individual tela ikat 101 blau | Teixits Vicens","og_description":"Estovalles individual rectangular per vestir la taula. Sorpr\u00e8n els teus convidats amb aquestes estovalles originals i fet a m\u00e0 amb tela de lleng\u00fces mallorquina.","og_url":"https:\/\/teixitsvicens.com\/ca\/producte\/cuina\/individuals\/individuals-amb-serrell\/individual-tela-ikat-101-blau\/","og_site_name":"Teixits Vicens","article_publisher":"https:\/\/www.facebook.com\/TeixitsVicens\/","article_modified_time":"2024-07-03T12:41:10+00:00","og_image":[{"width":1200,"height":1800,"url":"https:\/\/teixitsvicens.com\/wp-content\/uploads\/2024\/07\/INDIVIDUAL-101-BLAU-WEB.jpg","type":"image\/jpeg"}],"twitter_card":"summary_large_image","schema":{"@context":"https:\/\/schema.org","@graph":[{"@type":"WebPage","@id":"https:\/\/teixitsvicens.com\/ca\/producte\/cuina\/individuals\/individuals-amb-serrell\/individual-tela-ikat-101-blau\/","url":"https:\/\/teixitsvicens.com\/ca\/producte\/cuina\/individuals\/individuals-amb-serrell\/individual-tela-ikat-101-blau\/","name":"Individual tela ikat 101 blau | Teixits Vicens","isPartOf":{"@id":"https:\/\/teixitsvicens.com\/ca\/#website"},"primaryImageOfPage":{"@id":"https:\/\/teixitsvicens.com\/ca\/producte\/cuina\/individuals\/individuals-amb-serrell\/individual-tela-ikat-101-blau\/#primaryimage"},"image":{"@id":"https:\/\/teixitsvicens.com\/ca\/producte\/cuina\/individuals\/individuals-amb-serrell\/individual-tela-ikat-101-blau\/#primaryimage"},"thumbnailUrl":"https:\/\/teixitsvicens.com\/wp-content\/uploads\/2024\/07\/INDIVIDUAL-101-BLAU-WEB.jpg","datePublished":"2024-07-03T12:41:09+00:00","dateModified":"2024-07-03T12:41:10+00:00","description":"Estovalles individual rectangular per vestir la taula. Sorpr\u00e8n els teus convidats amb aquestes estovalles originals i fet a m\u00e0 amb tela de lleng\u00fces mallorquina.","breadcrumb":{"@id":"https:\/\/teixitsvicens.com\/ca\/producte\/cuina\/individuals\/individuals-amb-serrell\/individual-tela-ikat-101-blau\/#breadcrumb"},"inLanguage":"ca","potentialAction":[{"@type":"ReadAction","target":["https:\/\/teixitsvicens.com\/ca\/producte\/cuina\/individuals\/individuals-amb-serrell\/individual-tela-ikat-101-blau\/"]}]},{"@type":"ImageObject","inLanguage":"ca","@id":"https:\/\/teixitsvicens.com\/ca\/producte\/cuina\/individuals\/individuals-amb-serrell\/individual-tela-ikat-101-blau\/#primaryimage","url":"https:\/\/teixitsvicens.com\/wp-content\/uploads\/2024\/07\/INDIVIDUAL-101-BLAU-WEB.jpg","contentUrl":"https:\/\/teixitsvicens.com\/wp-content\/uploads\/2024\/07\/INDIVIDUAL-101-BLAU-WEB.jpg","width":1200,"height":1800},{"@type":"BreadcrumbList","@id":"https:\/\/teixitsvicens.com\/ca\/producte\/cuina\/individuals\/individuals-amb-serrell\/individual-tela-ikat-101-blau\/#breadcrumb","itemListElement":[{"@type":"ListItem","position":1,"name":"Inici","item":"https:\/\/teixitsvicens.com\/ca\/home\/"},{"@type":"ListItem","position":2,"name":"Tenda","item":"https:\/\/teixitsvicens.com\/ca\/tenda\/"},{"@type":"ListItem","position":3,"name":"Individual tela ikat 101 blau"}]},{"@type":"WebSite","@id":"https:\/\/teixitsvicens.com\/ca\/#website","url":"https:\/\/teixitsvicens.com\/ca\/","name":"Teixits Vicens","description":"Taller textil artesano","publisher":{"@id":"https:\/\/teixitsvicens.com\/ca\/#organization"},"alternateName":"Teixits Vicens","potentialAction":[{"@type":"SearchAction","target":{"@type":"EntryPoint","urlTemplate":"https:\/\/teixitsvicens.com\/ca\/?s={search_term_string}"},"query-input":{"@type":"PropertyValueSpecification","valueRequired":true,"valueName":"search_term_string"}}],"inLanguage":"ca"},{"@type":"Organization","@id":"https:\/\/teixitsvicens.com\/ca\/#organization","name":"Teixits Vicens","url":"https:\/\/teixitsvicens.com\/ca\/","logo":{"@type":"ImageObject","inLanguage":"ca","@id":"https:\/\/teixitsvicens.com\/ca\/#\/schema\/logo\/image\/","url":"https:\/\/teixitsvicens.com\/wp-content\/uploads\/2025\/10\/logo-teixits-vicents.png","contentUrl":"https:\/\/teixitsvicens.com\/wp-content\/uploads\/2025\/10\/logo-teixits-vicents.png","width":629,"height":131,"caption":"Teixits Vicens"},"image":{"@id":"https:\/\/teixitsvicens.com\/ca\/#\/schema\/logo\/image\/"},"sameAs":["https:\/\/www.facebook.com\/TeixitsVicens\/","https:\/\/www.instagram.com\/teixitsvicens\/"]}]}},"_links":{"self":[{"href":"https:\/\/teixitsvicens.com\/ca\/wp-json\/wp\/v2\/product\/29722","targetHints":{"allow":["GET"]}}],"collection":[{"href":"https:\/\/teixitsvicens.com\/ca\/wp-json\/wp\/v2\/product"}],"about":[{"href":"https:\/\/teixitsvicens.com\/ca\/wp-json\/wp\/v2\/types\/product"}],"replies":[{"embeddable":true,"href":"https:\/\/teixitsvicens.com\/ca\/wp-json\/wp\/v2\/comments?post=29722"}],"wp:featuredmedia":[{"embeddable":true,"href":"https:\/\/teixitsvicens.com\/ca\/wp-json\/wp\/v2\/media\/29718"}],"wp:attachment":[{"href":"https:\/\/teixitsvicens.com\/ca\/wp-json\/wp\/v2\/media?parent=29722"}],"wp:term":[{"taxonomy":"product_brand","embeddable":true,"href":"https:\/\/teixitsvicens.com\/ca\/wp-json\/wp\/v2\/product_brand?post=29722"},{"taxonomy":"product_cat","embeddable":true,"href":"https:\/\/teixitsvicens.com\/ca\/wp-json\/wp\/v2\/product_cat?post=29722"},{"taxonomy":"product_tag","embeddable":true,"href":"https:\/\/teixitsvicens.com\/ca\/wp-json\/wp\/v2\/product_tag?post=29722"}],"curies":[{"name":"wp","href":"https:\/\/api.w.org\/{rel}","templated":true}]}}