{"id":29472,"date":"2024-06-28T16:11:29","date_gmt":"2024-06-28T14:11:29","guid":{"rendered":"https:\/\/teixitsmallorca.com\/?post_type=product&#038;p=29472"},"modified":"2024-06-28T16:11:30","modified_gmt":"2024-06-28T14:11:30","slug":"coixi-amb-cintes-ikat-104-blau","status":"publish","type":"product","link":"https:\/\/teixitsvicens.com\/ca\/producte\/decoracio\/coixins\/coixins-amb-tires\/coixi-amb-cintes-ikat-104-blau\/","title":{"rendered":"Coix\u00ed amb cintes ikat 104 Blau"},"content":{"rendered":"<p id=\"tw-target-text\" class=\"tw-data-text tw-text-large tw-ta\" dir=\"ltr\" data-placeholder=\"Traducci\u00f3n\" data-ved=\"2ahUKEwi45bm64a-GAxVP0gIHHTrDCrwQ3ewLegQIBRAT\"><span class=\"Y2IQFc\" lang=\"ca\">Coix\u00ed amb cintes de subjecci\u00f3. Per a cadires de jard\u00ed, menjador, sala d\u2019estar\u2026 <\/span><\/p>\n<p class=\"tw-data-text tw-text-large tw-ta\" dir=\"ltr\" data-placeholder=\"Traducci\u00f3n\" data-ved=\"2ahUKEwi45bm64a-GAxVP0gIHHTrDCrwQ3ewLegQIBRAT\"><span class=\"Y2IQFc\" lang=\"ca\">Decora els teus espais amb teles ikat artesanals mallorquins.<\/span><\/p>\n<p class=\"tw-data-text tw-text-large tw-ta\" dir=\"ltr\" data-placeholder=\"Traducci\u00f3n\" data-ved=\"2ahUKEwi45bm64a-GAxVP0gIHHTrDCrwQ3ewLegQIBRAT\"><span class=\"Y2IQFc\" lang=\"ca\">Teixits de lli i cot\u00f3 per donar un ambient fresc i mediterrani a qualsevol <\/span><\/p>\n<p class=\"tw-data-text tw-text-large tw-ta\" dir=\"ltr\" data-placeholder=\"Traducci\u00f3n\" data-ved=\"2ahUKEwi45bm64a-GAxVP0gIHHTrDCrwQ3ewLegQIBRAT\"><span class=\"Y2IQFc\" lang=\"ca\">rac\u00f3 de casa teva.<\/span><\/p>\n","protected":false},"excerpt":{"rendered":"<p>040x040cm<\/p>\n","protected":false},"featured_media":29469,"comment_status":"closed","ping_status":"closed","template":"","meta":[],"product_brand":[],"product_cat":[1003],"product_tag":[],"class_list":{"0":"post-29472","1":"product","2":"type-product","3":"status-publish","4":"has-post-thumbnail","6":"product_cat-coixins-amb-tires","8":"first","9":"instock","10":"shipping-taxable","11":"purchasable","12":"product-type-simple"},"yoast_head":"<!-- This site is optimized with the Yoast SEO plugin v27.0 - https:\/\/yoast.com\/product\/yoast-seo-wordpress\/ -->\n<title>Coix\u00ed amb cintes ikat 104 Blau | Teixits Vicens<\/title>\n<meta name=\"description\" content=\"Coix\u00ed amb cintes de subjecci\u00f3. Per a cadires de jard\u00ed, menjador, sala d\u2019estar\u2026Decora els teus espais amb teles ikat artesanals mallorquins.\" \/>\n<meta name=\"robots\" content=\"index, follow, max-snippet:-1, max-image-preview:large, max-video-preview:-1\" \/>\n<link rel=\"canonical\" href=\"https:\/\/teixitsvicens.com\/ca\/producte\/decoracio\/coixins\/coixins-amb-tires\/coixi-amb-cintes-ikat-104-blau\/\" \/>\n<meta property=\"og:locale\" content=\"ca_ES\" \/>\n<meta property=\"og:type\" content=\"article\" \/>\n<meta property=\"og:title\" content=\"Coix\u00ed amb cintes ikat 104 Blau | Teixits Vicens\" \/>\n<meta property=\"og:description\" content=\"Coix\u00ed amb cintes de subjecci\u00f3. Per a cadires de jard\u00ed, menjador, sala d\u2019estar\u2026Decora els teus espais amb teles ikat artesanals mallorquins.\" \/>\n<meta property=\"og:url\" content=\"https:\/\/teixitsvicens.com\/ca\/producte\/decoracio\/coixins\/coixins-amb-tires\/coixi-amb-cintes-ikat-104-blau\/\" \/>\n<meta property=\"og:site_name\" content=\"Teixits Vicens\" \/>\n<meta property=\"article:publisher\" content=\"https:\/\/www.facebook.com\/TeixitsVicens\/\" \/>\n<meta property=\"article:modified_time\" content=\"2024-06-28T14:11:30+00:00\" \/>\n<meta property=\"og:image\" content=\"https:\/\/teixitsvicens.com\/wp-content\/uploads\/2024\/06\/PRODUCTV-0359.jpg\" \/>\n\t<meta property=\"og:image:width\" content=\"1200\" \/>\n\t<meta property=\"og:image:height\" content=\"800\" \/>\n\t<meta property=\"og:image:type\" content=\"image\/jpeg\" \/>\n<meta name=\"twitter:card\" content=\"summary_large_image\" \/>\n<meta name=\"twitter:label1\" content=\"Temps estimat de lectura\" \/>\n\t<meta name=\"twitter:data1\" content=\"1 minute\" \/>\n<!-- \/ Yoast SEO plugin. -->","yoast_head_json":{"title":"Coix\u00ed amb cintes ikat 104 Blau | Teixits Vicens","description":"Coix\u00ed amb cintes de subjecci\u00f3. Per a cadires de jard\u00ed, menjador, sala d\u2019estar\u2026Decora els teus espais amb teles ikat artesanals mallorquins.","robots":{"index":"index","follow":"follow","max-snippet":"max-snippet:-1","max-image-preview":"max-image-preview:large","max-video-preview":"max-video-preview:-1"},"canonical":"https:\/\/teixitsvicens.com\/ca\/producte\/decoracio\/coixins\/coixins-amb-tires\/coixi-amb-cintes-ikat-104-blau\/","og_locale":"ca_ES","og_type":"article","og_title":"Coix\u00ed amb cintes ikat 104 Blau | Teixits Vicens","og_description":"Coix\u00ed amb cintes de subjecci\u00f3. Per a cadires de jard\u00ed, menjador, sala d\u2019estar\u2026Decora els teus espais amb teles ikat artesanals mallorquins.","og_url":"https:\/\/teixitsvicens.com\/ca\/producte\/decoracio\/coixins\/coixins-amb-tires\/coixi-amb-cintes-ikat-104-blau\/","og_site_name":"Teixits Vicens","article_publisher":"https:\/\/www.facebook.com\/TeixitsVicens\/","article_modified_time":"2024-06-28T14:11:30+00:00","og_image":[{"width":1200,"height":800,"url":"https:\/\/teixitsvicens.com\/wp-content\/uploads\/2024\/06\/PRODUCTV-0359.jpg","type":"image\/jpeg"}],"twitter_card":"summary_large_image","twitter_misc":{"Temps estimat de lectura":"1 minute"},"schema":{"@context":"https:\/\/schema.org","@graph":[{"@type":"WebPage","@id":"https:\/\/teixitsvicens.com\/ca\/producte\/decoracio\/coixins\/coixins-amb-tires\/coixi-amb-cintes-ikat-104-blau\/","url":"https:\/\/teixitsvicens.com\/ca\/producte\/decoracio\/coixins\/coixins-amb-tires\/coixi-amb-cintes-ikat-104-blau\/","name":"Coix\u00ed amb cintes ikat 104 Blau | Teixits Vicens","isPartOf":{"@id":"https:\/\/teixitsvicens.com\/ca\/#website"},"primaryImageOfPage":{"@id":"https:\/\/teixitsvicens.com\/ca\/producte\/decoracio\/coixins\/coixins-amb-tires\/coixi-amb-cintes-ikat-104-blau\/#primaryimage"},"image":{"@id":"https:\/\/teixitsvicens.com\/ca\/producte\/decoracio\/coixins\/coixins-amb-tires\/coixi-amb-cintes-ikat-104-blau\/#primaryimage"},"thumbnailUrl":"https:\/\/teixitsvicens.com\/wp-content\/uploads\/2024\/06\/PRODUCTV-0359.jpg","datePublished":"2024-06-28T14:11:29+00:00","dateModified":"2024-06-28T14:11:30+00:00","description":"Coix\u00ed amb cintes de subjecci\u00f3. Per a cadires de jard\u00ed, menjador, sala d\u2019estar\u2026Decora els teus espais amb teles ikat artesanals mallorquins.","breadcrumb":{"@id":"https:\/\/teixitsvicens.com\/ca\/producte\/decoracio\/coixins\/coixins-amb-tires\/coixi-amb-cintes-ikat-104-blau\/#breadcrumb"},"inLanguage":"ca","potentialAction":[{"@type":"ReadAction","target":["https:\/\/teixitsvicens.com\/ca\/producte\/decoracio\/coixins\/coixins-amb-tires\/coixi-amb-cintes-ikat-104-blau\/"]}]},{"@type":"ImageObject","inLanguage":"ca","@id":"https:\/\/teixitsvicens.com\/ca\/producte\/decoracio\/coixins\/coixins-amb-tires\/coixi-amb-cintes-ikat-104-blau\/#primaryimage","url":"https:\/\/teixitsvicens.com\/wp-content\/uploads\/2024\/06\/PRODUCTV-0359.jpg","contentUrl":"https:\/\/teixitsvicens.com\/wp-content\/uploads\/2024\/06\/PRODUCTV-0359.jpg","width":1200,"height":800},{"@type":"BreadcrumbList","@id":"https:\/\/teixitsvicens.com\/ca\/producte\/decoracio\/coixins\/coixins-amb-tires\/coixi-amb-cintes-ikat-104-blau\/#breadcrumb","itemListElement":[{"@type":"ListItem","position":1,"name":"Inici","item":"https:\/\/teixitsvicens.com\/ca\/home\/"},{"@type":"ListItem","position":2,"name":"Tenda","item":"https:\/\/teixitsvicens.com\/ca\/tenda\/"},{"@type":"ListItem","position":3,"name":"Coix\u00ed amb cintes ikat 104 Blau"}]},{"@type":"WebSite","@id":"https:\/\/teixitsvicens.com\/ca\/#website","url":"https:\/\/teixitsvicens.com\/ca\/","name":"Teixits Vicens","description":"Taller textil artesano","publisher":{"@id":"https:\/\/teixitsvicens.com\/ca\/#organization"},"alternateName":"Teixits Vicens","potentialAction":[{"@type":"SearchAction","target":{"@type":"EntryPoint","urlTemplate":"https:\/\/teixitsvicens.com\/ca\/?s={search_term_string}"},"query-input":{"@type":"PropertyValueSpecification","valueRequired":true,"valueName":"search_term_string"}}],"inLanguage":"ca"},{"@type":"Organization","@id":"https:\/\/teixitsvicens.com\/ca\/#organization","name":"Teixits Vicens","url":"https:\/\/teixitsvicens.com\/ca\/","logo":{"@type":"ImageObject","inLanguage":"ca","@id":"https:\/\/teixitsvicens.com\/ca\/#\/schema\/logo\/image\/","url":"https:\/\/teixitsvicens.com\/wp-content\/uploads\/2025\/10\/logo-teixits-vicents.png","contentUrl":"https:\/\/teixitsvicens.com\/wp-content\/uploads\/2025\/10\/logo-teixits-vicents.png","width":629,"height":131,"caption":"Teixits Vicens"},"image":{"@id":"https:\/\/teixitsvicens.com\/ca\/#\/schema\/logo\/image\/"},"sameAs":["https:\/\/www.facebook.com\/TeixitsVicens\/","https:\/\/www.instagram.com\/teixitsvicens\/"]}]}},"_links":{"self":[{"href":"https:\/\/teixitsvicens.com\/ca\/wp-json\/wp\/v2\/product\/29472","targetHints":{"allow":["GET"]}}],"collection":[{"href":"https:\/\/teixitsvicens.com\/ca\/wp-json\/wp\/v2\/product"}],"about":[{"href":"https:\/\/teixitsvicens.com\/ca\/wp-json\/wp\/v2\/types\/product"}],"replies":[{"embeddable":true,"href":"https:\/\/teixitsvicens.com\/ca\/wp-json\/wp\/v2\/comments?post=29472"}],"wp:featuredmedia":[{"embeddable":true,"href":"https:\/\/teixitsvicens.com\/ca\/wp-json\/wp\/v2\/media\/29469"}],"wp:attachment":[{"href":"https:\/\/teixitsvicens.com\/ca\/wp-json\/wp\/v2\/media?parent=29472"}],"wp:term":[{"taxonomy":"product_brand","embeddable":true,"href":"https:\/\/teixitsvicens.com\/ca\/wp-json\/wp\/v2\/product_brand?post=29472"},{"taxonomy":"product_cat","embeddable":true,"href":"https:\/\/teixitsvicens.com\/ca\/wp-json\/wp\/v2\/product_cat?post=29472"},{"taxonomy":"product_tag","embeddable":true,"href":"https:\/\/teixitsvicens.com\/ca\/wp-json\/wp\/v2\/product_tag?post=29472"}],"curies":[{"name":"wp","href":"https:\/\/api.w.org\/{rel}","templated":true}]}}