{"id":29238,"date":"2024-06-27T12:13:41","date_gmt":"2024-06-27T10:13:41","guid":{"rendered":"https:\/\/teixitsmallorca.com\/?post_type=product&#038;p=29238"},"modified":"2024-06-27T12:13:41","modified_gmt":"2024-06-27T10:13:41","slug":"coixi-cru-troca-negre-2","status":"publish","type":"product","link":"https:\/\/teixitsvicens.com\/ca\/producte\/decoracio\/coixins\/coixins-madella\/coixi-cru-troca-negre-2\/","title":{"rendered":"Coix\u00ed Cru Troca Negre"},"content":{"rendered":"<pre id=\"tw-target-text\" class=\"tw-data-text tw-text-large tw-ta\" dir=\"ltr\" data-placeholder=\"Traducci\u00f3n\" aria-label=\"Texto traducido\" data-ved=\"2ahUKEwiq5NrRtvuGAxVvcfEDHS3DCY4Q3ewLegQIBRAT\"><span class=\"Y2IQFc\" lang=\"ca\">Funda de Coix\u00ed decoratiu textura de roba Mallorquina amb troca de fils \r\nde cot\u00f3.\r\n\r\nDisseny, de Martina R. Vicens, inspirat en l?obra art\u00edstica del seu avi \r\nMart\u00ed Vicens\r\n\r\nqui va utilitzar els materials primaris que es troben al taller on teixim \r\nteles Ikat per crear la seva obra pict\u00f2rica, actualment exposada a la \r\nFundaci\u00f3 Mart\u00ed Vicens.\r\n\r\nUna pe\u00e7a especial per decorar i combinar amb diferents estils.\r\n\r\nCOL\u00b7LECCI\u00d3 TROCA<\/span><\/pre>\n","protected":false},"excerpt":{"rendered":"<p>Funda de Coix\u00ed decoratiu textura de roba Mallorquina amb troca de fils de cot\u00f3. Disseny, de Martina R. Vicens, inspirat&#8230;<\/p>\n","protected":false},"featured_media":29231,"comment_status":"closed","ping_status":"closed","template":"","meta":[],"product_brand":[],"product_cat":[997],"product_tag":[],"class_list":{"0":"post-29238","1":"product","2":"type-product","3":"status-publish","4":"has-post-thumbnail","6":"product_cat-coixins-madella","8":"first","9":"instock","10":"shipping-taxable","11":"purchasable","12":"product-type-simple"},"yoast_head":"<!-- This site is optimized with the Yoast SEO plugin v27.0 - https:\/\/yoast.com\/product\/yoast-seo-wordpress\/ -->\n<title>Coix\u00ed Cru Troca Negre | Teixits Vicens<\/title>\n<meta name=\"description\" content=\"Funda de Coix\u00ed decoratiu textura de roba Mallorquina amb troca de filsde cot\u00f3.\" \/>\n<meta name=\"robots\" content=\"index, follow, max-snippet:-1, max-image-preview:large, max-video-preview:-1\" \/>\n<link rel=\"canonical\" href=\"https:\/\/teixitsvicens.com\/ca\/producte\/decoracio\/coixins\/coixins-madella\/coixi-cru-troca-negre-2\/\" \/>\n<meta property=\"og:locale\" content=\"ca_ES\" \/>\n<meta property=\"og:type\" content=\"article\" \/>\n<meta property=\"og:title\" content=\"Coix\u00ed Cru Troca Negre | Teixits Vicens\" \/>\n<meta property=\"og:description\" content=\"Funda de Coix\u00ed decoratiu textura de roba Mallorquina amb troca de filsde cot\u00f3.\" \/>\n<meta property=\"og:url\" content=\"https:\/\/teixitsvicens.com\/ca\/producte\/decoracio\/coixins\/coixins-madella\/coixi-cru-troca-negre-2\/\" \/>\n<meta property=\"og:site_name\" content=\"Teixits Vicens\" \/>\n<meta property=\"article:publisher\" content=\"https:\/\/www.facebook.com\/TeixitsVicens\/\" \/>\n<meta property=\"og:image\" content=\"https:\/\/teixitsvicens.com\/wp-content\/uploads\/2024\/06\/COIXI-TROCA-BLAU-small.jpg\" \/>\n\t<meta property=\"og:image:width\" content=\"1200\" \/>\n\t<meta property=\"og:image:height\" content=\"900\" \/>\n\t<meta property=\"og:image:type\" content=\"image\/jpeg\" \/>\n<meta name=\"twitter:card\" content=\"summary_large_image\" \/>\n<!-- \/ Yoast SEO plugin. -->","yoast_head_json":{"title":"Coix\u00ed Cru Troca Negre | Teixits Vicens","description":"Funda de Coix\u00ed decoratiu textura de roba Mallorquina amb troca de filsde cot\u00f3.","robots":{"index":"index","follow":"follow","max-snippet":"max-snippet:-1","max-image-preview":"max-image-preview:large","max-video-preview":"max-video-preview:-1"},"canonical":"https:\/\/teixitsvicens.com\/ca\/producte\/decoracio\/coixins\/coixins-madella\/coixi-cru-troca-negre-2\/","og_locale":"ca_ES","og_type":"article","og_title":"Coix\u00ed Cru Troca Negre | Teixits Vicens","og_description":"Funda de Coix\u00ed decoratiu textura de roba Mallorquina amb troca de filsde cot\u00f3.","og_url":"https:\/\/teixitsvicens.com\/ca\/producte\/decoracio\/coixins\/coixins-madella\/coixi-cru-troca-negre-2\/","og_site_name":"Teixits Vicens","article_publisher":"https:\/\/www.facebook.com\/TeixitsVicens\/","og_image":[{"width":1200,"height":900,"url":"https:\/\/teixitsvicens.com\/wp-content\/uploads\/2024\/06\/COIXI-TROCA-BLAU-small.jpg","type":"image\/jpeg"}],"twitter_card":"summary_large_image","schema":{"@context":"https:\/\/schema.org","@graph":[{"@type":"WebPage","@id":"https:\/\/teixitsvicens.com\/ca\/producte\/decoracio\/coixins\/coixins-madella\/coixi-cru-troca-negre-2\/","url":"https:\/\/teixitsvicens.com\/ca\/producte\/decoracio\/coixins\/coixins-madella\/coixi-cru-troca-negre-2\/","name":"Coix\u00ed Cru Troca Negre | Teixits Vicens","isPartOf":{"@id":"https:\/\/teixitsvicens.com\/ca\/#website"},"primaryImageOfPage":{"@id":"https:\/\/teixitsvicens.com\/ca\/producte\/decoracio\/coixins\/coixins-madella\/coixi-cru-troca-negre-2\/#primaryimage"},"image":{"@id":"https:\/\/teixitsvicens.com\/ca\/producte\/decoracio\/coixins\/coixins-madella\/coixi-cru-troca-negre-2\/#primaryimage"},"thumbnailUrl":"https:\/\/teixitsvicens.com\/wp-content\/uploads\/2024\/06\/COIXI-TROCA-BLAU-small.jpg","datePublished":"2024-06-27T10:13:41+00:00","description":"Funda de Coix\u00ed decoratiu textura de roba Mallorquina amb troca de filsde cot\u00f3.","breadcrumb":{"@id":"https:\/\/teixitsvicens.com\/ca\/producte\/decoracio\/coixins\/coixins-madella\/coixi-cru-troca-negre-2\/#breadcrumb"},"inLanguage":"ca","potentialAction":[{"@type":"ReadAction","target":["https:\/\/teixitsvicens.com\/ca\/producte\/decoracio\/coixins\/coixins-madella\/coixi-cru-troca-negre-2\/"]}]},{"@type":"ImageObject","inLanguage":"ca","@id":"https:\/\/teixitsvicens.com\/ca\/producte\/decoracio\/coixins\/coixins-madella\/coixi-cru-troca-negre-2\/#primaryimage","url":"https:\/\/teixitsvicens.com\/wp-content\/uploads\/2024\/06\/COIXI-TROCA-BLAU-small.jpg","contentUrl":"https:\/\/teixitsvicens.com\/wp-content\/uploads\/2024\/06\/COIXI-TROCA-BLAU-small.jpg","width":1200,"height":900},{"@type":"BreadcrumbList","@id":"https:\/\/teixitsvicens.com\/ca\/producte\/decoracio\/coixins\/coixins-madella\/coixi-cru-troca-negre-2\/#breadcrumb","itemListElement":[{"@type":"ListItem","position":1,"name":"Inici","item":"https:\/\/teixitsvicens.com\/ca\/home\/"},{"@type":"ListItem","position":2,"name":"Tenda","item":"https:\/\/teixitsvicens.com\/ca\/tenda\/"},{"@type":"ListItem","position":3,"name":"Coix\u00ed Cru Troca Negre"}]},{"@type":"WebSite","@id":"https:\/\/teixitsvicens.com\/ca\/#website","url":"https:\/\/teixitsvicens.com\/ca\/","name":"Teixits Vicens","description":"Taller textil artesano","publisher":{"@id":"https:\/\/teixitsvicens.com\/ca\/#organization"},"alternateName":"Teixits Vicens","potentialAction":[{"@type":"SearchAction","target":{"@type":"EntryPoint","urlTemplate":"https:\/\/teixitsvicens.com\/ca\/?s={search_term_string}"},"query-input":{"@type":"PropertyValueSpecification","valueRequired":true,"valueName":"search_term_string"}}],"inLanguage":"ca"},{"@type":"Organization","@id":"https:\/\/teixitsvicens.com\/ca\/#organization","name":"Teixits Vicens","url":"https:\/\/teixitsvicens.com\/ca\/","logo":{"@type":"ImageObject","inLanguage":"ca","@id":"https:\/\/teixitsvicens.com\/ca\/#\/schema\/logo\/image\/","url":"https:\/\/teixitsvicens.com\/wp-content\/uploads\/2025\/10\/logo-teixits-vicents.png","contentUrl":"https:\/\/teixitsvicens.com\/wp-content\/uploads\/2025\/10\/logo-teixits-vicents.png","width":629,"height":131,"caption":"Teixits Vicens"},"image":{"@id":"https:\/\/teixitsvicens.com\/ca\/#\/schema\/logo\/image\/"},"sameAs":["https:\/\/www.facebook.com\/TeixitsVicens\/","https:\/\/www.instagram.com\/teixitsvicens\/"]}]}},"_links":{"self":[{"href":"https:\/\/teixitsvicens.com\/ca\/wp-json\/wp\/v2\/product\/29238","targetHints":{"allow":["GET"]}}],"collection":[{"href":"https:\/\/teixitsvicens.com\/ca\/wp-json\/wp\/v2\/product"}],"about":[{"href":"https:\/\/teixitsvicens.com\/ca\/wp-json\/wp\/v2\/types\/product"}],"replies":[{"embeddable":true,"href":"https:\/\/teixitsvicens.com\/ca\/wp-json\/wp\/v2\/comments?post=29238"}],"wp:featuredmedia":[{"embeddable":true,"href":"https:\/\/teixitsvicens.com\/ca\/wp-json\/wp\/v2\/media\/29231"}],"wp:attachment":[{"href":"https:\/\/teixitsvicens.com\/ca\/wp-json\/wp\/v2\/media?parent=29238"}],"wp:term":[{"taxonomy":"product_brand","embeddable":true,"href":"https:\/\/teixitsvicens.com\/ca\/wp-json\/wp\/v2\/product_brand?post=29238"},{"taxonomy":"product_cat","embeddable":true,"href":"https:\/\/teixitsvicens.com\/ca\/wp-json\/wp\/v2\/product_cat?post=29238"},{"taxonomy":"product_tag","embeddable":true,"href":"https:\/\/teixitsvicens.com\/ca\/wp-json\/wp\/v2\/product_tag?post=29238"}],"curies":[{"name":"wp","href":"https:\/\/api.w.org\/{rel}","templated":true}]}}