{"id":3527,"date":"2015-05-26T02:55:10","date_gmt":"2015-05-26T00:55:10","guid":{"rendered":"http:\/\/localhost\/TeixitsVicensS2\/?page_id=3527"},"modified":"2025-12-03T06:35:12","modified_gmt":"2025-12-03T05:35:12","slug":"termes-condicions","status":"publish","type":"page","link":"https:\/\/teixitsvicens.com\/ca\/termes-condicions\/","title":{"rendered":"Termes i condicions"},"content":{"rendered":"\t\t<div data-elementor-type=\"wp-page\" data-elementor-id=\"3527\" class=\"elementor elementor-3527 elementor-2738\" data-elementor-post-type=\"page\">\n\t\t\t\t<div class=\"elementor-element elementor-element-30e8615 e-con-full e-flex e-con e-parent\" data-id=\"30e8615\" data-element_type=\"container\" data-e-type=\"container\">\n\t\t<div class=\"elementor-element elementor-element-b8a5d0c e-con-full e-flex e-con e-child\" data-id=\"b8a5d0c\" data-element_type=\"container\" data-e-type=\"container\">\n\t\t<div class=\"elementor-element elementor-element-5b47d4d e-con-full e-flex e-con e-child\" data-id=\"5b47d4d\" data-element_type=\"container\" data-e-type=\"container\">\n\t\t\t\t<div class=\"elementor-element elementor-element-4cca7d3 elementor-widget__width-auto elementor-widget elementor-widget-woocommerce-breadcrumb\" data-id=\"4cca7d3\" data-element_type=\"widget\" data-e-type=\"widget\" data-widget_type=\"woocommerce-breadcrumb.default\">\n\t\t\t\t\t<nav class=\"woocommerce-breadcrumb\" aria-label=\"Breadcrumb\"><span class=\"listaproducto\"><img decoding=\"async\" src=\"https:\/\/teixitsvicens.com\/\/wp-content\/themes\/teixitsvicens\/assets\/images\/imagotipo_teixits_vicens.svg\" width=\"85px;\" style=\"vertical-align: middle;padding-left:20px;padding-right:20px;\" alt=\"undefined - Teixits Vicens\"><\/span>Inici<\/nav>\t\t\t\t<\/div>\n\t\t\t\t<\/div>\n\t\t\t\t<\/div>\n\t\t\t\t<\/div>\n\t\t<div class=\"elementor-element elementor-element-c50455e e-flex e-con-boxed e-con e-parent\" data-id=\"c50455e\" data-element_type=\"container\" data-e-type=\"container\" data-settings=\"{&quot;background_background&quot;:&quot;classic&quot;}\">\n\t\t\t\t\t<div class=\"e-con-inner\">\n\t\t<div class=\"elementor-element elementor-element-5ef38ea e-flex e-con-boxed e-con e-child\" data-id=\"5ef38ea\" data-element_type=\"container\" data-e-type=\"container\">\n\t\t\t\t\t<div class=\"e-con-inner\">\n\t\t\t\t<div class=\"elementor-element elementor-element-b738005 elementor-widget elementor-widget-heading\" data-id=\"b738005\" data-element_type=\"widget\" data-e-type=\"widget\" data-widget_type=\"heading.default\">\n\t\t\t\t\t<div class=\"elementor-heading-title elementor-size-default\">Teixits Vicens<\/div>\t\t\t\t<\/div>\n\t\t\t\t<div class=\"elementor-element elementor-element-f8e3ec2 elementor-widget elementor-widget-heading\" data-id=\"f8e3ec2\" data-element_type=\"widget\" data-e-type=\"widget\" data-widget_type=\"heading.default\">\n\t\t\t\t\t<div class=\"elementor-heading-title elementor-size-default\">Termes i condicions<\/div>\t\t\t\t<\/div>\n\t\t\t\t<div class=\"elementor-element elementor-element-2d7c1cc elementor-widget elementor-widget-text-editor\" data-id=\"2d7c1cc\" data-element_type=\"widget\" data-e-type=\"widget\" data-widget_type=\"text-editor.default\">\n\t\t\t\t\t\t\t\t\t<p>Acceptau que la venda de tots els productes presentats al lloc web <a href=\"https:\/\/teixitsvicens.com\/ca\/\">https:\/\/teixitsvicens.com\/ca\/<\/a> est\u00e0 subjecta a les condicions generals que s&#8217;exposen a continuaci\u00f3. Us agrairem que llegiu atentament les presents condicions, ja que seran aplicables a la vostra comanda mitjan\u00e7ant la nostra botiga en l\u00ednia. Si teniu alguna pregunta relacionada amb aquestes condicions us podeu posar en contacte amb nosaltres enviant un correu electr\u00f2nic a <a href=\"mailto:teixitsvicens@teixitsvicens.com\">teixitsvicens@teixitsvicens.com<\/a>.<\/p><ul><li><b>1. Identificaci\u00f3.<\/b> TEIXITS VICENS, marca registrada de GALERIES VICENS SAU societat espanyola amb domicili a la Rotonda de Can Berenguer, Pollen\u00e7a, Mallorca (07460 &#8211; Illes Balears), inscrita en el Registre Mercantil de Palma, foli 93, tom 620, llibre 536 secci\u00f3 3a full 13744, inscripci\u00f3 primera i n\u00famero d&#8217;identificaci\u00f3 fiscal A -07.210.263. Les nostres dades de contacte s\u00f3n: tel\u00e8fon (+34) 971 53 44 42 i adre\u00e7a electr\u00f2nica <a href=\"https:\/\/teixitsvicens.com\/ca\/\">https:\/\/teixitsvicens.com\/ca\/<\/a>.<\/li><li><b>2. \u00c0mbit d&#8217;aplicaci\u00f3<\/b>. Les presents condicions s\u00f3n aplicables a totes les comandes cursades a trav\u00e9s del web <a href=\"https:\/\/teixitsvicens.com\/ca\">www.teixitsvicens.com\/ca<\/a>, d&#8217;aquesta manera, fer una comanda suposa l&#8217;acceptaci\u00f3 per part vostra de les presents condicions i de la pol\u00edtica de privacitat disponible al nostre web, constitueixen l&#8217;acord \u00edntegre existent entre v\u00f3s com a adquirent i TEIXITS VICENS i substitueixen qualsevol altre acord anterior. TEIXITS VICENS es reserva la facultat de modificar aquestes condicions en qualsevol moment, amb la finalitat d&#8217;adaptar-les a circumst\u00e0ncies legals, econ\u00f2miques o operatives. Les modificacions introdu\u00efdes no tindran car\u00e0cter retroactiu i entraran en vigor una vegada publicades.<\/li><li><b>3. Informaci\u00f3 dels productes<\/b>. Podreu adquirir dos tipus de productes: productes acabats (teles, productes de decoraci\u00f3, mobiliari, peces de vestir o qualssevol altres que TEIXITS VICENS posi a la venda que es trobin en estoc per ser adquirits sense possibilitat d&#8217;adaptaci\u00f3 o personalitzaci\u00f3 per part dels usuaris) i productes personalitzats (productes fabricats a mida amb diferents opcions de teles, entapissats, acabats i dimensions, entre d\u2019altres, en atenci\u00f3 a la personalitzaci\u00f3 i enc\u00e0rrecs requerits pels clients). Tots dos productes poden tenir diferents condicions de venda, devoluci\u00f3, despeses i terminis, que estaran especificades al llarg de les presents condicions o que es comunicaran amb car\u00e0cter previ a la seva contractaci\u00f3. TEIXITS VICENS no t\u00e9 l\u2019obligaci\u00f3 d&#8217;acceptar qualsevol comanda. TEIXITS VICENS posa tots els mitjans al seu abast per garantir la correspond\u00e8ncia fidel entre els productes i els presentats en el nostre web, si b\u00e9 es poden produir petites variacions a causa del seu car\u00e0cter artesanal o de les peticions dels clients i sobre les quals no es pot exigir cap responsabilitat. Acceptau que, at\u00e8s que es tracta de productes artesanals, hi haur\u00e0 possibles variacions, les quals seran acceptades com a part de l&#8217;aparen\u00e7a individual dels productes. Les cures espec\u00edfiques de cada producte consten al web.<\/li><li><b>4. Confirmaci\u00f3 de la comanda<\/b>. Les comandes efectuades a trav\u00e9s del web estan subjectes a l&#8217;acceptaci\u00f3 de TEIXITS VICENS si es tracte de Productes personalitzats, at\u00e8s que es tracta de productes totalment artesanals i la fabricaci\u00f3 dels quals requereix d&#8217;un temps substancial. En els dem\u00e9s casos, TEIXITS VICENS confirmar\u00e0 la recepci\u00f3 de la vostra comanda a trav\u00e9s de l&#8217;adre\u00e7a de correu electr\u00f2nic facilitada durant el proc\u00e9s de compra en un termini m\u00e0xim de 24 hores. En cas de que excepcionalment TEIXITS VICENS no pugui confirmar una comanda, TEIXITS VICENS informar\u00e0 l&#8217;usuari sobre aquestes circumst\u00e0ncies i si el pagament ja s&#8217;ha efectuat li ser\u00e0 reemborsat mitjan\u00e7ant l\u2019abonament a la targeta de cr\u00e8dit o al compte corrent. L&#8217;usuari podr\u00e0 sol\u00b7licitar m\u00e9s informaci\u00f3 sobre la disponibilitat dels productes a trav\u00e9s de l&#8217;adre\u00e7a electr\u00f2nica de contacte facilitada.<\/li><li><b>5. Preu i despeses d&#8217;enviament. <\/b>Les despeses d&#8217;enviament, correspondran al pa\u00eds que heu seleccionat com a destinaci\u00f3, variaran en funci\u00f3 de la grand\u00e0ria, pes i caracter\u00edstiques dels productes i us seran comunicades en fer la comanda, tamb\u00e9 si l&#8217;enviament \u00e9s gratu\u00eft. Les despeses d\u2019enviament indicades inclouen imposts, despeses de transport, embalatge i asseguran\u00e7a per\u00f2 no inclouen, en el seu cas, la retirada de mobles ni el seu muntatge.<br \/>El preu del productes inclou els imposts, per\u00f2 no aranzels o despatxos de duanes, si escau, que seran pagats en destinaci\u00f3 pel receptor dels productes.<br \/>El preu dels productes i les despeses d&#8217;enviament poden ser modificats sense necessitat d\u2019av\u00eds previ, si b\u00e9 se us facturar\u00e0 segons el preu vigent en el moment de fer la comanda.<\/li><li><b>6. Formes de pagament<\/b>. El pagament s&#8217;efectuar\u00e0 en el moment de fer la comanda mitjan\u00e7ant targeta de cr\u00e8dit, PayPal o transfer\u00e8ncia banc\u00e0ria.<\/li><li><b>7. Lliurament<\/b>. Sense perjudici del que estableix l&#8217;apartat 4 respecte de la disponibilitat dels productes, el termini de lliurament ser\u00e0 el que es comuniqui un cop feta la comanda en el cas de productes personalitzats i en un m\u00e0xim d&#8217;una setmana des de la realitzaci\u00f3 de la comanda en el cas del productes acabats. En cas que no us puguin localitzar en la vostra adre\u00e7a, el servei de missatgeria us contactar\u00e0 en el n\u00famero de tel\u00e8fon que h\u00e0giu proporcionat. Si aix\u00ed i tot no us poden localitzar, per tornar-vos a trametre el producte haureu de pagar els costs de reenviament corresponents.<\/li><li><b>8. Transmissi\u00f3 del risc<\/b>. TEIXITS VICENS assumir\u00e0 el risc de p\u00e8rdua o dany sobre els productes fins que el client els rebi, llevat dels casos en qu\u00e8 no hagin estat rebuts per motius aliens a TEIXITS VICENS. Els productes adquirits passaran a ser de la vostra propietat quan els h\u00e0giu rebut i abonat en la seva totalitat.<\/li><li><b>9. Dret de desistiment<\/b>. Podreu desistir del contracte en qualsevol moment dins el termini de 14 dies naturals a partir de la data en qu\u00e8 h\u00e0giu rebut la vostra comanda si sou un consumidor. En aquest cas, se us reemborsaran tots els pagaments que h\u00e0gim rebut de la vostra part , tot i que us haureu de fer c\u00e0rrec dels costs de devoluci\u00f3. Podreu acreditar l&#8217;exercici del dret de desistiment dins el termini indicat mitjan\u00e7ant un correu electr\u00f2nic a <a href=\"mailto:teixitsvicens@teixitsvicens.com\">teixitsvicens@teixitsvicens.com<\/a> i el nostre departament d&#8217;atenci\u00f3 al client us contactar\u00e0 per informar-vos de com procedir a la devoluci\u00f3 dels productes en el nostre domicili, Rotonda de Can Berenguer, Pollen\u00e7a, Mallorca (07460 &#8211; Illes Balears). No es far\u00e0 cap reemborsament si es tracta d\u2019un producte personalitzat, si ha estat usat m\u00e9s enll\u00e0 de la seva mera obertura, si no est\u00e0 en les mateixes condicions en qu\u00e8 es va lliurar o si ha patit algun dany. Fins que es rebi l&#8217;article al nostre domicili est\u00e0 sota la vostra responsabilitat, per la qual cosa us recomanam que ens l\u2019envieu per missatger o correu certificat i que conserveu el comprovant d&#8217;enviament. Despr\u00e9s d&#8217;examinar l&#8217;article, se us informar\u00e0 de si teniu dret a la devoluci\u00f3, la qual, si escau, s&#8217;efectuar\u00e0 el m\u00e9s aviat possible i, en qualsevol cas, dins el termini de 14 dies naturals des de la data en qu\u00e8 ens comunic\u00e0reu la vostra intenci\u00f3 de desistir si ja s&#8217;han rebut els productes. El reemborsament s&#8217;efectuar\u00e0 sempre amb el mateix mitj\u00e0 de pagament que utilitz\u00e0reu per pagar la compra. Podeu utilitzar aquest model de desistiment, tot i que no \u00e9s obligatori: <i>\u201cPer la present us comunico que desisteixo del meu contracte de venda de l\u2019article seg\u00fcent: demanat dia\/rebut dia; nom del consumidor; DNI del consumidor; adre\u00e7a del consumidor; signatura del consumidor (nom\u00e9s si el present formulari es presenta en paper); data\u201d. <\/i><\/li><li><b>10. Conformitat dels productes<\/b>. La qualitat \u00e9s una prioritat per a TEIXITS VICENS, de manera que s&#8217;admetr\u00e0 la devoluci\u00f3 de qualsevol producte que presenti algun defecte d&#8217;acord amb el que estableix la legislaci\u00f3 aplicable. En el cas de que aix\u00ed, s\u2019estableixi legalment, El termini de garantia \u00e9s de dos anys des del lliurament del producte. Excepte prova en contra, es presumir\u00e0 que les faltes de conformitat que es manifestin en els sis mesos posteriors al lliurament del producte, ja existien quan la cosa es va lliurar, excepte quan aquesta presumpci\u00f3 sigui incompatible amb la naturalesa del producte o l&#8217;\u00edndole de la falta de conformitat. Aix\u00ed, en els casos en qu\u00e8 considereu que en el moment del lliurament els productes no s&#8217;ajusten al que estipula el contracte, us haureu de posar-se en contacte amb nosaltres de forma immediata mitjan\u00e7ant la nostra adre\u00e7a postal o l\u2019adre\u00e7a electr\u00f2nica teixitsvicens@teixitsvicens.com on us comunicarem el procediment a seguir per fer la devoluci\u00f3 de la mercaderia. S&#8217;ent\u00e9n que els productes s\u00f3n conformes amb el contracte sempre que (i) s&#8217;ajustin a la descripci\u00f3 realitzada per qualsevol mitj\u00e0 prenent en consideraci\u00f3 que es tracta de productes artesanals, (ii) siguin aptes per als usos a qu\u00e8 ordin\u00e0riament es destinen els productes del mateix tipus i (iii) presentin la qualitat i prestacions habituals d&#8217;un producte del mateix tipus que siguin fundadament esperables. Les garanties legals dels productes no seran v\u00e0lides si es produeixen danys a causa d\u2019un tracte incorrecte del producte o una manca de manteniment contrari a les seves instruccions d&#8217;\u00fas. En cursar les comandes de &#8220;productes personalitzats&#8221; TEIXITS VICENS es basar\u00e0 en l&#8217;exactitud dels vostres requeriments i no es far\u00e0 responsable de les imprecisions en qu\u00e8 puguin inc\u00f3rrer.<\/li><li><b>11. Responsabilitat<\/b>. Excepte en aquells sup\u00f2sits en qu\u00e8 legalment es limiti l&#8217;exclusi\u00f3 de responsabilitat -per exemple, si sou consumidors-, la responsabilitat de TEIXITS VICENS amb relaci\u00f3 a qualsevol producte adquirit estar\u00e0 limitada estrictament al preu de compra dels productes. El compliment per part de TEIXITS VICENS de la totalitat o de part de les seves obligacions ser\u00e0 susp\u00e8s en el cas que sobrevingui un cas fortu\u00eft o de for\u00e7a major que n\u2019impedeixi o retardi el compliment. En aquest cas, TEIXITS VICENS informar\u00e0 el client de la situaci\u00f3 i de la data en qu\u00e8 podr\u00e0 complir de nou amb les seves obligacions.<\/li><li><b>12. Propietat intel\u00b7lectual i industrial<\/b>. Els productes de TEIXITS VICENS estan protegits per la propietat intel\u00b7lectual i industrial, fet pel qual no est\u00e0 autoritzada la seva reproducci\u00f3, distribuci\u00f3, comunicaci\u00f3 p\u00fablica i transformaci\u00f3 per tercers.<\/li><li><b>13. Legislaci\u00f3 aplicable<\/b>. Les presents condicions es regiran per la legislaci\u00f3 espanyola. Les parts se sotmeten, a elecci\u00f3, per a la resoluci\u00f3 dels conflictes i amb ren\u00fancia a qualsevol altre fur, als jutjats i tribunals de Mallorca, excepte en aquells sup\u00f2sits en qu\u00e8 legalment no sigui possible.<\/li><li><b>14. Resoluci\u00f3 extrajudicial de conflictes en l\u00ednia. <\/b>Com a consumidor, si teniu qualsevol queixa o reclamaci\u00f3 podeu dirigir-vos- a la seg\u00fcent adre\u00e7a de correu electr\u00f2nic: teixitsvicens@teixitsvicens.com. A m\u00e9s, en el cas de que hi hagi adquirit un article de manera online a trav\u00e9s de la nostra p\u00e0gina web i consideri que els seus drets han estat vulnerats, d&#8217;acord amb el Reglament (UE) 524\/2013 del Parlament Europeu i del Consell de 21 de maig de 2013, l&#8217;informem que t\u00e9 dret a acudir a un procediment de resoluci\u00f3 alternativa de conflictes en l\u00ednia en mat\u00e8ria de consum. Podreu sol\u00b7licitar aquest procediment en la plataforma que trobar\u00e0 en la seg\u00fcent adre\u00e7a: https:\/\/ec.europa.eu\/consumers\/odr\/main\/index.cfm?event=main.home.show&amp;lng=es. L&#8217;\u00fas de la plataforma en l\u00ednia no \u00e9s necessari ni obligatori. Per tant, els consumidors s\u00f3n lliures de fer valer les seves reclamacions sense usar pr\u00e8viament la plataforma.<\/li><li><b>15. Protecci\u00f3 de dades<\/b>. TEIXITS VICENS compleix el nou Reglament general de protecci\u00f3 de dades de la Uni\u00f3 Europea UE 2016\/679. En compliment del que estableix l&#8217;article 14 de Reglament europeu 679\/2016 de protecci\u00f3 de dades, us informam que les dades personals obtingudes s\u00f3n incorporades a un tractament de dades de qu\u00e8 \u00e9s responsable GALERIES VICENS, SAU Per a m\u00e9s informaci\u00f3 sobre el tractament de les vostres dades, podeu consultar al nostre web l&#8217;apartat de Pol\u00edtica de privacitat.<\/li><li><b>16. Lleng\u00fces<\/b>. Aquestes condicions es troben tradu\u00efdes al catal\u00e0, angl\u00e8s i alemany.<\/li><\/ul>\t\t\t\t\t\t\t\t<\/div>\n\t\t\t\t\t<\/div>\n\t\t\t\t<\/div>\n\t\t\t\t\t<\/div>\n\t\t\t\t<\/div>\n\t\t\t\t<\/div>\n\t\t","protected":false},"excerpt":{"rendered":"<p>Teixits Vicens Termes i condicions Acceptau que la venda de tots els productes presentats al lloc web https:\/\/teixitsvicens.com\/ca\/ est\u00e0 subjecta&#8230;<\/p>\n","protected":false},"author":1,"featured_media":0,"parent":0,"menu_order":0,"comment_status":"closed","ping_status":"closed","template":"elementor_header_footer","meta":{"footnotes":""},"class_list":["post-3527","page","type-page","status-publish","hentry"],"yoast_head":"<!-- This site is optimized with the Yoast SEO plugin v27.0 - https:\/\/yoast.com\/product\/yoast-seo-wordpress\/ -->\n<title>Termes i condicions | Teixits Vicens<\/title>\n<meta name=\"robots\" content=\"index, follow, max-snippet:-1, max-image-preview:large, max-video-preview:-1\" \/>\n<link rel=\"canonical\" href=\"https:\/\/teixitsvicens.com\/ca\/termes-condicions\/\" \/>\n<meta property=\"og:locale\" content=\"ca_ES\" \/>\n<meta property=\"og:type\" content=\"article\" \/>\n<meta property=\"og:title\" content=\"Termes i condicions | Teixits Vicens\" \/>\n<meta property=\"og:description\" content=\"Teixits Vicens Termes i condicions Acceptau que la venda de tots els productes presentats al lloc web https:\/\/teixitsvicens.com\/ca\/ est\u00e0 subjecta...\" \/>\n<meta property=\"og:url\" content=\"https:\/\/teixitsvicens.com\/ca\/termes-condicions\/\" \/>\n<meta property=\"og:site_name\" content=\"Teixits Vicens\" \/>\n<meta property=\"article:publisher\" content=\"https:\/\/www.facebook.com\/TeixitsVicens\/\" \/>\n<meta property=\"article:modified_time\" content=\"2025-12-03T05:35:12+00:00\" \/>\n<meta property=\"og:image\" content=\"https:\/\/teixitsvicens.com\/wp-content\/uploads\/2017\/09\/logo-teixits-vicens-2.png\" \/>\n\t<meta property=\"og:image:width\" content=\"800\" \/>\n\t<meta property=\"og:image:height\" content=\"800\" \/>\n\t<meta property=\"og:image:type\" content=\"image\/png\" \/>\n<meta name=\"twitter:card\" content=\"summary_large_image\" \/>\n<meta name=\"twitter:label1\" content=\"Temps estimat de lectura\" \/>\n\t<meta name=\"twitter:data1\" content=\"11 minutes\" \/>\n<!-- \/ Yoast SEO plugin. -->","yoast_head_json":{"title":"Termes i condicions | Teixits Vicens","robots":{"index":"index","follow":"follow","max-snippet":"max-snippet:-1","max-image-preview":"max-image-preview:large","max-video-preview":"max-video-preview:-1"},"canonical":"https:\/\/teixitsvicens.com\/ca\/termes-condicions\/","og_locale":"ca_ES","og_type":"article","og_title":"Termes i condicions | Teixits Vicens","og_description":"Teixits Vicens Termes i condicions Acceptau que la venda de tots els productes presentats al lloc web https:\/\/teixitsvicens.com\/ca\/ est\u00e0 subjecta...","og_url":"https:\/\/teixitsvicens.com\/ca\/termes-condicions\/","og_site_name":"Teixits Vicens","article_publisher":"https:\/\/www.facebook.com\/TeixitsVicens\/","article_modified_time":"2025-12-03T05:35:12+00:00","og_image":[{"width":800,"height":800,"url":"https:\/\/teixitsvicens.com\/wp-content\/uploads\/2017\/09\/logo-teixits-vicens-2.png","type":"image\/png"}],"twitter_card":"summary_large_image","twitter_misc":{"Temps estimat de lectura":"11 minutes"},"schema":{"@context":"https:\/\/schema.org","@graph":[{"@type":"WebPage","@id":"https:\/\/teixitsvicens.com\/ca\/termes-condicions\/","url":"https:\/\/teixitsvicens.com\/ca\/termes-condicions\/","name":"Termes i condicions | Teixits Vicens","isPartOf":{"@id":"https:\/\/teixitsvicens.com\/ca\/#website"},"datePublished":"2015-05-26T00:55:10+00:00","dateModified":"2025-12-03T05:35:12+00:00","breadcrumb":{"@id":"https:\/\/teixitsvicens.com\/ca\/termes-condicions\/#breadcrumb"},"inLanguage":"ca","potentialAction":[{"@type":"ReadAction","target":["https:\/\/teixitsvicens.com\/ca\/termes-condicions\/"]}]},{"@type":"BreadcrumbList","@id":"https:\/\/teixitsvicens.com\/ca\/termes-condicions\/#breadcrumb","itemListElement":[{"@type":"ListItem","position":1,"name":"Inici","item":"https:\/\/teixitsvicens.com\/ca\/home\/"},{"@type":"ListItem","position":2,"name":"Termes i condicions"}]},{"@type":"WebSite","@id":"https:\/\/teixitsvicens.com\/ca\/#website","url":"https:\/\/teixitsvicens.com\/ca\/","name":"Teixits Vicens","description":"Taller textil artesano","publisher":{"@id":"https:\/\/teixitsvicens.com\/ca\/#organization"},"alternateName":"Teixits Vicens","potentialAction":[{"@type":"SearchAction","target":{"@type":"EntryPoint","urlTemplate":"https:\/\/teixitsvicens.com\/ca\/?s={search_term_string}"},"query-input":{"@type":"PropertyValueSpecification","valueRequired":true,"valueName":"search_term_string"}}],"inLanguage":"ca"},{"@type":"Organization","@id":"https:\/\/teixitsvicens.com\/ca\/#organization","name":"Teixits Vicens","url":"https:\/\/teixitsvicens.com\/ca\/","logo":{"@type":"ImageObject","inLanguage":"ca","@id":"https:\/\/teixitsvicens.com\/ca\/#\/schema\/logo\/image\/","url":"https:\/\/teixitsvicens.com\/wp-content\/uploads\/2025\/10\/logo-teixits-vicents.png","contentUrl":"https:\/\/teixitsvicens.com\/wp-content\/uploads\/2025\/10\/logo-teixits-vicents.png","width":629,"height":131,"caption":"Teixits Vicens"},"image":{"@id":"https:\/\/teixitsvicens.com\/ca\/#\/schema\/logo\/image\/"},"sameAs":["https:\/\/www.facebook.com\/TeixitsVicens\/","https:\/\/www.instagram.com\/teixitsvicens\/"]}]}},"_links":{"self":[{"href":"https:\/\/teixitsvicens.com\/ca\/wp-json\/wp\/v2\/pages\/3527","targetHints":{"allow":["GET"]}}],"collection":[{"href":"https:\/\/teixitsvicens.com\/ca\/wp-json\/wp\/v2\/pages"}],"about":[{"href":"https:\/\/teixitsvicens.com\/ca\/wp-json\/wp\/v2\/types\/page"}],"author":[{"embeddable":true,"href":"https:\/\/teixitsvicens.com\/ca\/wp-json\/wp\/v2\/users\/1"}],"replies":[{"embeddable":true,"href":"https:\/\/teixitsvicens.com\/ca\/wp-json\/wp\/v2\/comments?post=3527"}],"version-history":[{"count":0,"href":"https:\/\/teixitsvicens.com\/ca\/wp-json\/wp\/v2\/pages\/3527\/revisions"}],"wp:attachment":[{"href":"https:\/\/teixitsvicens.com\/ca\/wp-json\/wp\/v2\/media?parent=3527"}],"curies":[{"name":"wp","href":"https:\/\/api.w.org\/{rel}","templated":true}]}}