{"id":26726,"date":"2023-10-06T12:12:10","date_gmt":"2023-10-06T10:12:10","guid":{"rendered":"https:\/\/teixitsmallorca.com\/cuidado-de-las-telas\/"},"modified":"2025-10-15T14:49:33","modified_gmt":"2025-10-15T12:49:33","slug":"cura-de-les-teles","status":"publish","type":"page","link":"https:\/\/teixitsvicens.com\/ca\/cura-de-les-teles\/","title":{"rendered":"Cura de les teles"},"content":{"rendered":"\t\t<div data-elementor-type=\"wp-page\" data-elementor-id=\"26726\" class=\"elementor elementor-26726 elementor-26727\" data-elementor-post-type=\"page\">\n\t\t\t\t<div class=\"elementor-element elementor-element-820fa8d e-con-full e-flex e-con e-parent\" data-id=\"820fa8d\" data-element_type=\"container\" data-e-type=\"container\">\n\t\t<div class=\"elementor-element elementor-element-70c6977 e-con-full e-flex e-con e-child\" data-id=\"70c6977\" data-element_type=\"container\" data-e-type=\"container\">\n\t\t<div class=\"elementor-element elementor-element-4c9d985 e-con-full e-flex e-con e-child\" data-id=\"4c9d985\" data-element_type=\"container\" data-e-type=\"container\">\n\t\t\t\t<div class=\"elementor-element elementor-element-71dbb29 elementor-widget__width-auto elementor-widget elementor-widget-woocommerce-breadcrumb\" data-id=\"71dbb29\" data-element_type=\"widget\" data-e-type=\"widget\" data-widget_type=\"woocommerce-breadcrumb.default\">\n\t\t\t\t\t<nav class=\"woocommerce-breadcrumb\" aria-label=\"Breadcrumb\"><span class=\"listaproducto\"><img decoding=\"async\" src=\"https:\/\/teixitsvicens.com\/\/wp-content\/themes\/teixitsvicens\/assets\/images\/imagotipo_teixits_vicens.svg\" width=\"85px;\" style=\"vertical-align: middle;padding-left:20px;padding-right:20px;\" alt=\"undefined - Teixits Vicens\"><\/span>Inici<\/nav>\t\t\t\t<\/div>\n\t\t\t\t<\/div>\n\t\t\t\t<\/div>\n\t\t\t\t<\/div>\n\t\t<div class=\"elementor-element elementor-element-4e990b6 e-con-full e-flex e-con e-parent\" data-id=\"4e990b6\" data-element_type=\"container\" data-e-type=\"container\">\n\t\t<div class=\"elementor-element elementor-element-bcb8d24 e-con-full e-flex e-con e-child\" data-id=\"bcb8d24\" data-element_type=\"container\" data-e-type=\"container\" data-settings=\"{&quot;background_background&quot;:&quot;classic&quot;}\">\n\t\t<div class=\"elementor-element elementor-element-bf992fe e-con-full e-flex e-con e-child\" data-id=\"bf992fe\" data-element_type=\"container\" data-e-type=\"container\" data-settings=\"{&quot;background_background&quot;:&quot;classic&quot;}\">\n\t\t\t\t<\/div>\n\t\t<div class=\"elementor-element elementor-element-69ea13c e-con-full e-flex e-con e-child\" data-id=\"69ea13c\" data-element_type=\"container\" data-e-type=\"container\">\n\t\t\t\t<div class=\"elementor-element elementor-element-5cb8845 elementor-widget elementor-widget-text-editor\" data-id=\"5cb8845\" data-element_type=\"widget\" data-e-type=\"widget\" data-widget_type=\"text-editor.default\">\n\t\t\t\t\t\t\t\t\t<p>Abans de rentar la tela per primera vegada, banyau-la i seguidament introdu\u00efu-la al tambor de la rentadora. Rentau-la a una temperatura m\u00e0xima de 30\u00ba. <\/p><p>El sistema artesanal de tenyir pot produir petites variacions en els colors que no s\u00f3n considerades defectes.<\/p><p>Pot encongir-se un 5%.<\/p><p>Martindale 21.500.<\/p>\t\t\t\t\t\t\t\t<\/div>\n\t\t\t\t<div class=\"elementor-element elementor-element-1c81249 elementor-widget elementor-widget-heading\" data-id=\"1c81249\" data-element_type=\"widget\" data-e-type=\"widget\" data-widget_type=\"heading.default\">\n\t\t\t\t\t<h2 class=\"elementor-heading-title elementor-size-default\">70% cot\u00f3<\/h2>\t\t\t\t<\/div>\n\t\t\t\t<div class=\"elementor-element elementor-element-25a6d74 elementor-widget elementor-widget-heading\" data-id=\"25a6d74\" data-element_type=\"widget\" data-e-type=\"widget\" data-widget_type=\"heading.default\">\n\t\t\t\t\t<h3 class=\"elementor-heading-title elementor-size-default\">30% llinet<\/h3>\t\t\t\t<\/div>\n\t\t\t\t<div class=\"elementor-element elementor-element-f305815 elementor-widget elementor-widget-text-editor\" data-id=\"f305815\" data-element_type=\"widget\" data-e-type=\"widget\" data-widget_type=\"text-editor.default\">\n\t\t\t\t\t\t\t\t\t<p>Nota: A causa de la naturalesa artesanal dels nostres teixits, cal seguir algunes regles senzilles per poder gaudir d&#8217;aquest teixit caracter\u00edstic durant molt de temps. En cas contrari, Teixits Vicens no es fa responsable de cap possible dany. <\/p>\t\t\t\t\t\t\t\t<\/div>\n\t\t\t\t<\/div>\n\t\t\t\t<\/div>\n\t\t\t\t<\/div>\n\t\t\t\t<\/div>\n\t\t","protected":false},"excerpt":{"rendered":"<p>Abans de rentar la tela per primera vegada, banyau-la i seguidament introdu\u00efu-la al tambor de la rentadora. Rentau-la a una&#8230;<\/p>\n","protected":false},"author":13,"featured_media":0,"parent":0,"menu_order":0,"comment_status":"closed","ping_status":"closed","template":"elementor_header_footer","meta":{"footnotes":""},"class_list":["post-26726","page","type-page","status-publish","hentry"],"yoast_head":"<!-- This site is optimized with the Yoast SEO plugin v27.0 - https:\/\/yoast.com\/product\/yoast-seo-wordpress\/ -->\n<title>Cura de les Teles: Mantingues la Bellesa dels teus T\u00e8xtils<\/title>\n<meta name=\"description\" content=\"Apr\u00e8n a cuidar les teves teles amb els nostres consells pr\u00e0ctics. Assegura la seva durabilitat i bellesa. Informa&#039;t aqu\u00ed!\" \/>\n<meta name=\"robots\" content=\"index, follow, max-snippet:-1, max-image-preview:large, max-video-preview:-1\" \/>\n<link rel=\"canonical\" href=\"https:\/\/teixitsvicens.com\/ca\/cura-de-les-teles\/\" \/>\n<meta property=\"og:locale\" content=\"ca_ES\" \/>\n<meta property=\"og:type\" content=\"article\" \/>\n<meta property=\"og:title\" content=\"Cura de les Teles: Mantingues la Bellesa dels teus T\u00e8xtils\" \/>\n<meta property=\"og:description\" content=\"Apr\u00e8n a cuidar les teves teles amb els nostres consells pr\u00e0ctics. Assegura la seva durabilitat i bellesa. Informa&#039;t aqu\u00ed!\" \/>\n<meta property=\"og:url\" content=\"https:\/\/teixitsvicens.com\/ca\/cura-de-les-teles\/\" \/>\n<meta property=\"og:site_name\" content=\"Teixits Vicens\" \/>\n<meta property=\"article:publisher\" content=\"https:\/\/www.facebook.com\/TeixitsVicens\/\" \/>\n<meta property=\"article:modified_time\" content=\"2025-10-15T12:49:33+00:00\" \/>\n<meta property=\"og:image\" content=\"https:\/\/teixitsvicens.com\/wp-content\/uploads\/2017\/09\/logo-teixits-vicens-2.png\" \/>\n\t<meta property=\"og:image:width\" content=\"800\" \/>\n\t<meta property=\"og:image:height\" content=\"800\" \/>\n\t<meta property=\"og:image:type\" content=\"image\/png\" \/>\n<meta name=\"twitter:card\" content=\"summary_large_image\" \/>\n<meta name=\"twitter:label1\" content=\"Temps estimat de lectura\" \/>\n\t<meta name=\"twitter:data1\" content=\"1 minute\" \/>\n<!-- \/ Yoast SEO plugin. -->","yoast_head_json":{"title":"Cura de les Teles: Mantingues la Bellesa dels teus T\u00e8xtils","description":"Apr\u00e8n a cuidar les teves teles amb els nostres consells pr\u00e0ctics. Assegura la seva durabilitat i bellesa. Informa't aqu\u00ed!","robots":{"index":"index","follow":"follow","max-snippet":"max-snippet:-1","max-image-preview":"max-image-preview:large","max-video-preview":"max-video-preview:-1"},"canonical":"https:\/\/teixitsvicens.com\/ca\/cura-de-les-teles\/","og_locale":"ca_ES","og_type":"article","og_title":"Cura de les Teles: Mantingues la Bellesa dels teus T\u00e8xtils","og_description":"Apr\u00e8n a cuidar les teves teles amb els nostres consells pr\u00e0ctics. Assegura la seva durabilitat i bellesa. Informa't aqu\u00ed!","og_url":"https:\/\/teixitsvicens.com\/ca\/cura-de-les-teles\/","og_site_name":"Teixits Vicens","article_publisher":"https:\/\/www.facebook.com\/TeixitsVicens\/","article_modified_time":"2025-10-15T12:49:33+00:00","og_image":[{"width":800,"height":800,"url":"https:\/\/teixitsvicens.com\/wp-content\/uploads\/2017\/09\/logo-teixits-vicens-2.png","type":"image\/png"}],"twitter_card":"summary_large_image","twitter_misc":{"Temps estimat de lectura":"1 minute"},"schema":{"@context":"https:\/\/schema.org","@graph":[{"@type":"WebPage","@id":"https:\/\/teixitsvicens.com\/ca\/cura-de-les-teles\/","url":"https:\/\/teixitsvicens.com\/ca\/cura-de-les-teles\/","name":"Cura de les Teles: Mantingues la Bellesa dels teus T\u00e8xtils","isPartOf":{"@id":"https:\/\/teixitsvicens.com\/ca\/#website"},"datePublished":"2023-10-06T10:12:10+00:00","dateModified":"2025-10-15T12:49:33+00:00","description":"Apr\u00e8n a cuidar les teves teles amb els nostres consells pr\u00e0ctics. Assegura la seva durabilitat i bellesa. Informa't aqu\u00ed!","breadcrumb":{"@id":"https:\/\/teixitsvicens.com\/ca\/cura-de-les-teles\/#breadcrumb"},"inLanguage":"ca","potentialAction":[{"@type":"ReadAction","target":["https:\/\/teixitsvicens.com\/ca\/cura-de-les-teles\/"]}]},{"@type":"BreadcrumbList","@id":"https:\/\/teixitsvicens.com\/ca\/cura-de-les-teles\/#breadcrumb","itemListElement":[{"@type":"ListItem","position":1,"name":"Inici","item":"https:\/\/teixitsvicens.com\/ca\/home\/"},{"@type":"ListItem","position":2,"name":"Cura de les teles"}]},{"@type":"WebSite","@id":"https:\/\/teixitsvicens.com\/ca\/#website","url":"https:\/\/teixitsvicens.com\/ca\/","name":"Teixits Vicens","description":"Taller textil artesano","publisher":{"@id":"https:\/\/teixitsvicens.com\/ca\/#organization"},"alternateName":"Teixits Vicens","potentialAction":[{"@type":"SearchAction","target":{"@type":"EntryPoint","urlTemplate":"https:\/\/teixitsvicens.com\/ca\/?s={search_term_string}"},"query-input":{"@type":"PropertyValueSpecification","valueRequired":true,"valueName":"search_term_string"}}],"inLanguage":"ca"},{"@type":"Organization","@id":"https:\/\/teixitsvicens.com\/ca\/#organization","name":"Teixits Vicens","url":"https:\/\/teixitsvicens.com\/ca\/","logo":{"@type":"ImageObject","inLanguage":"ca","@id":"https:\/\/teixitsvicens.com\/ca\/#\/schema\/logo\/image\/","url":"https:\/\/teixitsvicens.com\/wp-content\/uploads\/2025\/10\/logo-teixits-vicents.png","contentUrl":"https:\/\/teixitsvicens.com\/wp-content\/uploads\/2025\/10\/logo-teixits-vicents.png","width":629,"height":131,"caption":"Teixits Vicens"},"image":{"@id":"https:\/\/teixitsvicens.com\/ca\/#\/schema\/logo\/image\/"},"sameAs":["https:\/\/www.facebook.com\/TeixitsVicens\/","https:\/\/www.instagram.com\/teixitsvicens\/"]}]}},"_links":{"self":[{"href":"https:\/\/teixitsvicens.com\/ca\/wp-json\/wp\/v2\/pages\/26726","targetHints":{"allow":["GET"]}}],"collection":[{"href":"https:\/\/teixitsvicens.com\/ca\/wp-json\/wp\/v2\/pages"}],"about":[{"href":"https:\/\/teixitsvicens.com\/ca\/wp-json\/wp\/v2\/types\/page"}],"author":[{"embeddable":true,"href":"https:\/\/teixitsvicens.com\/ca\/wp-json\/wp\/v2\/users\/13"}],"replies":[{"embeddable":true,"href":"https:\/\/teixitsvicens.com\/ca\/wp-json\/wp\/v2\/comments?post=26726"}],"version-history":[{"count":0,"href":"https:\/\/teixitsvicens.com\/ca\/wp-json\/wp\/v2\/pages\/26726\/revisions"}],"wp:attachment":[{"href":"https:\/\/teixitsvicens.com\/ca\/wp-json\/wp\/v2\/media?parent=26726"}],"curies":[{"name":"wp","href":"https:\/\/api.w.org\/{rel}","templated":true}]}}