{"id":26714,"date":"2023-11-07T13:00:37","date_gmt":"2023-11-07T12:00:37","guid":{"rendered":"https:\/\/teixitsmallorca.com\/politica-de-privacidad\/"},"modified":"2024-10-15T14:21:41","modified_gmt":"2024-10-15T12:21:41","slug":"politica-de-privacidad","status":"publish","type":"page","link":"https:\/\/teixitsvicens.com\/ca\/politica-de-privacidad\/","title":{"rendered":"Pol\u00edtica de privacitat"},"content":{"rendered":"\t\t<div data-elementor-type=\"wp-page\" data-elementor-id=\"26714\" class=\"elementor elementor-26714 elementor-25254\" data-elementor-post-type=\"page\">\n\t\t\t\t<div class=\"elementor-element elementor-element-4a5afd7b e-con-full e-flex e-con e-parent\" data-id=\"4a5afd7b\" data-element_type=\"container\" data-e-type=\"container\">\n\t\t<div class=\"elementor-element elementor-element-44c9bd46 e-con-full e-flex e-con e-child\" data-id=\"44c9bd46\" data-element_type=\"container\" data-e-type=\"container\">\n\t\t<div class=\"elementor-element elementor-element-4c715fa9 e-con-full e-flex e-con e-child\" data-id=\"4c715fa9\" data-element_type=\"container\" data-e-type=\"container\">\n\t\t\t\t<div class=\"elementor-element elementor-element-1873bf96 elementor-widget__width-auto elementor-widget elementor-widget-woocommerce-breadcrumb\" data-id=\"1873bf96\" data-element_type=\"widget\" data-e-type=\"widget\" data-widget_type=\"woocommerce-breadcrumb.default\">\n\t\t\t\t\t<nav class=\"woocommerce-breadcrumb\" aria-label=\"Breadcrumb\"><span class=\"listaproducto\"><img decoding=\"async\" src=\"https:\/\/teixitsvicens.com\/\/wp-content\/themes\/teixitsvicens\/assets\/images\/imagotipo_teixits_vicens.svg\" width=\"85px;\" style=\"vertical-align: middle;padding-left:20px;padding-right:20px;\" alt=\"undefined - Teixits Vicens\"><\/span>Inici<\/nav>\t\t\t\t<\/div>\n\t\t\t\t<\/div>\n\t\t\t\t<\/div>\n\t\t\t\t<\/div>\n\t\t<div class=\"elementor-element elementor-element-ffcdd98 e-flex e-con-boxed e-con e-parent\" data-id=\"ffcdd98\" data-element_type=\"container\" data-e-type=\"container\" data-settings=\"{&quot;background_background&quot;:&quot;classic&quot;}\">\n\t\t\t\t\t<div class=\"e-con-inner\">\n\t\t<div class=\"elementor-element elementor-element-e079b5f e-flex e-con-boxed e-con e-child\" data-id=\"e079b5f\" data-element_type=\"container\" data-e-type=\"container\" id=\"privacy-policy\">\n\t\t\t\t\t<div class=\"e-con-inner\">\n\t\t\t\t<div class=\"elementor-element elementor-element-7776808 elementor-widget elementor-widget-heading\" data-id=\"7776808\" data-element_type=\"widget\" data-e-type=\"widget\" data-widget_type=\"heading.default\">\n\t\t\t\t\t<div class=\"elementor-heading-title elementor-size-default\">Termes i condicions<\/div>\t\t\t\t<\/div>\n\t\t\t\t<div class=\"elementor-element elementor-element-69c4037 elementor-widget elementor-widget-heading\" data-id=\"69c4037\" data-element_type=\"widget\" data-e-type=\"widget\" data-widget_type=\"heading.default\">\n\t\t\t\t\t<div class=\"elementor-heading-title elementor-size-default\">Pol\u00edtica de privacitat<\/div>\t\t\t\t<\/div>\n\t\t\t\t<div class=\"elementor-element elementor-element-b3de430 elementor-widget elementor-widget-heading\" data-id=\"b3de430\" data-element_type=\"widget\" data-e-type=\"widget\" data-widget_type=\"heading.default\">\n\t\t\t\t\t<div class=\"elementor-heading-title elementor-size-default\">Llei dels serveis de la societat de la informaci\u00f3 (LSSI)<\/div>\t\t\t\t<\/div>\n\t\t\t\t<div class=\"elementor-element elementor-element-7f4b64b elementor-widget elementor-widget-text-editor\" data-id=\"7f4b64b\" data-element_type=\"widget\" data-e-type=\"widget\" data-widget_type=\"text-editor.default\">\n\t\t\t\t\t\t\t\t\t<p>A Teixits Vicens valorem la vostra confian\u00e7a i privadesa, per aquest motiu, us expliquem, a continuaci\u00f3, de forma senzilla i transparent, com utilitzem exactament les vostres dades.<\/p><p>T&#8217;animem a llegir amb deteniment aquesta pol\u00edtica de privadesa i, a m\u00e9s, si et sorgeix algun dubte o vols m\u00e9s informaci\u00f3, pots escriure&#8217;ns a\u00a0comptabilitat@teixitvicens.com\u00a0i, com sempre, intentarem ajudar-te de la millor manera possible.<\/p><p><strong>Qui \u00e9s el responsable del tractament?<\/strong><\/p><p>El responsable del tractament \u00e9s qui decideix la finalitat per a la qual s&#8217;utilitzen les dades que, en aquest cas, \u00e9s GALER\u00cdES VICENS, S.A.U., amb C.I.F. A07210263 i domicili a Rotonda Can Berenguer 07460, Pollen\u00e7a, Mallorca (d&#8217;ara endavant, Teixits Vicens).<\/p><p><strong>Quines dades teves recollim i amb quina finalitat?<\/strong><\/p><p>En cas que compris algun dels nostres productes, et demanarem les dades necess\u00e0ries per gestionar la teva comanda: nom i cognoms, adre\u00e7a de lliurament, tel\u00e8fon, correu electr\u00f2nic, dades necess\u00e0ries per gestionar el pagament dels productes adquirits i, si escau, els dades necess\u00e0ries per a l&#8217;emissi\u00f3 de factures. Concretament, utilitzarem les teves dades per a:<\/p><ul><li>Formalitzar la comanda, gestionar adequadament la teva compra i fer-la arribar.<\/li><li>Informar-te, si escau, de l&#8217;estat de la comanda i de qualsevol altra q\u00fcesti\u00f3 que sigui necess\u00e0ria per assegurar el lliurament efectiu.<\/li><li>Gestionar els pagaments.<\/li><li>Enviar-te la factura de compra.<\/li><li>Mantenir el teu historial de compres per oferir-te una millor assist\u00e8ncia.<\/li><li>Enviar-te comunicacions informatives i, si escau, comunicacions comercials sobre productes o serveis de Teixits Vicens que puguin ser del teu inter\u00e8s.<\/li><\/ul><p>La base legal que ens permet dur a terme aquest tractament de les vostres dades \u00e9s la relaci\u00f3 contractual entre les parts i, en alguns casos concrets, el vostre consentiment.<\/p><ul><li>En cas que utilitzis qualsevol de les vies que t&#8217;oferim per contactar amb nosaltres, utilitzarem les teves dades de contacte per atendre i resoldre la teva consulta d&#8217;acord amb la seva naturalesa, cosa que inclou contactar amb tu (per la mateixa via) en cas de ser necessari.<\/li><\/ul><p>La base legal que ens permet dur a terme aquest tractament de les teves dades \u00e9s el teu consentiment, que ens prestes de forma expressa en enviar la teva sol\u00b7licitud de contacte, i el nostre inter\u00e8s leg\u00edtim a resoldre la q\u00fcesti\u00f3 que ens plantegis.<\/p><ul><li>En cas que t&#8217;interessi treballar amb nosaltres i ens facis arribar la teva candidatura, utilitzarem les dades per gestionar-la, avaluar el teu perfil i, si escau, conservar el teu curr\u00edculum a la nostra base de dades de candidats potencials.<\/li><\/ul><p>La base legal que ens permet dur a terme aquest tractament de les teves dades \u00e9s el teu consentiment, que ens prestes de manera expressa en enviar la teva candidatura.<\/p><ul><li>Quan navegues per la nostra p\u00e0gina web, podem realitzar mesuraments i, si escau, analitzar els teus h\u00e0bits de navegaci\u00f3 de forma an\u00f2nima.<\/li><\/ul><p>La base legal que ens permet dur a terme aquest tractament de les teves dades \u00e9s el teu consentiment, que prestes quan acceptes la instal\u00b7laci\u00f3 de les nostres galetes i que pots revocar o configurar en qualsevol moment. Pots trobar m\u00e9s informaci\u00f3 sobre l&#8217;\u00fas de les cookies a la nostra\u00a0Pol\u00edtica de cookies.<\/p><p><strong>Quant de temps conservem les teves dades?<\/strong><\/p><p>El temps estrictament necessari per complir amb la finalitat a qu\u00e8 serveixen en cada cas, despr\u00e9s d&#8217;aix\u00f2, romandran bloquejats nom\u00e9s a efectes d&#8217;atendre qualsevol responsabilitat o obligacions que poguessin derivar-se del tractament dels mateixos:<\/p><p><strong>A qui comuniquem les teves dades?<\/strong><\/p><p>Qualsevol comunicaci\u00f3 de dades que fem ser\u00e0 respectant sempre els teus drets i en compliment de la normativa de protecci\u00f3 de dades. En aquest sentit, nom\u00e9s comunicarem les teves dades:<\/p><ul><li>A prove\u00efdors de serveis que ens ajuden a dur a terme la nostra activitat, per exemple, plataformes de pagament en l\u00ednia, eines inform\u00e0tiques, serveis de suport t\u00e8cnic, serveis de missatgeria, etc. Alguns d&#8217;aquests prove\u00efdors poden transferir dades fora de l&#8217;Espai Econ\u00f2mic Europeu. Aix\u00f2 no obstant, aquestes comunicacions es duen a terme amb les garanties necess\u00e0ries i compten amb el nivell de protecci\u00f3 de les dades requerit per la normativa.<\/li><li>En els casos en qu\u00e8 sigui necessari per complir les nostres obligacions legals, les dades es poden comunicar a les autoritats p\u00fabliques ia les forces i els cossos de seguretat de l&#8217;Estat.<\/li><li>A les empreses que formen part del nostre grup de societats, per assegurar el funcionament adequat de tots els nostres processos.<\/li><\/ul><p><strong>Quins s\u00f3n els teus drets quan ens facilites les dades personals?<\/strong><\/p><p>Com a titular de la teva informaci\u00f3 personal, tens dret a:<\/p><ul><li>Accedir a les dades que tractem sobre tu ia informaci\u00f3 detallada sobre el tractament que fem.<\/li><li>Pots sol\u00b7licitar que es rectifiqui la teva informaci\u00f3 si consideres que \u00e9s inexacta.<\/li><li>En alguns casos pots sol\u00b7licitar que les teves dades siguin suprimides, pots oposar-te que les fem servir i pots limitar el tractament que en fem.<\/li><li>Tens dret a la portabilitat de les teves dades, \u00e9s a dir, a rebre les teves dades o que les lliurem a un tercer en un format que permeti que les tracti.<br \/>Per descomptat, si consideres que no hem at\u00e8s correctament els teus drets o vols m\u00e9s informaci\u00f3, pots acudir a l&#8217;Ag\u00e8ncia Espanyola de Protecci\u00f3 de Dades dirigint-te a aepd.es.<\/li><\/ul><p><br \/>Si tinguessis qualsevol dubte respecte a l&#8217;exercici dels teus drets, abans de dirigir-te a l&#8217;Autoritat de control, et recordem que, si vols, pots consultar-nos-ho directament escrivint-nos a comptabilitat@teixitsvicens.com i mirarem d&#8217;ajudar-te de la millor manera possible.<\/p>\t\t\t\t\t\t\t\t<\/div>\n\t\t\t\t\t<\/div>\n\t\t\t\t<\/div>\n\t\t\t\t\t<\/div>\n\t\t\t\t<\/div>\n\t\t\t\t<\/div>\n\t\t","protected":false},"excerpt":{"rendered":"<p>Termes i condicions Pol\u00edtica de privacitat Llei dels serveis de la societat de la informaci\u00f3 (LSSI) A Teixits Vicens valorem&#8230;<\/p>\n","protected":false},"author":13,"featured_media":0,"parent":0,"menu_order":0,"comment_status":"closed","ping_status":"closed","template":"elementor_header_footer","meta":{"footnotes":""},"class_list":["post-26714","page","type-page","status-publish","hentry"],"yoast_head":"<!-- This site is optimized with the Yoast SEO plugin v27.0 - https:\/\/yoast.com\/product\/yoast-seo-wordpress\/ -->\n<title>Pol\u00edtica de privacitat | Teixits Vicens<\/title>\n<meta name=\"robots\" content=\"index, follow, max-snippet:-1, max-image-preview:large, max-video-preview:-1\" \/>\n<link rel=\"canonical\" href=\"https:\/\/teixitsvicens.com\/ca\/politica-de-privacidad\/\" \/>\n<meta property=\"og:locale\" content=\"ca_ES\" \/>\n<meta property=\"og:type\" content=\"article\" \/>\n<meta property=\"og:title\" content=\"Pol\u00edtica de privacitat | Teixits Vicens\" \/>\n<meta property=\"og:description\" content=\"Termes i condicions Pol\u00edtica de privacitat Llei dels serveis de la societat de la informaci\u00f3 (LSSI) A Teixits Vicens valorem...\" \/>\n<meta property=\"og:url\" content=\"https:\/\/teixitsvicens.com\/ca\/politica-de-privacidad\/\" \/>\n<meta property=\"og:site_name\" content=\"Teixits Vicens\" \/>\n<meta property=\"article:publisher\" content=\"https:\/\/www.facebook.com\/TeixitsVicens\/\" \/>\n<meta property=\"article:modified_time\" content=\"2024-10-15T12:21:41+00:00\" \/>\n<meta property=\"og:image\" content=\"https:\/\/teixitsvicens.com\/wp-content\/uploads\/2017\/09\/logo-teixits-vicens-2.png\" \/>\n\t<meta property=\"og:image:width\" content=\"800\" \/>\n\t<meta property=\"og:image:height\" content=\"800\" \/>\n\t<meta property=\"og:image:type\" content=\"image\/png\" \/>\n<meta name=\"twitter:card\" content=\"summary_large_image\" \/>\n<meta name=\"twitter:label1\" content=\"Temps estimat de lectura\" \/>\n\t<meta name=\"twitter:data1\" content=\"5 minutes\" \/>\n<!-- \/ Yoast SEO plugin. -->","yoast_head_json":{"title":"Pol\u00edtica de privacitat | Teixits Vicens","robots":{"index":"index","follow":"follow","max-snippet":"max-snippet:-1","max-image-preview":"max-image-preview:large","max-video-preview":"max-video-preview:-1"},"canonical":"https:\/\/teixitsvicens.com\/ca\/politica-de-privacidad\/","og_locale":"ca_ES","og_type":"article","og_title":"Pol\u00edtica de privacitat | Teixits Vicens","og_description":"Termes i condicions Pol\u00edtica de privacitat Llei dels serveis de la societat de la informaci\u00f3 (LSSI) A Teixits Vicens valorem...","og_url":"https:\/\/teixitsvicens.com\/ca\/politica-de-privacidad\/","og_site_name":"Teixits Vicens","article_publisher":"https:\/\/www.facebook.com\/TeixitsVicens\/","article_modified_time":"2024-10-15T12:21:41+00:00","og_image":[{"width":800,"height":800,"url":"https:\/\/teixitsvicens.com\/wp-content\/uploads\/2017\/09\/logo-teixits-vicens-2.png","type":"image\/png"}],"twitter_card":"summary_large_image","twitter_misc":{"Temps estimat de lectura":"5 minutes"},"schema":{"@context":"https:\/\/schema.org","@graph":[{"@type":"WebPage","@id":"https:\/\/teixitsvicens.com\/ca\/politica-de-privacidad\/","url":"https:\/\/teixitsvicens.com\/ca\/politica-de-privacidad\/","name":"Pol\u00edtica de privacitat | Teixits Vicens","isPartOf":{"@id":"https:\/\/teixitsvicens.com\/ca\/#website"},"datePublished":"2023-11-07T12:00:37+00:00","dateModified":"2024-10-15T12:21:41+00:00","breadcrumb":{"@id":"https:\/\/teixitsvicens.com\/ca\/politica-de-privacidad\/#breadcrumb"},"inLanguage":"ca","potentialAction":[{"@type":"ReadAction","target":["https:\/\/teixitsvicens.com\/ca\/politica-de-privacidad\/"]}]},{"@type":"BreadcrumbList","@id":"https:\/\/teixitsvicens.com\/ca\/politica-de-privacidad\/#breadcrumb","itemListElement":[{"@type":"ListItem","position":1,"name":"Inici","item":"https:\/\/teixitsvicens.com\/ca\/home\/"},{"@type":"ListItem","position":2,"name":"Pol\u00edtica de privacitat"}]},{"@type":"WebSite","@id":"https:\/\/teixitsvicens.com\/ca\/#website","url":"https:\/\/teixitsvicens.com\/ca\/","name":"Teixits Vicens","description":"Taller textil artesano","publisher":{"@id":"https:\/\/teixitsvicens.com\/ca\/#organization"},"alternateName":"Teixits Vicens","potentialAction":[{"@type":"SearchAction","target":{"@type":"EntryPoint","urlTemplate":"https:\/\/teixitsvicens.com\/ca\/?s={search_term_string}"},"query-input":{"@type":"PropertyValueSpecification","valueRequired":true,"valueName":"search_term_string"}}],"inLanguage":"ca"},{"@type":"Organization","@id":"https:\/\/teixitsvicens.com\/ca\/#organization","name":"Teixits Vicens","url":"https:\/\/teixitsvicens.com\/ca\/","logo":{"@type":"ImageObject","inLanguage":"ca","@id":"https:\/\/teixitsvicens.com\/ca\/#\/schema\/logo\/image\/","url":"https:\/\/teixitsvicens.com\/wp-content\/uploads\/2025\/10\/logo-teixits-vicents.png","contentUrl":"https:\/\/teixitsvicens.com\/wp-content\/uploads\/2025\/10\/logo-teixits-vicents.png","width":629,"height":131,"caption":"Teixits Vicens"},"image":{"@id":"https:\/\/teixitsvicens.com\/ca\/#\/schema\/logo\/image\/"},"sameAs":["https:\/\/www.facebook.com\/TeixitsVicens\/","https:\/\/www.instagram.com\/teixitsvicens\/"]}]}},"_links":{"self":[{"href":"https:\/\/teixitsvicens.com\/ca\/wp-json\/wp\/v2\/pages\/26714","targetHints":{"allow":["GET"]}}],"collection":[{"href":"https:\/\/teixitsvicens.com\/ca\/wp-json\/wp\/v2\/pages"}],"about":[{"href":"https:\/\/teixitsvicens.com\/ca\/wp-json\/wp\/v2\/types\/page"}],"author":[{"embeddable":true,"href":"https:\/\/teixitsvicens.com\/ca\/wp-json\/wp\/v2\/users\/13"}],"replies":[{"embeddable":true,"href":"https:\/\/teixitsvicens.com\/ca\/wp-json\/wp\/v2\/comments?post=26714"}],"version-history":[{"count":0,"href":"https:\/\/teixitsvicens.com\/ca\/wp-json\/wp\/v2\/pages\/26714\/revisions"}],"wp:attachment":[{"href":"https:\/\/teixitsvicens.com\/ca\/wp-json\/wp\/v2\/media?parent=26714"}],"curies":[{"name":"wp","href":"https:\/\/api.w.org\/{rel}","templated":true}]}}