{"id":26711,"date":"2024-02-15T13:11:16","date_gmt":"2024-02-15T12:11:16","guid":{"rendered":"https:\/\/teixitsmallorca.com\/metodos-de-pago\/"},"modified":"2025-10-16T11:06:16","modified_gmt":"2025-10-16T09:06:16","slug":"formes-de-pagament-i-seguretat","status":"publish","type":"page","link":"https:\/\/teixitsvicens.com\/ca\/formes-de-pagament-i-seguretat\/","title":{"rendered":"Formes de pagament i seguretat"},"content":{"rendered":"\t\t<div data-elementor-type=\"wp-page\" data-elementor-id=\"26711\" class=\"elementor elementor-26711 elementor-26391\" data-elementor-post-type=\"page\">\n\t\t\t\t<div class=\"elementor-element elementor-element-4a5afd7b e-con-full e-flex e-con e-parent\" data-id=\"4a5afd7b\" data-element_type=\"container\" data-e-type=\"container\">\n\t\t<div class=\"elementor-element elementor-element-44c9bd46 e-con-full e-flex e-con e-child\" data-id=\"44c9bd46\" data-element_type=\"container\" data-e-type=\"container\">\n\t\t<div class=\"elementor-element elementor-element-4c715fa9 e-con-full e-flex e-con e-child\" data-id=\"4c715fa9\" data-element_type=\"container\" data-e-type=\"container\">\n\t\t\t\t<div class=\"elementor-element elementor-element-1873bf96 elementor-widget__width-auto elementor-widget elementor-widget-woocommerce-breadcrumb\" data-id=\"1873bf96\" data-element_type=\"widget\" data-e-type=\"widget\" data-widget_type=\"woocommerce-breadcrumb.default\">\n\t\t\t\t\t<nav class=\"woocommerce-breadcrumb\" aria-label=\"Breadcrumb\"><span class=\"listaproducto\"><img decoding=\"async\" src=\"https:\/\/teixitsvicens.com\/\/wp-content\/themes\/teixitsvicens\/assets\/images\/imagotipo_teixits_vicens.svg\" width=\"85px;\" style=\"vertical-align: middle;padding-left:20px;padding-right:20px;\" alt=\"undefined - Teixits Vicens\"><\/span>Inici<\/nav>\t\t\t\t<\/div>\n\t\t\t\t<\/div>\n\t\t\t\t<\/div>\n\t\t\t\t<\/div>\n\t\t<div class=\"elementor-element elementor-element-ffcdd98 e-flex e-con-boxed e-con e-parent\" data-id=\"ffcdd98\" data-element_type=\"container\" data-e-type=\"container\" data-settings=\"{&quot;background_background&quot;:&quot;classic&quot;}\">\n\t\t\t\t\t<div class=\"e-con-inner\">\n\t\t<div class=\"elementor-element elementor-element-cbdd9e4 e-flex e-con-boxed e-con e-child\" data-id=\"cbdd9e4\" data-element_type=\"container\" data-e-type=\"container\">\n\t\t\t\t\t<div class=\"e-con-inner\">\n\t\t\t\t<div class=\"elementor-element elementor-element-7776808 elementor-widget elementor-widget-heading\" data-id=\"7776808\" data-element_type=\"widget\" data-e-type=\"widget\" data-widget_type=\"heading.default\">\n\t\t\t\t\t<span class=\"elementor-heading-title elementor-size-default\">Tenda online Teixits Vicens<\/span>\t\t\t\t<\/div>\n\t\t\t\t<div class=\"elementor-element elementor-element-f31cee4 elementor-widget elementor-widget-heading\" data-id=\"f31cee4\" data-element_type=\"widget\" data-e-type=\"widget\" data-widget_type=\"heading.default\">\n\t\t\t\t\t<h1 class=\"elementor-heading-title elementor-size-default\">Formes de pagament i seguretat<\/h1>\t\t\t\t<\/div>\n\t\t\t\t<div class=\"elementor-element elementor-element-5b4dd17 elementor-widget elementor-widget-text-editor\" data-id=\"5b4dd17\" data-element_type=\"widget\" data-e-type=\"widget\" data-widget_type=\"text-editor.default\">\n\t\t\t\t\t\t\t\t\t<p>La seguretat de les transaccions amb els nostres clients \u00e9s un tema prioritari per a nosaltres. Un cop validada la informaci\u00f3 b\u00e0sica sobre la compra a la nostra botiga online (productes, dades de contacte i informaci\u00f3 d\u2019enviament) caldr\u00e0 seleccionar la modalitat de pagament desitjada. <\/p><p>El client pot pagar mitjan\u00e7ant qualsevol d\u2019aquests tres m\u00e8todes:<\/p>\t\t\t\t\t\t\t\t<\/div>\n\t\t\t\t<div class=\"elementor-element elementor-element-5a3fd18 elementor-widget elementor-widget-heading\" data-id=\"5a3fd18\" data-element_type=\"widget\" data-e-type=\"widget\" data-widget_type=\"heading.default\">\n\t\t\t\t\t<h2 class=\"elementor-heading-title elementor-size-default\">PayPal<\/h2>\t\t\t\t<\/div>\n\t\t\t\t<div class=\"elementor-element elementor-element-b7d3aec elementor-widget elementor-widget-text-editor\" data-id=\"b7d3aec\" data-element_type=\"widget\" data-e-type=\"widget\" data-widget_type=\"text-editor.default\">\n\t\t\t\t\t\t\t\t\t<p>Els pagaments es realitzen de forma segura i immediata a trav\u00e9s del servei ofert per PayPal, un dels sistemes m\u00e9s estesos per a la realitzaci\u00f3 de transaccions en l\u00ednia. PayPal compleix els est\u00e0ndards de seguretat de dades del sector de les targetes de cr\u00e8dit per protegir-lo en tot moment dels delictes inform\u00e0tics i salvaguardar la informaci\u00f3 financera. <\/p><p>Per poder pagar a la nostra botiga a trav\u00e9s de PayPal no cal disposar d\u2019un compte amb aquest servei, encara que si ja en disposeu d\u2019un (\u00e9s gratu\u00eft), podreu realitzar el pagament \u00fanicament amb la vostra adre\u00e7a de correu electr\u00f2nic.<\/p><p>PayPal accepta les principals targetes existents.<\/p>\t\t\t\t\t\t\t\t<\/div>\n\t\t\t\t<div class=\"elementor-element elementor-element-4fcc8d1 elementor-widget elementor-widget-heading\" data-id=\"4fcc8d1\" data-element_type=\"widget\" data-e-type=\"widget\" data-widget_type=\"heading.default\">\n\t\t\t\t\t<h2 class=\"elementor-heading-title elementor-size-default\">Transfer\u00e8ncia banc\u00e0ria<\/h2>\t\t\t\t<\/div>\n\t\t\t\t<div class=\"elementor-element elementor-element-bcc6874 elementor-widget elementor-widget-text-editor\" data-id=\"bcc6874\" data-element_type=\"widget\" data-e-type=\"widget\" data-widget_type=\"text-editor.default\">\n\t\t\t\t\t\t\t\t\t<p>Si seleccioneu aquesta modalitat de pagament, tingueu en compte que la comanda no es considerar\u00e0 efectiva fins que haguem confirmat l\u2019ingr\u00e9s corresponent.<\/p><p>La transfer\u00e8ncia es realitzar\u00e0 per l\u2019import total de la comanda (despeses d\u2019enviament incloses), al compte bancari seg\u00fcent:<\/p><p>Entitat banc\u00e0ria: Colonya Caixa Pollen\u00e7a<br>N\u00famero de compte: 2056 0000 6110 0014 8922<br>Nom del beneficiari: GALERIES VICENS S.A.U.<br>IBAN: ES95 2056 0000 6110 0014 8922<br>BIC\/Swif (Codi Internacional d\u2019Identificaci\u00f3 Banc\u00e0ria al sistema SWIFT): CECA ES MM 056<\/p><p>Si us plau, perqu\u00e8 puguem identificar correctament la comanda, \u00e9s molt important indicar el n\u00famero de comanda que haur\u00e0 rebut en finalitzar la compra.<\/p><p>Un cop seleccionada aquesta modalitat de pagament, rebreu un missatge de correu a l\u2019adre\u00e7a de correu electr\u00f2nic que ens hagi proporcionat amb les instruccions a seguir per completar el pagament.<\/p><p>Tingueu en compte que els pagaments mitjan\u00e7ant transfer\u00e8ncia banc\u00e0ria poden trigar fins a tres dies laborables a rebre\u2019s.<\/p>\t\t\t\t\t\t\t\t<\/div>\n\t\t\t\t<div class=\"elementor-element elementor-element-c7a4acd elementor-widget elementor-widget-heading\" data-id=\"c7a4acd\" data-element_type=\"widget\" data-e-type=\"widget\" data-widget_type=\"heading.default\">\n\t\t\t\t\t<h2 class=\"elementor-heading-title elementor-size-default\">Targeta de cr\u00e8dit<\/h2>\t\t\t\t<\/div>\n\t\t\t\t<div class=\"elementor-element elementor-element-a802ec4 elementor-widget elementor-widget-text-editor\" data-id=\"a802ec4\" data-element_type=\"widget\" data-e-type=\"widget\" data-widget_type=\"text-editor.default\">\n\t\t\t\t\t\t\t\t\t<p>Podeu pagar amb targeta de cr\u00e8dit o d\u00e8bit: VISA (cr\u00e8dit i d\u00e8bit), MasterCard o American Express.<\/p><p>Per garantir la seguretat dels pagaments realitzats des de la nostra web, aquests es realitzen directament i de forma segura a trav\u00e9s de la plataforma de Pagament Segur del Banc Sabadell.<\/p><p>TEIXTIS VICENS no t\u00e9 acc\u00e9s en cap moment a la informaci\u00f3 confidencial relacionada amb el pagament (nom, n\u00famero de targeta, data de caducitat, etc.), ja que aquest es realitza directament a trav\u00e9s de la passarel\u00b7la banc\u00e0ria i no passa en cap moment per els nostres servidors. Les dades de la targeta, per tant, no queden registrades a la nostra base de dades sin\u00f3 que passen directament al terminal de punt de venda del banc (TPV). Per aquest motiu, cada vegada que un client faci una nova comanda amb targeta, caldr\u00e0 tornar a introduir-hi les dades.  <\/p><p>La plataforma del Banc Sabadell integra CES (Compra Electr\u00f2nica Segura) que, sota els protocols internacionals Verified by Visa i MasterCard SecureCode, aporta una alta seguretat i protecci\u00f3 en els pagaments.<\/p>\t\t\t\t\t\t\t\t<\/div>\n\t\t\t\t\t<\/div>\n\t\t\t\t<\/div>\n\t\t\t\t\t<\/div>\n\t\t\t\t<\/div>\n\t\t\t\t<\/div>\n\t\t","protected":false},"excerpt":{"rendered":"<p>Tenda online Teixits Vicens Formes de pagament i seguretat La seguretat de les transaccions amb els nostres clients \u00e9s un&#8230;<\/p>\n","protected":false},"author":13,"featured_media":0,"parent":0,"menu_order":0,"comment_status":"closed","ping_status":"closed","template":"elementor_header_footer","meta":{"footnotes":""},"class_list":["post-26711","page","type-page","status-publish","hentry"],"yoast_head":"<!-- This site is optimized with the Yoast SEO plugin v27.0 - https:\/\/yoast.com\/product\/yoast-seo-wordpress\/ -->\n<title>Formes de pagament i seguretat | Teixits Vicens<\/title>\n<meta name=\"description\" content=\"Descobreix els m\u00e8todes de pagament disponibles en Teixits Vicens. Compra amb total seguretat mitjan\u00e7ant targeta, transfer\u00e8ncia o PayPal.\" \/>\n<meta name=\"robots\" content=\"noindex, follow\" \/>\n<meta property=\"og:locale\" content=\"ca_ES\" \/>\n<meta property=\"og:type\" content=\"article\" \/>\n<meta property=\"og:title\" content=\"Formes de pagament i seguretat | Teixits Vicens\" \/>\n<meta property=\"og:description\" content=\"Descobreix els m\u00e8todes de pagament disponibles en Teixits Vicens. Compra amb total seguretat mitjan\u00e7ant targeta, transfer\u00e8ncia o PayPal.\" \/>\n<meta property=\"og:url\" content=\"https:\/\/teixitsvicens.com\/ca\/formes-de-pagament-i-seguretat\/\" \/>\n<meta property=\"og:site_name\" content=\"Teixits Vicens\" \/>\n<meta property=\"article:publisher\" content=\"https:\/\/www.facebook.com\/TeixitsVicens\/\" \/>\n<meta property=\"article:modified_time\" content=\"2025-10-16T09:06:16+00:00\" \/>\n<meta property=\"og:image\" content=\"https:\/\/teixitsvicens.com\/wp-content\/uploads\/2017\/09\/logo-teixits-vicens-2.png\" \/>\n\t<meta property=\"og:image:width\" content=\"800\" \/>\n\t<meta property=\"og:image:height\" content=\"800\" \/>\n\t<meta property=\"og:image:type\" content=\"image\/png\" \/>\n<meta name=\"twitter:card\" content=\"summary_large_image\" \/>\n<meta name=\"twitter:label1\" content=\"Temps estimat de lectura\" \/>\n\t<meta name=\"twitter:data1\" content=\"3 minutes\" \/>\n<!-- \/ Yoast SEO plugin. -->","yoast_head_json":{"title":"Formes de pagament i seguretat | Teixits Vicens","description":"Descobreix els m\u00e8todes de pagament disponibles en Teixits Vicens. Compra amb total seguretat mitjan\u00e7ant targeta, transfer\u00e8ncia o PayPal.","robots":{"index":"noindex","follow":"follow"},"og_locale":"ca_ES","og_type":"article","og_title":"Formes de pagament i seguretat | Teixits Vicens","og_description":"Descobreix els m\u00e8todes de pagament disponibles en Teixits Vicens. Compra amb total seguretat mitjan\u00e7ant targeta, transfer\u00e8ncia o PayPal.","og_url":"https:\/\/teixitsvicens.com\/ca\/formes-de-pagament-i-seguretat\/","og_site_name":"Teixits Vicens","article_publisher":"https:\/\/www.facebook.com\/TeixitsVicens\/","article_modified_time":"2025-10-16T09:06:16+00:00","og_image":[{"width":800,"height":800,"url":"https:\/\/teixitsvicens.com\/wp-content\/uploads\/2017\/09\/logo-teixits-vicens-2.png","type":"image\/png"}],"twitter_card":"summary_large_image","twitter_misc":{"Temps estimat de lectura":"3 minutes"},"schema":{"@context":"https:\/\/schema.org","@graph":[{"@type":"WebPage","@id":"https:\/\/teixitsvicens.com\/ca\/formes-de-pagament-i-seguretat\/","url":"https:\/\/teixitsvicens.com\/ca\/formes-de-pagament-i-seguretat\/","name":"Formes de pagament i seguretat | Teixits Vicens","isPartOf":{"@id":"https:\/\/teixitsvicens.com\/ca\/#website"},"datePublished":"2024-02-15T12:11:16+00:00","dateModified":"2025-10-16T09:06:16+00:00","description":"Descobreix els m\u00e8todes de pagament disponibles en Teixits Vicens. Compra amb total seguretat mitjan\u00e7ant targeta, transfer\u00e8ncia o PayPal.","breadcrumb":{"@id":"https:\/\/teixitsvicens.com\/ca\/formes-de-pagament-i-seguretat\/#breadcrumb"},"inLanguage":"ca","potentialAction":[{"@type":"ReadAction","target":["https:\/\/teixitsvicens.com\/ca\/formes-de-pagament-i-seguretat\/"]}]},{"@type":"BreadcrumbList","@id":"https:\/\/teixitsvicens.com\/ca\/formes-de-pagament-i-seguretat\/#breadcrumb","itemListElement":[{"@type":"ListItem","position":1,"name":"Inici","item":"https:\/\/teixitsvicens.com\/ca\/home\/"},{"@type":"ListItem","position":2,"name":"Formes de pagament i seguretat"}]},{"@type":"WebSite","@id":"https:\/\/teixitsvicens.com\/ca\/#website","url":"https:\/\/teixitsvicens.com\/ca\/","name":"Teixits Vicens","description":"Taller textil artesano","publisher":{"@id":"https:\/\/teixitsvicens.com\/ca\/#organization"},"alternateName":"Teixits Vicens","potentialAction":[{"@type":"SearchAction","target":{"@type":"EntryPoint","urlTemplate":"https:\/\/teixitsvicens.com\/ca\/?s={search_term_string}"},"query-input":{"@type":"PropertyValueSpecification","valueRequired":true,"valueName":"search_term_string"}}],"inLanguage":"ca"},{"@type":"Organization","@id":"https:\/\/teixitsvicens.com\/ca\/#organization","name":"Teixits Vicens","url":"https:\/\/teixitsvicens.com\/ca\/","logo":{"@type":"ImageObject","inLanguage":"ca","@id":"https:\/\/teixitsvicens.com\/ca\/#\/schema\/logo\/image\/","url":"https:\/\/teixitsvicens.com\/wp-content\/uploads\/2025\/10\/logo-teixits-vicents.png","contentUrl":"https:\/\/teixitsvicens.com\/wp-content\/uploads\/2025\/10\/logo-teixits-vicents.png","width":629,"height":131,"caption":"Teixits Vicens"},"image":{"@id":"https:\/\/teixitsvicens.com\/ca\/#\/schema\/logo\/image\/"},"sameAs":["https:\/\/www.facebook.com\/TeixitsVicens\/","https:\/\/www.instagram.com\/teixitsvicens\/"]}]}},"_links":{"self":[{"href":"https:\/\/teixitsvicens.com\/ca\/wp-json\/wp\/v2\/pages\/26711","targetHints":{"allow":["GET"]}}],"collection":[{"href":"https:\/\/teixitsvicens.com\/ca\/wp-json\/wp\/v2\/pages"}],"about":[{"href":"https:\/\/teixitsvicens.com\/ca\/wp-json\/wp\/v2\/types\/page"}],"author":[{"embeddable":true,"href":"https:\/\/teixitsvicens.com\/ca\/wp-json\/wp\/v2\/users\/13"}],"replies":[{"embeddable":true,"href":"https:\/\/teixitsvicens.com\/ca\/wp-json\/wp\/v2\/comments?post=26711"}],"version-history":[{"count":0,"href":"https:\/\/teixitsvicens.com\/ca\/wp-json\/wp\/v2\/pages\/26711\/revisions"}],"wp:attachment":[{"href":"https:\/\/teixitsvicens.com\/ca\/wp-json\/wp\/v2\/media?parent=26711"}],"curies":[{"name":"wp","href":"https:\/\/api.w.org\/{rel}","templated":true}]}}