{"id":24967,"date":"2012-09-15T16:53:40","date_gmt":"2012-09-15T14:53:40","guid":{"rendered":"http:\/\/localhost\/TeixitsVicensS2\/order-tracking\/"},"modified":"2025-10-15T20:31:14","modified_gmt":"2025-10-15T18:31:14","slug":"order-tracking","status":"publish","type":"page","link":"https:\/\/teixitsvicens.com\/ca\/order-tracking\/","title":{"rendered":"Seguiment de la comanda"},"content":{"rendered":"\t\t<div data-elementor-type=\"wp-page\" data-elementor-id=\"24967\" class=\"elementor elementor-24967 elementor-54\" data-elementor-post-type=\"page\">\n\t\t\t\t<div class=\"elementor-element elementor-element-3217193 e-con-full e-flex e-con e-parent\" data-id=\"3217193\" data-element_type=\"container\" data-e-type=\"container\">\n\t\t<div class=\"elementor-element elementor-element-0b9e513 e-con-full e-flex e-con e-child\" data-id=\"0b9e513\" data-element_type=\"container\" data-e-type=\"container\">\n\t\t<div class=\"elementor-element elementor-element-b1a7d82 e-con-full e-flex e-con e-child\" data-id=\"b1a7d82\" data-element_type=\"container\" data-e-type=\"container\">\n\t\t\t\t<div class=\"elementor-element elementor-element-727d22d elementor-widget__width-auto elementor-widget elementor-widget-woocommerce-breadcrumb\" data-id=\"727d22d\" data-element_type=\"widget\" data-e-type=\"widget\" data-widget_type=\"woocommerce-breadcrumb.default\">\n\t\t\t\t\t<nav class=\"woocommerce-breadcrumb\" aria-label=\"Breadcrumb\"><span class=\"listaproducto\"><img decoding=\"async\" src=\"https:\/\/teixitsvicens.com\/\/wp-content\/themes\/teixitsvicens\/assets\/images\/imagotipo_teixits_vicens.svg\" width=\"85px;\" style=\"vertical-align: middle;padding-left:20px;padding-right:20px;\" alt=\"undefined - Teixits Vicens\"><\/span>Inici<\/nav>\t\t\t\t<\/div>\n\t\t\t\t<\/div>\n\t\t\t\t<\/div>\n\t\t\t\t<\/div>\n\t\t<div class=\"elementor-element elementor-element-4a917212 e-flex e-con-boxed e-con e-parent\" data-id=\"4a917212\" data-element_type=\"container\" data-e-type=\"container\">\n\t\t\t\t\t<div class=\"e-con-inner\">\n\t\t\t\t<div class=\"elementor-element elementor-element-7ce06ce2 elementor-widget elementor-widget-shortcode\" data-id=\"7ce06ce2\" data-element_type=\"widget\" data-e-type=\"widget\" data-widget_type=\"shortcode.default\">\n\t\t\t\t\t\t\t<div class=\"elementor-shortcode\"><div class=\"woocommerce\">\n<form action=\"https:\/\/teixitsvicens.com\/ca\/order-tracking\/\" method=\"post\" class=\"woocommerce-form woocommerce-form-track-order track_order\">\n\n\t\n\t<p>Per fer el seguiment de la comanda, introdu\u00efu l&#039;identificador de la comanda en el seg\u00fcent camp i feu clic al bot\u00f3 \u00abSegueix\u00bb. Trobareu l&#039;identificador de la comanda al rebut i al correu de confirmaci\u00f3.<\/p>\n\n\t<p class=\"form-row form-row-first\"><label for=\"orderid\">Identificador de la comanda<\/label> <input class=\"input-text\" type=\"text\" name=\"orderid\" id=\"orderid\" value=\"\" placeholder=\"Es troba al correu de confirmaci\u00f3 de la comanda.\" \/><\/p>\t<p class=\"form-row form-row-last\"><label for=\"order_email\">Correu electr\u00f2nic de facturaci\u00f3<\/label> <input class=\"input-text\" type=\"text\" name=\"order_email\" id=\"order_email\" value=\"\" placeholder=\"Correu electr\u00f2nic que heu utilitzat en passar per caixa.\" \/><\/p>\t<div class=\"clear\"><\/div>\n\n\t\n\t<p class=\"form-row\"><button type=\"submit\" class=\"button\" name=\"track\" value=\"Segueix\">Segueix<\/button><\/p>\n\t<input type=\"hidden\" id=\"woocommerce-order-tracking-nonce\" name=\"woocommerce-order-tracking-nonce\" value=\"f44e181465\" \/><input type=\"hidden\" name=\"_wp_http_referer\" value=\"\/ca\/wp-json\/wp\/v2\/pages\/24967\" \/>\n\t\n<\/form>\n<\/div><\/div>\n\t\t\t\t\t\t<\/div>\n\t\t\t\t\t<\/div>\n\t\t\t\t<\/div>\n\t\t\t\t<\/div>\n\t\t","protected":false},"excerpt":{"rendered":"","protected":false},"author":1,"featured_media":0,"parent":0,"menu_order":0,"comment_status":"closed","ping_status":"closed","template":"","meta":{"footnotes":""},"class_list":["post-24967","page","type-page","status-publish","hentry"],"yoast_head":"<!-- This site is optimized with the Yoast SEO plugin v27.0 - https:\/\/yoast.com\/product\/yoast-seo-wordpress\/ -->\n<title>Seguiment de la comanda | Teixits Vicens<\/title>\n<meta name=\"robots\" content=\"index, follow, max-snippet:-1, max-image-preview:large, max-video-preview:-1\" \/>\n<link rel=\"canonical\" href=\"https:\/\/teixitsvicens.com\/ca\/order-tracking\/\" \/>\n<meta property=\"og:locale\" content=\"ca_ES\" \/>\n<meta property=\"og:type\" content=\"article\" \/>\n<meta property=\"og:title\" content=\"Seguiment de la comanda | Teixits Vicens\" \/>\n<meta property=\"og:url\" content=\"https:\/\/teixitsvicens.com\/ca\/order-tracking\/\" \/>\n<meta property=\"og:site_name\" content=\"Teixits Vicens\" \/>\n<meta property=\"article:publisher\" content=\"https:\/\/www.facebook.com\/TeixitsVicens\/\" \/>\n<meta property=\"article:modified_time\" content=\"2025-10-15T18:31:14+00:00\" \/>\n<meta property=\"og:image\" content=\"https:\/\/teixitsvicens.com\/wp-content\/uploads\/2017\/09\/logo-teixits-vicens-2.png\" \/>\n\t<meta property=\"og:image:width\" content=\"800\" \/>\n\t<meta property=\"og:image:height\" content=\"800\" \/>\n\t<meta property=\"og:image:type\" content=\"image\/png\" \/>\n<meta name=\"twitter:card\" content=\"summary_large_image\" \/>\n<!-- \/ Yoast SEO plugin. -->","yoast_head_json":{"title":"Seguiment de la comanda | Teixits Vicens","robots":{"index":"index","follow":"follow","max-snippet":"max-snippet:-1","max-image-preview":"max-image-preview:large","max-video-preview":"max-video-preview:-1"},"canonical":"https:\/\/teixitsvicens.com\/ca\/order-tracking\/","og_locale":"ca_ES","og_type":"article","og_title":"Seguiment de la comanda | Teixits Vicens","og_url":"https:\/\/teixitsvicens.com\/ca\/order-tracking\/","og_site_name":"Teixits Vicens","article_publisher":"https:\/\/www.facebook.com\/TeixitsVicens\/","article_modified_time":"2025-10-15T18:31:14+00:00","og_image":[{"width":800,"height":800,"url":"https:\/\/teixitsvicens.com\/wp-content\/uploads\/2017\/09\/logo-teixits-vicens-2.png","type":"image\/png"}],"twitter_card":"summary_large_image","schema":{"@context":"https:\/\/schema.org","@graph":[{"@type":"WebPage","@id":"https:\/\/teixitsvicens.com\/ca\/order-tracking\/","url":"https:\/\/teixitsvicens.com\/ca\/order-tracking\/","name":"Seguiment de la comanda | Teixits Vicens","isPartOf":{"@id":"https:\/\/teixitsvicens.com\/ca\/#website"},"datePublished":"2012-09-15T14:53:40+00:00","dateModified":"2025-10-15T18:31:14+00:00","breadcrumb":{"@id":"https:\/\/teixitsvicens.com\/ca\/order-tracking\/#breadcrumb"},"inLanguage":"ca","potentialAction":[{"@type":"ReadAction","target":["https:\/\/teixitsvicens.com\/ca\/order-tracking\/"]}]},{"@type":"BreadcrumbList","@id":"https:\/\/teixitsvicens.com\/ca\/order-tracking\/#breadcrumb","itemListElement":[{"@type":"ListItem","position":1,"name":"Inici","item":"https:\/\/teixitsvicens.com\/ca\/home\/"},{"@type":"ListItem","position":2,"name":"Seguiment de la comanda"}]},{"@type":"WebSite","@id":"https:\/\/teixitsvicens.com\/ca\/#website","url":"https:\/\/teixitsvicens.com\/ca\/","name":"Teixits Vicens","description":"Taller textil artesano","publisher":{"@id":"https:\/\/teixitsvicens.com\/ca\/#organization"},"alternateName":"Teixits Vicens","potentialAction":[{"@type":"SearchAction","target":{"@type":"EntryPoint","urlTemplate":"https:\/\/teixitsvicens.com\/ca\/?s={search_term_string}"},"query-input":{"@type":"PropertyValueSpecification","valueRequired":true,"valueName":"search_term_string"}}],"inLanguage":"ca"},{"@type":"Organization","@id":"https:\/\/teixitsvicens.com\/ca\/#organization","name":"Teixits Vicens","url":"https:\/\/teixitsvicens.com\/ca\/","logo":{"@type":"ImageObject","inLanguage":"ca","@id":"https:\/\/teixitsvicens.com\/ca\/#\/schema\/logo\/image\/","url":"https:\/\/teixitsvicens.com\/wp-content\/uploads\/2025\/10\/logo-teixits-vicents.png","contentUrl":"https:\/\/teixitsvicens.com\/wp-content\/uploads\/2025\/10\/logo-teixits-vicents.png","width":629,"height":131,"caption":"Teixits Vicens"},"image":{"@id":"https:\/\/teixitsvicens.com\/ca\/#\/schema\/logo\/image\/"},"sameAs":["https:\/\/www.facebook.com\/TeixitsVicens\/","https:\/\/www.instagram.com\/teixitsvicens\/"]}]}},"_links":{"self":[{"href":"https:\/\/teixitsvicens.com\/ca\/wp-json\/wp\/v2\/pages\/24967","targetHints":{"allow":["GET"]}}],"collection":[{"href":"https:\/\/teixitsvicens.com\/ca\/wp-json\/wp\/v2\/pages"}],"about":[{"href":"https:\/\/teixitsvicens.com\/ca\/wp-json\/wp\/v2\/types\/page"}],"author":[{"embeddable":true,"href":"https:\/\/teixitsvicens.com\/ca\/wp-json\/wp\/v2\/users\/1"}],"replies":[{"embeddable":true,"href":"https:\/\/teixitsvicens.com\/ca\/wp-json\/wp\/v2\/comments?post=24967"}],"version-history":[{"count":0,"href":"https:\/\/teixitsvicens.com\/ca\/wp-json\/wp\/v2\/pages\/24967\/revisions"}],"wp:attachment":[{"href":"https:\/\/teixitsvicens.com\/ca\/wp-json\/wp\/v2\/media?parent=24967"}],"curies":[{"name":"wp","href":"https:\/\/api.w.org\/{rel}","templated":true}]}}