{"id":20230,"date":"2020-05-19T17:13:55","date_gmt":"2020-05-19T15:13:55","guid":{"rendered":"http:\/\/localhost\/TeixitsVicensS2\/?page_id=20230\/"},"modified":"2025-10-15T18:33:30","modified_gmt":"2025-10-15T16:33:30","slug":"avis-legal-2","status":"publish","type":"page","link":"https:\/\/teixitsvicens.com\/ca\/avis-legal-2\/","title":{"rendered":"Av\u00ecs Legal"},"content":{"rendered":"\t\t<div data-elementor-type=\"wp-page\" data-elementor-id=\"20230\" class=\"elementor elementor-20230 elementor-12433\" data-elementor-post-type=\"page\">\n\t\t\t\t<div class=\"elementor-element elementor-element-4a5afd7b e-con-full e-flex e-con e-parent\" data-id=\"4a5afd7b\" data-element_type=\"container\" data-e-type=\"container\">\n\t\t<div class=\"elementor-element elementor-element-44c9bd46 e-con-full e-flex e-con e-child\" data-id=\"44c9bd46\" data-element_type=\"container\" data-e-type=\"container\">\n\t\t<div class=\"elementor-element elementor-element-4c715fa9 e-con-full e-flex e-con e-child\" data-id=\"4c715fa9\" data-element_type=\"container\" data-e-type=\"container\">\n\t\t\t\t<div class=\"elementor-element elementor-element-1873bf96 elementor-widget__width-auto elementor-widget elementor-widget-woocommerce-breadcrumb\" data-id=\"1873bf96\" data-element_type=\"widget\" data-e-type=\"widget\" data-widget_type=\"woocommerce-breadcrumb.default\">\n\t\t\t\t\t<nav class=\"woocommerce-breadcrumb\" aria-label=\"Breadcrumb\"><span class=\"listaproducto\"><img decoding=\"async\" src=\"https:\/\/teixitsvicens.com\/\/wp-content\/themes\/teixitsvicens\/assets\/images\/imagotipo_teixits_vicens.svg\" width=\"85px;\" style=\"vertical-align: middle;padding-left:20px;padding-right:20px;\" alt=\"undefined - Teixits Vicens\"><\/span>Inici<\/nav>\t\t\t\t<\/div>\n\t\t\t\t<\/div>\n\t\t\t\t<\/div>\n\t\t\t\t<\/div>\n\t\t<div class=\"elementor-element elementor-element-ffcdd98 e-flex e-con-boxed e-con e-parent\" data-id=\"ffcdd98\" data-element_type=\"container\" data-e-type=\"container\" data-settings=\"{&quot;background_background&quot;:&quot;classic&quot;}\">\n\t\t\t\t\t<div class=\"e-con-inner\">\n\t\t<div class=\"elementor-element elementor-element-cbdd9e4 e-flex e-con-boxed e-con e-child\" data-id=\"cbdd9e4\" data-element_type=\"container\" data-e-type=\"container\">\n\t\t\t\t\t<div class=\"e-con-inner\">\n\t\t\t\t<div class=\"elementor-element elementor-element-7776808 elementor-widget elementor-widget-heading\" data-id=\"7776808\" data-element_type=\"widget\" data-e-type=\"widget\" data-widget_type=\"heading.default\">\n\t\t\t\t\t<div class=\"elementor-heading-title elementor-size-default\">T\u00e9rminos y condiciones<\/div>\t\t\t\t<\/div>\n\t\t\t\t<div class=\"elementor-element elementor-element-f31cee4 elementor-widget elementor-widget-heading\" data-id=\"f31cee4\" data-element_type=\"widget\" data-e-type=\"widget\" data-widget_type=\"heading.default\">\n\t\t\t\t\t<div class=\"elementor-heading-title elementor-size-default\">Aviso Legal y Condiciones Generales<\/div>\t\t\t\t<\/div>\n\t\t\t\t<div class=\"elementor-element elementor-element-b3de430 elementor-widget elementor-widget-heading\" data-id=\"b3de430\" data-element_type=\"widget\" data-e-type=\"widget\" data-widget_type=\"heading.default\">\n\t\t\t\t\t<div class=\"elementor-heading-title elementor-size-default\">Ley de los servicios de la sociedad de la informaci\u00f3n (LSSI)<\/div>\t\t\t\t<\/div>\n\t\t\t\t<div class=\"elementor-element elementor-element-dd7369f elementor-widget__width-inherit elementor-widget elementor-widget-heading\" data-id=\"dd7369f\" data-element_type=\"widget\" data-e-type=\"widget\" data-widget_type=\"heading.default\">\n\t\t\t\t\t<div class=\"elementor-heading-title elementor-size-default\">1. Identificaci\u00f3n<\/div>\t\t\t\t<\/div>\n\t\t\t\t<div class=\"elementor-element elementor-element-5b4dd17 elementor-widget elementor-widget-text-editor\" data-id=\"5b4dd17\" data-element_type=\"widget\" data-e-type=\"widget\" data-widget_type=\"text-editor.default\">\n\t\t\t\t\t\t\t\t\t<p>Esta web es propiedad de GALERIES VICENS S.A.U. (\u201cTeixits Vicens\u201d), con CIF A-07210263, inscrita en el Registro mercantil de Palma de Mallorca, folio 93, tomo 620, libro 536, secci\u00f3n 3\u00aa, hoja 13744, inscripci\u00f3n primera con direcci\u00f3n en Rotonda Can Berenguer, Pollen\u00e7a, Mallorca (07460 Illes Balears), tel\u00e9fono (+34) 971 530 450, fax (+34) 971 53 44 42 y direcci\u00f3n de correo electr\u00f3nico\u00a0<a href=\"mailto:teixitsvicens@teixitsvicens.com\">teixitsvicens@teixitsvicens.com<\/a>\u00a0.<\/p>\t\t\t\t\t\t\t\t<\/div>\n\t\t\t\t<div class=\"elementor-element elementor-element-9aed4e6 elementor-widget__width-inherit elementor-widget elementor-widget-heading\" data-id=\"9aed4e6\" data-element_type=\"widget\" data-e-type=\"widget\" data-widget_type=\"heading.default\">\n\t\t\t\t\t<div class=\"elementor-heading-title elementor-size-default\">2. Objeto de las Condiciones<\/div>\t\t\t\t<\/div>\n\t\t\t\t<div class=\"elementor-element elementor-element-91f1ed3 elementor-widget elementor-widget-text-editor\" data-id=\"91f1ed3\" data-element_type=\"widget\" data-e-type=\"widget\" data-widget_type=\"text-editor.default\">\n\t\t\t\t\t\t\t\t\t<p>El objeto de las presentes condiciones de uso (las \u201cCondiciones\u201d) es regular la relaci\u00f3n entre el usuario de la web (el\/los \u201cUsuario\/s\u201d) y Teixits Vicens, otorg\u00e1ndole las m\u00e1ximas garant\u00edas de transparencia y seguridad posibles en funci\u00f3n de la normativa aplicable. En concreto, las presentes Condiciones regulan el acceso, navegaci\u00f3n y utilizaci\u00f3n de la web, sin perjuicio de que Teixits Vicens se reserve el derecho a modificarlas. El acceso y utilizaci\u00f3n de la web implica la aceptaci\u00f3n de sus Condiciones y de cualquier modificaci\u00f3n que sobre \u00e9stas se produzca, as\u00ed como la aceptaci\u00f3n de su pol\u00edtica de privacidad y de cookies.<\/p><p>Estas condiciones est\u00e1n redactadas en espa\u00f1ol en su versi\u00f3n original, por lo que si el Usuario accede a alguna traducci\u00f3n a otro idioma cuya interpretaci\u00f3n sea discrepante, predominar\u00e1 la versi\u00f3n espa\u00f1ola.<\/p><p>La vigencia temporal de las presentes Condiciones coincide con el tiempo de su comunicaci\u00f3n, hasta que sean modificadas total o parcialmente, momento en el cual pasar\u00e1n a tener vigencia las Condiciones modificadas.<\/p>\t\t\t\t\t\t\t\t<\/div>\n\t\t\t\t<div class=\"elementor-element elementor-element-b41f119 elementor-widget__width-inherit elementor-widget elementor-widget-heading\" data-id=\"b41f119\" data-element_type=\"widget\" data-e-type=\"widget\" data-widget_type=\"heading.default\">\n\t\t\t\t\t<div class=\"elementor-heading-title elementor-size-default\">3. Uso de la web<\/div>\t\t\t\t<\/div>\n\t\t\t\t<div class=\"elementor-element elementor-element-3fac2f1 elementor-widget elementor-widget-text-editor\" data-id=\"3fac2f1\" data-element_type=\"widget\" data-e-type=\"widget\" data-widget_type=\"text-editor.default\">\n\t\t\t\t\t\t\t\t\t<p>El uso de la web tendr\u00e1 car\u00e1cter gratuito, sin perjuicio del coste de conexi\u00f3n que tenga para el Usuario el acceso a la correspondiente red de telecomunicaciones.<\/p><p>El Usuario es consciente y acepta voluntaria y expresamente que el uso de la web se realiza en todo caso bajo su \u00fanica y exclusiva responsabilidad, comprometi\u00e9ndose a no llevar a cabo ninguna conducta que pudiera da\u00f1ar la imagen, los intereses y los derechos de Teixits Vicens o que impidiera, de cualquier forma, su normal utilizaci\u00f3n. En concreto, el Usuario no podr\u00e1: acceder o utilizar la web con fines ilegales o no autorizados, con o sin finalidad econ\u00f3mica, ni usarla de forma que pueda provocar da\u00f1os, interrupciones o limitaciones en su funcionamiento o en los medios de un tercero; usar la web para la transmisi\u00f3n, instalaci\u00f3n o publicaci\u00f3n de cualquier virus u otros programas o archivos perjudiciales; acceder sin autorizaci\u00f3n a cualquier secci\u00f3n de la web, a otros sistemas o redes conectados, a los servicios o a contrase\u00f1as o datos de terceros o a cualquier otro medio ileg\u00edtimamente; quebrantar, o intentar quebrantar, las medidas de seguridad o autenticaci\u00f3n de la web, entre otras.<\/p>\t\t\t\t\t\t\t\t<\/div>\n\t\t\t\t<div class=\"elementor-element elementor-element-a8905cc elementor-widget__width-inherit elementor-widget elementor-widget-heading\" data-id=\"a8905cc\" data-element_type=\"widget\" data-e-type=\"widget\" data-widget_type=\"heading.default\">\n\t\t\t\t\t<div class=\"elementor-heading-title elementor-size-default\">4. Proceso de contrataci\u00f3n de bienes y servicios. Contrataci\u00f3n por v\u00eda electr\u00f3nica<\/div>\t\t\t\t<\/div>\n\t\t\t\t<div class=\"elementor-element elementor-element-49c1c07 elementor-widget elementor-widget-text-editor\" data-id=\"49c1c07\" data-element_type=\"widget\" data-e-type=\"widget\" data-widget_type=\"text-editor.default\">\n\t\t\t\t\t\t\t\t\t<p>El Usuario podr\u00e1 acceder y contratar los productos y servicios de Teixits Vicens mediante la aceptaci\u00f3n en la web de las correspondientes\u00a0<a href=\"https:\/\/www.teixitsvicens.com\/es\/terminos-condiciones\/\">condiciones generales<\/a>\u00a0y de su\u00a0<a href=\"https:\/\/www.teixitsvicens.com\/es\/aviso-legal\/#privacy-policy\">pol\u00edtica de privacidad<\/a>.<\/p><p>Con car\u00e1cter previo al inicio del procedimiento de contrataci\u00f3n, Teixits Vicens pone a disposici\u00f3n del Usuario las condiciones generales a las que, en su caso, deba sujetarse el contrato, de manera que \u00e9stas puedan ser almacenadas y reproducidas. Las condiciones generales estar\u00e1n disponibles en idioma\u00a0<a href=\"https:\/\/www.teixitsvicens.com\/es\/terminos-condiciones\/\">espa\u00f1ol<\/a>,\u00a0<a href=\"https:\/\/www.teixitsvicens.com\/ca\/termes-condicions\/\">catal\u00e1n<\/a>,\u00a0<a href=\"https:\/\/www.teixitsvicens.com\/terms-conditions\/\">ingl\u00e9s<\/a>\u00a0y\u00a0<a href=\"https:\/\/www.teixitsvicens.com\/de\/verkaufsbedingungen\/\">alem\u00e1n<\/a>.<\/p><p>En concreto, su aceptaci\u00f3n y consecuente formalizaci\u00f3n se producir\u00e1 de forma telem\u00e1tica en la web, conserv\u00e1ndose por Teixits Vicens un reporte digital de su aceptaci\u00f3n a la disposici\u00f3n del Usuario en cualquier momento. El Usuario recibir\u00e1 en todo caso tras la aceptaci\u00f3n un correo electr\u00f3nico acusando recibo del alta.<\/p><p>En caso de que el Usuario detectara que se ha producido un error al introducir sus datos durante su registro, podr\u00e1 modificarlos en la propia plataforma o dirigi\u00e9ndose al servicio de atenci\u00f3n al cliente\u00a0<a href=\"mailto:teixitsvicens@teixitsvicens.com\">teixitsvicens@teixitsvicens.com<\/a>, as\u00ed como ejercitar el derecho de rectificaci\u00f3n contemplado en nuestra pol\u00edtica de privacidad en caso de tratarse de datos de car\u00e1cter personal.<\/p>\t\t\t\t\t\t\t\t<\/div>\n\t\t\t\t<div class=\"elementor-element elementor-element-01c06e8 elementor-widget__width-inherit elementor-widget elementor-widget-heading\" data-id=\"01c06e8\" data-element_type=\"widget\" data-e-type=\"widget\" data-widget_type=\"heading.default\">\n\t\t\t\t\t<div class=\"elementor-heading-title elementor-size-default\">5.Propiedad intelectual e industrial<\/div>\t\t\t\t<\/div>\n\t\t\t\t<div class=\"elementor-element elementor-element-70eb610 elementor-widget elementor-widget-text-editor\" data-id=\"70eb610\" data-element_type=\"widget\" data-e-type=\"widget\" data-widget_type=\"text-editor.default\">\n\t\t\t\t\t\t\t\t\t<p>Mediante estas Condiciones no se cede ning\u00fan derecho de propiedad intelectual o industrial sobre la web ni sobre ninguno de sus elementos, quedando expresamente prohibidos al Usuario la reproducci\u00f3n, distribuci\u00f3n, comunicaci\u00f3n p\u00fablica, puesta a disposici\u00f3n, extracci\u00f3n, reutilizaci\u00f3n, transformaci\u00f3n o la utilizaci\u00f3n de cualquier modo, por cualquier medio o procedimiento, de cualquiera de ellos. En concreto, todos los contenidos de la web y de la plataforma de Teixits Vicens, incluyendo marcas, gr\u00e1ficos, logotipos, dise\u00f1os, im\u00e1genes, informaci\u00f3n, documentos, textos, software y c\u00f3digo, as\u00ed como su selecci\u00f3n, recopilaci\u00f3n, ordenaci\u00f3n y montaje son titularidad exclusiva de Teixits Vicens y est\u00e1n protegidos por la legislaci\u00f3n aplicable en materia de propiedad industrial, intelectual y competencia desleal.<\/p><p>El Usuario podr\u00e1 visualizar los elementos de la web e incluso imprimirlos, copiarlos y almacenarlos en el disco duro de su ordenador o en cualquier otro soporte f\u00edsico siempre y cuando sea, \u00fanica y exclusivamente, para su uso personal y privado. Adem\u00e1s, deber\u00e1 abstenerse de suprimir, alterar, eludir o manipular cualquier dispositivo de protecci\u00f3n o sistema de seguridad que estuviera instalado en la web.<\/p><p>El Usuario que se proponga establecer un hiperenlace o dispositivo cualquiera de enlace (por ejemplo, links o botones) (el \u201cEnlace\u201d) desde su sitio web a la web de Teixits Vicens deber\u00e1 obtener de \u00e9sta la correspondiente autorizaci\u00f3n.<\/p><p>El establecimiento del Enlace no implica en ning\u00fan caso la existencia de relaciones entre Teixits Vicens y el propietario de la p\u00e1gina web en la que se establezca el Enlace, ni la aceptaci\u00f3n o aprobaci\u00f3n por parte de Teixits Vicens de sus contenidos o servicios.<\/p><p>En todo caso, Teixits Vicens se reserva el derecho de prohibir o inutilizar en cualquier momento cualquier Enlace a la web, especialmente en los supuestos de ilicitud de la actividad o en funci\u00f3n de los contenidos del sitio web en el que se incluye el Enlace.<\/p><p>La web puede incluir a disposici\u00f3n del Usuario, \u00fanicamente para proporcionar informaci\u00f3n, contenidos y servicios disponibles en Internet, Enlaces que permiten al Usuario el acceso a webs o sitios titularidad de o gestionados por terceros. Teixits Vicens no ofrece ni comercializa por s\u00ed ni por medio de terceros la informaci\u00f3n, contenidos y servicios disponibles en los sitios enlazados, ni aprueba o controla en modo alguno sus contenidos, asumiendo el Usuario de manera exclusiva toda la responsabilidad de la navegaci\u00f3n a trav\u00e9s de los mismos.<\/p>\t\t\t\t\t\t\t\t<\/div>\n\t\t\t\t<div class=\"elementor-element elementor-element-b3ca38a elementor-widget__width-inherit elementor-widget elementor-widget-heading\" data-id=\"b3ca38a\" data-element_type=\"widget\" data-e-type=\"widget\" data-widget_type=\"heading.default\">\n\t\t\t\t\t<div class=\"elementor-heading-title elementor-size-default\">6.Responsabilidad<\/div>\t\t\t\t<\/div>\n\t\t\t\t<div class=\"elementor-element elementor-element-87448af elementor-widget elementor-widget-text-editor\" data-id=\"87448af\" data-element_type=\"widget\" data-e-type=\"widget\" data-widget_type=\"text-editor.default\">\n\t\t\t\t\t\t\t\t\t<p>Teixits Vicens no garantiza ni se hace responsable de: la continuidad de los contenidos de la web; la ausencia de errores; la ausencia de virus y\/o dem\u00e1s componentes da\u00f1inos; la invulnerabilidad y\/o la imposibilidad de vulnerar las medidas de seguridad que se adopten; la falta de utilidad o rendimiento de los contenidos; y los da\u00f1os o perjuicios que cause, a s\u00ed mismo o a un tercero, cualquier persona que infrinja las condiciones establecidas en la web.<\/p><p>Teixits Vicens adopta medidas de seguridad razonablemente adecuadas para detectar la existencia de virus. No obstante, el Usuario debe ser consciente de que Teixits Vicens no puede garantizar la inexistencia de virus u otros elementos que puedan producir alteraciones en los sistemas inform\u00e1ticos del Usuario.<\/p><p>Teixits Vicens se reserva el derecho a suspender, modificar, limitar o interrumpir, ya sea temporal o permanentemente, el acceso, navegaci\u00f3n y\/o uso de servicios de la web, con o sin previa notificaci\u00f3n, sin que medie la posibilidad del Usuario de exigir indemnizaci\u00f3n alguna por esta causa.<\/p>\t\t\t\t\t\t\t\t<\/div>\n\t\t\t\t<div class=\"elementor-element elementor-element-e2ac260 elementor-widget__width-inherit elementor-widget elementor-widget-heading\" data-id=\"e2ac260\" data-element_type=\"widget\" data-e-type=\"widget\" data-widget_type=\"heading.default\">\n\t\t\t\t\t<div class=\"elementor-heading-title elementor-size-default\">7. Protecci\u00f3n de datos<\/div>\t\t\t\t<\/div>\n\t\t\t\t<div class=\"elementor-element elementor-element-8e7514a elementor-widget elementor-widget-text-editor\" data-id=\"8e7514a\" data-element_type=\"widget\" data-e-type=\"widget\" data-widget_type=\"text-editor.default\">\n\t\t\t\t\t\t\t\t\t<p>De conformidad con lo dispuesto en la normativa vigente en materia de Protecci\u00f3n de Datos, todos los datos de car\u00e1cter personal facilitados durante la utilizaci\u00f3n de la web ser\u00e1n tratados de conformidad con lo dispuesto en nuestra\u00a0<a href=\"https:\/\/www.teixitsvicens.com\/es\/aviso-legal\/#privacy-policy\">Pol\u00edtica de privacidad<\/a>\u00a0que todo Usuario conoce y acepta cuando visita nuestra p\u00e1gina web..<\/p>\t\t\t\t\t\t\t\t<\/div>\n\t\t\t\t<div class=\"elementor-element elementor-element-b7d5be8 elementor-widget__width-inherit elementor-widget elementor-widget-heading\" data-id=\"b7d5be8\" data-element_type=\"widget\" data-e-type=\"widget\" data-widget_type=\"heading.default\">\n\t\t\t\t\t<div class=\"elementor-heading-title elementor-size-default\">8. Ley aplicable y jurisdicci\u00f3n<\/div>\t\t\t\t<\/div>\n\t\t\t\t<div class=\"elementor-element elementor-element-75adb34 elementor-widget elementor-widget-text-editor\" data-id=\"75adb34\" data-element_type=\"widget\" data-e-type=\"widget\" data-widget_type=\"text-editor.default\">\n\t\t\t\t\t\t\t\t\t<p>Si alg\u00fan punto de estas Condiciones es considerado nulo o inaplicable por la Administraci\u00f3n P\u00fablica o Administraci\u00f3n de Justicia, dicha nulidad o inaplicaci\u00f3n no afectar\u00e1 al resto de contenidos previstos en este documento. En caso de que Teixits Vicens no ejercite cualquier derecho o disposici\u00f3n contenida en estas Condiciones, esto no constituir\u00e1 una renuncia al mismo, salvo que lo reconozca expresamente y por escrito.<\/p><p>Estas Condiciones se rigen por la ley com\u00fan espa\u00f1ola y, salvo que se establezca otra cosa en la normativa aplicable (incluida la normativa de consumidores y usuarios), cualquier conflicto se someter\u00e1 por las partes por los jueces y tribunales de Palma de Mallorca capital.<\/p><p>En caso de tener el Usuario cualquier pregunta sobre las condiciones reflejadas en estas Condiciones, o si desea hacer cualquier sugerencia o recomendaci\u00f3n, puede dirigirse a tel\u00e9fono (+34) 971 530 450, fax (+34) 971 53 44 42 y direcci\u00f3n de correo electr\u00f3nico teixitsvicens@teixitsvicens.com.<\/p>\t\t\t\t\t\t\t\t<\/div>\n\t\t\t\t\t<\/div>\n\t\t\t\t<\/div>\n\t\t\t\t\t<\/div>\n\t\t\t\t<\/div>\n\t\t\t\t<\/div>\n\t\t","protected":false},"excerpt":{"rendered":"<p>AV\u00ccS LEGAL LLEI DELS SERVEIS DE LA SOCIETAT DE LA INFORMACI\u00d3 (LSSI) GALERIAS VICENS SAU, responsable del lloc web, d\u2019ara&#8230;<\/p>\n","protected":false},"author":3,"featured_media":0,"parent":0,"menu_order":0,"comment_status":"closed","ping_status":"closed","template":"elementor_header_footer","meta":{"footnotes":""},"class_list":["post-20230","page","type-page","status-publish","hentry"],"yoast_head":"<!-- This site is optimized with the Yoast SEO plugin v27.0 - https:\/\/yoast.com\/product\/yoast-seo-wordpress\/ -->\n<title>Av\u00ecs Legal | Teixits Vicens<\/title>\n<meta name=\"robots\" content=\"noindex, nofollow\" \/>\n<meta property=\"og:locale\" content=\"ca_ES\" \/>\n<meta property=\"og:type\" content=\"article\" \/>\n<meta property=\"og:title\" content=\"Av\u00ecs Legal | Teixits Vicens\" \/>\n<meta property=\"og:description\" content=\"AV\u00ccS LEGAL LLEI DELS SERVEIS DE LA SOCIETAT DE LA INFORMACI\u00d3 (LSSI) GALERIAS VICENS SAU, responsable del lloc web, d\u2019ara...\" \/>\n<meta property=\"og:url\" content=\"https:\/\/teixitsvicens.com\/ca\/avis-legal-2\/\" \/>\n<meta property=\"og:site_name\" content=\"Teixits Vicens\" \/>\n<meta property=\"article:publisher\" content=\"https:\/\/www.facebook.com\/TeixitsVicens\/\" \/>\n<meta property=\"article:modified_time\" content=\"2025-10-15T16:33:30+00:00\" \/>\n<meta property=\"og:image\" content=\"https:\/\/teixitsvicens.com\/wp-content\/uploads\/2017\/09\/logo-teixits-vicens-2.png\" \/>\n\t<meta property=\"og:image:width\" content=\"800\" \/>\n\t<meta property=\"og:image:height\" content=\"800\" \/>\n\t<meta property=\"og:image:type\" content=\"image\/png\" \/>\n<meta name=\"twitter:card\" content=\"summary_large_image\" \/>\n<meta name=\"twitter:label1\" content=\"Temps estimat de lectura\" \/>\n\t<meta name=\"twitter:data1\" content=\"7 minutes\" \/>\n<!-- \/ Yoast SEO plugin. -->","yoast_head_json":{"title":"Av\u00ecs Legal | Teixits Vicens","robots":{"index":"noindex","follow":"nofollow"},"og_locale":"ca_ES","og_type":"article","og_title":"Av\u00ecs Legal | Teixits Vicens","og_description":"AV\u00ccS LEGAL LLEI DELS SERVEIS DE LA SOCIETAT DE LA INFORMACI\u00d3 (LSSI) GALERIAS VICENS SAU, responsable del lloc web, d\u2019ara...","og_url":"https:\/\/teixitsvicens.com\/ca\/avis-legal-2\/","og_site_name":"Teixits Vicens","article_publisher":"https:\/\/www.facebook.com\/TeixitsVicens\/","article_modified_time":"2025-10-15T16:33:30+00:00","og_image":[{"width":800,"height":800,"url":"https:\/\/teixitsvicens.com\/wp-content\/uploads\/2017\/09\/logo-teixits-vicens-2.png","type":"image\/png"}],"twitter_card":"summary_large_image","twitter_misc":{"Temps estimat de lectura":"7 minutes"},"schema":{"@context":"https:\/\/schema.org","@graph":[{"@type":"WebPage","@id":"https:\/\/teixitsvicens.com\/ca\/avis-legal-2\/","url":"https:\/\/teixitsvicens.com\/ca\/avis-legal-2\/","name":"Av\u00ecs Legal | Teixits Vicens","isPartOf":{"@id":"https:\/\/teixitsvicens.com\/ca\/#website"},"datePublished":"2020-05-19T15:13:55+00:00","dateModified":"2025-10-15T16:33:30+00:00","breadcrumb":{"@id":"https:\/\/teixitsvicens.com\/ca\/avis-legal-2\/#breadcrumb"},"inLanguage":"ca","potentialAction":[{"@type":"ReadAction","target":["https:\/\/teixitsvicens.com\/ca\/avis-legal-2\/"]}]},{"@type":"BreadcrumbList","@id":"https:\/\/teixitsvicens.com\/ca\/avis-legal-2\/#breadcrumb","itemListElement":[{"@type":"ListItem","position":1,"name":"Inici","item":"https:\/\/teixitsvicens.com\/ca\/home\/"},{"@type":"ListItem","position":2,"name":"Av\u00ecs Legal"}]},{"@type":"WebSite","@id":"https:\/\/teixitsvicens.com\/ca\/#website","url":"https:\/\/teixitsvicens.com\/ca\/","name":"Teixits Vicens","description":"Taller textil artesano","publisher":{"@id":"https:\/\/teixitsvicens.com\/ca\/#organization"},"alternateName":"Teixits Vicens","potentialAction":[{"@type":"SearchAction","target":{"@type":"EntryPoint","urlTemplate":"https:\/\/teixitsvicens.com\/ca\/?s={search_term_string}"},"query-input":{"@type":"PropertyValueSpecification","valueRequired":true,"valueName":"search_term_string"}}],"inLanguage":"ca"},{"@type":"Organization","@id":"https:\/\/teixitsvicens.com\/ca\/#organization","name":"Teixits Vicens","url":"https:\/\/teixitsvicens.com\/ca\/","logo":{"@type":"ImageObject","inLanguage":"ca","@id":"https:\/\/teixitsvicens.com\/ca\/#\/schema\/logo\/image\/","url":"https:\/\/teixitsvicens.com\/wp-content\/uploads\/2025\/10\/logo-teixits-vicents.png","contentUrl":"https:\/\/teixitsvicens.com\/wp-content\/uploads\/2025\/10\/logo-teixits-vicents.png","width":629,"height":131,"caption":"Teixits Vicens"},"image":{"@id":"https:\/\/teixitsvicens.com\/ca\/#\/schema\/logo\/image\/"},"sameAs":["https:\/\/www.facebook.com\/TeixitsVicens\/","https:\/\/www.instagram.com\/teixitsvicens\/"]}]}},"_links":{"self":[{"href":"https:\/\/teixitsvicens.com\/ca\/wp-json\/wp\/v2\/pages\/20230","targetHints":{"allow":["GET"]}}],"collection":[{"href":"https:\/\/teixitsvicens.com\/ca\/wp-json\/wp\/v2\/pages"}],"about":[{"href":"https:\/\/teixitsvicens.com\/ca\/wp-json\/wp\/v2\/types\/page"}],"author":[{"embeddable":true,"href":"https:\/\/teixitsvicens.com\/ca\/wp-json\/wp\/v2\/users\/3"}],"replies":[{"embeddable":true,"href":"https:\/\/teixitsvicens.com\/ca\/wp-json\/wp\/v2\/comments?post=20230"}],"version-history":[{"count":0,"href":"https:\/\/teixitsvicens.com\/ca\/wp-json\/wp\/v2\/pages\/20230\/revisions"}],"wp:attachment":[{"href":"https:\/\/teixitsvicens.com\/ca\/wp-json\/wp\/v2\/media?parent=20230"}],"curies":[{"name":"wp","href":"https:\/\/api.w.org\/{rel}","templated":true}]}}